{"id":1457,"date":"2021-12-17T16:28:58","date_gmt":"2021-12-17T19:28:58","guid":{"rendered":"https:\/\/www3.unicentro.br\/propesp\/?page_id=1457"},"modified":"2023-09-12T15:08:55","modified_gmt":"2023-09-12T18:08:55","slug":"modelos-relatorios-ic","status":"publish","type":"page","link":"https:\/\/www3.unicentro.br\/propesp\/ic\/modelos-relatorios-ic\/","title":{"rendered":"Modelos de Relat\u00f3rios Parciais \/ Finais"},"content":{"rendered":"<ul>\n<li><strong>Modelo de Relat\u00f3rio Final Proic<\/strong> <a href=\"https:\/\/www3.unicentro.br\/propesp\/wp-content\/uploads\/sites\/99\/2023\/09\/modelo-relatorio-final-proic-2023.doc\">[.doc]<\/a> <a href=\"https:\/\/www3.unicentro.br\/propesp\/wp-content\/uploads\/sites\/99\/2023\/09\/modelo-relatorio-final-proic-2023.pdf\">[.pdf]<\/a><\/li>\n<li><strong>Modelo de Relat\u00f3rio Final Pibis<\/strong> <a href=\"https:\/\/www3.unicentro.br\/propesp\/wp-content\/uploads\/sites\/99\/2023\/09\/modelo-relatorio-final-pibis-2023.doc\">[.doc]<\/a> <a href=\"https:\/\/www3.unicentro.br\/propesp\/wp-content\/uploads\/sites\/99\/2023\/09\/modelo-relatorio-final-pibis-2023.pdf\">[.pdf]<\/a><\/li>\n<li><strong>Modelo de Relat\u00f3rio Final Proiti<\/strong> <a href=\"https:\/\/www3.unicentro.br\/propesp\/wp-content\/uploads\/sites\/99\/2023\/09\/modelo-relatorio-final-proiti-2023.doc\">[.doc]<\/a> <a href=\"https:\/\/www3.unicentro.br\/propesp\/wp-content\/uploads\/sites\/99\/2023\/09\/modelo-relatorio-final-proiti-2023.pdf\">[.pdf]<\/a><\/li>\n<li><strong>Modelo de Relat\u00f3rio Final Pibic-EM<\/strong> <a href=\"https:\/\/www3.unicentro.br\/propesp\/wp-content\/uploads\/sites\/99\/2023\/09\/modelo-relatorio-final-pibic-em-2023.doc\">[.doc]<\/a> <a href=\"https:\/\/www3.unicentro.br\/propesp\/wp-content\/uploads\/sites\/99\/2023\/09\/modelo-relatorio-final-pibic-em-2023.pdf\">[.pdf]<\/a><\/li>\n<\/ul>\n","protected":false},"excerpt":{"rendered":"<p>Modelo de Relat\u00f3rio Final Proic [.doc] [.pdf] Modelo de Relat\u00f3rio Final Pibis [.doc] [.pdf] Modelo de Relat\u00f3rio Final Proiti [.doc] [.pdf] Modelo de Relat\u00f3rio Final Pibic-EM [.doc] [.pdf]<\/p>\n","protected":false},"author":6,"featured_media":0,"parent":91,"menu_order":0,"comment_status":"closed","ping_status":"closed","template":"","meta":{"_exactmetrics_skip_tracking":false,"_exactmetrics_sitenote_active":false,"_exactmetrics_sitenote_note":"","_exactmetrics_sitenote_category":0,"footnotes":"","_links_to":"","_links_to_target":""},"class_list":["post-1457","page","type-page","status-publish","hentry"],"publishpress_future_action":{"enabled":false,"date":"2026-04-29 06:31:40","action":"change-status","newStatus":"draft","terms":[],"taxonomy":"","extraData":[]},"publishpress_future_workflow_manual_trigger":{"enabledWorkflows":[]},"_links":{"self":[{"href":"https:\/\/www3.unicentro.br\/propesp\/wp-json\/wp\/v2\/pages\/1457","targetHints":{"allow":["GET"]}}],"collection":[{"href":"https:\/\/www3.unicentro.br\/propesp\/wp-json\/wp\/v2\/pages"}],"about":[{"href":"https:\/\/www3.unicentro.br\/propesp\/wp-json\/wp\/v2\/types\/page"}],"author":[{"embeddable":true,"href":"https:\/\/www3.unicentro.br\/propesp\/wp-json\/wp\/v2\/users\/6"}],"replies":[{"embeddable":true,"href":"https:\/\/www3.unicentro.br\/propesp\/wp-json\/wp\/v2\/comments?post=1457"}],"version-history":[{"count":2,"href":"https:\/\/www3.unicentro.br\/propesp\/wp-json\/wp\/v2\/pages\/1457\/revisions"}],"predecessor-version":[{"id":2493,"href":"https:\/\/www3.unicentro.br\/propesp\/wp-json\/wp\/v2\/pages\/1457\/revisions\/2493"}],"up":[{"embeddable":true,"href":"https:\/\/www3.unicentro.br\/propesp\/wp-json\/wp\/v2\/pages\/91"}],"wp:attachment":[{"href":"https:\/\/www3.unicentro.br\/propesp\/wp-json\/wp\/v2\/media?parent=1457"}],"curies":[{"name":"wp","href":"https:\/\/api.w.org\/{rel}","templated":true}]}}