{"id":14,"date":"2020-10-26T09:43:14","date_gmt":"2020-10-26T12:43:14","guid":{"rendered":"https:\/\/www3.unicentro.br\/propesp\/?page_id=14"},"modified":"2021-02-03T10:25:02","modified_gmt":"2021-02-03T13:25:02","slug":"inicial","status":"publish","type":"page","link":"https:\/\/www3.unicentro.br\/propesp\/","title":{"rendered":"Inicial"},"content":{"rendered":"<div class=\"wpb-content-wrapper\"><p>[vc_row u_row_style=&#8221;0&#8243; u_row_paralax=&#8221;0&#8243; u_row_scheme=&#8221;0&#8243; css=&#8221;.vc_custom_1612358084235{margin-top: -40px !important;}&#8221;][vc_column]\n\t\t\t\t<p class=\"rs-p-wp-fix\"><\/p>\n\t\t\t\t<sr7-module data-alias=\"home\" data-id=\"1\" id=\"SR7_1_1\" class=\"rs-ov-hidden\" data-version=\"6.7.51\">\n\t\t\t\t\t<sr7-adjuster><\/sr7-adjuster>\n\t\t\t\t\t<sr7-content>\n\t\t\t\t\t\t<sr7-slide id=\"SR7_1_1-1\" data-key=\"1\">\n\t\t\t\t\t\t\t<sr7-bg id=\"SR7_1_1-1-2\" class=\"sr7-layer\"><noscript><img decoding=\"async\" src=\"https:\/\/www3.unicentro.br\/propesp\/wp-content\/uploads\/sites\/99\/2021\/02\/slider-ic.jpg\" alt=\"\" title=\"slider-ic\"><\/noscript><\/sr7-bg>\n\t\t\t\t\t\t\t<a id=\"SR7_1_1-1-1\" class=\"sr7-layer\" href=\"https:\/\/www3.unicentro.br\/propesp\/ic\/programas\/\" target=\"_self\">Inicia\u00e7\u00e3o Cient\u00edfica<\/a>\n\t\t\t\t\t\t<\/sr7-slide>\n\t\t\t\t\t\t<sr7-slide id=\"SR7_1_1-2\" data-key=\"2\">\n\t\t\t\t\t\t\t<sr7-bg id=\"SR7_1_1-2-2\" class=\"sr7-layer\"><noscript><img decoding=\"async\" src=\"https:\/\/www3.unicentro.br\/propesp\/wp-content\/uploads\/sites\/99\/2021\/02\/slider-qualificacao.jpg\" alt=\"\" title=\"slider-qualificacao\"><\/noscript><\/sr7-bg>\n\t\t\t\t\t\t\t<a id=\"SR7_1_1-2-1\" class=\"sr7-layer\" href=\"https:\/\/www3.unicentro.br\/propesp\/pos-graduacao\/qualificacao-docente-e-tecnica\/\" target=\"_self\">Qualifica\u00e7\u00e3o Docente e T\u00e9cnica<\/a>\n\t\t\t\t\t\t<\/sr7-slide>\n\t\t\t\t\t\t<sr7-slide id=\"SR7_1_1-3\" data-key=\"3\">\n\t\t\t\t\t\t\t<sr7-bg id=\"SR7_1_1-3-2\" class=\"sr7-layer\"><noscript><img decoding=\"async\" src=\"https:\/\/www3.unicentro.br\/propesp\/wp-content\/uploads\/sites\/99\/2017\/06\/slider-inovacao.jpg\" alt=\"\" title=\"slider-inovacao\"><\/noscript><\/sr7-bg>\n\t\t\t\t\t\t\t<a id=\"SR7_1_1-3-1\" class=\"sr7-layer\" href=\"https:\/\/www3.unicentro.br\/propesp\/pos-graduacao\/stricto-sensu\/mestrado-e-doutorado-academico-para-inovacao\/\" target=\"_self\">Mestrado e Doutorado para Inova\u00e7\u00e3o - MAI\/DAI<\/a>\n\t\t\t\t\t\t<\/sr7-slide>\n\t\t\t\t\t\t<sr7-slide id=\"SR7_1_1-4\" data-key=\"4\">\n\t\t\t\t\t\t\t<sr7-bg id=\"SR7_1_1-4-2\" class=\"sr7-layer\"><noscript><img decoding=\"async\" src=\"https:\/\/www3.unicentro.br\/propesp\/wp-content\/uploads\/sites\/99\/2017\/06\/slider-paineis.jpg\" alt=\"\" title=\"slider-paineis\"><\/noscript><\/sr7-bg>\n\t\t\t\t\t\t\t<a id=\"SR7_1_1-4-1\" class=\"sr7-layer\" href=\"https:\/\/www3.unicentro.br\/propesp\/destaques\/apoio-para-participacao-em-eventos\/\" target=\"_self\">Apoio para Participa\u00e7\u00e3o em Eventos T\u00e9cnico-Cient\u00edficos<\/a>\n\t\t\t\t\t\t<\/sr7-slide>\n\t\t\t\t\t\t<sr7-slide id=\"SR7_1_1-5\" data-key=\"5\">\n\t\t\t\t\t\t<\/sr7-slide>\n\t\t\t\t\t<\/sr7-content>\n\t\t\t\t\t<image_lists style=\"display:none\">\n\t\t\t\t\t\t<img data-src=\"\/\/www3.unicentro.br\/propesp\/wp-content\/uploads\/sites\/99\/2021\/02\/slider-ic.jpg\" data-libid=\"994\" data-lib=\"medialibrary\" title=\"slider-ic\" width=\"0\" height=\"0\" data-dbsrc=\"Ly93d3czLnVuaWNlbnRyby5ici9wcm9wZXNwL3dwLWNvbnRlbnQvdXBsb2Fkcy9zaXRlcy85OS8yMDIxLzAyL3NsaWRlci1pYy5qcGc=\"\/>\n\t\t\t\t\t\t<img data-src=\"\/\/www3.unicentro.br\/propesp\/wp-content\/uploads\/sites\/99\/2021\/02\/slider-qualificacao.jpg\" data-libid=\"995\" data-lib=\"medialibrary\" title=\"slider-qualificacao\" width=\"0\" height=\"0\" data-dbsrc=\"Ly93d3czLnVuaWNlbnRyby5ici9wcm9wZXNwL3dwLWNvbnRlbnQvdXBsb2Fkcy9zaXRlcy85OS8yMDIxLzAyL3NsaWRlci1xdWFsaWZpY2FjYW8uanBn\"\/>\n\t\t\t\t\t\t<img data-src=\"\/\/www3.unicentro.br\/propesp\/wp-content\/uploads\/sites\/99\/2017\/06\/slider-inovacao.jpg\" data-libid=\"1697\" data-lib=\"medialibrary\" title=\"slider-inovacao\" width=\"0\" height=\"0\" data-dbsrc=\"Ly93d3czLnVuaWNlbnRyby5ici9wcm9wZXNwL3dwLWNvbnRlbnQvdXBsb2Fkcy9zaXRlcy85OS8yMDE3LzA2L3NsaWRlci1pbm92YWNhby5qcGc=\"\/>\n\t\t\t\t\t\t<img data-src=\"\/\/www3.unicentro.br\/propesp\/wp-content\/uploads\/sites\/99\/2017\/06\/slider-paineis.jpg\" data-libid=\"1698\" data-lib=\"medialibrary\" title=\"slider-paineis\" width=\"0\" height=\"0\" data-dbsrc=\"Ly93d3czLnVuaWNlbnRyby5ici9wcm9wZXNwL3dwLWNvbnRlbnQvdXBsb2Fkcy9zaXRlcy85OS8yMDE3LzA2L3NsaWRlci1wYWluZWlzLmpwZw==\"\/>\n\t\t\t\t\t<\/image_lists>\n\t\t\t\t<\/sr7-module>\n\t\t\t\t<script>\n\t\t\t\t\twindow.SR7 ??={};SR7.PMH ??={}; SR7.PMH[\"SR7_1_1\"] = {cn:100,state:false,fn: function() { if (window._tpt!==undefined && window._tpt.prepareModuleHeight !== undefined) {  _tpt.prepareModuleHeight({id:\"SR7_1_1\",el:[400,400,768,960,720],type:'standard',shdw:'0',gh:[400,400,341,259,160],gw:[1200,1200,1024,778,480],vpt:['-200px'],size:{fullWidth:true, fullHeight:false},mh:'0',onh:0,onw:0,bg:{color:'{\"orig\":\"transparent\",\"type\":\"solid\",\"string\":\"transparent\"}'}});   SR7.PMH[\"SR7_1_1\"].state=true;} else if(SR7.PMH[\"SR7_1_1\"].cn-->0)\tsetTimeout( SR7.PMH[\"SR7_1_1\"].fn,19);}};SR7.PMH[\"SR7_1_1\" ].fn();\n\t\t\t\t<\/script>\n[vc_row_inner css=&#8221;.vc_custom_1612358701546{margin-top: 40px !important;}&#8221;][vc_column_inner]    <div class=\"un-heading un-heading-heading_9808 \" data-delay=0>\n    \t<div class=\"un-heading-wrap\">\n            <span class=\"un-heading-line un-heading-before\"><span><\/span><\/span>\n                            <span class='btn btn-default btn-lg btn-lighter un-heading-content'>\n                            Contato                            <\/span>\n                        <span class=\"un-heading-line un-heading-after\"><span><\/span><\/span>\n        <\/div>\n        <div class=\"clearfix\"><\/div>\n    <\/div>\n    [\/vc_column_inner][\/vc_row_inner][vc_row_inner css=&#8221;.vc_custom_1612358641201{margin-top: 40px !important;}&#8221;][vc_column_inner width=&#8221;1\/6&#8243;][\/vc_column_inner][vc_column_inner width=&#8221;1\/3&#8243;][vc_column_text]<strong>Pr\u00f3-Reitoria de Pesquisa e P\u00f3s-Gradua\u00e7\u00e3o<\/strong><\/p>\n<p>Endere\u00e7os:<\/p>\n<p><em><strong>Campus Santa Cruz<br \/>\n<\/strong><\/em>Rua Padre Salvador, 875<br \/>\nBairro Santa Cruz &#8211; CEP 85.015-430<br \/>\nGuarapuava, PR, Brasil.<\/p>\n<p><em><strong>Campus Cedeteg<br \/>\n<\/strong><\/em>Alameda \u00c9lio Antonio Dalla Vecchia, 838<br \/>\nBairro Vila Carli &#8211; CEP 85.040-167<br \/>\nGuarapuava, PR, Brasil.<\/p>\n<p><em><strong>Campus de Irati<br \/>\n<\/strong><\/em>Rua Professora Maria Roza Zanon de Almeida<br \/>\nBairro Riozinho &#8211; CEP 84.505-677<br \/>\nIrati, PR, Brasil.[\/vc_column_text][\/vc_column_inner][vc_column_inner width=&#8221;1\/3&#8243;]\n<div class=\"wpcf7 no-js\" id=\"wpcf7-f12-o1\" lang=\"pt-BR\" dir=\"ltr\" data-wpcf7-id=\"12\">\n<div class=\"screen-reader-response\"><p role=\"status\" aria-live=\"polite\" aria-atomic=\"true\"><\/p> <ul><\/ul><\/div>\n<form action=\"\/propesp\/wp-json\/wp\/v2\/pages\/14#wpcf7-f12-o1\" method=\"post\" class=\"wpcf7-form init\" aria-label=\"Formul\u00e1rios de contato\" novalidate=\"novalidate\" data-status=\"init\">\n<fieldset class=\"hidden-fields-container\"><input type=\"hidden\" name=\"_wpcf7\" value=\"12\" \/><input type=\"hidden\" name=\"_wpcf7_version\" value=\"6.1.5\" \/><input type=\"hidden\" name=\"_wpcf7_locale\" value=\"pt_BR\" \/><input type=\"hidden\" name=\"_wpcf7_unit_tag\" value=\"wpcf7-f12-o1\" \/><input type=\"hidden\" name=\"_wpcf7_container_post\" value=\"0\" \/><input type=\"hidden\" name=\"_wpcf7_posted_data_hash\" value=\"\" \/><input type=\"hidden\" name=\"_wpcf7_recaptcha_response\" value=\"\" \/>\n<\/fieldset>\n<p><label> Seu nome<br \/>\n<span class=\"wpcf7-form-control-wrap\" data-name=\"your-name\"><input size=\"40\" maxlength=\"400\" class=\"wpcf7-form-control wpcf7-text wpcf7-validates-as-required\" aria-required=\"true\" aria-invalid=\"false\" value=\"\" type=\"text\" name=\"your-name\" \/><\/span> <\/label>\n<\/p>\n<p><label> Seu email<br \/>\n<span class=\"wpcf7-form-control-wrap\" data-name=\"your-email\"><input size=\"40\" maxlength=\"400\" class=\"wpcf7-form-control wpcf7-email wpcf7-validates-as-required wpcf7-text wpcf7-validates-as-email\" aria-required=\"true\" aria-invalid=\"false\" value=\"\" type=\"email\" name=\"your-email\" \/><\/span> <\/label>\n<\/p>\n<p><label> Assunto<br \/>\n<span class=\"wpcf7-form-control-wrap\" data-name=\"your-subject\"><input size=\"40\" maxlength=\"400\" class=\"wpcf7-form-control wpcf7-text wpcf7-validates-as-required\" aria-required=\"true\" aria-invalid=\"false\" value=\"\" type=\"text\" name=\"your-subject\" \/><\/span> <\/label>\n<\/p>\n<p><label> Sua mensagem (opcional)<br \/>\n<span class=\"wpcf7-form-control-wrap\" data-name=\"your-message\"><textarea cols=\"40\" rows=\"10\" maxlength=\"2000\" class=\"wpcf7-form-control wpcf7-textarea\" aria-invalid=\"false\" name=\"your-message\"><\/textarea><\/span> <\/label>\n<\/p>\n<p><input class=\"wpcf7-form-control wpcf7-submit has-spinner\" type=\"submit\" value=\"Enviar\" \/>\n<\/p><p style=\"display: none !important;\" class=\"akismet-fields-container\" data-prefix=\"_wpcf7_ak_\"><label>&#916;<textarea name=\"_wpcf7_ak_hp_textarea\" cols=\"45\" rows=\"8\" maxlength=\"100\"><\/textarea><\/label><input type=\"hidden\" id=\"ak_js_1\" name=\"_wpcf7_ak_js\" value=\"174\"\/><script>document.getElementById( \"ak_js_1\" ).setAttribute( \"value\", ( new Date() ).getTime() );<\/script><\/p><input type='hidden' class='wpcf7-pum' value='{\"closepopup\":false,\"closedelay\":0,\"openpopup\":false,\"openpopup_id\":0}' \/><div class=\"wpcf7-response-output\" aria-hidden=\"true\"><\/div>\n<\/form>\n<\/div>\n[\/vc_column_inner][vc_column_inner width=&#8221;1\/6&#8243;][\/vc_column_inner][\/vc_row_inner][\/vc_column][\/vc_row]<\/p>\n<\/div>","protected":false},"excerpt":{"rendered":"<p>[vc_row u_row_style=&#8221;0&#8243; u_row_paralax=&#8221;0&#8243; u_row_scheme=&#8221;0&#8243; css=&#8221;.vc_custom_1612358084235{margin-top: -40px !important;}&#8221;][vc_column][vc_row_inner css=&#8221;.vc_custom_1612358701546{margin-top: 40px !important;}&#8221;][vc_column_inner][\/vc_column_inner][\/vc_row_inner][vc_row_inner css=&#8221;.vc_custom_1612358641201{margin-top: 40px !important;}&#8221;][vc_column_inner width=&#8221;1\/6&#8243;][\/vc_column_inner][vc_column_inner width=&#8221;1\/3&#8243;][vc_column_text]Pr\u00f3-Reitoria de Pesquisa e P\u00f3s-Gradua\u00e7\u00e3o Endere\u00e7os: Campus Santa Cruz Rua Padre Salvador, 875 Bairro Santa Cruz &#8211; CEP 85.015-430 Guarapuava, PR, Brasil. Campus Cedeteg Alameda \u00c9lio Antonio Dalla Vecchia, 838 Bairro Vila Carli &#8211; CEP 85.040-167 Guarapuava, PR, Brasil. Campus de [&hellip;]<\/p>\n","protected":false},"author":3,"featured_media":0,"parent":0,"menu_order":0,"comment_status":"closed","ping_status":"closed","template":"page-templates\/front-page.php","meta":{"_exactmetrics_skip_tracking":false,"_exactmetrics_sitenote_active":false,"_exactmetrics_sitenote_note":"","_exactmetrics_sitenote_category":0,"footnotes":"","_links_to":"","_links_to_target":""},"class_list":["post-14","page","type-page","status-publish","hentry"],"publishpress_future_action":{"enabled":false,"date":"2026-04-25 11:28:38","action":"change-status","newStatus":"draft","terms":[],"taxonomy":"","extraData":[]},"publishpress_future_workflow_manual_trigger":{"enabledWorkflows":[]},"_links":{"self":[{"href":"https:\/\/www3.unicentro.br\/propesp\/wp-json\/wp\/v2\/pages\/14","targetHints":{"allow":["GET"]}}],"collection":[{"href":"https:\/\/www3.unicentro.br\/propesp\/wp-json\/wp\/v2\/pages"}],"about":[{"href":"https:\/\/www3.unicentro.br\/propesp\/wp-json\/wp\/v2\/types\/page"}],"author":[{"embeddable":true,"href":"https:\/\/www3.unicentro.br\/propesp\/wp-json\/wp\/v2\/users\/3"}],"replies":[{"embeddable":true,"href":"https:\/\/www3.unicentro.br\/propesp\/wp-json\/wp\/v2\/comments?post=14"}],"version-history":[{"count":1,"href":"https:\/\/www3.unicentro.br\/propesp\/wp-json\/wp\/v2\/pages\/14\/revisions"}],"predecessor-version":[{"id":4011,"href":"https:\/\/www3.unicentro.br\/propesp\/wp-json\/wp\/v2\/pages\/14\/revisions\/4011"}],"wp:attachment":[{"href":"https:\/\/www3.unicentro.br\/propesp\/wp-json\/wp\/v2\/media?parent=14"}],"curies":[{"name":"wp","href":"https:\/\/api.w.org\/{rel}","templated":true}]}}