{"id":139,"date":"2021-01-21T16:29:28","date_gmt":"2021-01-21T19:29:28","guid":{"rendered":"https:\/\/www3.unicentro.br\/propesp\/?page_id=139"},"modified":"2021-04-06T11:13:20","modified_gmt":"2021-04-06T14:13:20","slug":"quantitativo-de-alunos","status":"publish","type":"page","link":"https:\/\/www3.unicentro.br\/propesp\/pos-graduacao\/stricto-sensu\/mestrado\/quantitativo-de-alunos\/","title":{"rendered":"Quantitativo de Alunos"},"content":{"rendered":"<table style=\"border-collapse: collapse;width: 94.9084%;height: 456px\">\n<thead>\n<tr style=\"height: 48px\">\n<td style=\"width: 20%;text-align: center;height: 48px\"><strong>Curso<\/strong><\/td>\n<td style=\"width: 20%;text-align: center;height: 48px\"><strong>Matriculados<\/strong><\/td>\n<td style=\"width: 20%;text-align: center;height: 48px\"><strong>Bolsistas<\/strong><\/td>\n<td style=\"width: 20%;text-align: center;height: 48px\"><strong>Concluintes<\/strong><\/td>\n<\/tr>\n<\/thead>\n<tbody>\n<tr style=\"height: 24px\">\n<td style=\"width: 20%;height: 24px;text-align: center\"><strong><a href=\"https:\/\/www3.unicentro.br\/ppgadm\">Administra\u00e7\u00e3o<\/a><\/strong><\/td>\n<td style=\"width: 20%;height: 24px;text-align: center\">45<\/td>\n<td style=\"width: 20%;height: 24px;text-align: center\">00<\/td>\n<td style=\"width: 20%;height: 24px;text-align: center\"><\/td>\n<\/tr>\n<tr style=\"height: 24px\">\n<td style=\"width: 20%;height: 24px;text-align: center\"><strong><a href=\"http:\/\/unicentroagronomia.com\/\">Agronomia<\/a><\/strong><\/td>\n<td style=\"width: 20%;height: 24px;text-align: center\">47<\/td>\n<td style=\"width: 20%;height: 24px;text-align: center\">14<\/td>\n<td style=\"width: 20%;height: 24px;text-align: center\">233<\/td>\n<\/tr>\n<tr style=\"height: 24px\">\n<td style=\"width: 20%;height: 24px;text-align: center\"><strong><a href=\"https:\/\/www3.unicentro.br\/ppgb\/\">Bioenergia<\/a><\/strong><\/td>\n<td style=\"width: 20%;height: 24px;text-align: center\">10<\/td>\n<td style=\"width: 20%;height: 24px;text-align: center\">02<\/td>\n<td style=\"width: 20%;height: 24px;text-align: center\"><\/td>\n<\/tr>\n<tr style=\"height: 24px\">\n<td style=\"width: 20%;height: 24px;text-align: center\"><strong><a href=\"https:\/\/www2.uepg.br\/ppgbioevol\/\">Biologia Evolutiva<\/a><\/strong><\/td>\n<td style=\"width: 20%;height: 24px;text-align: center\">7<\/td>\n<td style=\"width: 20%;height: 24px;text-align: center\">00<\/td>\n<td style=\"width: 20%;height: 24px;text-align: center\">87<\/td>\n<\/tr>\n<tr style=\"height: 24px\">\n<td style=\"width: 20%;height: 24px;text-align: center\"><strong><a href=\"https:\/\/www3.unicentro.br\/ppgcf\/\">Ci\u00eancias Farmac\u00eauticas<\/a><\/strong><\/td>\n<td style=\"width: 20%;height: 24px;text-align: center\">13<\/td>\n<td style=\"width: 20%;height: 24px;text-align: center\">08<\/td>\n<td style=\"width: 20%;height: 24px;text-align: center\">110<\/td>\n<\/tr>\n<tr>\n<td style=\"width: 20%;text-align: center\"><strong><a href=\"https:\/\/www2.unicentro.br\/ppgf\/\">Ci\u00eancias Florestais<\/a><\/strong><\/td>\n<td style=\"width: 20%;text-align: center\">30<\/td>\n<td style=\"width: 20%;text-align: center\">07<\/td>\n<td style=\"width: 20%;text-align: center\">153<\/td>\n<\/tr>\n<tr style=\"height: 24px\">\n<td style=\"width: 20%;height: 24px;text-align: center\"><strong><a href=\"https:\/\/www2.unicentro.br\/ppgvet\/\">Ci\u00eancias Veterin\u00e1rias<\/a><\/strong><\/td>\n<td style=\"width: 20%;height: 24px;text-align: center\">21<\/td>\n<td style=\"width: 20%;height: 24px;text-align: center\">02<\/td>\n<td style=\"width: 20%;height: 24px;text-align: center\">49<\/td>\n<\/tr>\n<tr>\n<td style=\"width: 20%;text-align: center\"><a href=\"https:\/\/www2.unicentro.br\/ppgdc\/\"><strong>Desenvolvimento Comunit\u00e1rio<\/strong><\/a><\/td>\n<td style=\"width: 20%;text-align: center\">31<\/td>\n<td style=\"width: 20%;text-align: center\">06<\/td>\n<td style=\"width: 20%;text-align: center\"><\/td>\n<\/tr>\n<tr style=\"height: 24px\">\n<td style=\"width: 20%;height: 24px;text-align: center\"><strong><a href=\"https:\/\/www2.unicentro.br\/ppge\/\">Educa\u00e7\u00e3o<\/a><\/strong><\/td>\n<td style=\"width: 20%;height: 24px;text-align: center\">69<\/td>\n<td style=\"width: 20%;height: 24px;text-align: center\">06<\/td>\n<td style=\"width: 20%;height: 24px;text-align: center\">159<\/td>\n<\/tr>\n<tr style=\"height: 24px\">\n<td style=\"width: 20%;height: 24px;text-align: center\"><strong><a href=\"https:\/\/www3.unicentro.br\/ppgesa\/\">Engenharia Sanit\u00e1ria e Ambiental<\/a><\/strong><\/td>\n<td style=\"width: 20%;height: 24px;text-align: center\">26<\/td>\n<td style=\"width: 20%;height: 24px;text-align: center\">03<\/td>\n<td style=\"width: 20%;height: 24px;text-align: center\">31<\/td>\n<\/tr>\n<tr style=\"height: 24px\">\n<td style=\"width: 20%;height: 24px;text-align: center\"><strong><a href=\"https:\/\/www3.unicentro.br\/ppgen\/\">Ensino de Ci\u00eancias Naturais e Matem\u00e1tica<\/a><\/strong><\/td>\n<td style=\"width: 20%;height: 24px;text-align: center\">48<\/td>\n<td style=\"width: 20%;height: 24px;text-align: center\">00<\/td>\n<td style=\"width: 20%;height: 24px;text-align: center\"><\/td>\n<\/tr>\n<tr style=\"height: 24px\">\n<td style=\"width: 20%;height: 24px;text-align: center\"><strong><a href=\"https:\/\/www2.unicentro.br\/ppgg\">Geografia<\/a><\/strong><\/td>\n<td style=\"width: 20%;height: 24px;text-align: center\">21<\/td>\n<td style=\"width: 20%;height: 24px;text-align: center\">12<\/td>\n<td style=\"width: 20%;height: 24px;text-align: center\"><\/td>\n<\/tr>\n<tr style=\"height: 24px\">\n<td style=\"width: 20%;height: 24px;text-align: center\"><strong><a href=\"https:\/\/www3.unicentro.br\/ppgh\">Hist\u00f3ria<\/a><\/strong><\/td>\n<td style=\"width: 20%;height: 24px;text-align: center\">30<\/td>\n<td style=\"width: 20%;height: 24px;text-align: center\">06<\/td>\n<td style=\"width: 20%;height: 24px;text-align: center\">96<\/td>\n<\/tr>\n<tr style=\"height: 24px\">\n<td style=\"width: 20%;height: 24px;text-align: center\"><strong><a href=\"https:\/\/www3.unicentro.br\/ppgl\/\">Letras<\/a><\/strong><\/td>\n<td style=\"width: 20%;height: 24px;text-align: center\">39<\/td>\n<td style=\"width: 20%;height: 24px;text-align: center\">07<\/td>\n<td style=\"width: 20%;height: 24px;text-align: center\"><\/td>\n<\/tr>\n<tr style=\"height: 24px\">\n<td style=\"width: 20%;height: 24px;text-align: center\"><strong><a href=\"https:\/\/www3.unicentro.br\/ppgnb\/\">Nanoci\u00eancias e Bioci\u00eancias<\/a><\/strong><\/td>\n<td style=\"width: 20%;height: 24px;text-align: center\">25<\/td>\n<td style=\"width: 20%;height: 24px;text-align: center\">04<\/td>\n<td style=\"width: 20%;height: 24px;text-align: center\">00<\/td>\n<\/tr>\n<tr style=\"height: 24px\">\n<td style=\"width: 20%;height: 24px;text-align: center\"><strong><a href=\"https:\/\/www3.unicentro.br\/profnit\/\">Propriedade Intelectual e Transfer\u00eancia de Tecnologia para Inova\u00e7\u00e3o<\/a><\/strong><\/td>\n<td style=\"width: 20%;height: 24px;text-align: center\">38<\/td>\n<td style=\"width: 20%;height: 24px;text-align: center\">00<\/td>\n<td style=\"width: 20%;height: 24px;text-align: center\"><\/td>\n<\/tr>\n<tr style=\"height: 24px\">\n<td style=\"width: 20%;height: 24px;text-align: center\"><strong><a href=\"https:\/\/www2.unicentro.br\/ppgq\/\">Qu\u00edmica<\/a><\/strong><\/td>\n<td style=\"width: 20%;height: 24px;text-align: center\">20<\/td>\n<td style=\"width: 20%;height: 24px;text-align: center\">23<\/td>\n<td style=\"width: 20%;height: 24px;text-align: center\">135<\/td>\n<\/tr>\n<\/tbody>\n<\/table>\n<p class=\"p1\"><strong>Matriculados:<\/strong> Quantitativo de alunos do programa de p\u00f3s-gradua\u00e7\u00e3o que inclui alunos \u201cregularmente matriculados\u201d, \u201cprorrogados\u201d, \u201ctrancados\u201d, \u201cafastados por motivo de doen\u00e7a\u201d, \u201cafastados por motivo de maternidade\u201d, \u201calunos conv\u00eanio\u201d e alunos com \u201cprazo expirado\u201d. O quantitativo de matriculados n\u00e3o inclui alunos matriculados em disciplina isolada.<\/p>\n<p class=\"p1\"><strong>Bolsistas:<\/strong> Quantitativo de alunos que possuem bolsa na data de emiss\u00e3o do relat\u00f3rio.<\/p>\n<p class=\"p1\"><strong>Concluintes:<\/strong> Quantitativo de alunos j\u00e1 titulados no programa de p\u00f3s-gradua\u00e7\u00e3o at\u00e9 28 de fevereiro de 2021.<\/p>\n","protected":false},"excerpt":{"rendered":"<p>Curso Matriculados Bolsistas Concluintes Administra\u00e7\u00e3o 45 00 Agronomia 47 14 233 Bioenergia 10 02 Biologia Evolutiva 7 00 87 Ci\u00eancias Farmac\u00eauticas 13 08 110 Ci\u00eancias Florestais 30 07 153 Ci\u00eancias Veterin\u00e1rias 21 02 49 Desenvolvimento Comunit\u00e1rio 31 06 Educa\u00e7\u00e3o 69 06 159 Engenharia Sanit\u00e1ria e Ambiental 26 03 31 Ensino de Ci\u00eancias Naturais e Matem\u00e1tica [&hellip;]<\/p>\n","protected":false},"author":3,"featured_media":0,"parent":137,"menu_order":0,"comment_status":"closed","ping_status":"closed","template":"","meta":{"_exactmetrics_skip_tracking":false,"_exactmetrics_sitenote_active":false,"_exactmetrics_sitenote_note":"","_exactmetrics_sitenote_category":0,"footnotes":"","_links_to":"","_links_to_target":""},"class_list":["post-139","page","type-page","status-publish","hentry"],"publishpress_future_action":{"enabled":false,"date":"2026-04-27 21:32:14","action":"change-status","newStatus":"draft","terms":[],"taxonomy":"","extraData":[]},"publishpress_future_workflow_manual_trigger":{"enabledWorkflows":[]},"_links":{"self":[{"href":"https:\/\/www3.unicentro.br\/propesp\/wp-json\/wp\/v2\/pages\/139","targetHints":{"allow":["GET"]}}],"collection":[{"href":"https:\/\/www3.unicentro.br\/propesp\/wp-json\/wp\/v2\/pages"}],"about":[{"href":"https:\/\/www3.unicentro.br\/propesp\/wp-json\/wp\/v2\/types\/page"}],"author":[{"embeddable":true,"href":"https:\/\/www3.unicentro.br\/propesp\/wp-json\/wp\/v2\/users\/3"}],"replies":[{"embeddable":true,"href":"https:\/\/www3.unicentro.br\/propesp\/wp-json\/wp\/v2\/comments?post=139"}],"version-history":[{"count":0,"href":"https:\/\/www3.unicentro.br\/propesp\/wp-json\/wp\/v2\/pages\/139\/revisions"}],"up":[{"embeddable":true,"href":"https:\/\/www3.unicentro.br\/propesp\/wp-json\/wp\/v2\/pages\/137"}],"wp:attachment":[{"href":"https:\/\/www3.unicentro.br\/propesp\/wp-json\/wp\/v2\/media?parent=139"}],"curies":[{"name":"wp","href":"https:\/\/api.w.org\/{rel}","templated":true}]}}