{"id":131,"date":"2021-01-21T16:26:47","date_gmt":"2021-01-21T19:26:47","guid":{"rendered":"https:\/\/www3.unicentro.br\/propesp\/?page_id=131"},"modified":"2026-03-10T08:21:09","modified_gmt":"2026-03-10T11:21:09","slug":"membros-do-comite","status":"publish","type":"page","link":"https:\/\/www3.unicentro.br\/propesp\/pos-graduacao\/stricto-sensu\/comite-assessor\/membros-do-comite\/","title":{"rendered":"Membros do Comit\u00ea"},"content":{"rendered":"<div class=\"wpb-content-wrapper\"><p>[vc_row][vc_column][vc_column_text css=&#8221;&#8221;]Os atuais membros do Comit\u00ea de P\u00f3s-Gradua\u00e7\u00e3o Stricto Sensu, CPS, da Unicentro foram designados pela <strong><a href=\"https:\/\/sgu.unicentro.br\/pcatooficiais\/imprimir\/541A6D13\"><em>Portaria n\u00ba 870-GR\/Unicentro, de 15 de julho de 2025<\/em><\/a><\/strong> , alterada pela <a href=\"https:\/\/sgu.unicentro.br\/pcatooficiais\/imprimir\/2B1EE8F6\"><strong><em>Portaria n\u00ba 1.127-GR\/UNICENTRO, de 5 de setembro de 2025<\/em><\/strong><\/a> ,\u00a0<a href=\"https:\/\/sgu.unicentro.br\/pcatooficiais\/imprimir\/1F071F32\"><strong><em>n\u00ba 1.221-GR\/UNICENTRO, de 6 de outubro de 2025<\/em><\/strong><\/a> e <a href=\"https:\/\/sgu.unicentro.br\/pcatooficiais\/imprimir\/F4D0F86B\"><strong><em>n\u00ba 1.437-GR\/UNICENTRO, de 1\u00ba de dezembro de 2025<\/em><\/strong><\/a> .<\/p>\n<p>Os membros s\u00e3o:<\/p>\n<ol style=\"list-style-type: upper-roman\">\n<li>Presidente: Prof. Paulo Roberto da Silva, Pr\u00f3-Reitor de Pesquisa e P\u00f3s-Gradua\u00e7\u00e3o.<\/li>\n<li>Prof. Jackson Kawakami, Diretor de P\u00f3s-Gradua\u00e7\u00e3o.<\/li>\n<li>Prof\u00aa Sandra Mara Guse Sc\u00f3s Venske, Diretora de Pesquisa.<\/li>\n<li>\u00a0Coordenadores(as) de Programas de P\u00f3s-Gradua\u00e7\u00e3o:\n<ol style=\"list-style-type: lower-alpha\">\n<li>Prof. Adriano Silv\u00e9rio, Coordenador do Programa de P\u00f3s-Gradua\u00e7\u00e3o em Biologia Evolutiva.<\/li>\n<li>Prof. Andr\u00e9 Lazarin Gallina, Coordenador do Programa de P\u00f3s-Gradua\u00e7\u00e3o em Bioenergia.<\/li>\n<li>Prof. Carlos Alberto Mar\u00e7al Gonzaga, Coordenador do Programa de P\u00f3s-Gradua\u00e7\u00e3o em Desenvolvimento Comunit\u00e1rio.<\/li>\n<li>Prof. Carlos Magno de Sousa Vidal, Coordenador do Programa de P\u00f3s-Gradua\u00e7\u00e3o em Engenharia Sanit\u00e1ria e Ambiental.<\/li>\n<li>Prof. Cristiano Andr\u00e9 Pott, Coordenador do Programa de P\u00f3s-Gradua\u00e7\u00e3o em Agronomia.<\/li>\n<li>f. Prof\u00aa Eryza Guimar\u00e3es de Castro, Coordenadora pro tempore do Programa P\u00f3s-Gradua\u00e7\u00e3o Stricto Sensu em Qu\u00edmica, n\u00edvel Doutorado em Associa\u00e7\u00e3o Ampla UEL\/UEPG\/UNICENTRO.<\/li>\n<li>Prof\u00aa Heloisa Godoi Bertagnon, Coordenadora do Programa de P\u00f3s-Gradua\u00e7\u00e3o em Ci\u00eancias Veterin\u00e1rias.<\/li>\n<li>Prof. Ivo Ilvan Kerppers, Coordenador do Programa de P\u00f3s-Gradua\u00e7\u00e3o em Nanoci\u00eancias e Bioci\u00eancias.<\/li>\n<li>Prof\u00aa Juliana Sartori Bonini, Coordenadora do Programa de P\u00f3s-Gradua\u00e7\u00e3o em Propriedade Intelectual e Transfer\u00eancia de Tecnologia para a Inova\u00e7\u00e3o.<\/li>\n<li>Prof. Jo\u00e3o Francisco Morozini, Coordenador do Programa de P\u00f3s-Gradua\u00e7\u00e3o em Administra\u00e7\u00e3o.<\/li>\n<li>Prof\u00aa Karla Ros\u00e1rio Brumes, Coordenadora do Programa de P\u00f3s-Gradua\u00e7\u00e3o em Geografia.<\/li>\n<li>Prof. M\u00e1rcio Andr\u00e9 Martins, Coordenador do Programa de P\u00f3s-Gradua\u00e7\u00e3o em Ensino de Ci\u00eancias Naturais e Matem\u00e1tica.<\/li>\n<li>Prof. Najeh Maissar Khalil, Coordenador do Programa de P\u00f3s-Gradua\u00e7\u00e3o em Ci\u00eancias Farmac\u00eauticas.<\/li>\n<li>Prof\u00aa Nilc\u00e9ia Valdati, Coordenadora do Programa de P\u00f3s-Gradua\u00e7\u00e3o em Letras.<\/li>\n<li>Prof. Paulo Rodrigo Andrade Haiduke, Coordenador do Programa de P\u00f3s-Gradua\u00e7\u00e3o em Hist\u00f3ria.<\/li>\n<li>Prof. Rafael Marangoni, Coordenador do Programa de P\u00f3s-Gradua\u00e7\u00e3o em Qu\u00edmica Aplicada.<\/li>\n<li>Prof. Rog\u00e9rio Bobrowski, Coordenador do Programa de P\u00f3s-Gradua\u00e7\u00e3o em Ci\u00eancias Florestais.<\/li>\n<li>Prof. Saulo Rodrigues de Carvalho, Coordenador do Programa de P\u00f3s-Gradua\u00e7\u00e3o em Educa\u00e7\u00e3o.<\/li>\n<li>Prof\u00aa Tatiane Baratieri, Coordenadora do Programa de P\u00f3s-Gradua\u00e7\u00e3o em Enfermagem em Assist\u00eancia Prim\u00e1ria em Sa\u00fade.<\/li>\n<\/ol>\n<\/li>\n<li>Samantha de Paula Batista, representante discente dos cursos de p\u00f3s-gradua\u00e7\u00e3o stricto sensu.<\/li>\n<\/ol>\n<p>[\/vc_column_text][\/vc_column][\/vc_row]<\/p>\n<\/div>","protected":false},"excerpt":{"rendered":"<p>[vc_row][vc_column][vc_column_text css=&#8221;&#8221;]Os atuais membros do Comit\u00ea de P\u00f3s-Gradua\u00e7\u00e3o Stricto Sensu, CPS, da Unicentro foram designados pela Portaria n\u00ba 870-GR\/Unicentro, de 15 de julho de 2025 , alterada pela Portaria n\u00ba 1.127-GR\/UNICENTRO, de 5 de setembro de 2025 ,\u00a0n\u00ba 1.221-GR\/UNICENTRO, de 6 de outubro de 2025 e n\u00ba 1.437-GR\/UNICENTRO, de 1\u00ba de dezembro de 2025 . [&hellip;]<\/p>\n","protected":false},"author":3,"featured_media":0,"parent":129,"menu_order":0,"comment_status":"closed","ping_status":"closed","template":"","meta":{"_exactmetrics_skip_tracking":false,"_exactmetrics_sitenote_active":false,"_exactmetrics_sitenote_note":"","_exactmetrics_sitenote_category":0,"footnotes":"","_links_to":"","_links_to_target":""},"class_list":["post-131","page","type-page","status-publish","hentry"],"publishpress_future_action":{"enabled":false,"date":"2026-04-27 19:39:09","action":"change-status","newStatus":"draft","terms":[],"taxonomy":"","extraData":[]},"publishpress_future_workflow_manual_trigger":{"enabledWorkflows":[]},"_links":{"self":[{"href":"https:\/\/www3.unicentro.br\/propesp\/wp-json\/wp\/v2\/pages\/131","targetHints":{"allow":["GET"]}}],"collection":[{"href":"https:\/\/www3.unicentro.br\/propesp\/wp-json\/wp\/v2\/pages"}],"about":[{"href":"https:\/\/www3.unicentro.br\/propesp\/wp-json\/wp\/v2\/types\/page"}],"author":[{"embeddable":true,"href":"https:\/\/www3.unicentro.br\/propesp\/wp-json\/wp\/v2\/users\/3"}],"replies":[{"embeddable":true,"href":"https:\/\/www3.unicentro.br\/propesp\/wp-json\/wp\/v2\/comments?post=131"}],"version-history":[{"count":3,"href":"https:\/\/www3.unicentro.br\/propesp\/wp-json\/wp\/v2\/pages\/131\/revisions"}],"predecessor-version":[{"id":6479,"href":"https:\/\/www3.unicentro.br\/propesp\/wp-json\/wp\/v2\/pages\/131\/revisions\/6479"}],"up":[{"embeddable":true,"href":"https:\/\/www3.unicentro.br\/propesp\/wp-json\/wp\/v2\/pages\/129"}],"wp:attachment":[{"href":"https:\/\/www3.unicentro.br\/propesp\/wp-json\/wp\/v2\/media?parent=131"}],"curies":[{"name":"wp","href":"https:\/\/api.w.org\/{rel}","templated":true}]}}