{"id":129,"date":"2021-01-21T16:25:55","date_gmt":"2021-01-21T19:25:55","guid":{"rendered":"https:\/\/www3.unicentro.br\/propesp\/?page_id=129"},"modified":"2024-04-17T16:08:24","modified_gmt":"2024-04-17T19:08:24","slug":"comite-assessor","status":"publish","type":"page","link":"https:\/\/www3.unicentro.br\/propesp\/pos-graduacao\/stricto-sensu\/comite-assessor\/","title":{"rendered":"Comit\u00ea Assessor"},"content":{"rendered":"<div class=\"wpb-content-wrapper\"><p>[vc_row][vc_column][vc_column_text]<\/p>\n<p class=\"p1\">O Comit\u00ea de P\u00f3s-Gradua\u00e7\u00e3o Stricto Sensu, CPS, tem seu funciomento regulamentado pela <a href=\"https:\/\/sgu.unicentro.br\/pcatooficiais\/imprimir\/64851F43\">Resolu\u00e7\u00e3o n\u00ba 105\/207-Cepe\/Unicentro<\/a><\/p>\n<p>[\/vc_column_text][vc_row_inner][vc_column_inner width=&#8221;1\/2&#8243;][vc_btn title=&#8221;Composi\u00e7\u00e3o do Comit\u00ea&#8221; style=&#8221;flat&#8221; shape=&#8221;square&#8221; color=&#8221;danger&#8221; align=&#8221;center&#8221; css_animation=&#8221;fadeIn&#8221; button_block=&#8221;true&#8221; link=&#8221;url:https%3A%2F%2Fwww3.unicentro.br%2Fpropesp%2Fpos-graduacao%2Fstricto-sensu%2Fcomite-assessor%2Fmembros-do-comite%2F|title:Comit%C3%AA%20Assessor&#8221;][\/vc_column_inner][vc_column_inner width=&#8221;1\/2&#8243;][vc_btn title=&#8221;Calend\u00e1rio de Reuni\u00f5es&#8221; style=&#8221;flat&#8221; shape=&#8221;square&#8221; color=&#8221;danger&#8221; align=&#8221;center&#8221; css_animation=&#8221;fadeIn&#8221; button_block=&#8221;true&#8221; link=&#8221;url:https%3A%2F%2Fwww3.unicentro.br%2Fpropesp%2Fpos-graduacao%2Fstricto-sensu%2Fcomite-assessor%2Fcronograma-de-reunioes%2F|title:Comit%C3%AA%20Assessor&#8221;][\/vc_column_inner][\/vc_row_inner][\/vc_column][\/vc_row]<\/p>\n<\/div>","protected":false},"excerpt":{"rendered":"<p>[vc_row][vc_column][vc_column_text] O Comit\u00ea de P\u00f3s-Gradua\u00e7\u00e3o Stricto Sensu, CPS, tem seu funciomento regulamentado pela Resolu\u00e7\u00e3o n\u00ba 105\/207-Cepe\/Unicentro [\/vc_column_text][vc_row_inner][vc_column_inner width=&#8221;1\/2&#8243;][vc_btn title=&#8221;Composi\u00e7\u00e3o do Comit\u00ea&#8221; style=&#8221;flat&#8221; shape=&#8221;square&#8221; color=&#8221;danger&#8221; align=&#8221;center&#8221; css_animation=&#8221;fadeIn&#8221; button_block=&#8221;true&#8221; link=&#8221;url:https%3A%2F%2Fwww3.unicentro.br%2Fpropesp%2Fpos-graduacao%2Fstricto-sensu%2Fcomite-assessor%2Fmembros-do-comite%2F|title:Comit%C3%AA%20Assessor&#8221;][\/vc_column_inner][vc_column_inner width=&#8221;1\/2&#8243;][vc_btn title=&#8221;Calend\u00e1rio de Reuni\u00f5es&#8221; style=&#8221;flat&#8221; shape=&#8221;square&#8221; color=&#8221;danger&#8221; align=&#8221;center&#8221; css_animation=&#8221;fadeIn&#8221; button_block=&#8221;true&#8221; link=&#8221;url:https%3A%2F%2Fwww3.unicentro.br%2Fpropesp%2Fpos-graduacao%2Fstricto-sensu%2Fcomite-assessor%2Fcronograma-de-reunioes%2F|title:Comit%C3%AA%20Assessor&#8221;][\/vc_column_inner][\/vc_row_inner][\/vc_column][\/vc_row]<\/p>\n","protected":false},"author":3,"featured_media":0,"parent":125,"menu_order":0,"comment_status":"closed","ping_status":"closed","template":"","meta":{"_exactmetrics_skip_tracking":false,"_exactmetrics_sitenote_active":false,"_exactmetrics_sitenote_note":"","_exactmetrics_sitenote_category":0,"footnotes":"","_links_to":"","_links_to_target":""},"class_list":["post-129","page","type-page","status-publish","hentry"],"publishpress_future_action":{"enabled":false,"date":"2026-04-25 09:37:46","action":"change-status","newStatus":"draft","terms":[],"taxonomy":"","extraData":[]},"publishpress_future_workflow_manual_trigger":{"enabledWorkflows":[]},"_links":{"self":[{"href":"https:\/\/www3.unicentro.br\/propesp\/wp-json\/wp\/v2\/pages\/129","targetHints":{"allow":["GET"]}}],"collection":[{"href":"https:\/\/www3.unicentro.br\/propesp\/wp-json\/wp\/v2\/pages"}],"about":[{"href":"https:\/\/www3.unicentro.br\/propesp\/wp-json\/wp\/v2\/types\/page"}],"author":[{"embeddable":true,"href":"https:\/\/www3.unicentro.br\/propesp\/wp-json\/wp\/v2\/users\/3"}],"replies":[{"embeddable":true,"href":"https:\/\/www3.unicentro.br\/propesp\/wp-json\/wp\/v2\/comments?post=129"}],"version-history":[{"count":2,"href":"https:\/\/www3.unicentro.br\/propesp\/wp-json\/wp\/v2\/pages\/129\/revisions"}],"predecessor-version":[{"id":3281,"href":"https:\/\/www3.unicentro.br\/propesp\/wp-json\/wp\/v2\/pages\/129\/revisions\/3281"}],"up":[{"embeddable":true,"href":"https:\/\/www3.unicentro.br\/propesp\/wp-json\/wp\/v2\/pages\/125"}],"wp:attachment":[{"href":"https:\/\/www3.unicentro.br\/propesp\/wp-json\/wp\/v2\/media?parent=129"}],"curies":[{"name":"wp","href":"https:\/\/api.w.org\/{rel}","templated":true}]}}