{"id":127,"date":"2021-01-21T16:25:27","date_gmt":"2021-01-21T19:25:27","guid":{"rendered":"https:\/\/www3.unicentro.br\/propesp\/?page_id=127"},"modified":"2025-05-05T13:17:22","modified_gmt":"2025-05-05T16:17:22","slug":"legislacao","status":"publish","type":"page","link":"https:\/\/www3.unicentro.br\/propesp\/pos-graduacao\/stricto-sensu\/legislacao\/","title":{"rendered":"Legisla\u00e7\u00e3o"},"content":{"rendered":"<ul>\n<li><a href=\"https:\/\/www3.unicentro.br\/propesp\/wp-content\/uploads\/sites\/99\/2025\/05\/3_6818a5bb8309b.pdf\"><strong>Resolu\u00e7\u00e3o n\u00ba 3-Cepe\/Unicentro, de 30 de abril de 2025: <\/strong>aprova o Regulamento do Processo Eleitoral para escolha de Coordenador(a) e ViceCoordenador(a) dos Programas de P\u00f3s-Gradua\u00e7\u00e3o stricto sensu da Unicentro<\/a><\/li>\n<li><a href=\"https:\/\/sgu.unicentro.br\/pcatooficiais\/imprimir\/E61A515D\"><strong>Resolu\u00e7\u00e3o n\u00ba 23-Cepe\/Unicentro, de 24 de setembro de 2024:<\/strong> estabelece a reserva de vagas em processos seletivos na P\u00f3s-Gradua\u00e7\u00e3o Stricto sensu da Unicentro<\/a><\/li>\n<li><a href=\"https:\/\/www3.unicentro.br\/propesp\/wp-content\/uploads\/sites\/99\/2024\/02\/IN_01_24_PROPESP_Altera_o_Art_4_da_IN_03_23_PROPESP_65d64a314f102.pdf\"><strong>Instru\u00e7\u00e3o Normativa n\u00ba 01\/2024-Propesp\/Unicentro, de 21 de fevereiro de 2024:<\/strong> Altera o Art. 4\u00ba da Instru\u00e7\u00e3o Normativa n\u00ba 03\/2023-PROPESP\/UNICENTRO, de 20 de setembro de 2023<\/a>\n<ul>\n<li><a href=\"https:\/\/www3.unicentro.br\/propesp\/wp-content\/uploads\/sites\/99\/2024\/02\/IN_01_24_PROPESP_ANEXO_65d64a326796f.doc\"><strong>ANEXO I<\/strong> &#8211; Declara\u00e7\u00e3o de participa\u00e7\u00e3o em banca examinadora de qualifica\u00e7\u00e3o ou disserta\u00e7\u00e3o ou tese ou trabalho de conclus\u00e3o de curso no \u00e2mbito da Unicentro [.doc]<\/a><\/li>\n<\/ul>\n<\/li>\n<li><a href=\"https:\/\/www3.unicentro.br\/propesp\/wp-content\/uploads\/sites\/99\/2023\/09\/33_65140c4203474.pdf\"><strong>Resolu\u00e7\u00e3o n\u00ba 33-Cepe\/Unicentro, de 25 de setembro de 2023:<\/strong> estabelece diretrizes na perspectiva do ac\u00famulo de bolsas com atividade remunerada ou outros rendimentos, no \u00e2mbito da P\u00f3s- Gradua\u00e7\u00e3o Stricto Sensu da Unicentro, e d\u00e1 outras provid\u00eancias<\/a><\/li>\n<li><a href=\"https:\/\/www3.unicentro.br\/propesp\/wp-content\/uploads\/sites\/99\/2024\/02\/IN_03_23_PROPESP_ALTERADA_PELA_IN_01_24_65d64a3389f35.pdf\"><strong>Instru\u00e7\u00e3o Normativa n\u00ba 03-Propesp\/Unicentro, de 20 de setembro de 2023:<\/strong> institui a ado\u00e7\u00e3o de assinatura eletr\u00f4nica em ata de exame de qualifica\u00e7\u00e3o, ata de defesa e termo de aprova\u00e7\u00e3o de disserta\u00e7\u00e3o, tese e trabalho de conclus\u00e3o de curso de p\u00f3s-gradua\u00e7\u00e3o stricto sensu <span style=\"color: #ff0000\">(Alterada pela Instru\u00e7\u00e3o Normativa n\u00ba 01-PROPESP\/UNICENTRO, de 21\/02\/2024)<\/span><\/a><\/li>\n<li><a href=\"https:\/\/www3.unicentro.br\/propesp\/wp-content\/uploads\/sites\/99\/2023\/04\/IN_01_23_PROPESP_Estabelece_par_metros_e_condi_es_para_comprova_o_de_profici_ncia_em_l_ngua_estrangeira_vers_o_final_643ff95a106d4.pdf\"><strong>Instru\u00e7\u00e3o Normativa n\u00ba 01\/2023-Propesp\/Unicentro, de 19 de abril de 2023<\/strong>: estabelece par\u00e2metros e condi\u00e7\u00f5es para comprova\u00e7\u00e3o de profici\u00eancia em l\u00edngua estrangeira, para os discentes de p\u00f3s- gradua\u00e7\u00e3o stricto sensu<\/a><\/li>\n<li><a href=\"https:\/\/www3.unicentro.br\/propesp\/wp-content\/uploads\/sites\/99\/2022\/07\/IN_03_22_PROPESP_Estabelece_procedimentos_para_a_realiza_o_de_bancas_62d173099a145.pdf\"><strong>Instru\u00e7\u00e3o Normativa n\u00ba 03-Propesp\/Unicentro, de 15 de julho de 2022:<\/strong> estabelece normas e procedimentos para a realiza\u00e7\u00e3o de bancas de defesa de disserta\u00e7\u00e3o, tese ou trabalho de conclus\u00e3o de forma remota.<\/a>\n<ul>\n<li>Arquivos para download: <strong>Anexos <a href=\"https:\/\/www3.unicentro.br\/propesp\/wp-content\/uploads\/sites\/99\/2022\/07\/IN_03_22_PROPESP_Estabelece_procedimentos_para_a_realiza_o_de_bancas_Anexo_I.doc\">I [.doc]<\/a>, <a href=\"https:\/\/www3.unicentro.br\/propesp\/wp-content\/uploads\/sites\/99\/2022\/07\/IN_03_22_PROPESP_Estabelece_procedimentos_para_a_realiza_o_de_bancas_Anexo_Ib.doc\">Ib [.doc]<\/a> e <a href=\"https:\/\/www3.unicentro.br\/propesp\/wp-content\/uploads\/sites\/99\/2022\/07\/IN_03_22_PROPESP_Estabelece_procedimentos_para_a_realiza_o_de_bancas_Anexo_II.doc\">II [.doc]<\/a><\/strong><\/li>\n<\/ul>\n<\/li>\n<li><a href=\"https:\/\/www3.unicentro.br\/propesp\/wp-content\/uploads\/sites\/99\/2022\/07\/IN_02_22_PROPESP_Estabelece_prazo_para_registro_de_conceito_final_no_Lyceum_62c6cef9105db.pdf\"><strong>Instru\u00e7\u00e3o Normativa n\u00ba 02-Propesp\/Unicentro, de 7 de julho de 2022:<\/strong> estabelece prazo para o registro do conceito final em disciplinas da P\u00f3s-Gradua\u00e7\u00e3o Stricto Sensu no Sistema Lyceum, e d\u00e1 outras provid\u00eancias.<\/a><\/li>\n<li><a href=\"https:\/\/sgu.unicentro.br\/pcatooficiais\/imprimir\/089E3D49\"><strong>Resolu\u00e7\u00e3o n\u00ba 5-Cepe\/Unicentro, de 1\u00ba de outubro de 2021:<\/strong> aprova o Regulamento da Pol\u00edtica Institucional de Inova\u00e7\u00e3o e Propriedade Intelectual da Unicentro<\/a><\/li>\n<li><a href=\"https:\/\/sgu.unicentro.br\/pcatooficiais\/imprimir\/A2A7111D\"><strong>Resolu\u00e7\u00e3o n.\u00ba 14-Cepe\/Unicentro, de 23 de junho de 2021<\/strong>. aprova o Regulamento do Est\u00e1gio de P\u00f3s-Doutorado da Unicentro, e d\u00e1 outras providencias<\/a>\n<ul>\n<li><a href=\"https:\/\/www3.unicentro.br\/propesp\/wp-content\/uploads\/sites\/99\/2024\/04\/anexos-1-e-2-atualizado.docx\"><strong>ANEXOS I e II<\/strong> &#8211; termo de compromisso de est\u00e1gio de p\u00f3s-doutorado e Relat\u00f3rio de atividades de est\u00e1gio de p\u00f3s-doutorado<\/a><\/li>\n<\/ul>\n<\/li>\n<li><a href=\"https:\/\/www3.unicentro.br\/propesp\/wp-content\/uploads\/sites\/99\/2021\/07\/Instru_o_Normativa_3_20_Bancas_examinadoras_60eeed85f4023.pdf\"><strong>Instru\u00e7\u00e3o Normativa n\u00ba 03-Propesp\/Unicentro, de 21 de Julho de 2020:<\/strong> Veda a participa\u00e7\u00e3o de membros com v\u00ednculo familiar ou de parentesco em banca examinadora na P\u00f3s-Gradua\u00e7\u00e3o Stricto Sensu na Unicentro<\/a><\/li>\n<li><a href=\"https:\/\/sgu.unicentro.br\/pcatooficiais\/imprimir\/9CF8EC3F\"><strong>Resolu\u00e7\u00e3o n\u00ba 67 &#8211; Cepe\/Unicentro, de 18 de dezembro de 2020<\/strong>:<\/a> aprova o Regulamento da P\u00f3s-Gradua\u00e7\u00e3o Stricto Sensu da Unicentro, e d\u00e1 outras provid\u00eancias, <a href=\"https:\/\/www3.unicentro.br\/propesp\/wp-content\/uploads\/sites\/99\/2022\/07\/14_07_2022_documento_af5741908f3_62d015a0b034b.pdf\">alterado pela <strong>Resolu\u00e7\u00e3o n\u00ba 21-CEPE\/UNICENTRO, de 12 de julho de 2022<\/strong>.\u00a0<\/a><\/li>\n<li>\n<p class=\"p1\"><a href=\"https:\/\/sgu.unicentro.br\/pcatooficiais\/imprimir\/A78B853A\"><strong>Resolu\u00e7\u00e3o n\u00ba 60 &#8211; Cepe\/Unicentro, de 23 de outubro de 2020<\/strong>. aprova o Regulamento do Processo de Autoavalia\u00e7\u00e3o dos Programas de P\u00f3s-Gradua\u00e7\u00e3o <em>Stricto Sensu<\/em> da Unicentro<\/a><\/p>\n<\/li>\n<li>\n<p class=\"p1\"><a href=\"https:\/\/sgu.unicentro.br\/pcatooficiais\/imprimir\/2AAA2EFE\"><strong>Resolu\u00e7\u00e3o n\u00ba 1-COU\/Unicentro<\/strong>, <strong>de 19 de fevereiro de 2020:<\/strong> Aprova o Planejamento Estrat\u00e9gico Institucional da P\u00f3s-Gradua\u00e7\u00e3o, PEI, da Unicentro<\/a><\/p>\n<\/li>\n<li><a href=\"https:\/\/sgu.unicentro.br\/pcatooficiais\/imprimir\/EAEAC2CE\"><strong>Resolu\u00e7\u00e3o n\u00ba 16-CAD\/Unicentro, de 9 de outubro de 2017:<\/strong> Regulamenta o Programa Professor S\u00eanior da Unicentro, e d\u00e1 outras provid\u00eancias.<\/a><\/li>\n<\/ul>\n","protected":false},"excerpt":{"rendered":"<p>Resolu\u00e7\u00e3o n\u00ba 3-Cepe\/Unicentro, de 30 de abril de 2025: aprova o Regulamento do Processo Eleitoral para escolha de Coordenador(a) e ViceCoordenador(a) dos Programas de P\u00f3s-Gradua\u00e7\u00e3o stricto sensu da Unicentro Resolu\u00e7\u00e3o n\u00ba 23-Cepe\/Unicentro, de 24 de setembro de 2024: estabelece a reserva de vagas em processos seletivos na P\u00f3s-Gradua\u00e7\u00e3o Stricto sensu da Unicentro Instru\u00e7\u00e3o Normativa n\u00ba [&hellip;]<\/p>\n","protected":false},"author":3,"featured_media":0,"parent":125,"menu_order":0,"comment_status":"closed","ping_status":"closed","template":"","meta":{"_exactmetrics_skip_tracking":false,"_exactmetrics_sitenote_active":false,"_exactmetrics_sitenote_note":"","_exactmetrics_sitenote_category":0,"footnotes":"","_links_to":"","_links_to_target":""},"class_list":["post-127","page","type-page","status-publish","hentry"],"publishpress_future_action":{"enabled":false,"date":"2026-04-22 08:42:27","action":"change-status","newStatus":"draft","terms":[],"taxonomy":"","extraData":[]},"publishpress_future_workflow_manual_trigger":{"enabledWorkflows":[]},"_links":{"self":[{"href":"https:\/\/www3.unicentro.br\/propesp\/wp-json\/wp\/v2\/pages\/127","targetHints":{"allow":["GET"]}}],"collection":[{"href":"https:\/\/www3.unicentro.br\/propesp\/wp-json\/wp\/v2\/pages"}],"about":[{"href":"https:\/\/www3.unicentro.br\/propesp\/wp-json\/wp\/v2\/types\/page"}],"author":[{"embeddable":true,"href":"https:\/\/www3.unicentro.br\/propesp\/wp-json\/wp\/v2\/users\/3"}],"replies":[{"embeddable":true,"href":"https:\/\/www3.unicentro.br\/propesp\/wp-json\/wp\/v2\/comments?post=127"}],"version-history":[{"count":2,"href":"https:\/\/www3.unicentro.br\/propesp\/wp-json\/wp\/v2\/pages\/127\/revisions"}],"predecessor-version":[{"id":5042,"href":"https:\/\/www3.unicentro.br\/propesp\/wp-json\/wp\/v2\/pages\/127\/revisions\/5042"}],"up":[{"embeddable":true,"href":"https:\/\/www3.unicentro.br\/propesp\/wp-json\/wp\/v2\/pages\/125"}],"wp:attachment":[{"href":"https:\/\/www3.unicentro.br\/propesp\/wp-json\/wp\/v2\/media?parent=127"}],"curies":[{"name":"wp","href":"https:\/\/api.w.org\/{rel}","templated":true}]}}