{"id":125,"date":"2021-01-21T16:24:50","date_gmt":"2021-01-21T19:24:50","guid":{"rendered":"https:\/\/www3.unicentro.br\/propesp\/?page_id=125"},"modified":"2024-10-17T15:17:56","modified_gmt":"2024-10-17T18:17:56","slug":"stricto-sensu","status":"publish","type":"page","link":"https:\/\/www3.unicentro.br\/propesp\/pos-graduacao\/stricto-sensu\/","title":{"rendered":"Stricto Sensu"},"content":{"rendered":"<div class=\"wpb-content-wrapper\"><p>[vc_row][vc_column][vc_column_text css=&#8221;&#8221;]<\/p>\n<p class=\"p1\">H\u00e1 mais de 10 anos a Unicentro focou na sua verticaliza\u00e7\u00e3o, incentivando a cria\u00e7\u00e3o e o aprimoramento de cursos e programa de p\u00f3s-gradua\u00e7\u00e3o stricto sensu.<\/p>\n<p class=\"p1\">Em 2006, com a cria\u00e7\u00e3o do seu primeiro curso de mestrado (Qu\u00edmica), a universidade e seus professores buscam constantemente a amplia\u00e7\u00e3o do conhecimento e da pesquisa difundida por seus programas de p\u00f3s-gradua\u00e7\u00e3o. Desde ent\u00e3o, foram criados 18 programas, sendo que desses, 11 possuem doutorados.<\/p>\n<p>[\/vc_column_text][vc_row_inner][vc_column_inner width=&#8221;1\/6&#8243;][\/vc_column_inner][vc_column_inner width=&#8221;1\/3&#8243;][vc_btn title=&#8221;Legisla\u00e7\u00e3o&#8221; style=&#8221;flat&#8221; shape=&#8221;square&#8221; color=&#8221;danger&#8221; align=&#8221;center&#8221; css_animation=&#8221;fadeIn&#8221; button_block=&#8221;true&#8221; link=&#8221;url:https%3A%2F%2Fwww3.unicentro.br%2Fpropesp%2Fpos-graduacao%2Fstricto-sensu%2Flegislacao%2F|title:Legisla%C3%A7%C3%A3o&#8221;][\/vc_column_inner][vc_column_inner width=&#8221;1\/3&#8243;][vc_btn title=&#8221;Comit\u00ea Assessor&#8221; style=&#8221;flat&#8221; shape=&#8221;square&#8221; color=&#8221;danger&#8221; align=&#8221;center&#8221; css_animation=&#8221;fadeIn&#8221; button_block=&#8221;true&#8221; link=&#8221;url:https%3A%2F%2Fwww3.unicentro.br%2Fpropesp%2Fpos-graduacao%2Fstricto-sensu%2Fcomite-assessor%2F|title:Legisla%C3%A7%C3%A3o&#8221;][\/vc_column_inner][vc_column_inner width=&#8221;1\/6&#8243;][\/vc_column_inner][\/vc_row_inner][vc_row_inner][vc_column_inner width=&#8221;1\/6&#8243;][\/vc_column_inner][vc_column_inner width=&#8221;1\/3&#8243;][vc_btn title=&#8221;Cursos de Mestrado&#8221; style=&#8221;flat&#8221; shape=&#8221;square&#8221; color=&#8221;danger&#8221; align=&#8221;center&#8221; css_animation=&#8221;fadeIn&#8221; button_block=&#8221;true&#8221; link=&#8221;url:https%3A%2F%2Fwww3.unicentro.br%2Fpropesp%2Fpos-graduacao%2Fstricto-sensu%2Fmestrado%2F|title:Legisla%C3%A7%C3%A3o&#8221;][\/vc_column_inner][vc_column_inner width=&#8221;1\/3&#8243;][vc_btn title=&#8221;Cursos de Doutorado&#8221; style=&#8221;flat&#8221; shape=&#8221;square&#8221; color=&#8221;danger&#8221; align=&#8221;center&#8221; css_animation=&#8221;fadeIn&#8221; button_block=&#8221;true&#8221; link=&#8221;url:https%3A%2F%2Fwww3.unicentro.br%2Fpropesp%2Fpos-graduacao%2Fstricto-sensu%2Fdoutorado%2F|title:Legisla%C3%A7%C3%A3o&#8221;][\/vc_column_inner][vc_column_inner width=&#8221;1\/6&#8243;][\/vc_column_inner][\/vc_row_inner][vc_row_inner][vc_column_inner width=&#8221;1\/3&#8243;][\/vc_column_inner][vc_column_inner width=&#8221;1\/3&#8243;][vc_btn title=&#8221;Projetos Estrat\u00e9gicos&#8221; style=&#8221;flat&#8221; shape=&#8221;square&#8221; color=&#8221;danger&#8221; align=&#8221;center&#8221; css_animation=&#8221;fadeIn&#8221; button_block=&#8221;true&#8221; link=&#8221;url:https%3A%2F%2Fwww3.unicentro.br%2Fpropesp%2Fpos-graduacao%2Fstricto-sensu%2Fprojetos-estrategicos%2F|title:Legisla%C3%A7%C3%A3o&#8221;][\/vc_column_inner][vc_column_inner width=&#8221;1\/3&#8243;][\/vc_column_inner][\/vc_row_inner][\/vc_column][\/vc_row]<\/p>\n<\/div>","protected":false},"excerpt":{"rendered":"<p>[vc_row][vc_column][vc_column_text css=&#8221;&#8221;] H\u00e1 mais de 10 anos a Unicentro focou na sua verticaliza\u00e7\u00e3o, incentivando a cria\u00e7\u00e3o e o aprimoramento de cursos e programa de p\u00f3s-gradua\u00e7\u00e3o stricto sensu. Em 2006, com a cria\u00e7\u00e3o do seu primeiro curso de mestrado (Qu\u00edmica), a universidade e seus professores buscam constantemente a amplia\u00e7\u00e3o do conhecimento e da pesquisa difundida por [&hellip;]<\/p>\n","protected":false},"author":3,"featured_media":0,"parent":109,"menu_order":0,"comment_status":"closed","ping_status":"closed","template":"","meta":{"_exactmetrics_skip_tracking":false,"_exactmetrics_sitenote_active":false,"_exactmetrics_sitenote_note":"","_exactmetrics_sitenote_category":0,"footnotes":"","_links_to":"","_links_to_target":""},"class_list":["post-125","page","type-page","status-publish","hentry"],"publishpress_future_action":{"enabled":false,"date":"2026-04-27 21:17:01","action":"change-status","newStatus":"draft","terms":[],"taxonomy":"","extraData":[]},"publishpress_future_workflow_manual_trigger":{"enabledWorkflows":[]},"_links":{"self":[{"href":"https:\/\/www3.unicentro.br\/propesp\/wp-json\/wp\/v2\/pages\/125","targetHints":{"allow":["GET"]}}],"collection":[{"href":"https:\/\/www3.unicentro.br\/propesp\/wp-json\/wp\/v2\/pages"}],"about":[{"href":"https:\/\/www3.unicentro.br\/propesp\/wp-json\/wp\/v2\/types\/page"}],"author":[{"embeddable":true,"href":"https:\/\/www3.unicentro.br\/propesp\/wp-json\/wp\/v2\/users\/3"}],"replies":[{"embeddable":true,"href":"https:\/\/www3.unicentro.br\/propesp\/wp-json\/wp\/v2\/comments?post=125"}],"version-history":[{"count":1,"href":"https:\/\/www3.unicentro.br\/propesp\/wp-json\/wp\/v2\/pages\/125\/revisions"}],"predecessor-version":[{"id":4021,"href":"https:\/\/www3.unicentro.br\/propesp\/wp-json\/wp\/v2\/pages\/125\/revisions\/4021"}],"up":[{"embeddable":true,"href":"https:\/\/www3.unicentro.br\/propesp\/wp-json\/wp\/v2\/pages\/109"}],"wp:attachment":[{"href":"https:\/\/www3.unicentro.br\/propesp\/wp-json\/wp\/v2\/media?parent=125"}],"curies":[{"name":"wp","href":"https:\/\/api.w.org\/{rel}","templated":true}]}}