{"id":123,"date":"2021-01-21T16:24:29","date_gmt":"2021-01-21T19:24:29","guid":{"rendered":"https:\/\/www3.unicentro.br\/propesp\/?page_id=123"},"modified":"2021-02-01T12:13:39","modified_gmt":"2021-02-01T15:13:39","slug":"editais","status":"publish","type":"page","link":"https:\/\/www3.unicentro.br\/propesp\/pos-graduacao\/reconhecimento-de-diplomas\/editais\/","title":{"rendered":"Editais"},"content":{"rendered":"<ul>\n<li>\n<p class=\"p1\"><a href=\"https:\/\/www2.unicentro.br\/propesp\/files\/2019\/04\/Edital_0142019_DIRPG_PROPESP_Reconhecimento_diploma_1_5ca3bfdb2cd64.pdf?x34191\">EDITAL n\u00ba 014\/2019-DIRPG\/PROPESP: Processo para reconhecimento de diplomas de p\u00f3s-gradua\u00e7\u00e3o expedidos por estabelecimentos estrangeiros de ensino superior ou de pesquisa<\/a><\/p>\n<\/li>\n<li>\n<p class=\"p1\">\n<p class=\"p1\"><a href=\"https:\/\/www2.unicentro.br\/propesp\/files\/2018\/05\/Edital_PROPESP_Reconhecimento_diploma_1_5af0322b5f401.pdf?x34191\">EDITAL n\u00ba 007\/2018-DIRPG\/UNICENTRO: Processo para reconhecimento de diplomas de p\u00f3s-gradua\u00e7\u00e3o expedidos por estabelecimentos estrangeiros de ensino superior ou de pesquisa<\/a><\/p>\n<\/li>\n<\/ul>\n","protected":false},"excerpt":{"rendered":"<p>EDITAL n\u00ba 014\/2019-DIRPG\/PROPESP: Processo para reconhecimento de diplomas de p\u00f3s-gradua\u00e7\u00e3o expedidos por estabelecimentos estrangeiros de ensino superior ou de pesquisa EDITAL n\u00ba 007\/2018-DIRPG\/UNICENTRO: Processo para reconhecimento de diplomas de p\u00f3s-gradua\u00e7\u00e3o expedidos por estabelecimentos estrangeiros de ensino superior ou de pesquisa<\/p>\n","protected":false},"author":3,"featured_media":0,"parent":119,"menu_order":0,"comment_status":"closed","ping_status":"closed","template":"","meta":{"_exactmetrics_skip_tracking":false,"_exactmetrics_sitenote_active":false,"_exactmetrics_sitenote_note":"","_exactmetrics_sitenote_category":0,"footnotes":"","_links_to":"","_links_to_target":""},"class_list":["post-123","page","type-page","status-publish","hentry"],"publishpress_future_action":{"enabled":false,"date":"2026-04-15 08:39:58","action":"change-status","newStatus":"draft","terms":[],"taxonomy":"","extraData":[]},"publishpress_future_workflow_manual_trigger":{"enabledWorkflows":[]},"_links":{"self":[{"href":"https:\/\/www3.unicentro.br\/propesp\/wp-json\/wp\/v2\/pages\/123","targetHints":{"allow":["GET"]}}],"collection":[{"href":"https:\/\/www3.unicentro.br\/propesp\/wp-json\/wp\/v2\/pages"}],"about":[{"href":"https:\/\/www3.unicentro.br\/propesp\/wp-json\/wp\/v2\/types\/page"}],"author":[{"embeddable":true,"href":"https:\/\/www3.unicentro.br\/propesp\/wp-json\/wp\/v2\/users\/3"}],"replies":[{"embeddable":true,"href":"https:\/\/www3.unicentro.br\/propesp\/wp-json\/wp\/v2\/comments?post=123"}],"version-history":[{"count":0,"href":"https:\/\/www3.unicentro.br\/propesp\/wp-json\/wp\/v2\/pages\/123\/revisions"}],"up":[{"embeddable":true,"href":"https:\/\/www3.unicentro.br\/propesp\/wp-json\/wp\/v2\/pages\/119"}],"wp:attachment":[{"href":"https:\/\/www3.unicentro.br\/propesp\/wp-json\/wp\/v2\/media?parent=123"}],"curies":[{"name":"wp","href":"https:\/\/api.w.org\/{rel}","templated":true}]}}