{"id":119,"date":"2021-01-21T16:23:46","date_gmt":"2021-01-21T19:23:46","guid":{"rendered":"https:\/\/www3.unicentro.br\/propesp\/?page_id=119"},"modified":"2021-02-01T12:04:49","modified_gmt":"2021-02-01T15:04:49","slug":"reconhecimento-de-diplomas","status":"publish","type":"page","link":"https:\/\/www3.unicentro.br\/propesp\/pos-graduacao\/reconhecimento-de-diplomas\/","title":{"rendered":"Reconhecimento de Diplomas"},"content":{"rendered":"<div class=\"wpb-content-wrapper\"><p>[vc_row][vc_column][vc_column_text]<\/p>\n<p class=\"p1\">Os diplomas de cursos de P\u00f3s-Gradua\u00e7\u00e3o stricto sensu (mestrado e doutorado) expedidos por institui\u00e7\u00f5es estrangeiras de educa\u00e7\u00e3o superior, legalmente constitu\u00eddas para esse fim em seus pa\u00edses de origem, poder\u00e3o ser declarados equivalentes aos concedidos no Brasil e h\u00e1beis para os fins previstos em lei, mediante processo de reconhecimento por institui\u00e7\u00e3o de educa\u00e7\u00e3o superior brasileira, nos termos da legisla\u00e7\u00e3o vigente.<\/p>\n<p class=\"p1\">Os diplomas de cursos de p\u00f3s-gradua\u00e7\u00e3o stricto sensu (mestrado e doutorado), expedidos por universidades estrangeiras, s\u00f3 poder\u00e3o ser reconhecidos por universidades brasileiras regularmente credenciadas que possuam cursos de p\u00f3sgradua\u00e7\u00e3o avaliados, autorizados e reconhecidos, no \u00e2mbito do Sistema Nacional de P\u00f3s-Gradua\u00e7\u00e3o (SNPG), na mesma \u00e1rea de conhecimento, em n\u00edvel equivalente ou superior.<\/p>\n<p class=\"p1\">OBS.: O processo de reconhecimento deve ser iniciado via Portal Carolina Bori, no <span class=\"s1\">endere\u00e7o eletr\u00f4nico: <\/span><a href=\"http:\/\/carolinabori.mec.gov.br\">carolinabori.mec.gov.br <\/a><\/p>\n<p class=\"p1\">A Unicentro \u00e9 signat\u00e1ria do acordo de ades\u00e3o \u00e0 Plataforma Carolina Bori, de responsabilidade do Minist\u00e9rio da Educa\u00e7\u00e3o, MEC.<\/p>\n<p>[\/vc_column_text][vc_row_inner][vc_column_inner width=&#8221;1\/2&#8243;][vc_btn title=&#8221;Legisla\u00e7\u00e3o&#8221; style=&#8221;flat&#8221; shape=&#8221;square&#8221; color=&#8221;danger&#8221; align=&#8221;center&#8221; css_animation=&#8221;fadeIn&#8221; button_block=&#8221;true&#8221; link=&#8221;url:https%3A%2F%2Fwww3.unicentro.br%2Fpropesp%2Fpos-graduacao%2Freconhecimento-de-diplomas%2Flegislacao%2F|title:Legisla%C3%A7%C3%A3o&#8221;][\/vc_column_inner][vc_column_inner width=&#8221;1\/2&#8243;][vc_btn title=&#8221;Editais&#8221; style=&#8221;flat&#8221; shape=&#8221;square&#8221; color=&#8221;danger&#8221; align=&#8221;center&#8221; css_animation=&#8221;fadeIn&#8221; button_block=&#8221;true&#8221; link=&#8221;url:https%3A%2F%2Fwww3.unicentro.br%2Fpropesp%2Fpos-graduacao%2Freconhecimento-de-diplomas%2Feditais%2F|title:Legisla%C3%A7%C3%A3o&#8221;][\/vc_column_inner][\/vc_row_inner][\/vc_column][\/vc_row]<\/p>\n<\/div>","protected":false},"excerpt":{"rendered":"<p>[vc_row][vc_column][vc_column_text] Os diplomas de cursos de P\u00f3s-Gradua\u00e7\u00e3o stricto sensu (mestrado e doutorado) expedidos por institui\u00e7\u00f5es estrangeiras de educa\u00e7\u00e3o superior, legalmente constitu\u00eddas para esse fim em seus pa\u00edses de origem, poder\u00e3o ser declarados equivalentes aos concedidos no Brasil e h\u00e1beis para os fins previstos em lei, mediante processo de reconhecimento por institui\u00e7\u00e3o de educa\u00e7\u00e3o superior brasileira, [&hellip;]<\/p>\n","protected":false},"author":3,"featured_media":0,"parent":109,"menu_order":0,"comment_status":"closed","ping_status":"closed","template":"","meta":{"_exactmetrics_skip_tracking":false,"_exactmetrics_sitenote_active":false,"_exactmetrics_sitenote_note":"","_exactmetrics_sitenote_category":0,"footnotes":"","_links_to":"","_links_to_target":""},"class_list":["post-119","page","type-page","status-publish","hentry"],"publishpress_future_action":{"enabled":false,"date":"2026-04-22 05:45:33","action":"change-status","newStatus":"draft","terms":[],"taxonomy":"","extraData":[]},"publishpress_future_workflow_manual_trigger":{"enabledWorkflows":[]},"_links":{"self":[{"href":"https:\/\/www3.unicentro.br\/propesp\/wp-json\/wp\/v2\/pages\/119","targetHints":{"allow":["GET"]}}],"collection":[{"href":"https:\/\/www3.unicentro.br\/propesp\/wp-json\/wp\/v2\/pages"}],"about":[{"href":"https:\/\/www3.unicentro.br\/propesp\/wp-json\/wp\/v2\/types\/page"}],"author":[{"embeddable":true,"href":"https:\/\/www3.unicentro.br\/propesp\/wp-json\/wp\/v2\/users\/3"}],"replies":[{"embeddable":true,"href":"https:\/\/www3.unicentro.br\/propesp\/wp-json\/wp\/v2\/comments?post=119"}],"version-history":[{"count":0,"href":"https:\/\/www3.unicentro.br\/propesp\/wp-json\/wp\/v2\/pages\/119\/revisions"}],"up":[{"embeddable":true,"href":"https:\/\/www3.unicentro.br\/propesp\/wp-json\/wp\/v2\/pages\/109"}],"wp:attachment":[{"href":"https:\/\/www3.unicentro.br\/propesp\/wp-json\/wp\/v2\/media?parent=119"}],"curies":[{"name":"wp","href":"https:\/\/api.w.org\/{rel}","templated":true}]}}