{"id":117,"date":"2021-01-21T16:23:27","date_gmt":"2021-01-21T19:23:27","guid":{"rendered":"https:\/\/www3.unicentro.br\/propesp\/?page_id=117"},"modified":"2022-09-09T15:58:07","modified_gmt":"2022-09-09T18:58:07","slug":"formularios","status":"publish","type":"page","link":"https:\/\/www3.unicentro.br\/propesp\/pos-graduacao\/qualificacao-docente-e-tecnica\/formularios\/","title":{"rendered":"Formul\u00e1rios"},"content":{"rendered":"<div>\n<ul>\n<li><strong><a href=\"https:\/\/www2.unicentro.br\/posgraduacao\/files\/2012\/10\/Modelo-de-Parecer-para-Departamento-Conset-Programa.doc?x54138\">Orienta\u00e7\u00e3o para o Despacho do Departamento e Setor<\/a><\/strong><\/li>\n<\/ul>\n<\/div>\n<hr style=\"width: 100%\" width=\"100%\" \/>\n<h5>BRASIL<\/h5>\n<ul>\n<li><em><strong>Solicita\u00e7\u00e3o de afastamento<\/strong><\/em>\n<ul>\n<li><a href=\"https:\/\/www2.unicentro.br\/posgraduacao\/files\/2012\/10\/Solicita\u00e7\u00e3o-de-Afastamento-Mestrado-e-Doutorado-no-Brasil.doc?x54138\">Mestrado \/ Doutorado<\/a><\/li>\n<li><a href=\"https:\/\/www2.unicentro.br\/posgraduacao\/files\/2012\/10\/Solicita\u00e7\u00e3o-de-Afastamento-P\u00f3s-Doutorado-no-Brasil.doc?x54138\">P\u00f3s-Doutorado<\/a><\/li>\n<\/ul>\n<\/li>\n<\/ul>\n<ul>\n<li><em><strong>Prorroga\u00e7\u00e3o de afastamento<\/strong><\/em>\n<ul>\n<li>Docente\n<ul>\n<li><a href=\"https:\/\/www2.unicentro.br\/posgraduacao\/files\/2012\/10\/Solicita\u00e7\u00e3o-de-Prorroga\u00e7\u00e3o-de-Afastamento.doc\">Mestrado \/ Doutorado<\/a><\/li>\n<li><a href=\"https:\/\/www2.unicentro.br\/posgraduacao\/files\/2012\/10\/Solicita\u00e7\u00e3o-de-Afastamento-P\u00f3s-Doutorado-no-Brasil.doc\">P\u00f3s-Doutorado<\/a><\/li>\n<\/ul>\n<\/li>\n<li>Agente Universit\u00e1rio\n<ul>\n<li><a href=\"https:\/\/www3.unicentro.br\/propesp\/wp-content\/uploads\/sites\/99\/2022\/09\/Solicita_o_de_Prorroga_o_de_Afastamento_Agente_631b6df7dd81d.doc\">Mestrado \/ Doutorado<\/a><\/li>\n<\/ul>\n<\/li>\n<\/ul>\n<\/li>\n<li><a href=\"https:\/\/www2.unicentro.br\/posgraduacao\/files\/2012\/10\/Convers\u00e3o-de-Afastamento-Parcial-para-Integral.doc\">Convers\u00e3o de afastamento<\/a><\/li>\n<li><a href=\"https:\/\/www2.unicentro.br\/posgraduacao\/files\/2012\/10\/Retorno-de-P\u00f3s-Gradua\u00e7\u00e3o-Sem-Conclus\u00e3o.doc\">Retorno sem conclus\u00e3o<\/a><\/li>\n<li><em><strong>Relat\u00f3rio anual<\/strong><\/em>\n<ul>\n<li>Docente\n<ul>\n<li><a href=\"https:\/\/www2.unicentro.br\/posgraduacao\/files\/2012\/10\/Relat\u00f3rio-Anual-Mestrado-ou-Doutorado.doc\">Mestrado \/ Doutorado<\/a><\/li>\n<li><a href=\"https:\/\/www2.unicentro.br\/posgraduacao\/files\/2012\/10\/Relat\u00f3rio-Anual-P\u00f3s-Doutorado.doc\">P\u00f3s-doutorado<\/a><\/li>\n<\/ul>\n<\/li>\n<li>Agente Universit\u00e1rio\n<ul>\n<li><a href=\"https:\/\/www2.unicentro.br\/posgraduacao\/files\/2012\/10\/Relat\u00f3rio-Anual-Mestrado-ou-Doutorado_Agente.doc\">Mestrado \/ Doutorado<\/a><\/li>\n<\/ul>\n<\/li>\n<\/ul>\n<\/li>\n<\/ul>\n<ul>\n<li><em><strong>Relat\u00f3rio final<\/strong><\/em>\n<ul>\n<li><a href=\"https:\/\/www2.unicentro.br\/posgraduacao\/files\/2012\/10\/Relat\u00f3rio-Final-Mestrado-ou-Doutorado.doc\">Mestrado \/ Doutorado<\/a><\/li>\n<li><a href=\"https:\/\/www2.unicentro.br\/posgraduacao\/files\/2012\/10\/Relat\u00f3rio-Final-de-Est\u00e1gio-P\u00f3s-Doutorado-no-Brasil.doc\">P\u00f3s-doutorado<\/a><\/li>\n<\/ul>\n<\/li>\n<\/ul>\n<hr style=\"width: 100%\" width=\"100%\" \/>\n<h5>Exterior<\/h5>\n<ul>\n<li><em><strong>Solicita\u00e7\u00e3o de afastamento<\/strong><\/em>\n<ul>\n<li><a href=\"https:\/\/www2.unicentro.br\/posgraduacao\/files\/2012\/10\/Solicita\u00e7\u00e3o-de-Afastamento-para-Doutorado-no-Exterior.doc\">Doutorado<\/a><\/li>\n<li><a href=\"https:\/\/www2.unicentro.br\/posgraduacao\/files\/2012\/10\/Solicita\u00e7\u00e3o-de-Afastamento-P\u00f3s-Doutorado-no-Exterior.doc\">P\u00f3s-doutorado<\/a><\/li>\n<\/ul>\n<\/li>\n<\/ul>\n<ul>\n<li><a href=\"https:\/\/www2.unicentro.br\/posgraduacao\/files\/2012\/10\/Solicita\u00e7\u00e3o-de-Prorroga\u00e7\u00e3o-de-Afastamento.doc\">Prorroga\u00e7\u00e3o de afastamento<\/a><\/li>\n<li><a href=\"https:\/\/www2.unicentro.br\/posgraduacao\/files\/2012\/10\/Convers\u00e3o-de-Afastamento-Parcial-para-Integral.doc\">Convers\u00e3o de afastamento<\/a><\/li>\n<li><a href=\"https:\/\/www2.unicentro.br\/posgraduacao\/files\/2012\/10\/Retorno-de-P\u00f3s-Gradua\u00e7\u00e3o-Sem-Conclus\u00e3o.doc\">Retorno sem conclus\u00e3o<\/a><\/li>\n<\/ul>\n<ul>\n<li><em><strong>Relat\u00f3rio anual<\/strong><\/em>\n<ul>\n<li><a href=\"https:\/\/www2.unicentro.br\/posgraduacao\/files\/2012\/10\/Relat\u00f3rio-Anual-Mestrado-ou-Doutorado.doc\">Doutorado<\/a><\/li>\n<li><a href=\"https:\/\/www2.unicentro.br\/posgraduacao\/files\/2012\/10\/Relat\u00f3rio-Anual-P\u00f3s-Doutorado.doc\">P\u00f3s-doutorado<\/a><\/li>\n<\/ul>\n<\/li>\n<\/ul>\n<ul>\n<li><em><strong>Relat\u00f3rio final<\/strong><\/em>\n<ul>\n<li><a href=\"https:\/\/www2.unicentro.br\/posgraduacao\/files\/2012\/10\/Relat\u00f3rio-Final-Mestrado-ou-Doutorado.doc\">Mestrado \/ Doutorado<\/a><\/li>\n<li><a href=\"https:\/\/www2.unicentro.br\/posgraduacao\/files\/2014\/02\/Relat_rio_Final_de_Est_gio_P_s_Doutorado_no_Exterior_52f2739f1f643.doc?x54138\">P\u00f3s-doutorado<\/a><\/li>\n<\/ul>\n<\/li>\n<\/ul>\n","protected":false},"excerpt":{"rendered":"<p>Orienta\u00e7\u00e3o para o Despacho do Departamento e Setor BRASIL Solicita\u00e7\u00e3o de afastamento Mestrado \/ Doutorado P\u00f3s-Doutorado Prorroga\u00e7\u00e3o de afastamento Docente Mestrado \/ Doutorado P\u00f3s-Doutorado Agente Universit\u00e1rio Mestrado \/ Doutorado Convers\u00e3o de afastamento Retorno sem conclus\u00e3o Relat\u00f3rio anual Docente Mestrado \/ Doutorado P\u00f3s-doutorado Agente Universit\u00e1rio Mestrado \/ Doutorado Relat\u00f3rio final Mestrado \/ Doutorado P\u00f3s-doutorado Exterior Solicita\u00e7\u00e3o [&hellip;]<\/p>\n","protected":false},"author":3,"featured_media":0,"parent":111,"menu_order":0,"comment_status":"closed","ping_status":"closed","template":"","meta":{"_exactmetrics_skip_tracking":false,"_exactmetrics_sitenote_active":false,"_exactmetrics_sitenote_note":"","_exactmetrics_sitenote_category":0,"footnotes":"","_links_to":"","_links_to_target":""},"class_list":["post-117","page","type-page","status-publish","hentry"],"publishpress_future_action":{"enabled":false,"date":"2026-04-12 15:48:11","action":"change-status","newStatus":"draft","terms":[],"taxonomy":"","extraData":[]},"publishpress_future_workflow_manual_trigger":{"enabledWorkflows":[]},"_links":{"self":[{"href":"https:\/\/www3.unicentro.br\/propesp\/wp-json\/wp\/v2\/pages\/117","targetHints":{"allow":["GET"]}}],"collection":[{"href":"https:\/\/www3.unicentro.br\/propesp\/wp-json\/wp\/v2\/pages"}],"about":[{"href":"https:\/\/www3.unicentro.br\/propesp\/wp-json\/wp\/v2\/types\/page"}],"author":[{"embeddable":true,"href":"https:\/\/www3.unicentro.br\/propesp\/wp-json\/wp\/v2\/users\/3"}],"replies":[{"embeddable":true,"href":"https:\/\/www3.unicentro.br\/propesp\/wp-json\/wp\/v2\/comments?post=117"}],"version-history":[{"count":0,"href":"https:\/\/www3.unicentro.br\/propesp\/wp-json\/wp\/v2\/pages\/117\/revisions"}],"up":[{"embeddable":true,"href":"https:\/\/www3.unicentro.br\/propesp\/wp-json\/wp\/v2\/pages\/111"}],"wp:attachment":[{"href":"https:\/\/www3.unicentro.br\/propesp\/wp-json\/wp\/v2\/media?parent=117"}],"curies":[{"name":"wp","href":"https:\/\/api.w.org\/{rel}","templated":true}]}}