{"id":1150,"date":"2021-03-30T15:19:30","date_gmt":"2021-03-30T18:19:30","guid":{"rendered":"https:\/\/www3.unicentro.br\/propesp\/?page_id=1150"},"modified":"2021-03-30T16:59:53","modified_gmt":"2021-03-30T19:59:53","slug":"participantes","status":"publish","type":"page","link":"https:\/\/www3.unicentro.br\/propesp\/ic\/participantes\/","title":{"rendered":"Participantes na IC"},"content":{"rendered":"<p><strong>Para Estudantes:<\/strong><\/p>\n<ul>\n<li><strong>Participantes at\u00e9 o ano de 2010:<\/strong> encaminhar e-mail para <a href=\"mailto:unicentro.ic@gmail.com\">unicentro.ic@gmail.com<\/a>.<\/li>\n<li><strong>Participantes at\u00e9 o ano de 2015:<\/strong> Plataforma dispon\u00edvel em <a href=\"https:\/\/sguweb.unicentro.br\/projetoxorientandos\/loginic\/\">https:\/\/sguweb.unicentro.br\/projetoxorientandos\/loginic\/<\/a>.<\/li>\n<li><strong>Participantes a partir de 2016:<\/strong> Plataforma dispon\u00edvel em <a href=\"http:\/\/sguweb.unicentro.br\/sporientandos\/login\">http:\/\/sguweb.unicentro.br\/sporientandos\/login<\/a>.<\/li>\n<\/ul>\n<p><strong>Para Professores:<\/strong><\/p>\n<ul>\n<li><a href=\"https:\/\/sguweb.unicentro.br\/usuarios\/login\">Acesso via SGU<\/a><\/li>\n<\/ul>\n","protected":false},"excerpt":{"rendered":"<p>Para Estudantes: Participantes at\u00e9 o ano de 2010: encaminhar e-mail para unicentro.ic@gmail.com. Participantes at\u00e9 o ano de 2015: Plataforma dispon\u00edvel em https:\/\/sguweb.unicentro.br\/projetoxorientandos\/loginic\/. Participantes a partir de 2016: Plataforma dispon\u00edvel em http:\/\/sguweb.unicentro.br\/sporientandos\/login. Para Professores: Acesso via SGU<\/p>\n","protected":false},"author":3,"featured_media":0,"parent":91,"menu_order":0,"comment_status":"closed","ping_status":"closed","template":"","meta":{"_exactmetrics_skip_tracking":false,"_exactmetrics_sitenote_active":false,"_exactmetrics_sitenote_note":"","_exactmetrics_sitenote_category":0,"footnotes":"","_links_to":"","_links_to_target":""},"class_list":["post-1150","page","type-page","status-publish","hentry"],"publishpress_future_action":{"enabled":false,"date":"2026-04-28 04:43:40","action":"change-status","newStatus":"draft","terms":[],"taxonomy":"","extraData":[]},"publishpress_future_workflow_manual_trigger":{"enabledWorkflows":[]},"_links":{"self":[{"href":"https:\/\/www3.unicentro.br\/propesp\/wp-json\/wp\/v2\/pages\/1150","targetHints":{"allow":["GET"]}}],"collection":[{"href":"https:\/\/www3.unicentro.br\/propesp\/wp-json\/wp\/v2\/pages"}],"about":[{"href":"https:\/\/www3.unicentro.br\/propesp\/wp-json\/wp\/v2\/types\/page"}],"author":[{"embeddable":true,"href":"https:\/\/www3.unicentro.br\/propesp\/wp-json\/wp\/v2\/users\/3"}],"replies":[{"embeddable":true,"href":"https:\/\/www3.unicentro.br\/propesp\/wp-json\/wp\/v2\/comments?post=1150"}],"version-history":[{"count":0,"href":"https:\/\/www3.unicentro.br\/propesp\/wp-json\/wp\/v2\/pages\/1150\/revisions"}],"up":[{"embeddable":true,"href":"https:\/\/www3.unicentro.br\/propesp\/wp-json\/wp\/v2\/pages\/91"}],"wp:attachment":[{"href":"https:\/\/www3.unicentro.br\/propesp\/wp-json\/wp\/v2\/media?parent=1150"}],"curies":[{"name":"wp","href":"https:\/\/api.w.org\/{rel}","templated":true}]}}