{"id":115,"date":"2021-01-21T16:23:10","date_gmt":"2021-01-21T19:23:10","guid":{"rendered":"https:\/\/www3.unicentro.br\/propesp\/?page_id=115"},"modified":"2025-12-15T09:06:41","modified_gmt":"2025-12-15T12:06:41","slug":"planos-de-capacitacao","status":"publish","type":"page","link":"https:\/\/www3.unicentro.br\/propesp\/pos-graduacao\/qualificacao-docente-e-tecnica\/planos-de-capacitacao\/","title":{"rendered":"Planos de Capacita\u00e7\u00e3o"},"content":{"rendered":"<div class=\"wpb-content-wrapper\"><p>[vc_row][vc_column][vc_column_text css=&#8221;&#8221;]<\/p>\n<ul>\n<li><a href=\"https:\/\/www3.unicentro.br\/propesp\/wp-content\/uploads\/sites\/99\/2025\/12\/Resolu_o_10_Plano_de_Capacita_o_Docente_2026_2030_1_693ff41507f6a.pdf\"><strong>Resolu\u00e7\u00e3o n\u00ba 10-Propesp\/Unicentro, de 10 de Dezembro de 2025:<\/strong> Aprova o Plano de Capacita\u00e7\u00e3o Docente da Unicentro, para os anos de 2026 a 2030<\/a><\/li>\n<li><a href=\"https:\/\/www3.unicentro.br\/propesp\/wp-content\/uploads\/sites\/99\/2025\/03\/Resolu_o_2_Altera_o_Anexo_II_da_Resolu_o_11_2024_67d47849a2772.pdf\"><strong>Resolu\u00e7\u00e3o n\u00ba 02-Propesp\/Unicentro, de 14 de mar\u00e7o de 2024:<\/strong> Altera o Anexo II da Resolu\u00e7\u00e3o n\u00ba 11-Propesp\/Unicentro<\/a><\/li>\n<li><a href=\"https:\/\/www3.unicentro.br\/propesp\/wp-content\/uploads\/sites\/99\/2025\/03\/Resolu_o_11_Plano_de_Capacita_o_Docente_2025_2029_alterada_67d4784512501.pdf\"><strong>Resolu\u00e7\u00e3o n\u00ba 11-Propesp\/Unicentro, de 21 de novembro de 2024:<\/strong> Aprova o Plano de Capacita\u00e7\u00e3o Docente da Unicentro, para os anos de 2025 a 2029<\/a><\/li>\n<li><a href=\"https:\/\/sgu.unicentro.br\/pcatooficiais\/imprimir\/0A427D12\"><strong>Resolu\u00e7\u00e3o n\u00ba 13-Propesp\/Unicentro, de 17 de novembro de 2023:<\/strong> Aprova o Plano de Capacita\u00e7\u00e3o Docente da Unicentro, para os anos de 2024 a 2028<\/a><\/li>\n<li><a href=\"https:\/\/www3.unicentro.br\/propesp\/wp-content\/uploads\/sites\/99\/2022\/11\/Resolu_o_10_Plano_de_Capacita_o_Docente_2023_2027_63694756334c8.pdf\"><strong>Resolu\u00e7\u00e3o n\u00ba 10-Propesp\/Unicentro, de 31 de outubro de 2022:<\/strong> Aprova o Plano de Capacita\u00e7\u00e3o Docente para os Anos de 2023 a 2027<\/a><\/li>\n<li><a href=\"https:\/\/www3.unicentro.br\/propesp\/wp-content\/uploads\/sites\/99\/2024\/11\/Resolu_o_6_Plano_de_Capacita_o_Docente_2022_2026_674622e23356f.pdf\"><strong>Resolu\u00e7\u00e3o n\u00ba 06-Propesp\/Unicentro, de 29 de outubro de 2021:<\/strong> Aprova o Plano de Capacita\u00e7\u00e3o Docente da Unicentro, para os anos de 2022 a 2026<\/a><\/li>\n<li><a href=\"https:\/\/sgu.unicentro.br\/pcatooficiais\/imprimir\/0C713B95\"><strong>Resolu\u00e7\u00e3o n\u00ba 6-Propesp\/Unicentro, de 26 de novembro de 2020:<\/strong> Aprova o Plano de Capacita\u00e7\u00e3o Docente para os Anos de 2021 a 2025<\/a><\/li>\n<li class=\"p1\"><a href=\"https:\/\/sgu.unicentro.br\/pcatooficiais\/imprimir\/887EB83C\"><strong>Resolu\u00e7\u00e3o n\u00ba 7-Propesp\/Unicentro, de 7 de novembro de 2019:<\/strong> Aprova o Plano de Capacita\u00e7\u00e3o Docente da Unicentro para os anos 2019 a 2024<\/a><\/li>\n<li><a href=\"https:\/\/www3.unicentro.br\/propesp\/wp-content\/uploads\/sites\/99\/2024\/11\/Res_24_Capacita_o_Docente_PROPESP_674622dda8618.pdf\"><strong>Resolu\u00e7\u00e3o n\u00ba 24-Propesp\/Unicentro, de 1\u00ba de novembro de 2018:<\/strong> Aprova o Plano de Capacita\u00e7\u00e3o Docente da Unicentro, para os anos de 2018 a 2023<\/a><\/li>\n<li><a href=\"https:\/\/www3.unicentro.br\/propesp\/wp-content\/uploads\/sites\/99\/2024\/11\/Res_22_Capacita_o_Docente_PROPESP_674622d93b77f.pdf\"><strong>Resolu\u00e7\u00e3o n\u00ba 22-Propesp\/Unicentro, de 29 de novembro de 2017:<\/strong> Aprova o Plano de Capacita\u00e7\u00e3o Docente da Unicentro, para os anos de 2018 a 2022<\/a><\/li>\n<li class=\"p1\"><a href=\"https:\/\/www2.unicentro.br\/posgraduacao\/files\/2016\/12\/Plano_de_capacita_o_docente_584e96db0b6c2.pdf?x54138\"><strong>Resolu\u00e7\u00e3o n\u00ba 13-Propesp\/Unicentro, de 18 de novembro de 2016:<\/strong> Aprova o Plano de Capacita\u00e7\u00e3o Docente da Unicentro para os anos 2017 a 2021<\/a><\/li>\n<li class=\"p1\"><a href=\"https:\/\/www2.unicentro.br\/posgraduacao\/files\/2015\/12\/resolu_o_567458037d2b7.pdf?x54138\"><strong>Resolu\u00e7\u00e3o n\u00ba 12-Propesp\/Unicentro, de 4 de dezembro de 2015:<\/strong> Aprova o Plano de Capacita\u00e7\u00e3o Docente da Unicentro para os anos 2016 a 2020<\/a><\/li>\n<li class=\"p1\"><a href=\"https:\/\/sgu.unicentro.br\/pcatooficiais\/imprimir\/98BDB5AC\"><strong>Resolu\u00e7\u00e3o n\u00ba 3-Propesp\/Unicentro, de 5 de novembro de 2014:<\/strong> Aprova o Plano de Capacita\u00e7\u00e3o Docente da Unicentro para os anos 2015 a 2019<\/a><\/li>\n<\/ul>\n<p>[\/vc_column_text][\/vc_column][\/vc_row]<\/p>\n<\/div>","protected":false},"excerpt":{"rendered":"<p>[vc_row][vc_column][vc_column_text css=&#8221;&#8221;] Resolu\u00e7\u00e3o n\u00ba 10-Propesp\/Unicentro, de 10 de Dezembro de 2025: Aprova o Plano de Capacita\u00e7\u00e3o Docente da Unicentro, para os anos de 2026 a 2030 Resolu\u00e7\u00e3o n\u00ba 02-Propesp\/Unicentro, de 14 de mar\u00e7o de 2024: Altera o Anexo II da Resolu\u00e7\u00e3o n\u00ba 11-Propesp\/Unicentro Resolu\u00e7\u00e3o n\u00ba 11-Propesp\/Unicentro, de 21 de novembro de 2024: Aprova o Plano [&hellip;]<\/p>\n","protected":false},"author":3,"featured_media":0,"parent":111,"menu_order":0,"comment_status":"closed","ping_status":"closed","template":"","meta":{"_exactmetrics_skip_tracking":false,"_exactmetrics_sitenote_active":false,"_exactmetrics_sitenote_note":"","_exactmetrics_sitenote_category":0,"footnotes":"","_links_to":"","_links_to_target":""},"class_list":["post-115","page","type-page","status-publish","hentry"],"publishpress_future_action":{"enabled":false,"date":"2026-04-27 14:18:52","action":"change-status","newStatus":"draft","terms":[],"taxonomy":"","extraData":[]},"publishpress_future_workflow_manual_trigger":{"enabledWorkflows":[]},"_links":{"self":[{"href":"https:\/\/www3.unicentro.br\/propesp\/wp-json\/wp\/v2\/pages\/115","targetHints":{"allow":["GET"]}}],"collection":[{"href":"https:\/\/www3.unicentro.br\/propesp\/wp-json\/wp\/v2\/pages"}],"about":[{"href":"https:\/\/www3.unicentro.br\/propesp\/wp-json\/wp\/v2\/types\/page"}],"author":[{"embeddable":true,"href":"https:\/\/www3.unicentro.br\/propesp\/wp-json\/wp\/v2\/users\/3"}],"replies":[{"embeddable":true,"href":"https:\/\/www3.unicentro.br\/propesp\/wp-json\/wp\/v2\/comments?post=115"}],"version-history":[{"count":2,"href":"https:\/\/www3.unicentro.br\/propesp\/wp-json\/wp\/v2\/pages\/115\/revisions"}],"predecessor-version":[{"id":6149,"href":"https:\/\/www3.unicentro.br\/propesp\/wp-json\/wp\/v2\/pages\/115\/revisions\/6149"}],"up":[{"embeddable":true,"href":"https:\/\/www3.unicentro.br\/propesp\/wp-json\/wp\/v2\/pages\/111"}],"wp:attachment":[{"href":"https:\/\/www3.unicentro.br\/propesp\/wp-json\/wp\/v2\/media?parent=115"}],"curies":[{"name":"wp","href":"https:\/\/api.w.org\/{rel}","templated":true}]}}