{"id":113,"date":"2021-01-21T16:22:47","date_gmt":"2021-01-21T19:22:47","guid":{"rendered":"https:\/\/www3.unicentro.br\/propesp\/?page_id=113"},"modified":"2021-02-01T11:32:25","modified_gmt":"2021-02-01T14:32:25","slug":"legislacao","status":"publish","type":"page","link":"https:\/\/www3.unicentro.br\/propesp\/pos-graduacao\/qualificacao-docente-e-tecnica\/legislacao\/","title":{"rendered":"Legisla\u00e7\u00e3o"},"content":{"rendered":"<ul>\n<li class=\"p1\"><a href=\"https:\/\/sgu.unicentro.br\/pcatooficiais\/imprimir\/31B579B9\">Resolu\u00e7\u00e3o n\u00ba 18-Cepe\/Unicentro, de 20 de abril de 2012: Inclui um inciso III, ao Art. 26, do Regulamento de Capacita\u00e7\u00e3o Docente da Unicentro, aprovado pela Resolu\u00e7\u00e3o n\u00ba 71- Cepe\/Unicentro, de 17 de novembro de 2010, e renumera os demais incisos<\/a><\/li>\n<li class=\"p1\"><a href=\"https:\/\/sgu.unicentro.br\/pcatooficiais\/imprimir\/B86C1371\">Resolu\u00e7\u00e3o n\u00ba 71-Cepe\/Unicentro, de 17 de novembro de 2010: Aprova o Regulamento de Capacita\u00e7\u00e3o Docente da Unicentro<\/a><\/li>\n<li><a href=\"https:\/\/sgu.unicentro.br\/pcatooficiais\/imprimir\/9E8C7586\">Resolu\u00e7\u00e3o n\u00ba 074-CAD\/Unicentro, de 15 de abril de 2008: Aprova o Regulamento do Plano de Capacita\u00e7\u00e3o do Agente Universit\u00e1rio da Universidade Estadual do Centro-Oeste, Unicentro<\/a><\/li>\n<li><a href=\"https:\/\/sgu.unicentro.br\/pcatooficiais\/imprimir\/C577E626\">Resolu\u00e7\u00e3o n\u00ba 104-Cepe\/Unicentro, de 11 de dezembro de 2007: Aprova o Regulamento do Regime de Tide aos Docentes em Fun\u00e7\u00e3o Pedag\u00f3gica, da Unicentro<\/a><\/li>\n<li><a href=\"https:\/\/sgu.unicentro.br\/pcatooficiais\/imprimir\/AF5EE195\">Resolu\u00e7\u00e3o n\u00ba 084-Cepe\/Unicentro, de 28 de junho de 2004: Aprova o Regulamento da Concess\u00e3o de Licen\u00e7a Sab\u00e1tica aos Docentes Efetivos da Unicentro e d\u00e1 outras provid\u00eancias<\/a><\/li>\n<\/ul>\n","protected":false},"excerpt":{"rendered":"<p>Resolu\u00e7\u00e3o n\u00ba 18-Cepe\/Unicentro, de 20 de abril de 2012: Inclui um inciso III, ao Art. 26, do Regulamento de Capacita\u00e7\u00e3o Docente da Unicentro, aprovado pela Resolu\u00e7\u00e3o n\u00ba 71- Cepe\/Unicentro, de 17 de novembro de 2010, e renumera os demais incisos Resolu\u00e7\u00e3o n\u00ba 71-Cepe\/Unicentro, de 17 de novembro de 2010: Aprova o Regulamento de Capacita\u00e7\u00e3o Docente [&hellip;]<\/p>\n","protected":false},"author":3,"featured_media":0,"parent":111,"menu_order":0,"comment_status":"closed","ping_status":"closed","template":"","meta":{"_exactmetrics_skip_tracking":false,"_exactmetrics_sitenote_active":false,"_exactmetrics_sitenote_note":"","_exactmetrics_sitenote_category":0,"footnotes":"","_links_to":"","_links_to_target":""},"class_list":["post-113","page","type-page","status-publish","hentry"],"publishpress_future_action":{"enabled":false,"date":"2026-04-21 19:31:51","action":"change-status","newStatus":"draft","terms":[],"taxonomy":"","extraData":[]},"publishpress_future_workflow_manual_trigger":{"enabledWorkflows":[]},"_links":{"self":[{"href":"https:\/\/www3.unicentro.br\/propesp\/wp-json\/wp\/v2\/pages\/113","targetHints":{"allow":["GET"]}}],"collection":[{"href":"https:\/\/www3.unicentro.br\/propesp\/wp-json\/wp\/v2\/pages"}],"about":[{"href":"https:\/\/www3.unicentro.br\/propesp\/wp-json\/wp\/v2\/types\/page"}],"author":[{"embeddable":true,"href":"https:\/\/www3.unicentro.br\/propesp\/wp-json\/wp\/v2\/users\/3"}],"replies":[{"embeddable":true,"href":"https:\/\/www3.unicentro.br\/propesp\/wp-json\/wp\/v2\/comments?post=113"}],"version-history":[{"count":0,"href":"https:\/\/www3.unicentro.br\/propesp\/wp-json\/wp\/v2\/pages\/113\/revisions"}],"up":[{"embeddable":true,"href":"https:\/\/www3.unicentro.br\/propesp\/wp-json\/wp\/v2\/pages\/111"}],"wp:attachment":[{"href":"https:\/\/www3.unicentro.br\/propesp\/wp-json\/wp\/v2\/media?parent=113"}],"curies":[{"name":"wp","href":"https:\/\/api.w.org\/{rel}","templated":true}]}}