{"id":1057,"date":"2021-02-23T19:54:49","date_gmt":"2021-02-23T22:54:49","guid":{"rendered":"https:\/\/www3.unicentro.br\/propesp\/?page_id=1057"},"modified":"2021-02-23T19:54:49","modified_gmt":"2021-02-23T22:54:49","slug":"avisos","status":"publish","type":"page","link":"https:\/\/www3.unicentro.br\/propesp\/ic\/avisos\/","title":{"rendered":"Avisos"},"content":{"rendered":"<ul>\n<li class=\"p1\"><a href=\"https:\/\/www2.unicentro.br\/iniciacaocientifica\/files\/2021\/02\/Instru_es_para_altera_es_e_desligamentos_de_estudantes_601c0956c3862.pdf?x63988\">Instru\u00e7\u00f5es para altera\u00e7\u00f5es e desligamento de estudantes<\/a><\/li>\n<li class=\"p1\"><a href=\"https:\/\/www2.unicentro.br\/iniciacaocientifica\/files\/2020\/10\/Orienta_es_para_abertura_de_processos_no_SGU_5f7cc44ee0fbc.pdf?x63988\">Orienta\u00e7\u00f5es para abertura de processos no SGU \u2013 Protocolo Digital<\/a><\/li>\n<li class=\"p1\"><a href=\"https:\/\/www2.unicentro.br\/iniciacaocientifica\/files\/2020\/09\/Orienta_es_para_os_bolsistas_5f4fcedeb6d33.pdf?x63988\">Orienta\u00e7\u00f5es para bolsistas<\/a><\/li>\n<li class=\"p1\"><a href=\"https:\/\/www2.unicentro.br\/iniciacaocientifica\/files\/2020\/05\/Nota_PROPESP_CAIC_5eb1c3a86747b.pdf?x63988&amp;x63988\">Nota sobre an\u00fancio de novas regras para concess\u00e3o de bolsas do CNPq para os programas PIBIC, PIBIC-Af e PIBIC-Jr<\/a><\/li>\n<\/ul>\n<p class=\"p1\"><strong>CERTIFICADOS<\/strong><\/p>\n<ul>\n<li class=\"p1\">PROIC, PIBIS, PROITI e PIBIC-EM\n<ul>\n<li class=\"p1\"><em><a href=\"https:\/\/sguweb.unicentro.br\/sporientandos\/login\">Estudantes<\/a><\/em><\/li>\n<li class=\"p1\"><em><a href=\"https:\/\/sguweb.unicentro.br\/\">Orientadores<\/a><\/em><\/li>\n<\/ul>\n<\/li>\n<li class=\"p1\">EAIC 2018\n<ul>\n<li class=\"p1\"><em><a href=\"https:\/\/evento.unicentro.br\/certificados\/localizar\">Certificados<\/a><\/em><\/li>\n<li class=\"p1\"><em><a href=\"https:\/\/evento.unicentro.br\/anais\/eaic\">Anais<\/a><\/em><\/li>\n<\/ul>\n<\/li>\n<li><a href=\"http:\/\/www.eaiti.uem.br\/eaiti2018\/portal\/\">Certificados e Anais do EAITI 2018<\/a><\/li>\n<\/ul>\n","protected":false},"excerpt":{"rendered":"<p>Instru\u00e7\u00f5es para altera\u00e7\u00f5es e desligamento de estudantes Orienta\u00e7\u00f5es para abertura de processos no SGU \u2013 Protocolo Digital Orienta\u00e7\u00f5es para bolsistas Nota sobre an\u00fancio de novas regras para concess\u00e3o de bolsas do CNPq para os programas PIBIC, PIBIC-Af e PIBIC-Jr CERTIFICADOS PROIC, PIBIS, PROITI e PIBIC-EM Estudantes Orientadores EAIC 2018 Certificados Anais Certificados e Anais do [&hellip;]<\/p>\n","protected":false},"author":3,"featured_media":0,"parent":91,"menu_order":0,"comment_status":"closed","ping_status":"closed","template":"","meta":{"_exactmetrics_skip_tracking":false,"_exactmetrics_sitenote_active":false,"_exactmetrics_sitenote_note":"","_exactmetrics_sitenote_category":0,"footnotes":"","_links_to":"","_links_to_target":""},"class_list":["post-1057","page","type-page","status-publish","hentry"],"publishpress_future_action":{"enabled":false,"date":"2026-04-16 14:39:26","action":"change-status","newStatus":"draft","terms":[],"taxonomy":"","extraData":[]},"publishpress_future_workflow_manual_trigger":{"enabledWorkflows":[]},"_links":{"self":[{"href":"https:\/\/www3.unicentro.br\/propesp\/wp-json\/wp\/v2\/pages\/1057","targetHints":{"allow":["GET"]}}],"collection":[{"href":"https:\/\/www3.unicentro.br\/propesp\/wp-json\/wp\/v2\/pages"}],"about":[{"href":"https:\/\/www3.unicentro.br\/propesp\/wp-json\/wp\/v2\/types\/page"}],"author":[{"embeddable":true,"href":"https:\/\/www3.unicentro.br\/propesp\/wp-json\/wp\/v2\/users\/3"}],"replies":[{"embeddable":true,"href":"https:\/\/www3.unicentro.br\/propesp\/wp-json\/wp\/v2\/comments?post=1057"}],"version-history":[{"count":0,"href":"https:\/\/www3.unicentro.br\/propesp\/wp-json\/wp\/v2\/pages\/1057\/revisions"}],"up":[{"embeddable":true,"href":"https:\/\/www3.unicentro.br\/propesp\/wp-json\/wp\/v2\/pages\/91"}],"wp:attachment":[{"href":"https:\/\/www3.unicentro.br\/propesp\/wp-json\/wp\/v2\/media?parent=1057"}],"curies":[{"name":"wp","href":"https:\/\/api.w.org\/{rel}","templated":true}]}}