{"id":101,"date":"2021-01-21T16:18:50","date_gmt":"2021-01-21T19:18:50","guid":{"rendered":"https:\/\/www3.unicentro.br\/propesp\/?page_id=101"},"modified":"2026-03-18T11:31:48","modified_gmt":"2026-03-18T14:31:48","slug":"comites-assessores","status":"publish","type":"page","link":"https:\/\/www3.unicentro.br\/propesp\/ic\/comites-assessores\/","title":{"rendered":"Comit\u00eas Assessores"},"content":{"rendered":"<div class=\"wpb-content-wrapper\"><p>[vc_row][vc_column][vc_column_text]<\/p>\n<p class=\"p1\">Com vistas a avaliar e acompanhar aspectos relacionados \u00e0 inicia\u00e7\u00e3o cient\u00edfica e tecnol\u00f3gica, a Unicentro possui dois \u00f3rg\u00e3os colegiados interdicisplinares e independente, de natureza consultiva, deliberativa e educativa. Um \u00e9 destinado \u00e0 inicia\u00e7\u00e3o cient\u00edfica (Caic), e outro para inicia\u00e7\u00e3o tecnol\u00f3gica (Caiti).<\/p>\n<p>[\/vc_column_text][vc_row_inner][vc_column_inner width=&#8221;1\/4&#8243;][\/vc_column_inner][vc_column_inner width=&#8221;1\/4&#8243;][vc_btn title=&#8221;Caic&#8221; style=&#8221;flat&#8221; shape=&#8221;square&#8221; color=&#8221;danger&#8221; align=&#8221;center&#8221; css_animation=&#8221;fadeIn&#8221; css=&#8221;&#8221; button_block=&#8221;true&#8221; link=&#8221;url:https%3A%2F%2Fwww3.unicentro.br%2Fpropesp%2Fwp-content%2Fuploads%2Fsites%2F99%2F2026%2F03%2FEdital_007_2026_RETIFICA_O_do_Edital_006_Resultado_Sele_o_de_Membros_CAIC_2026_2028_69baa9c98b59b.pdf|title:Comit%C3%AA%20Assessor&#8221;][\/vc_column_inner][vc_column_inner width=&#8221;1\/4&#8243;][vc_btn title=&#8221;Caiti&#8221; style=&#8221;flat&#8221; shape=&#8221;square&#8221; color=&#8221;danger&#8221; align=&#8221;center&#8221; css_animation=&#8221;fadeIn&#8221; css=&#8221;&#8221; button_block=&#8221;true&#8221; link=&#8221;url:https%3A%2F%2Fwww3.unicentro.br%2Fpropesp%2Fwp-content%2Fuploads%2Fsites%2F99%2F2026%2F03%2FEdital_005_2026_CAITI_2026_2028.pdf|title:Comit%C3%AA%20Assessor&#8221;][\/vc_column_inner][vc_column_inner width=&#8221;1\/4&#8243;][\/vc_column_inner][\/vc_row_inner][\/vc_column][\/vc_row]<\/p>\n<\/div>","protected":false},"excerpt":{"rendered":"<p>[vc_row][vc_column][vc_column_text] Com vistas a avaliar e acompanhar aspectos relacionados \u00e0 inicia\u00e7\u00e3o cient\u00edfica e tecnol\u00f3gica, a Unicentro possui dois \u00f3rg\u00e3os colegiados interdicisplinares e independente, de natureza consultiva, deliberativa e educativa. Um \u00e9 destinado \u00e0 inicia\u00e7\u00e3o cient\u00edfica (Caic), e outro para inicia\u00e7\u00e3o tecnol\u00f3gica (Caiti). [\/vc_column_text][vc_row_inner][vc_column_inner width=&#8221;1\/4&#8243;][\/vc_column_inner][vc_column_inner width=&#8221;1\/4&#8243;][vc_btn title=&#8221;Caic&#8221; style=&#8221;flat&#8221; shape=&#8221;square&#8221; color=&#8221;danger&#8221; align=&#8221;center&#8221; css_animation=&#8221;fadeIn&#8221; css=&#8221;&#8221; button_block=&#8221;true&#8221; link=&#8221;url:https%3A%2F%2Fwww3.unicentro.br%2Fpropesp%2Fwp-content%2Fuploads%2Fsites%2F99%2F2026%2F03%2FEdital_007_2026_RETIFICA_O_do_Edital_006_Resultado_Sele_o_de_Membros_CAIC_2026_2028_69baa9c98b59b.pdf|title:Comit%C3%AA%20Assessor&#8221;][\/vc_column_inner][vc_column_inner width=&#8221;1\/4&#8243;][vc_btn [&hellip;]<\/p>\n","protected":false},"author":3,"featured_media":0,"parent":91,"menu_order":0,"comment_status":"closed","ping_status":"closed","template":"","meta":{"_exactmetrics_skip_tracking":false,"_exactmetrics_sitenote_active":false,"_exactmetrics_sitenote_note":"","_exactmetrics_sitenote_category":0,"footnotes":"","_links_to":"","_links_to_target":""},"class_list":["post-101","page","type-page","status-publish","hentry"],"publishpress_future_action":{"enabled":false,"date":"2026-04-16 13:35:54","action":"change-status","newStatus":"draft","terms":[],"taxonomy":"","extraData":[]},"publishpress_future_workflow_manual_trigger":{"enabledWorkflows":[]},"_links":{"self":[{"href":"https:\/\/www3.unicentro.br\/propesp\/wp-json\/wp\/v2\/pages\/101","targetHints":{"allow":["GET"]}}],"collection":[{"href":"https:\/\/www3.unicentro.br\/propesp\/wp-json\/wp\/v2\/pages"}],"about":[{"href":"https:\/\/www3.unicentro.br\/propesp\/wp-json\/wp\/v2\/types\/page"}],"author":[{"embeddable":true,"href":"https:\/\/www3.unicentro.br\/propesp\/wp-json\/wp\/v2\/users\/3"}],"replies":[{"embeddable":true,"href":"https:\/\/www3.unicentro.br\/propesp\/wp-json\/wp\/v2\/comments?post=101"}],"version-history":[{"count":3,"href":"https:\/\/www3.unicentro.br\/propesp\/wp-json\/wp\/v2\/pages\/101\/revisions"}],"predecessor-version":[{"id":6517,"href":"https:\/\/www3.unicentro.br\/propesp\/wp-json\/wp\/v2\/pages\/101\/revisions\/6517"}],"up":[{"embeddable":true,"href":"https:\/\/www3.unicentro.br\/propesp\/wp-json\/wp\/v2\/pages\/91"}],"wp:attachment":[{"href":"https:\/\/www3.unicentro.br\/propesp\/wp-json\/wp\/v2\/media?parent=101"}],"curies":[{"name":"wp","href":"https:\/\/api.w.org\/{rel}","templated":true}]}}