{"id":95,"date":"2018-11-01T11:11:17","date_gmt":"2018-11-01T13:11:17","guid":{"rendered":"https:\/\/www3.unicentro.br\/prorh\/?page_id=95"},"modified":"2021-11-19T16:57:41","modified_gmt":"2021-11-19T19:57:41","slug":"avaliacao-docente-para-aquisicao-de-estabilidade","status":"publish","type":"page","link":"https:\/\/www3.unicentro.br\/progesp\/avaliacao-docente-para-aquisicao-de-estabilidade\/","title":{"rendered":"Avalia\u00e7\u00e3o Docente para Aquisi\u00e7\u00e3o de Estabilidade"},"content":{"rendered":"<p>O docente nomeado em virtude de Concurso P\u00fablico, nos tr\u00eas primeiros anos de atua\u00e7\u00e3o na Universidade, passa pela avalia\u00e7\u00e3o docente para aquisi\u00e7\u00e3o de estabilidade, a qual \u00e9 feita em tr\u00eas etapas e levando em considera\u00e7\u00e3o os seguintes requisitos:<\/p>\n<ol>\n<li>Idoneidade moral \/ Disciplina;<\/li>\n<li>Assiduidade;<\/li>\n<li>Efici\u00eancia (Avalia\u00e7\u00e3o dos alunos + Avalia\u00e7\u00e3o do Memorial Descritivo).<\/li>\n<\/ol>\n<p>Os procedimentos de avalia\u00e7\u00e3o e pontua\u00e7\u00f5es constam do Regulamento espec\u00edfico (Resolu\u00e7\u00e3o n\u00ba 010\/2021-CAD\/Unicentro), que est\u00e1 abaixo dispon\u00edvel, assim como os documentos e as orienta\u00e7\u00f5es ao Docente Avaliado e ao Departamento Pedag\u00f3gico. As d\u00favidas poder\u00e3o ser esclarecidas por meio do e-mail dircoav@unicentro.br.<\/p>\n<p><strong>RESOLU\u00c7\u00c3O N\u00ba 010\/2021-CAD\/UNICENTRO <\/strong><a href=\"https:\/\/www3.unicentro.br\/prorh\/wp-content\/uploads\/sites\/58\/2021\/09\/02Resolucao2021-010-CAD.pdf\"><span style=\"color: #0000ff\">[.pdf]<\/span><\/a> &#8211; Regulamento da Avalia\u00e7\u00e3o de Desempenho de Docente para a Aquisi\u00e7\u00e3o da Estabilidade no Cargo de Provimento Efetivo em Virtude de Concurso P\u00fablico para a Carreira do Magist\u00e9rio P\u00fablico do Ensino Superior, na Unicentro.<\/p>\n<p><strong>ORIENTA\u00c7\u00d5ES AO DOCENTE AVALIADO<\/strong><br \/>\nA Comiss\u00e3o de Avalia\u00e7\u00e3o requisitar\u00e1 do docente avaliado, no momento oportuno de sua respectiva etapa de avalia\u00e7\u00e3o, os seguintes documentos:<\/p>\n<ol>\n<li><strong>Memorial descritivo de atividades docentes<\/strong>, elaborado na forma de curriculum cadastrado na Plataforma Lattes do CNPq, contendo a produ\u00e7\u00e3o realizada no per\u00edodo da respectiva etapa de avalia\u00e7\u00e3o do docente, com comprova\u00e7\u00e3o;<\/li>\n<li><strong>Tabela de pontua\u00e7\u00e3o das atividades docentes<\/strong> <a href=\"https:\/\/www3.unicentro.br\/prorh\/wp-content\/uploads\/sites\/58\/2021\/11\/Anexo_8_Tabela_de_Pontos_atl.doc\"><span style=\"color: #0000ff\">[.doc]<\/span><\/a> , com a sugest\u00e3o de pontos obtidos em fun\u00e7\u00e3o do memorial descritivo e respectivos comprovantes;<\/li>\n<li><strong>Question\u00e1rio de autoavalia\u00e7\u00e3o<\/strong><span style=\"color: #0000ff\"> <a style=\"color: #0000ff\" href=\"https:\/\/www3.unicentro.br\/prorh\/wp-content\/uploads\/sites\/58\/2021\/09\/Anexo-10-Questionario-de-Autoavaliacao.pdf\">[.pdf]<\/a><\/span><\/li>\n<\/ol>\n<p><strong>FORMUL\u00c1RIOS PARA PROCESSAMENTO DA AVALIA\u00c7\u00c3O PELO DEPARTAMENTO<\/strong><\/p>\n<p>A Dircoav encaminha e-mail \u00e0 Chefia do Departamento Pedag\u00f3gico, com as instru\u00e7\u00f5es detalhadas do processamento de avalia\u00e7\u00e3o, que considerar\u00e1 os seguintes formul\u00e1rios:<\/p>\n<ol>\n<li>Formul\u00e1rio de abertura do protocolo digital de avalia\u00e7\u00e3o<span style=\"color: #0000ff\"> <a style=\"color: #0000ff\" href=\"https:\/\/www3.unicentro.br\/prorh\/wp-content\/uploads\/sites\/58\/2021\/09\/Anexo-1-Abertura-do-Processo.doc\">[.doc]<\/a><\/span><\/li>\n<li>Termo de ci\u00eancia do docente avaliado <span style=\"color: #0000ff\"><a style=\"color: #0000ff\" href=\"https:\/\/www3.unicentro.br\/prorh\/wp-content\/uploads\/sites\/58\/2021\/09\/Anexo-2-Termo-de-Ciencia.doc\">[.doc]<\/a><\/span><\/li>\n<li>Declara\u00e7\u00e3o da Diretoria de Pessoal <span style=\"color: #0000ff\"><a style=\"color: #0000ff\" href=\"https:\/\/www3.unicentro.br\/prorh\/wp-content\/uploads\/sites\/58\/2021\/09\/Anexo-3-Declaracao-DIRP.doc\">[.doc]<\/a><\/span><\/li>\n<li>Declara\u00e7\u00e3o da Chefia Imediata <span style=\"color: #0000ff\"><a style=\"color: #0000ff\" href=\"https:\/\/www3.unicentro.br\/prorh\/wp-content\/uploads\/sites\/58\/2021\/09\/Anexo-4-Informacao-da-Chefia.doc\">[.doc]<\/a><\/span><\/li>\n<li>Avalia\u00e7\u00e3o do requisito Idoneidade Moral \/ Disciplina <span style=\"color: #0000ff\"><a style=\"color: #0000ff\" href=\"https:\/\/www3.unicentro.br\/prorh\/wp-content\/uploads\/sites\/58\/2021\/09\/Anexo-5-Idoneidade-moral-e-Disciplina.doc\">[.doc]<\/a><\/span><\/li>\n<li>Avalia\u00e7\u00e3o do requisito Assiduidade <span style=\"color: #0000ff\"><a style=\"color: #0000ff\" href=\"https:\/\/www3.unicentro.br\/prorh\/wp-content\/uploads\/sites\/58\/2021\/09\/Anexo-6-Assiduidade.doc\"><span style=\"color: #0000ff\">[.doc]<\/span><\/a><\/span><\/li>\n<li>Avalia\u00e7\u00e3o do requisito Efici\u00eancia <a href=\"https:\/\/www3.unicentro.br\/prorh\/wp-content\/uploads\/sites\/58\/2021\/09\/Anexo-7-Eficiencia-Geral.doc\"><span style=\"color: #0000ff\">[.doc]<\/span><\/a><\/li>\n<li>Tabela de Pontua\u00e7\u00e3o das Atividades Docentes <a href=\"https:\/\/www3.unicentro.br\/prorh\/wp-content\/uploads\/sites\/58\/2021\/11\/Anexo_8_Tabela_de_Pontos_atl.doc\"><span style=\"color: #0000ff\">[.doc]<\/span><\/a><\/li>\n<li>Question\u00e1rio dos alunos (<span style=\"color: #ff0000\">Formul\u00e1rio Google gerado pela Dircoav<\/span>)<\/li>\n<li>Question\u00e1rio de autoavalia\u00e7\u00e3o do docente <span style=\"color: #0000ff\"><a style=\"color: #0000ff\" href=\"https:\/\/www3.unicentro.br\/prorh\/wp-content\/uploads\/sites\/58\/2021\/09\/Anexo-10-Questionario-de-Autoavaliacao.pdf\">[.pdf]<\/a><\/span><\/li>\n<li>Gabarito de lan\u00e7amento das pontua\u00e7\u00f5es dos requisitos (por etapa) <span style=\"color: #0000ff\"><a style=\"color: #0000ff\" href=\"https:\/\/www3.unicentro.br\/prorh\/wp-content\/uploads\/sites\/58\/2021\/09\/Anexo-11-Gabarito-por-etapa.doc\">[.doc]<\/a><\/span><\/li>\n<li>Gabarito Final de Pontua\u00e7\u00e3o (compila\u00e7\u00e3o das 3 etapas de avalia\u00e7\u00e3o) <span style=\"color: #0000ff\"><a style=\"color: #0000ff\" href=\"https:\/\/www3.unicentro.br\/prorh\/wp-content\/uploads\/sites\/58\/2021\/09\/Anexo-12-Gabarito-Final-3-etapas.doc\">[.doc]<\/a><\/span><\/li>\n<\/ol>\n","protected":false},"excerpt":{"rendered":"<p>O docente nomeado em virtude de Concurso P\u00fablico, nos tr\u00eas primeiros anos de atua\u00e7\u00e3o na Universidade, passa pela avalia\u00e7\u00e3o docente para aquisi\u00e7\u00e3o de estabilidade, a qual \u00e9 feita em tr\u00eas etapas e levando em considera\u00e7\u00e3o os seguintes requisitos: Idoneidade moral \/ Disciplina; Assiduidade; Efici\u00eancia (Avalia\u00e7\u00e3o dos alunos + Avalia\u00e7\u00e3o do Memorial Descritivo). Os procedimentos de [&hellip;]<\/p>\n","protected":false},"author":3,"featured_media":0,"parent":0,"menu_order":0,"comment_status":"closed","ping_status":"closed","template":"","meta":{"_exactmetrics_skip_tracking":false,"_exactmetrics_sitenote_active":false,"_exactmetrics_sitenote_note":"","_exactmetrics_sitenote_category":0,"footnotes":"","_links_to":"","_links_to_target":""},"class_list":["post-95","page","type-page","status-publish","hentry"],"_links":{"self":[{"href":"https:\/\/www3.unicentro.br\/progesp\/wp-json\/wp\/v2\/pages\/95","targetHints":{"allow":["GET"]}}],"collection":[{"href":"https:\/\/www3.unicentro.br\/progesp\/wp-json\/wp\/v2\/pages"}],"about":[{"href":"https:\/\/www3.unicentro.br\/progesp\/wp-json\/wp\/v2\/types\/page"}],"author":[{"embeddable":true,"href":"https:\/\/www3.unicentro.br\/progesp\/wp-json\/wp\/v2\/users\/3"}],"replies":[{"embeddable":true,"href":"https:\/\/www3.unicentro.br\/progesp\/wp-json\/wp\/v2\/comments?post=95"}],"version-history":[{"count":0,"href":"https:\/\/www3.unicentro.br\/progesp\/wp-json\/wp\/v2\/pages\/95\/revisions"}],"wp:attachment":[{"href":"https:\/\/www3.unicentro.br\/progesp\/wp-json\/wp\/v2\/media?parent=95"}],"curies":[{"name":"wp","href":"https:\/\/api.w.org\/{rel}","templated":true}]}}