{"id":93,"date":"2018-11-01T11:05:27","date_gmt":"2018-11-01T13:05:27","guid":{"rendered":"https:\/\/www3.unicentro.br\/prorh\/?page_id=93"},"modified":"2025-11-27T17:04:29","modified_gmt":"2025-11-27T20:04:29","slug":"equipe","status":"publish","type":"page","link":"https:\/\/www3.unicentro.br\/progesp\/equipe\/","title":{"rendered":"Equipe"},"content":{"rendered":"<div class=\"wpb-content-wrapper\"><p>[vc_row][vc_column][vc_column_text css=&#8221;&#8221;]<strong><span style=\"font-size: 14pt\">Pr\u00f3-Reitoria de Gest\u00e3o de Pessoas<\/span><\/strong><\/p>\n<hr \/>\n<table style=\"width: 100%\">\n<tbody>\n<tr>\n<td style=\"width: 35.1704%\">\n<table>\n<tbody>\n<tr style=\"background-color: #ffffff\">\n<td><img loading=\"lazy\" decoding=\"async\" class=\"size-full wp-image-275 alignleft\" src=\"http:\/\/www3.unicentro.br\/prorh\/wp-content\/uploads\/sites\/58\/2019\/06\/ROBSON-PAULO-RIBEIRO-FERRAS.jpg\" alt=\"\" width=\"200\" height=\"263\" \/><\/td>\n<\/tr>\n<\/tbody>\n<\/table>\n<\/td>\n<td style=\"width: 64.2495%\"><strong>Robson Paulo Ribeiro Ferras<br \/>\n<\/strong><em>Pr\u00f3-Reitor de Gest\u00e3o de Pessoas<br \/>\nContato: (42) 3621-1467<br \/>\nE-mail: rferras@unicentro.br<\/em><\/td>\n<\/tr>\n<tr>\n<td style=\"width: 35.1704%\">\n<table>\n<tbody>\n<tr style=\"background-color: #ffffff\">\n<td><img loading=\"lazy\" decoding=\"async\" class=\"size-full wp-image-275 alignleft\" src=\"http:\/\/www3.unicentro.br\/prorh\/wp-content\/uploads\/sites\/58\/2019\/06\/THALYTA-VIEIRA.jpg\" alt=\"\" width=\"200\" height=\"263\" \/><\/td>\n<\/tr>\n<\/tbody>\n<\/table>\n<\/td>\n<td style=\"width: 64.2495%\"><strong>Thalyta Vieira<br \/>\n<\/strong>Assessora Administrativa da Pr\u00f3-Reitoria de Gest\u00e3o de Pessoas<br \/>\n<em>Contato: (42) 3621-1023<br \/>\nE-mail: tvieira@unicentro.br<\/em><\/td>\n<\/tr>\n<\/tbody>\n<\/table>\n<hr \/>\n<p><strong><span style=\"font-size: 14pt\">Diretoria de Pessoal<\/span><\/strong><\/p>\n<hr \/>\n<table style=\"width: 100%\">\n<tbody>\n<tr>\n<td style=\"width: 35.0254%\">\n<table>\n<tbody>\n<tr style=\"background-color: #ffffff\">\n<td><img loading=\"lazy\" decoding=\"async\" class=\"size-full wp-image-275 alignleft\" src=\"http:\/\/www3.unicentro.br\/prorh\/wp-content\/uploads\/sites\/58\/2019\/06\/IRINEU-PRIMAK.jpg\" alt=\"\" width=\"200\" height=\"263\" \/><\/td>\n<\/tr>\n<\/tbody>\n<\/table>\n<\/td>\n<td style=\"width: 64.3945%\"><strong>Irineu Primak<\/strong><br \/>\n<em>Diretor de Pessoal<br \/>\nContato: (42) 3621-1377<br \/>\nE-mail: irineu@unicentro.br<\/em><\/td>\n<\/tr>\n<tr>\n<td style=\"width: 35.0254%\">\n<table>\n<tbody>\n<tr style=\"background-color: #ffffff\">\n<td><img loading=\"lazy\" decoding=\"async\" class=\"size-full wp-image-275 alignleft\" src=\"http:\/\/www3.unicentro.br\/prorh\/wp-content\/uploads\/sites\/58\/2019\/06\/LEIDIANE-ALMEIDA.jpg\" alt=\"\" width=\"200\" height=\"263\" \/><\/td>\n<\/tr>\n<\/tbody>\n<\/table>\n<\/td>\n<td style=\"width: 64.3945%\"><strong>Leidiane Almeida<br \/>\n<\/strong><em>Chefe da Divis\u00e3o de Registros Funcionais e Documenta\u00e7\u00e3o<br \/>\nContato: (42) 3621-1478<br \/>\nE-mail: leidi@unicentro.br<\/em><\/td>\n<\/tr>\n<tr>\n<td style=\"width: 35.0254%\">\n<table>\n<tbody>\n<tr style=\"background-color: #ffffff\">\n<td><img loading=\"lazy\" decoding=\"async\" class=\"size-full wp-image-275 alignleft\" src=\"http:\/\/www3.unicentro.br\/prorh\/wp-content\/uploads\/sites\/58\/2019\/06\/FRANCINE-NIESING.jpg\" alt=\"\" width=\"200\" height=\"263\" \/><\/td>\n<\/tr>\n<\/tbody>\n<\/table>\n<\/td>\n<td style=\"width: 64.3945%\"><strong>Francine Niesing<br \/>\n<\/strong><em>Chefe da Divis\u00e3o de Controle de Dados e Informa\u00e7\u00f5es<br \/>\nContato: (42) 3621-1011<br \/>\nE-mail: francine@unicentro.br<\/em><\/td>\n<\/tr>\n<tr>\n<td style=\"width: 35.0254%\">\n<table>\n<tbody>\n<tr style=\"background-color: #ffffff\">\n<td><img loading=\"lazy\" decoding=\"async\" class=\"size-full wp-image-275 alignleft\" src=\"https:\/\/www3.unicentro.br\/prorh\/wp-content\/uploads\/sites\/58\/2023\/12\/ANA_FLAVIA_CZUI.jpg\" alt=\"\" width=\"200\" height=\"263\" \/><\/td>\n<\/tr>\n<\/tbody>\n<\/table>\n<\/td>\n<td style=\"width: 64.3945%\"><strong>Ana Fl\u00e1via Czui<br \/>\n<\/strong><em>T\u00e9cnico Administrativo<br \/>\nContato: (42) 3621-1011<br \/>\nE-mail: anaflavia@unicentro.br<\/em><\/td>\n<\/tr>\n<tr>\n<td style=\"width: 35.0254%\">\n<table>\n<tbody>\n<tr style=\"background-color: #ffffff\">\n<td><img loading=\"lazy\" decoding=\"async\" class=\"size-full wp-image-275 alignleft\" src=\"https:\/\/www3.unicentro.br\/progesp\/wp-content\/uploads\/sites\/58\/2025\/11\/SANDRO_NEZNEK_PEREIRA.jpg\" alt=\"\" width=\"200\" height=\"263\" \/><\/td>\n<\/tr>\n<\/tbody>\n<\/table>\n<\/td>\n<td style=\"width: 64.3945%\"><strong>Sandro Neznek Pereira<br \/>\n<\/strong><em>T\u00e9cnico Administrativo<br \/>\nContato: (42) 3621-1011<br \/>\n<\/em>E-mail: sandropereira@unicentro.br<\/td>\n<\/tr>\n<tr>\n<td style=\"width: 35.0254%\">\n<table>\n<tbody>\n<tr style=\"background-color: #ffffff\">\n<td><img loading=\"lazy\" decoding=\"async\" class=\"size-full wp-image-275 alignleft\" src=\"https:\/\/www3.unicentro.br\/prorh\/wp-content\/uploads\/sites\/58\/2024\/05\/LUZ_CLARITA_DE_PAULA_SOUZA.jpg\" alt=\"\" width=\"200\" height=\"263\" \/><\/td>\n<\/tr>\n<\/tbody>\n<\/table>\n<\/td>\n<td style=\"width: 64.3945%\"><strong>Luz Clarita de Paula Souza<br \/>\n<\/strong><em>T\u00e9cnico Administrativo<br \/>\nContato: (42) 3621-1011<br \/>\nE-mail: luzclarita@unicentro.br<\/em><\/td>\n<\/tr>\n<tr>\n<td style=\"width: 35.0254%\">\n<table>\n<tbody>\n<tr style=\"background-color: #ffffff\">\n<td><img loading=\"lazy\" decoding=\"async\" class=\"size-full wp-image-275 alignleft\" src=\"https:\/\/www3.unicentro.br\/prorh\/wp-content\/uploads\/sites\/58\/2023\/11\/MARCIO_DOMINGUES_PADILHA-0.jpg\" alt=\"\" width=\"200\" height=\"263\" \/><\/td>\n<\/tr>\n<\/tbody>\n<\/table>\n<\/td>\n<td style=\"width: 64.3945%\"><strong>Marcio Domingues Padilha<br \/>\n<\/strong><em>Chefe da Divis\u00e3o de Recrutamento e Contrata\u00e7\u00e3o<br \/>\nContato: (42) 3629-3058<br \/>\nE-mail: mdpadilha@unicentro.br<\/em><\/td>\n<\/tr>\n<\/tbody>\n<\/table>\n<hr \/>\n<p><strong><span style=\"font-size: 14pt\">Diretoria de Gest\u00e3o de Folha de Pagamento<\/span><\/strong><\/p>\n<hr \/>\n<table style=\"width: 100%\">\n<tbody>\n<tr>\n<td style=\"width: 35.0254%\">\n<table>\n<tbody>\n<tr style=\"background-color: #ffffff\">\n<td><img loading=\"lazy\" decoding=\"async\" class=\"size-full wp-image-275 alignleft\" src=\"http:\/\/www3.unicentro.br\/prorh\/wp-content\/uploads\/sites\/58\/2019\/06\/MARCOS-JOS\u00c9-SENAKIEVICZ.jpg\" alt=\"\" width=\"200\" height=\"263\" \/><\/td>\n<\/tr>\n<\/tbody>\n<\/table>\n<\/td>\n<td style=\"width: 64.3945%\"><strong>Marcos Jos\u00e9 Senakievicz<br \/>\n<\/strong><em>Diretor para Gest\u00e3o de Folha de Pagamento<\/em><br \/>\n<em>Contato: (42) 3621-1468<br \/>\nE-mail: marcosjose@unicentro.br<\/em><\/td>\n<\/tr>\n<tr>\n<td style=\"width: 35.0254%\">\n<table>\n<tbody>\n<tr style=\"background-color: #ffffff\">\n<td><img loading=\"lazy\" decoding=\"async\" class=\"size-full wp-image-275 alignleft\" src=\"http:\/\/www3.unicentro.br\/prorh\/wp-content\/uploads\/sites\/58\/2019\/06\/JOAO-CARLOS-NASCIMENTO.jpg\" alt=\"\" width=\"200\" height=\"263\" \/><\/td>\n<\/tr>\n<\/tbody>\n<\/table>\n<\/td>\n<td style=\"width: 64.3945%\"><strong>Jo\u00e3o Carlos Nascimento<br \/>\n<\/strong><em>Assessor Especial Executivo para Folha de Pagamento<\/em><br \/>\n<em>Contato: (42) 3621-1911<br \/>\nE-mail: jnascimento@unicentro.br<\/em><\/td>\n<\/tr>\n<tr>\n<td style=\"width: 35.0254%\">\n<table>\n<tbody>\n<tr style=\"background-color: #ffffff\">\n<td><img loading=\"lazy\" decoding=\"async\" class=\"size-full wp-image-275 alignleft\" src=\"https:\/\/www3.unicentro.br\/prorh\/wp-content\/uploads\/sites\/58\/2023\/05\/MONALIZA-BARBIERI-2.jpg\" alt=\"\" width=\"200\" height=\"263\" \/><\/td>\n<\/tr>\n<\/tbody>\n<\/table>\n<\/td>\n<td style=\"width: 64.3945%\"><strong>Monaliza Barbieri<br \/>\n<\/strong><em>Coordenadora da Divis\u00e3o de Consigna\u00e7\u00e3o e Descontos<\/em><br \/>\n<em>Contato: (42) 3621-1468<br \/>\nE-mail: mbarbieri@unicentro.br<\/em><\/td>\n<\/tr>\n<tr>\n<td style=\"width: 35.0254%\">\n<table>\n<tbody>\n<tr style=\"background-color: #ffffff\">\n<td><img loading=\"lazy\" decoding=\"async\" class=\"size-full wp-image-275 alignleft\" src=\"https:\/\/www3.unicentro.br\/progesp\/wp-content\/uploads\/sites\/58\/2025\/04\/lucas-cordeiro.jpg\" alt=\"\" width=\"200\" height=\"263\" \/><\/td>\n<\/tr>\n<\/tbody>\n<\/table>\n<\/td>\n<td style=\"width: 64.3945%\"><strong>Lucas Cordeiro dos Santos<br \/>\n<\/strong><em>T\u00e9cnico Administrativo<\/em><br \/>\n<em>Contato: (42) 3621-1911<br \/>\nE-mail: lcsantos@unicentro.br<\/em><\/td>\n<\/tr>\n<\/tbody>\n<\/table>\n<hr \/>\n<p><strong><span style=\"font-size: 14pt\">Diretoria de Concursos e Avalia\u00e7\u00e3o<\/span><\/strong><\/p>\n<hr \/>\n<table style=\"width: 100%\">\n<tbody>\n<tr>\n<td style=\"width: 34.9528%\">\n<table>\n<tbody>\n<tr style=\"background-color: #ffffff\">\n<td><img loading=\"lazy\" decoding=\"async\" class=\"size-full wp-image-275 alignleft\" src=\"http:\/\/www3.unicentro.br\/prorh\/wp-content\/uploads\/sites\/58\/2019\/06\/MANOEL-CARLOS-FERREIRA-DA-SILVA.jpg\" alt=\"\" width=\"200\" height=\"263\" \/><\/td>\n<\/tr>\n<\/tbody>\n<\/table>\n<\/td>\n<td style=\"width: 64.467%\"><strong>Manoel Carlos Ferreira da Silva<br \/>\n<\/strong><em>Diretor de Concursos e Avalia\u00e7\u00e3o<\/em><br \/>\n<em>Contato: (42) 3621-1084<br \/>\nE-mail:\u00a0manoel@unicentro.br<\/em><\/td>\n<\/tr>\n<tr>\n<td style=\"width: 34.9528%\">\n<table>\n<tbody>\n<tr style=\"background-color: #ffffff\">\n<td><img loading=\"lazy\" decoding=\"async\" class=\"size-full wp-image-275 alignleft\" src=\"https:\/\/www3.unicentro.br\/progesp\/wp-content\/uploads\/sites\/58\/2024\/06\/casarkulak.jpg\" alt=\"\" width=\"200\" height=\"263\" \/><\/td>\n<\/tr>\n<\/tbody>\n<\/table>\n<\/td>\n<td style=\"width: 64.467%\"><strong>Cesar Mauricio Kulak<br \/>\n<\/strong><em>Chefe da Divis\u00e3o de Processos de Sele\u00e7\u00e3o<\/em><br \/>\n<em>Contato: (42) 3621-1084<br \/>\nE-mail: ckulak@unicentro.br<\/em><\/td>\n<\/tr>\n<tr>\n<td style=\"width: 34.9528%\">\n<table>\n<tbody>\n<tr style=\"background-color: #ffffff\">\n<td><img loading=\"lazy\" decoding=\"async\" class=\"size-full wp-image-275 alignleft\" src=\"https:\/\/www3.unicentro.br\/prorh\/wp-content\/uploads\/sites\/58\/2023\/11\/04500.jpg\" alt=\"\" width=\"200\" height=\"263\" \/><\/td>\n<\/tr>\n<\/tbody>\n<\/table>\n<\/td>\n<td style=\"width: 64.467%\"><strong>Caroline Monteiro<br \/>\n<\/strong><em>T\u00e9cnico Administrativo<\/em><br \/>\n<em>Contato: (42) 3621-1084<br \/>\nE-mail: cmonteiro@unicentro.br<\/em><\/td>\n<\/tr>\n<tr>\n<td style=\"width: 34.9528%\">\n<table>\n<tbody>\n<tr style=\"background-color: #ffffff\">\n<td><img loading=\"lazy\" decoding=\"async\" class=\"size-full wp-image-275 alignleft\" src=\"https:\/\/www3.unicentro.br\/prorh\/wp-content\/uploads\/sites\/58\/2023\/11\/JOSIELY-HEMILY-DE-OLIVEIRA.jpg\" alt=\"\" width=\"200\" height=\"263\" \/><\/td>\n<\/tr>\n<\/tbody>\n<\/table>\n<\/td>\n<td style=\"width: 64.467%\"><strong>Josiely Hemily de Oliveira<br \/>\n<\/strong><em>T\u00e9cnico Administrativo<\/em><br \/>\n<em>Contato: (42) 3621-1084<br \/>\nE-mail: josielydeoliveira@unicentro.br<\/em><\/td>\n<\/tr>\n<tr>\n<td style=\"width: 34.9528%\">\n<table>\n<tbody>\n<tr style=\"background-color: #ffffff\">\n<td><img loading=\"lazy\" decoding=\"async\" class=\"size-full wp-image-275 alignleft\" src=\"https:\/\/www3.unicentro.br\/prorh\/wp-content\/uploads\/sites\/58\/2024\/05\/PAULA_ALINE_SILVE_769_RIO.jpg\" alt=\"\" width=\"200\" height=\"263\" \/><\/td>\n<\/tr>\n<\/tbody>\n<\/table>\n<\/td>\n<td style=\"width: 64.467%\"><strong>Paula Aline Silv\u00e9rio<br \/>\n<\/strong><em>T\u00e9cnico Administrativo<\/em><br \/>\n<em>Contato: (42) 3621-1084<br \/>\nE-mail: dircoav@unicentro.br<\/em><\/td>\n<\/tr>\n<tr>\n<td style=\"width: 34.9528%\">\n<table>\n<tbody>\n<tr style=\"background-color: #ffffff\">\n<td><img loading=\"lazy\" decoding=\"async\" class=\"size-full wp-image-275 alignleft\" src=\"http:\/\/www3.unicentro.br\/prorh\/wp-content\/uploads\/sites\/58\/2019\/06\/CESAR-AUGUSTO-STABILLE-ZANONI.jpg\" alt=\"\" width=\"200\" height=\"263\" \/><\/td>\n<\/tr>\n<\/tbody>\n<\/table>\n<\/td>\n<td style=\"width: 64.467%\"><strong>C\u00e9sar Augusto Stabille Zanoni<br \/>\n<\/strong><em>Coordenador de Pessoal, Concursos e Avalia\u00e7\u00e3o do C\u00e2mpus de Irati<\/em><strong><br \/>\n<\/strong><em>Contato: (42) 3629-3069<br \/>\nE-mail: caszanoni@unicentro.br<\/em><\/td>\n<\/tr>\n<tr>\n<td style=\"width: 34.9528%\">\n<table>\n<tbody>\n<tr style=\"background-color: #ffffff\">\n<td><img loading=\"lazy\" decoding=\"async\" class=\"size-full wp-image-275 alignleft\" src=\"https:\/\/www3.unicentro.br\/progesp\/wp-content\/uploads\/sites\/58\/2024\/06\/VANESSA_MAROCHI.jpg\" alt=\"\" width=\"200\" height=\"263\" \/><\/td>\n<\/tr>\n<\/tbody>\n<\/table>\n<\/td>\n<td style=\"width: 64.467%\"><strong>Vanessa Marochi<br \/>\n<\/strong><em>T\u00e9cnico Administrativo<\/em><strong><br \/>\n<\/strong><em>Contato: (42) 3629-3058<br \/>\nE-mail: vmarochi@unicentro.br<\/em><\/td>\n<\/tr>\n<\/tbody>\n<\/table>\n<hr \/>\n<p><strong><span style=\"font-size: 14pt\">Diretoria de Desenvolvimento de Pessoas<\/span><\/strong><\/p>\n<hr \/>\n<p>&nbsp;<\/p>\n<table style=\"height: 1182px;width: 100%\">\n<tbody>\n<tr style=\"height: 280px\">\n<td style=\"height: 280px;width: 35.0979%\">\n<table>\n<tbody>\n<tr style=\"background-color: #ffffff\">\n<td><img loading=\"lazy\" decoding=\"async\" class=\"size-full wp-image-275 alignleft\" src=\"http:\/\/www3.unicentro.br\/prorh\/wp-content\/uploads\/sites\/58\/2019\/06\/MARCIA-LIANE-MARCONATO.jpg\" alt=\"\" width=\"200\" height=\"263\" \/><\/td>\n<\/tr>\n<\/tbody>\n<\/table>\n<\/td>\n<td style=\"height: 280px;width: 64.322%\"><strong>Marcia Liane Marconato<br \/>\n<\/strong><em>Diretora de Desenvolvimento de Pessoas<\/em><strong><br \/>\n<\/strong><em>Contato: (42) 3621-1469<br \/>\nE-mail: liane@unicentro.br<\/em><\/td>\n<\/tr>\n<tr style=\"height: 263px\">\n<td style=\"height: 263px;width: 35.0979%\">\n<div class=\"wp-block-image\"><img loading=\"lazy\" decoding=\"async\" class=\"size-full wp-image-656 alignleft\" src=\"https:\/\/www3.unicentro.br\/prorh\/wp-content\/uploads\/sites\/58\/2022\/12\/HELISSA_GON_ALVES_ROSA.jpg\" alt=\"\" width=\"200\" height=\"263\" \/><\/div>\n<\/td>\n<td style=\"height: 263px;width: 64.322%\"><strong>Helissa Gon\u00e7alves Rosa<br \/>\n<\/strong><em>T\u00e9cnico Administrativo<\/em><br \/>\n<em>Contato: (42) 3621-1071<\/em><br \/>\n<em>E-mail: hrosa@unicentro.br<\/em><\/td>\n<\/tr>\n<tr style=\"height: 263px\">\n<td style=\"height: 263px;width: 35.0979%\"><img loading=\"lazy\" decoding=\"async\" class=\"size-full wp-image-477 alignleft\" src=\"https:\/\/www3.unicentro.br\/prorh\/wp-content\/uploads\/sites\/58\/2023\/10\/VITOR-MELEKI-DE-SOUZA.JPG.jpg\" alt=\"\" width=\"200\" height=\"263\" \/><\/td>\n<td style=\"height: 263px;width: 64.322%\"><strong>Vitor Meleki de Souza<br \/>\n<\/strong><em>T\u00e9cnico Administrativo<br \/>\n<\/em><em>Contato: (42) 3621-1469<br \/>\nE-mail: vmeleki@unicentro.br<\/em><\/td>\n<\/tr>\n<tr style=\"height: 96px\">\n<td style=\"height: 96px;width: 35.0979%\">\n<div class=\"wp-block-image\"><img loading=\"lazy\" decoding=\"async\" class=\"size-full wp-image-653 alignleft\" src=\"https:\/\/www3.unicentro.br\/prorh\/wp-content\/uploads\/sites\/58\/2022\/12\/FRANCIELI_PROCZIKEVICZ.jpg\" alt=\"\" width=\"200\" height=\"263\" \/><\/div>\n<\/td>\n<td style=\"height: 96px;width: 64.322%\"><strong>Francieli Proczikevics<br \/>\n<\/strong><em>T\u00e9cnico Administrativo<br \/>\n<\/em><em>Contato: (42) 3621-1469<br \/>\nE-mail: francielip@unicentro.br<\/em><\/td>\n<\/tr>\n<tr>\n<td style=\"width: 35.0979%\">\n<div class=\"wp-block-image\"><img loading=\"lazy\" decoding=\"async\" class=\"size-full wp-image-657 alignleft\" src=\"https:\/\/www3.unicentro.br\/prorh\/wp-content\/uploads\/sites\/58\/2024\/05\/DANIELI_LECENKO-0.jpg\" alt=\"\" width=\"200\" height=\"263\" \/><\/div>\n<\/td>\n<td style=\"width: 64.322%\"><strong>Danieli Lecenko<br \/>\n<\/strong><em>T\u00e9cnico Administrativo<br \/>\n<\/em><em>Contato: (42) 3621-1469<br \/>\nE-mail: dlecenko@unicentro.br<\/em><\/td>\n<\/tr>\n<tr>\n<td style=\"width: 35.0979%\">\n<div class=\"wp-block-image\"><img loading=\"lazy\" decoding=\"async\" class=\"size-full wp-image-657 alignleft\" src=\"https:\/\/www3.unicentro.br\/progesp\/wp-content\/uploads\/sites\/58\/2025\/11\/JOSEMARA_STEFANICZEN.jpg\" alt=\"\" width=\"200\" height=\"263\" \/><\/div>\n<\/td>\n<td style=\"width: 64.322%\"><strong>Josemara Stefaniczen<br \/>\n<\/strong><em>T\u00e9cnico Administrativo<br \/>\n<\/em><em>Contato: (42) 3621-1469<br \/>\n<\/em>E-mail: josemara@unicentro.br<\/td>\n<\/tr>\n<tr>\n<td style=\"width: 35.0979%\">\n<div class=\"wp-block-image\"><img loading=\"lazy\" decoding=\"async\" class=\"size-full wp-image-657 alignleft\" src=\"https:\/\/www3.unicentro.br\/progesp\/wp-content\/uploads\/sites\/58\/2025\/11\/MAIARA_BASSANI_ANDRADE-0.jpg\" alt=\"\" width=\"200\" height=\"263\" \/><\/div>\n<\/td>\n<td style=\"width: 64.322%\"><strong>Maiara Bassani Andrade<br \/>\n<\/strong><em>Residente<br \/>\n<\/em><em>Contato: (42) 3621-1469<\/em><\/td>\n<\/tr>\n<\/tbody>\n<\/table>\n<hr \/>\n<p><strong>Equipe T\u00e9cnica Provars<\/strong><br \/>\nMarcia Liane Marconato e Robson Paulo Ribeiro Ferras<br \/>\n<em>Contato: (42) 3621-1469 \/ 3621-1467<\/em>[\/vc_column_text][\/vc_column][\/vc_row]<\/p>\n<\/div>","protected":false},"excerpt":{"rendered":"<p>[vc_row][vc_column][vc_column_text css=&#8221;&#8221;]Pr\u00f3-Reitoria de Gest\u00e3o de Pessoas Robson Paulo Ribeiro Ferras Pr\u00f3-Reitor de Gest\u00e3o de Pessoas Contato: (42) 3621-1467 E-mail: rferras@unicentro.br Thalyta Vieira Assessora Administrativa da Pr\u00f3-Reitoria de Gest\u00e3o de Pessoas Contato: (42) 3621-1023 E-mail: tvieira@unicentro.br Diretoria de Pessoal Irineu Primak Diretor de Pessoal Contato: (42) 3621-1377 E-mail: irineu@unicentro.br Leidiane Almeida Chefe da Divis\u00e3o de Registros [&hellip;]<\/p>\n","protected":false},"author":3,"featured_media":0,"parent":0,"menu_order":0,"comment_status":"closed","ping_status":"closed","template":"","meta":{"_exactmetrics_skip_tracking":false,"_exactmetrics_sitenote_active":false,"_exactmetrics_sitenote_note":"","_exactmetrics_sitenote_category":0,"footnotes":"","_links_to":"","_links_to_target":""},"class_list":["post-93","page","type-page","status-publish","hentry"],"_links":{"self":[{"href":"https:\/\/www3.unicentro.br\/progesp\/wp-json\/wp\/v2\/pages\/93","targetHints":{"allow":["GET"]}}],"collection":[{"href":"https:\/\/www3.unicentro.br\/progesp\/wp-json\/wp\/v2\/pages"}],"about":[{"href":"https:\/\/www3.unicentro.br\/progesp\/wp-json\/wp\/v2\/types\/page"}],"author":[{"embeddable":true,"href":"https:\/\/www3.unicentro.br\/progesp\/wp-json\/wp\/v2\/users\/3"}],"replies":[{"embeddable":true,"href":"https:\/\/www3.unicentro.br\/progesp\/wp-json\/wp\/v2\/comments?post=93"}],"version-history":[{"count":2,"href":"https:\/\/www3.unicentro.br\/progesp\/wp-json\/wp\/v2\/pages\/93\/revisions"}],"predecessor-version":[{"id":822,"href":"https:\/\/www3.unicentro.br\/progesp\/wp-json\/wp\/v2\/pages\/93\/revisions\/822"}],"wp:attachment":[{"href":"https:\/\/www3.unicentro.br\/progesp\/wp-json\/wp\/v2\/media?parent=93"}],"curies":[{"name":"wp","href":"https:\/\/api.w.org\/{rel}","templated":true}]}}