{"id":888,"date":"2024-04-19T20:35:26","date_gmt":"2024-04-19T23:35:26","guid":{"rendered":"https:\/\/www3.unicentro.br\/prorh\/?page_id=888"},"modified":"2024-04-19T20:45:38","modified_gmt":"2024-04-19T23:45:38","slug":"formularios-plantao-docente","status":"publish","type":"page","link":"https:\/\/www3.unicentro.br\/progesp\/formularios-plantao-docente\/","title":{"rendered":"Formul\u00e1rios &#8211; Plant\u00e3o Docente"},"content":{"rendered":"<ul>\n<li><a href=\"https:\/\/sgu.unicentro.br\/pcatooficiais\/imprimir\/D2805FEF\"><strong>RESOLU\u00c7\u00c3O N\u00ba 2-CAD\/UNICENTRO<\/strong>, DE 20 DE FEVEREIRO DE 2024 &#8211; Regulamenta a realiza\u00e7\u00e3o de Plant\u00e3o Docente e o pagamento da respectiva gratifica\u00e7\u00e3o, GPD, a docente da UNICENTRO, e d\u00e1 outras provid\u00eancias<\/a><\/li>\n<li><a href=\"https:\/\/www3.unicentro.br\/prorh\/wp-content\/uploads\/sites\/58\/2024\/04\/IN_1_2024_PRORH_UNICENTRO_Plant_o_Docente_Resolu_o_2_2024_CAD_6622c6d0b0415.pdf\"><strong>INSTRU\u00c7\u00c3O NORMATIVA N\u00ba 1-PRORH\/UNICENTRO<\/strong>, DE 19 DE ABRIL DE 2024. Estabelece procedimentos para aplica\u00e7\u00e3o da Resolu\u00e7\u00e3o n\u00ba 2-CAD\/UNICENTRO, de 20 de fevereiro de 2024, que regulamenta a realiza\u00e7\u00e3o de Plant\u00e3o Docente e o pagamento\u00a0 da respectiva gratifica\u00e7\u00e3o, GPD, a docente da UNICENTRO, e d\u00e1 outras provid\u00eancias<\/a>\n<ul>\n<li><a href=\"https:\/\/www3.unicentro.br\/prorh\/wp-content\/uploads\/sites\/58\/2024\/04\/Instru_o_Normativa_01_2024_PRORH_Anexo_I_Plano_Trimestral_de_Execu_o_de_Plant_es_6622c6d1c8b51.pdf\">ANEXO I &#8211; PLANO TRIMESTRAL DE EXECU\u00c7\u00c3O DE PLANT\u00d5ES<\/a><\/li>\n<li><a href=\"https:\/\/www3.unicentro.br\/prorh\/wp-content\/uploads\/sites\/58\/2024\/04\/Instru_o_Normativa_01_2024_PRORH_Anexo_II_Escala_Mensal_de_Plant_es_e_Relat_rio_Mensal_de_Plant_es_Executados_6622c6e75f2f4.pdf\">ANEXO II &#8211; ESCALA MENSAL DE PLANT\u00d5ES E RELAT\u00d3RIO MENSAL DE PLANT\u00d5ES EXECUTADOS<\/a><\/li>\n<li><a href=\"https:\/\/www3.unicentro.br\/prorh\/wp-content\/uploads\/sites\/58\/2024\/04\/Instru_o_Normativa_01_2024_PRORH_Anexo_III_Relat_rio_Trimestral_de_Execu_o_de_Plant_es_6622c6f47cac8.pdf\">ANEXO III &#8211; RELAT\u00d3RIO TRIMESTRAL DE EXECU\u00c7\u00c3O DE PLANT\u00d5ES<\/a><\/li>\n<li><a href=\"https:\/\/www3.unicentro.br\/prorh\/wp-content\/uploads\/sites\/58\/2024\/04\/Instru_o_Normativa_01_2024_PRORH_Anexo_IV_Relat_rio_Anual_de_Plant_es_Executados_na_Unidade_Prestadora_de_Servi_os_6622c7003c578.pdf\">ANEXO IV &#8211; RELAT\u00d3RIO ANUAL DE PLANT\u00d5ES EXECUTADOS NA UNIDADE PRESTADORA DE SERVI\u00c7OS<\/a><\/li>\n<li><a href=\"https:\/\/www3.unicentro.br\/prorh\/wp-content\/uploads\/sites\/58\/2024\/04\/Instru_o_Normativa_01_2024_PRORH_Anexo_V_Comunicado_sobre_Plant_es_Realizados_em_local_externo_Unidade_prevista_na_Escala_6622c712a8dd4.pdf\">ANEXO V &#8211; COMUNICADO SOBRE PLANT\u00d5ES REALIZADOS EM LOCAL EXTERNO \u00c0 UNIDADE PREVISTA NA ESCALA<\/a><\/li>\n<li><a href=\"https:\/\/www3.unicentro.br\/prorh\/wp-content\/uploads\/sites\/58\/2024\/04\/Instru_o_Normativa_01_2024_PRORH_Anexo_VI_Calend_rio_e_Escala_Mensal_Resumida_de_Plant_es_prevista_para_a_Unidade_6622c72318f72.pdf\">ANEXO VI &#8211; CALEND\u00c1RIO E ESCALA MENSAL RESUMIDA DE PLANT\u00d5ES PREVISTA PARA A UNIDADE<\/a><\/li>\n<li><a href=\"https:\/\/www3.unicentro.br\/prorh\/wp-content\/uploads\/sites\/58\/2024\/04\/Instru_o_Normativa_01_2024_PRORH_Anexo_VII_Planejamento_de_F_rias_dos_Docentes_Plantonistas_6622c72c8224b.pdf\">ANEXO VII -PLANEJAMENTO DE F\u00c9RIAS DOS DOCENTES PLANTONISTAS<\/a><\/li>\n<\/ul>\n<\/li>\n<\/ul>\n","protected":false},"excerpt":{"rendered":"<p>RESOLU\u00c7\u00c3O N\u00ba 2-CAD\/UNICENTRO, DE 20 DE FEVEREIRO DE 2024 &#8211; Regulamenta a realiza\u00e7\u00e3o de Plant\u00e3o Docente e o pagamento da respectiva gratifica\u00e7\u00e3o, GPD, a docente da UNICENTRO, e d\u00e1 outras provid\u00eancias INSTRU\u00c7\u00c3O NORMATIVA N\u00ba 1-PRORH\/UNICENTRO, DE 19 DE ABRIL DE 2024. Estabelece procedimentos para aplica\u00e7\u00e3o da Resolu\u00e7\u00e3o n\u00ba 2-CAD\/UNICENTRO, de 20 de fevereiro de 2024, [&hellip;]<\/p>\n","protected":false},"author":6,"featured_media":0,"parent":0,"menu_order":0,"comment_status":"closed","ping_status":"closed","template":"","meta":{"_exactmetrics_skip_tracking":false,"_exactmetrics_sitenote_active":false,"_exactmetrics_sitenote_note":"","_exactmetrics_sitenote_category":0,"footnotes":"","_links_to":"","_links_to_target":""},"class_list":["post-888","page","type-page","status-publish","hentry"],"_links":{"self":[{"href":"https:\/\/www3.unicentro.br\/progesp\/wp-json\/wp\/v2\/pages\/888","targetHints":{"allow":["GET"]}}],"collection":[{"href":"https:\/\/www3.unicentro.br\/progesp\/wp-json\/wp\/v2\/pages"}],"about":[{"href":"https:\/\/www3.unicentro.br\/progesp\/wp-json\/wp\/v2\/types\/page"}],"author":[{"embeddable":true,"href":"https:\/\/www3.unicentro.br\/progesp\/wp-json\/wp\/v2\/users\/6"}],"replies":[{"embeddable":true,"href":"https:\/\/www3.unicentro.br\/progesp\/wp-json\/wp\/v2\/comments?post=888"}],"version-history":[{"count":2,"href":"https:\/\/www3.unicentro.br\/progesp\/wp-json\/wp\/v2\/pages\/888\/revisions"}],"predecessor-version":[{"id":905,"href":"https:\/\/www3.unicentro.br\/progesp\/wp-json\/wp\/v2\/pages\/888\/revisions\/905"}],"wp:attachment":[{"href":"https:\/\/www3.unicentro.br\/progesp\/wp-json\/wp\/v2\/media?parent=888"}],"curies":[{"name":"wp","href":"https:\/\/api.w.org\/{rel}","templated":true}]}}