{"id":79,"date":"2018-11-01T11:03:16","date_gmt":"2018-11-01T13:03:16","guid":{"rendered":"https:\/\/www3.unicentro.br\/prorh\/?page_id=79"},"modified":"2025-11-24T14:33:16","modified_gmt":"2025-11-24T17:33:16","slug":"legislacao","status":"publish","type":"page","link":"https:\/\/www3.unicentro.br\/progesp\/legislacao\/","title":{"rendered":"Legisla\u00e7\u00e3o"},"content":{"rendered":"<div class=\"wpb-content-wrapper\"><p>[vc_row][vc_column][vc_column_text css=&#8221;&#8221;]Aqui est\u00e3o dispon\u00edveis leis, resolu\u00e7\u00f5es, decretos e outros para download.<\/p>\n<ul>\n<li><a href=\"https:\/\/sgu.unicentro.br\/pcatooficiais\/imprimir\/5E25D332\"><strong>RESOLU\u00c7\u00c3O N\u00ba 8-CAD\/UNICENTRO, DE 7 DE ABRIL DE 2025<\/strong> &#8211; Aprova o Regulamento da Concess\u00e3o de f\u00e9rias anuais aos servidores da Unicentro<\/a><\/li>\n<li><a href=\"https:\/\/www3.unicentro.br\/prorh\/wp-content\/uploads\/sites\/58\/2023\/09\/Comunicado_Abono_de_Perman_ncia_Complementa_o.pdf\"><strong>COMUNICADO<\/strong> &#8211; REGRAS DE APOSENTADORIAS PARA AQUISI\u00c7\u00c3O DO ABONO DE PERMAN\u00caNCIA<\/a><\/li>\n<li><a href=\"https:\/\/www3.unicentro.br\/prorh\/wp-content\/uploads\/sites\/58\/2023\/07\/SEAP_Manual_da_Carreira_T_cnica_Universit_ria_Lei_21_583_2023_64bfb522c1aef.pdf\"><strong>SEAP &#8211; Manual da Carreira T\u00e9cnica Universit\u00e1ria &#8211; Lei 21.583\/2023<\/strong><\/a><\/li>\n<li><a href=\"https:\/\/www3.unicentro.br\/prorh\/2021\/03\/16\/regras-aposentadoria-voluntaria\/\"><strong>Regras para docentes e agentes universit\u00e1rios efetivos que completarem todas as exig\u00eancias para a aposentadoria volunt\u00e1ria e que optarem por permanecer em atividade<\/strong><\/a>\n<ul>\n<li><a href=\"https:\/\/www3.unicentro.br\/prorh\/wp-content\/uploads\/sites\/58\/2021\/03\/APRESENTACAO-REFORMA-PG-6-PEDAGIO.pdf\"><strong>Regra de Transi\u00e7\u00e3o \u2013 PED\u00c1GIO \u2013 Art. 5\u00ba EC 45<\/strong><\/a><\/li>\n<li><a href=\"https:\/\/www3.unicentro.br\/prorh\/wp-content\/uploads\/sites\/58\/2021\/03\/APRESENTACAO-REFORMA-PG-11-PONTOS.pdf\"><strong>Regra de Transi\u00e7\u00e3o 1 \u2013 PONTOS \u2013 Art. 4\u00ba EC 45<\/strong><\/a><\/li>\n<li><a href=\"https:\/\/www3.unicentro.br\/prorh\/wp-content\/uploads\/sites\/58\/2021\/03\/REGRA-PERMANENTE.pdf\"><strong>Regra Permanente \u2013 Art. 35 CE<\/strong><\/a><\/li>\n<\/ul>\n<\/li>\n<\/ul>\n<ul>\n<li><a href=\"http:\/\/www3.unicentro.br\/prorh\/wp-content\/uploads\/sites\/58\/2019\/06\/Resolucao_SEAP_nr_12272_2014_Auxilio_Funeral_5cffb997ac169.pdf\"><strong>Resolu\u00e7\u00e3o SEAP n\u00ba 12272<\/strong> &#8211; Aux\u00edlio Funeral<\/a><\/li>\n<li><a href=\"https:\/\/www.legislacao.pr.gov.br\/legislacao\/listarAtosAno.do?action=exibir&amp;codAto=218307&amp;indice=1&amp;totalRegistros=49&amp;anoSpan=2019&amp;anoSelecionado=2019&amp;mesSelecionado=0&amp;isPaginado=true\" target=\"_blank\" rel=\"noopener\"><strong>Lei n\u00ba 19829\/2019<\/strong>&#8211; Disp\u00f5e sobre a admiss\u00e3o e reconhecimento, no Estado do Paran\u00e1, de diplomas de p\u00f3s-gradua\u00e7\u00e3o stricto sensu (mestrado e doutorado) origin\u00e1rios de cursos ofertados de forma integral presencial nos pa\u00edses do Mercado Comum do Sul e em Portugal<\/a><\/li>\n<li><a href=\"https:\/\/www3.unicentro.br\/prorh\/wp-content\/uploads\/sites\/58\/2018\/11\/res_9-CAD.pdf\"><strong>Resolu\u00e7\u00e3o n\u00ba 9-CAD<\/strong> &#8211; Regulamenta a concess\u00e3o de flexibiliza\u00e7\u00e3o de hor\u00e1rio de trabalho a agentes universit\u00e1rios efetivos da Unicentro, e d\u00e1 outras provid\u00eancias<\/a><\/li>\n<li><a href=\"https:\/\/www3.unicentro.br\/prorh\/wp-content\/uploads\/sites\/58\/2018\/11\/Resolu_o_n_204_2001_CAD_UNICENTRO_Regulamento_de_LICENCA_MEDICA_5926eba755669.pdf\"><strong>Resolu\u00e7\u00e3o n\u00ba 204\/2001-CAD<\/strong> &#8211;\u00a0Determina o cumprimento das normas para a concess\u00e3o de Licen\u00e7a M\u00e9dica a servidores estatut\u00e1rios e celetistas da Unicentro e d\u00e1 outras provid\u00eancias<\/a><\/li>\n<li><a href=\"https:\/\/www3.unicentro.br\/prorh\/wp-content\/uploads\/sites\/58\/2018\/11\/Instrucao-Normativa-2_2016_PRORH_UNICENTRO-_-Licenca-Especial.pdf\"><strong>Instru\u00e7\u00e3o Normativa 2-2016-ProRH-Unicentro<\/strong> &#8211;\u00a0Licen\u00e7a Especial<\/a><\/li>\n<li><strong><a href=\"https:\/\/www3.unicentro.br\/prorh\/wp-content\/uploads\/sites\/58\/2018\/11\/Planejamento-Anual-de-Licencas-Especiais-de-docentes-_-IN-2_2016_PRORH.pdf\">Planejamento Anual de Licen\u00e7as Especiais de docentes<\/a><\/strong><\/li>\n<li><a href=\"https:\/\/www3.unicentro.br\/prorh\/wp-content\/uploads\/sites\/58\/2018\/11\/Resol-26_2016_CAD-_-Liecenca-Especial.pdf\"><strong>Resolu\u00e7\u00e3o 26-2016-CAD<\/strong> &#8211;\u00a0Licen\u00e7a Especial<\/a><\/li>\n<li><a href=\"https:\/\/www3.unicentro.br\/prorh\/wp-content\/uploads\/sites\/58\/2018\/11\/Resolucao_066_PRPREV_Isen_o_Contribui_o_Previdenci_ria_5555fcb78382f.pdf\"><strong>Resolu\u00e7\u00e3o n\u00ba 066\/2015<\/strong> &#8211;\u00a0Isen\u00e7\u00e3o da contribui\u00e7\u00e3o previdenci\u00e1ria<\/a><\/li>\n<li><a href=\"http:\/\/www.portaldoservidor.pr.gov.br\/modules\/conteudo\/conteudo.php?conteudo=793\"><strong>Licen\u00e7as \/ Afastamentos<\/strong> (Atualizado\/2017)<\/a><\/li>\n<li><a href=\"https:\/\/www3.unicentro.br\/prorh\/wp-content\/uploads\/sites\/58\/2021\/09\/35_2016_CEPE_612f78c4d7a9d.pdf\"><strong>Resolu\u00e7\u00e3o n\u00ba 35\/2016-Cepe\/Unicentro<\/strong>\u00a0&#8211; Aprova o Regulamento do Regime de Trabalho Tide aos Docentes em Fun\u00e7\u00e3o Pedag\u00f3gica, da Unicentro<\/a><\/li>\n<li><a href=\"http:\/\/www.legislacao.pr.gov.br\/legislacao\/listarAtosAno.do?action=exibir&amp;codAto=7352&amp;indice=1&amp;totalRegistros=11&amp;anoSpan=2005&amp;anoSelecionado=2005&amp;mesSelecionado=0&amp;isPaginado=true\"><strong>Lei n\u00ba 108 &#8211; 18\/05\/2005<\/strong> (Regime de Contrato Especial &#8211; Cres)<\/a><\/li>\n<li><a href=\"http:\/\/www.legislacao.pr.gov.br\/legislacao\/pesquisarAto.do?action=exibir&amp;codAto=5808&amp;indice=1&amp;totalRegistros=1\"><strong>Lei n\u00ba 11.713<\/strong> &#8211; Plano de Carreira<\/a><\/li>\n<li><a href=\"http:\/\/www.legislacao.pr.gov.br\/legislacao\/pesquisarAto.do?action=exibir&amp;codAto=10297&amp;indice=1&amp;totalRegistros=1\"><strong>Lei n\u00ba 6.174<\/strong> &#8211; Estatuto dos Servidores<\/a><\/li>\n<li><a href=\"https:\/\/www3.unicentro.br\/prorh\/wp-content\/uploads\/sites\/58\/2018\/11\/Lei-n\u00ba-12676-Faltas-Licenc\u0327a-Especial.doc\"><strong>Lei n\u00ba 12.676<\/strong> &#8211; Faltas &#8211; Licen\u00e7a Especial<\/a><\/li>\n<li><a href=\"https:\/\/www3.unicentro.br\/prorh\/wp-content\/uploads\/sites\/58\/2018\/11\/Resoluc\u0327a\u0303o-184_2003_CAD-folha.doc\"><strong>Resolu\u00e7\u00e3o 184\/2003 &#8211; CAD<\/strong><\/a><\/li>\n<li><a href=\"https:\/\/www3.unicentro.br\/prorh\/wp-content\/uploads\/sites\/58\/2018\/11\/Decreto-n\u00ba-5356-Sistema-de-Assiste\u0302ncia-a\u0300-Sau\u0301de-SAS.doc\"><strong>Decreto n\u00ba 5356<\/strong> &#8211; Sistema de Assist\u00eancia \u00e0 Sa\u00fade &#8211; SAS<\/a><\/li>\n<li><a href=\"https:\/\/www3.unicentro.br\/prorh\/wp-content\/uploads\/sites\/58\/2018\/11\/Lei-n\u00ba-12404_98-Licenc\u0327a-Me\u0301dica.doc\"><strong>Lei n\u00ba 12.404\/98<\/strong> &#8211; Licen\u00e7a M\u00e9dica<\/a><\/li>\n<\/ul>\n<p>[\/vc_column_text][\/vc_column][\/vc_row]<\/p>\n<\/div>","protected":false},"excerpt":{"rendered":"<p>[vc_row][vc_column][vc_column_text css=&#8221;&#8221;]Aqui est\u00e3o dispon\u00edveis leis, resolu\u00e7\u00f5es, decretos e outros para download. RESOLU\u00c7\u00c3O N\u00ba 8-CAD\/UNICENTRO, DE 7 DE ABRIL DE 2025 &#8211; Aprova o Regulamento da Concess\u00e3o de f\u00e9rias anuais aos servidores da Unicentro COMUNICADO &#8211; REGRAS DE APOSENTADORIAS PARA AQUISI\u00c7\u00c3O DO ABONO DE PERMAN\u00caNCIA SEAP &#8211; Manual da Carreira T\u00e9cnica Universit\u00e1ria &#8211; Lei 21.583\/2023 Regras [&hellip;]<\/p>\n","protected":false},"author":3,"featured_media":0,"parent":0,"menu_order":0,"comment_status":"closed","ping_status":"closed","template":"","meta":{"_exactmetrics_skip_tracking":false,"_exactmetrics_sitenote_active":false,"_exactmetrics_sitenote_note":"","_exactmetrics_sitenote_category":0,"footnotes":"","_links_to":"","_links_to_target":""},"class_list":["post-79","page","type-page","status-publish","hentry"],"_links":{"self":[{"href":"https:\/\/www3.unicentro.br\/progesp\/wp-json\/wp\/v2\/pages\/79","targetHints":{"allow":["GET"]}}],"collection":[{"href":"https:\/\/www3.unicentro.br\/progesp\/wp-json\/wp\/v2\/pages"}],"about":[{"href":"https:\/\/www3.unicentro.br\/progesp\/wp-json\/wp\/v2\/types\/page"}],"author":[{"embeddable":true,"href":"https:\/\/www3.unicentro.br\/progesp\/wp-json\/wp\/v2\/users\/3"}],"replies":[{"embeddable":true,"href":"https:\/\/www3.unicentro.br\/progesp\/wp-json\/wp\/v2\/comments?post=79"}],"version-history":[{"count":2,"href":"https:\/\/www3.unicentro.br\/progesp\/wp-json\/wp\/v2\/pages\/79\/revisions"}],"predecessor-version":[{"id":793,"href":"https:\/\/www3.unicentro.br\/progesp\/wp-json\/wp\/v2\/pages\/79\/revisions\/793"}],"wp:attachment":[{"href":"https:\/\/www3.unicentro.br\/progesp\/wp-json\/wp\/v2\/media?parent=79"}],"curies":[{"name":"wp","href":"https:\/\/api.w.org\/{rel}","templated":true}]}}