{"id":77,"date":"2018-11-01T10:38:25","date_gmt":"2018-11-01T12:38:25","guid":{"rendered":"https:\/\/www3.unicentro.br\/prorh\/?page_id=77"},"modified":"2018-11-01T10:38:25","modified_gmt":"2018-11-01T12:38:25","slug":"diretoria-de-concursos-e-avaliacao","status":"publish","type":"page","link":"https:\/\/www3.unicentro.br\/progesp\/diretoria-de-concursos-e-avaliacao\/","title":{"rendered":"Diretoria de Concursos e Avalia\u00e7\u00e3o"},"content":{"rendered":"<p class=\"s1\" align=\"justify\">A Diretoria de Diretora de Concursos e Avalia\u00e7\u00e3o tem como finalidades b\u00e1sicas:<\/p>\n<ul>\n<li class=\"s1\">Operacionaliza\u00e7\u00e3o das Avalia\u00e7\u00f5es de Desempenho aos Professores Efetivos, para ascens\u00e3o de n\u00edvel, promo\u00e7\u00e3o \u00e0 classe de Professor Associado e para aquisi\u00e7\u00e3o de estabilidade<\/li>\n<li class=\"s1\">Elabora\u00e7\u00e3o de editais e execu\u00e7\u00e3o de Concursos P\u00fablicos e Testes Seletivos<\/li>\n<li class=\"s1\">Controle das vagas para professores e agentes universit\u00e1rios, assim como das respectivas nomea\u00e7\u00f5es , contrata\u00e7\u00f5es e rescis\u00f5es de contrato<\/li>\n<li class=\"s1\">Controle das altera\u00e7\u00f5es de regime de trabalho dos professores da Universidade<\/li>\n<\/ul>\n","protected":false},"excerpt":{"rendered":"<p>A Diretoria de Diretora de Concursos e Avalia\u00e7\u00e3o tem como finalidades b\u00e1sicas: Operacionaliza\u00e7\u00e3o das Avalia\u00e7\u00f5es de Desempenho aos Professores Efetivos, para ascens\u00e3o de n\u00edvel, promo\u00e7\u00e3o \u00e0 classe de Professor Associado e para aquisi\u00e7\u00e3o de estabilidade Elabora\u00e7\u00e3o de editais e execu\u00e7\u00e3o de Concursos P\u00fablicos e Testes Seletivos Controle das vagas para professores e agentes universit\u00e1rios, assim [&hellip;]<\/p>\n","protected":false},"author":3,"featured_media":0,"parent":0,"menu_order":0,"comment_status":"closed","ping_status":"closed","template":"","meta":{"_exactmetrics_skip_tracking":false,"_exactmetrics_sitenote_active":false,"_exactmetrics_sitenote_note":"","_exactmetrics_sitenote_category":0,"footnotes":"","_links_to":"","_links_to_target":""},"class_list":["post-77","page","type-page","status-publish","hentry"],"_links":{"self":[{"href":"https:\/\/www3.unicentro.br\/progesp\/wp-json\/wp\/v2\/pages\/77","targetHints":{"allow":["GET"]}}],"collection":[{"href":"https:\/\/www3.unicentro.br\/progesp\/wp-json\/wp\/v2\/pages"}],"about":[{"href":"https:\/\/www3.unicentro.br\/progesp\/wp-json\/wp\/v2\/types\/page"}],"author":[{"embeddable":true,"href":"https:\/\/www3.unicentro.br\/progesp\/wp-json\/wp\/v2\/users\/3"}],"replies":[{"embeddable":true,"href":"https:\/\/www3.unicentro.br\/progesp\/wp-json\/wp\/v2\/comments?post=77"}],"version-history":[{"count":0,"href":"https:\/\/www3.unicentro.br\/progesp\/wp-json\/wp\/v2\/pages\/77\/revisions"}],"wp:attachment":[{"href":"https:\/\/www3.unicentro.br\/progesp\/wp-json\/wp\/v2\/media?parent=77"}],"curies":[{"name":"wp","href":"https:\/\/api.w.org\/{rel}","templated":true}]}}