{"id":75,"date":"2018-11-01T10:36:38","date_gmt":"2018-11-01T12:36:38","guid":{"rendered":"https:\/\/www3.unicentro.br\/prorh\/?page_id=75"},"modified":"2024-06-18T16:23:32","modified_gmt":"2024-06-18T19:23:32","slug":"diretoria-de-desenvolvimento-de-recursos-humanos","status":"publish","type":"page","link":"https:\/\/www3.unicentro.br\/progesp\/diretoria-de-desenvolvimento-de-recursos-humanos\/","title":{"rendered":"Diretoria de Desenvolvimento de Pessoas"},"content":{"rendered":"<p class=\"s1\" align=\"justify\">A Diretoria de Desenvolvimento de Pessoas tem como finalidades b\u00e1sicas:<\/p>\n<ul>\n<li class=\"s1\">Operacionaliza\u00e7\u00e3o das Avalia\u00e7\u00f5es de Desempenho aos Agentes Universit\u00e1rios<\/li>\n<li class=\"s1\">Controle de processos de nomea\u00e7\u00e3o de professores e funcion\u00e1rios<\/li>\n<li class=\"s1\">Operacionaliza\u00e7\u00e3o da folha de pagamento dos estagi\u00e1rios da Unicentro<\/li>\n<li class=\"s1\">Recebimento de curr\u00edculos e contrata\u00e7\u00e3o de estagi\u00e1rios<\/li>\n<\/ul>\n","protected":false},"excerpt":{"rendered":"<p>A Diretoria de Desenvolvimento de Pessoas tem como finalidades b\u00e1sicas: Operacionaliza\u00e7\u00e3o das Avalia\u00e7\u00f5es de Desempenho aos Agentes Universit\u00e1rios Controle de processos de nomea\u00e7\u00e3o de professores e funcion\u00e1rios Operacionaliza\u00e7\u00e3o da folha de pagamento dos estagi\u00e1rios da Unicentro Recebimento de curr\u00edculos e contrata\u00e7\u00e3o de estagi\u00e1rios<\/p>\n","protected":false},"author":3,"featured_media":0,"parent":0,"menu_order":0,"comment_status":"closed","ping_status":"closed","template":"","meta":{"_exactmetrics_skip_tracking":false,"_exactmetrics_sitenote_active":false,"_exactmetrics_sitenote_note":"","_exactmetrics_sitenote_category":0,"footnotes":"","_links_to":"","_links_to_target":""},"class_list":["post-75","page","type-page","status-publish","hentry"],"_links":{"self":[{"href":"https:\/\/www3.unicentro.br\/progesp\/wp-json\/wp\/v2\/pages\/75","targetHints":{"allow":["GET"]}}],"collection":[{"href":"https:\/\/www3.unicentro.br\/progesp\/wp-json\/wp\/v2\/pages"}],"about":[{"href":"https:\/\/www3.unicentro.br\/progesp\/wp-json\/wp\/v2\/types\/page"}],"author":[{"embeddable":true,"href":"https:\/\/www3.unicentro.br\/progesp\/wp-json\/wp\/v2\/users\/3"}],"replies":[{"embeddable":true,"href":"https:\/\/www3.unicentro.br\/progesp\/wp-json\/wp\/v2\/comments?post=75"}],"version-history":[{"count":1,"href":"https:\/\/www3.unicentro.br\/progesp\/wp-json\/wp\/v2\/pages\/75\/revisions"}],"predecessor-version":[{"id":927,"href":"https:\/\/www3.unicentro.br\/progesp\/wp-json\/wp\/v2\/pages\/75\/revisions\/927"}],"wp:attachment":[{"href":"https:\/\/www3.unicentro.br\/progesp\/wp-json\/wp\/v2\/media?parent=75"}],"curies":[{"name":"wp","href":"https:\/\/api.w.org\/{rel}","templated":true}]}}