{"id":733,"date":"2023-03-07T10:52:50","date_gmt":"2023-03-07T13:52:50","guid":{"rendered":"https:\/\/www3.unicentro.br\/prorh\/?page_id=733"},"modified":"2023-03-07T11:39:56","modified_gmt":"2023-03-07T14:39:56","slug":"controle-de-frequencia-de-docentes","status":"publish","type":"page","link":"https:\/\/www3.unicentro.br\/progesp\/controle-de-frequencia-de-docentes\/","title":{"rendered":"Controle de frequ\u00eancia de docentes"},"content":{"rendered":"<ul>\n<li><strong><a href=\"https:\/\/www3.unicentro.br\/prorh\/wp-content\/uploads\/sites\/58\/2023\/03\/RESOLU_O_N_41_CAD_UNICENTRO_DE_19_DE_DEZEMBRO_DE_2022_64074940ee597.pdf\">Resolu\u00e7\u00e3o N\u00ba 41 &#8211; CAD\/Unicentro, de 19 de dezembro de 2022<\/a><\/strong><\/li>\n<li><a href=\"https:\/\/www3.unicentro.br\/prorh\/wp-content\/uploads\/sites\/58\/2023\/03\/Anexo_I_Justificativa_de_Faltas_Resolu_o_n_41_2022_CAD_UNICENTRO_6407494fa925a.pdf\"><strong>Anexo I do regulamento do controle de frequ\u00eancia de docentes<\/strong><\/a><\/li>\n<li><strong><a href=\"https:\/\/www3.unicentro.br\/prorh\/wp-content\/uploads\/sites\/58\/2023\/03\/Anexo_II_Relat_rio_de_Faltas_a_serem_descontadas_Resolu_o_n_41_2022_CAD_UNICENTRO_64074956bdba8.pdf\">Anexo II do regulamento do controle de frequ\u00eancia de docentes<\/a><\/strong><\/li>\n<li><strong><a href=\"https:\/\/www3.unicentro.br\/prorh\/wp-content\/uploads\/sites\/58\/2023\/03\/INC_n_1_2003_PRORH_PROEN_Modelo_de_Controle_de_Frequ_ncia_docente_6406474dd1b7e.pdf\">Instru\u00e7\u00e3o Normativa Conjunta N\u00ba1 ProRH\/Proen \u2013 Normativa o modelo de controle de frequ\u00eancia de docentes<\/a><\/strong><\/li>\n<li><strong>Modelo de controle de frequ\u00eancia [<a href=\"https:\/\/www3.unicentro.br\/prorh\/wp-content\/uploads\/sites\/58\/2023\/03\/Modelo_de_Controle_de_Frequ_ncia_docente_Anexo_Formul_rio_6406474e316cd.pdf\">.pdf<\/a>]\u00a0 [<a href=\"https:\/\/www3.unicentro.br\/prorh\/wp-content\/uploads\/sites\/58\/2023\/03\/Modelo_de_Controle_de_Frequ_ncia_docente_Anexo_Formul_rio_6406474e82a53.odt\">.odt<\/a>]<\/strong><\/li>\n<\/ul>\n","protected":false},"excerpt":{"rendered":"<p>Resolu\u00e7\u00e3o N\u00ba 41 &#8211; CAD\/Unicentro, de 19 de dezembro de 2022 Anexo I do regulamento do controle de frequ\u00eancia de docentes Anexo II do regulamento do controle de frequ\u00eancia de docentes Instru\u00e7\u00e3o Normativa Conjunta N\u00ba1 ProRH\/Proen \u2013 Normativa o modelo de controle de frequ\u00eancia de docentes Modelo de controle de frequ\u00eancia [.pdf]\u00a0 [.odt]<\/p>\n","protected":false},"author":248,"featured_media":0,"parent":0,"menu_order":0,"comment_status":"closed","ping_status":"closed","template":"","meta":{"_exactmetrics_skip_tracking":false,"_exactmetrics_sitenote_active":false,"_exactmetrics_sitenote_note":"","_exactmetrics_sitenote_category":0,"footnotes":"","_links_to":"","_links_to_target":""},"class_list":["post-733","page","type-page","status-publish","hentry"],"_links":{"self":[{"href":"https:\/\/www3.unicentro.br\/progesp\/wp-json\/wp\/v2\/pages\/733","targetHints":{"allow":["GET"]}}],"collection":[{"href":"https:\/\/www3.unicentro.br\/progesp\/wp-json\/wp\/v2\/pages"}],"about":[{"href":"https:\/\/www3.unicentro.br\/progesp\/wp-json\/wp\/v2\/types\/page"}],"author":[{"embeddable":true,"href":"https:\/\/www3.unicentro.br\/progesp\/wp-json\/wp\/v2\/users\/248"}],"replies":[{"embeddable":true,"href":"https:\/\/www3.unicentro.br\/progesp\/wp-json\/wp\/v2\/comments?post=733"}],"version-history":[{"count":0,"href":"https:\/\/www3.unicentro.br\/progesp\/wp-json\/wp\/v2\/pages\/733\/revisions"}],"wp:attachment":[{"href":"https:\/\/www3.unicentro.br\/progesp\/wp-json\/wp\/v2\/media?parent=733"}],"curies":[{"name":"wp","href":"https:\/\/api.w.org\/{rel}","templated":true}]}}