{"id":73,"date":"2018-11-01T10:35:54","date_gmt":"2018-11-01T12:35:54","guid":{"rendered":"https:\/\/www3.unicentro.br\/prorh\/?page_id=73"},"modified":"2018-11-01T10:35:54","modified_gmt":"2018-11-01T12:35:54","slug":"diretoria-de-pessoal","status":"publish","type":"page","link":"https:\/\/www3.unicentro.br\/progesp\/diretoria-de-pessoal\/","title":{"rendered":"Diretoria de Pessoal"},"content":{"rendered":"<p class=\"s1\" align=\"justify\">A Diretoria de Pessoal tem como finalidades b\u00e1sicas:<\/p>\n<ul>\n<li class=\"s1\">Cadastro, controle, registro e manuten\u00e7\u00e3o das informa\u00e7\u00f5es funcionais dos servidores efetivos da Institui\u00e7\u00e3o;<\/li>\n<li class=\"s1\">Controle de f\u00e9rias dos servidores;<\/li>\n<li class=\"s1\">Operacionaliza\u00e7\u00e3o da folha de pagamento dos servidores efetivos.<\/li>\n<\/ul>\n","protected":false},"excerpt":{"rendered":"<p>A Diretoria de Pessoal tem como finalidades b\u00e1sicas: Cadastro, controle, registro e manuten\u00e7\u00e3o das informa\u00e7\u00f5es funcionais dos servidores efetivos da Institui\u00e7\u00e3o; Controle de f\u00e9rias dos servidores; Operacionaliza\u00e7\u00e3o da folha de pagamento dos servidores efetivos.<\/p>\n","protected":false},"author":3,"featured_media":0,"parent":0,"menu_order":0,"comment_status":"closed","ping_status":"closed","template":"","meta":{"_exactmetrics_skip_tracking":false,"_exactmetrics_sitenote_active":false,"_exactmetrics_sitenote_note":"","_exactmetrics_sitenote_category":0,"footnotes":"","_links_to":"","_links_to_target":""},"class_list":["post-73","page","type-page","status-publish","hentry"],"_links":{"self":[{"href":"https:\/\/www3.unicentro.br\/progesp\/wp-json\/wp\/v2\/pages\/73","targetHints":{"allow":["GET"]}}],"collection":[{"href":"https:\/\/www3.unicentro.br\/progesp\/wp-json\/wp\/v2\/pages"}],"about":[{"href":"https:\/\/www3.unicentro.br\/progesp\/wp-json\/wp\/v2\/types\/page"}],"author":[{"embeddable":true,"href":"https:\/\/www3.unicentro.br\/progesp\/wp-json\/wp\/v2\/users\/3"}],"replies":[{"embeddable":true,"href":"https:\/\/www3.unicentro.br\/progesp\/wp-json\/wp\/v2\/comments?post=73"}],"version-history":[{"count":0,"href":"https:\/\/www3.unicentro.br\/progesp\/wp-json\/wp\/v2\/pages\/73\/revisions"}],"wp:attachment":[{"href":"https:\/\/www3.unicentro.br\/progesp\/wp-json\/wp\/v2\/media?parent=73"}],"curies":[{"name":"wp","href":"https:\/\/api.w.org\/{rel}","templated":true}]}}