{"id":625,"date":"2022-12-06T09:27:35","date_gmt":"2022-12-06T12:27:35","guid":{"rendered":"https:\/\/www3.unicentro.br\/prorh\/?page_id=625"},"modified":"2026-01-08T13:22:46","modified_gmt":"2026-01-08T16:22:46","slug":"gpd","status":"publish","type":"page","link":"https:\/\/www3.unicentro.br\/progesp\/gpd\/","title":{"rendered":"Gratifica\u00e7\u00e3o de Plant\u00e3o ao Docente &#8211; GPD"},"content":{"rendered":"<div class=\"wpb-content-wrapper\"><p>[vc_row][vc_column][vc_column_text css=&#8221;&#8221;]<\/p>\n<table style=\"width: 100%;border-collapse: collapse;background-color: #ffffff\" border=\"1\" cellspacing=\"1\">\n<tbody>\n<tr>\n<td style=\"width: 16%\"><strong>2025<\/strong><\/td>\n<td style=\"width: 7%;text-align: center\"><a href=\"https:\/\/www3.unicentro.br\/progesp\/wp-content\/uploads\/sites\/58\/2025\/02\/Plant_o_Docente_Janeiro_2025_67ab83fd45aa8.pdf\" target=\"_blank\" rel=\"noopener\">Janeiro<\/a><\/td>\n<td style=\"width: 7%;text-align: center\"><a href=\"https:\/\/www3.unicentro.br\/progesp\/wp-content\/uploads\/sites\/58\/2025\/03\/Plant_o_Docente_Fevereiro_2025_67d09a52a9644.pdf\">Fevereiro<\/a><\/td>\n<td style=\"width: 7%;text-align: center\"><a href=\"https:\/\/www3.unicentro.br\/progesp\/wp-content\/uploads\/sites\/58\/2025\/04\/Plant_o_Docente_Mar_o_2025_67f5095bc0a45.pdf\">Mar\u00e7o<\/a><\/td>\n<td style=\"width: 7%;text-align: center\"><a href=\"https:\/\/www3.unicentro.br\/progesp\/wp-content\/uploads\/sites\/58\/2025\/05\/Plant_o_Docente_Abril_Portal_681de746da16d.pdf\">Abril<\/a><\/td>\n<td style=\"width: 7%;text-align: center\"><a href=\"https:\/\/www3.unicentro.br\/progesp\/wp-content\/uploads\/sites\/58\/2025\/07\/Plant_o_Docente_Maio_686d4906e8571.pdf\">Maio<\/a><\/td>\n<td style=\"width: 7%;text-align: center\"><a href=\"https:\/\/www3.unicentro.br\/progesp\/wp-content\/uploads\/sites\/58\/2025\/07\/Plant_o_Docente_Junho_Portal_686d490b749ce.pdf\">Junho<\/a><\/td>\n<td style=\"width: 7%;text-align: center\"><a href=\"https:\/\/www3.unicentro.br\/progesp\/wp-content\/uploads\/sites\/58\/2025\/08\/Plant_o_Docente_Julho_2025_6895de259a30c.pdf\">Julho<\/a><\/td>\n<td style=\"width: 7%;text-align: center\"><a href=\"https:\/\/www3.unicentro.br\/progesp\/wp-content\/uploads\/sites\/58\/2025\/09\/Plant_o_Docente_Agosto_2025_68bed774d86fc.pdf\">Agosto<\/a><\/td>\n<td style=\"width: 7%;text-align: center\"><a href=\"https:\/\/www3.unicentro.br\/progesp\/wp-content\/uploads\/sites\/58\/2025\/10\/Plant_o_Docente_setembro_2025_68e40ab37bb98.pdf\">Setembro<\/a><\/td>\n<td style=\"width: 7%;text-align: center\"><a href=\"https:\/\/www3.unicentro.br\/progesp\/wp-content\/uploads\/sites\/58\/2025\/11\/Plant_o_Docente_Outubro_6914699a9364b.pdf\">Outubro<\/a><\/td>\n<td style=\"width: 7%;text-align: center\"><a href=\"https:\/\/www3.unicentro.br\/progesp\/wp-content\/uploads\/sites\/58\/2025\/12\/Plant_o_Docente_Novembro_2025_692ed769f2b1f.pdf\">Novembro<\/a><\/td>\n<td style=\"width: 7%;text-align: center\"><a href=\"https:\/\/www3.unicentro.br\/progesp\/wp-content\/uploads\/sites\/58\/2026\/01\/Plant_o_Docente_Dezembro_2025_695fb6d128756.pdf\">Dezembro<\/a><\/td>\n<\/tr>\n<tr>\n<td style=\"width: 16%\"><strong>2024<\/strong><\/td>\n<td style=\"width: 7%;text-align: center\"><a href=\"https:\/\/www3.unicentro.br\/prorh\/wp-content\/uploads\/sites\/58\/2024\/02\/Plant_o_Docente_janeiro_2024_Portal_65c65d267ef94.pdf\" target=\"_blank\" rel=\"noopener\">Janeiro<\/a><\/td>\n<td style=\"width: 7%;text-align: center\"><a href=\"https:\/\/www3.unicentro.br\/prorh\/wp-content\/uploads\/sites\/58\/2024\/03\/Plant_o_Docente_fevereiro_24_65ef4a3c3bd5a.pdf\">Fevereiro<\/a><\/td>\n<td style=\"width: 7%;text-align: center\"><a href=\"https:\/\/www3.unicentro.br\/prorh\/wp-content\/uploads\/sites\/58\/2024\/04\/Plant_o_Docente_mar_o_2024_6613e24813b19.pdf\">Mar\u00e7o<\/a><\/td>\n<td style=\"width: 7%;text-align: center\"><a href=\"https:\/\/www3.unicentro.br\/prorh\/wp-content\/uploads\/sites\/58\/2024\/05\/Plant_o_Docente_Abril_2024_663cba883d032.pdf\">Abril<\/a><\/td>\n<td style=\"width: 7%;text-align: center\"><a href=\"https:\/\/www3.unicentro.br\/prorh\/wp-content\/uploads\/sites\/58\/2024\/06\/Plant_o_Docente_Maio_2024_6661a40fe6ada.pdf\">Maio<\/a><\/td>\n<td style=\"width: 7%;text-align: center\"><a href=\"https:\/\/www3.unicentro.br\/progesp\/wp-content\/uploads\/sites\/58\/2024\/07\/Plant_o_Docente_junho_2024_668c1af98bc98.pdf\">Junho<\/a><\/td>\n<td style=\"width: 7%;text-align: center\"><a href=\"https:\/\/www3.unicentro.br\/progesp\/wp-content\/uploads\/sites\/58\/2024\/08\/Plant_o_Docente_julho_2024_66b103e032619.pdf\">Julho<\/a><\/td>\n<td style=\"width: 7%;text-align: center\"><a href=\"https:\/\/www3.unicentro.br\/progesp\/wp-content\/uploads\/sites\/58\/2024\/09\/Plant_o_Docente_Agosto_Portal_66ded918cfcb0.pdf\">Agosto<\/a><\/td>\n<td style=\"width: 7%;text-align: center\"><a href=\"https:\/\/www3.unicentro.br\/progesp\/wp-content\/uploads\/sites\/58\/2024\/10\/Plant_o_Docente_setembro_670d5154afa4d.pdf\">Setembro<\/a><\/td>\n<td style=\"width: 7%;text-align: center\"><a href=\"https:\/\/www3.unicentro.br\/progesp\/wp-content\/uploads\/sites\/58\/2024\/11\/Plant_o_Docente_Outubro_2024_672d1ef81ebfe.pdf\">Outubro<\/a><\/td>\n<td style=\"width: 7%;text-align: center\"><a href=\"https:\/\/www3.unicentro.br\/progesp\/wp-content\/uploads\/sites\/58\/2025\/01\/Plant_o_Docente_Novembro_Portal_677fb471a2fa3.pdf\">Novembro<\/a><\/td>\n<td style=\"width: 7%;text-align: center\"><a href=\"https:\/\/www3.unicentro.br\/progesp\/wp-content\/uploads\/sites\/58\/2025\/01\/Plant_o_Docente_Dezembro_Portal_677fb47671b8a.pdf\">Dezembro<\/a><\/td>\n<\/tr>\n<tr>\n<td style=\"width: 16%\"><strong>2023<\/strong><\/td>\n<td style=\"width: 7%;text-align: center\"><a href=\"https:\/\/www3.unicentro.br\/prorh\/wp-content\/uploads\/sites\/58\/2023\/02\/2023_01_Gratifica_o_de_Plant_o_ao_Docente_GPD_63e629fc1d281.pdf\" target=\"_blank\" rel=\"noopener\">Janeiro<\/a><\/td>\n<td style=\"width: 7%;text-align: center\"><a href=\"https:\/\/www3.unicentro.br\/prorh\/wp-content\/uploads\/sites\/58\/2023\/03\/2023_02_Gratifica_o_de_Plant_o_ao_Docente_GPD_6402405f71f9e.pdf\">Fevereiro<\/a><\/td>\n<td style=\"width: 7%;text-align: center\"><a href=\"https:\/\/www3.unicentro.br\/prorh\/wp-content\/uploads\/sites\/58\/2023\/04\/2023_03_Gratifica_o_de_Plant_o_ao_Docente_GPD_643ef29bd6989.pdf\">Mar\u00e7o<\/a><\/td>\n<td style=\"width: 7%;text-align: center\"><a href=\"https:\/\/www3.unicentro.br\/prorh\/wp-content\/uploads\/sites\/58\/2023\/05\/2023_04_Gratifica_o_de_Plant_o_ao_Docente_GPD_64595a993cf95.pdf\">Abril<\/a><\/td>\n<td style=\"width: 7%;text-align: center\"><a href=\"https:\/\/www3.unicentro.br\/prorh\/wp-content\/uploads\/sites\/58\/2023\/05\/2023_05_Gratifica_o_de_Plant_o_ao_Docente_GPD_646e71b9a4f3b.pdf\">Maio<\/a><\/td>\n<td style=\"width: 7%;text-align: center\"><a href=\"https:\/\/www3.unicentro.br\/prorh\/wp-content\/uploads\/sites\/58\/2023\/06\/2023_06_Gratifica_o_de_Plant_o_ao_Docente_GPD_649592f9a7e3f.pdf\">Junho<\/a><\/td>\n<td style=\"width: 7%;text-align: center\"><a href=\"https:\/\/www3.unicentro.br\/prorh\/wp-content\/uploads\/sites\/58\/2023\/08\/2023_07_Gratifica_o_de_Plant_o_ao_Docente_GPD_64d65af69574d.pdf\" target=\"_blank\" rel=\"noopener\">Julho<\/a><\/td>\n<td style=\"width: 7%;text-align: center\"><a href=\"https:\/\/www3.unicentro.br\/prorh\/wp-content\/uploads\/sites\/58\/2023\/09\/Plant_o_Docente_agosto_6515aca7248d5.pdf\">Agosto<\/a><\/td>\n<td style=\"width: 7%;text-align: center\"><a href=\"https:\/\/www3.unicentro.br\/prorh\/wp-content\/uploads\/sites\/58\/2023\/09\/Plant_o_Docente_setembro_6515aca826ceb.pdf\">Setembro<\/a><\/td>\n<td style=\"width: 7%;text-align: center\"><a href=\"https:\/\/www3.unicentro.br\/prorh\/wp-content\/uploads\/sites\/58\/2023\/10\/Gratifica_o_de_Plant_o_ao_Docente_GPD_653a5cd20f000.pdf\">Outubro<\/a><\/td>\n<td style=\"width: 7%;text-align: center\"><a href=\"https:\/\/www3.unicentro.br\/prorh\/wp-content\/uploads\/sites\/58\/2023\/11\/Plant_o_Docente_Novembro_2023_65525a4b66f51.pdf\">Novembro<\/a><\/td>\n<td style=\"width: 7%;text-align: center\"><a href=\"https:\/\/www3.unicentro.br\/prorh\/wp-content\/uploads\/sites\/58\/2023\/12\/Plant_o_Docente_Dezembro_657b2bc9d56ff.pdf\">Dezembro<\/a><\/td>\n<\/tr>\n<tr>\n<td style=\"width: 16%\"><strong>2022<\/strong><\/td>\n<td style=\"width: 7%;text-align: center\"><a href=\"https:\/\/www3.unicentro.br\/prorh\/wp-content\/uploads\/sites\/58\/2022\/12\/GPD-2022_01.pdf\" target=\"_blank\" rel=\"noopener\">Janeiro<\/a><\/td>\n<td style=\"width: 7%;text-align: center\"><a href=\"https:\/\/www3.unicentro.br\/prorh\/wp-content\/uploads\/sites\/58\/2022\/12\/GPD-2022_02.pdf\" target=\"_blank\" rel=\"noopener\">Fevereiro<\/a><\/td>\n<td style=\"width: 7%;text-align: center\"><a href=\"https:\/\/www3.unicentro.br\/prorh\/wp-content\/uploads\/sites\/58\/2022\/12\/GPD-2022_03.pdf\" target=\"_blank\" rel=\"noopener\">Mar\u00e7o<\/a><\/td>\n<td style=\"width: 7%;text-align: center\"><a href=\"https:\/\/www3.unicentro.br\/prorh\/wp-content\/uploads\/sites\/58\/2022\/12\/GPD-2022_04.pdf\" target=\"_blank\" rel=\"noopener\">Abril<\/a><\/td>\n<td style=\"width: 7%;text-align: center\"><a href=\"https:\/\/www3.unicentro.br\/prorh\/wp-content\/uploads\/sites\/58\/2022\/12\/GPD-2022_05.pdf\" target=\"_blank\" rel=\"noopener\">Maio<\/a><\/td>\n<td style=\"width: 7%;text-align: center\"><a href=\"https:\/\/www3.unicentro.br\/prorh\/wp-content\/uploads\/sites\/58\/2022\/12\/GPD-2022_06.pdf\" target=\"_blank\" rel=\"noopener\">Junho<\/a><\/td>\n<td style=\"width: 7%;text-align: center\"><a href=\"https:\/\/www3.unicentro.br\/prorh\/wp-content\/uploads\/sites\/58\/2022\/12\/GPD-2022_07.pdf\" target=\"_blank\" rel=\"noopener\">Julho<\/a><\/td>\n<td style=\"width: 7%;text-align: center\"><a href=\"https:\/\/www3.unicentro.br\/prorh\/wp-content\/uploads\/sites\/58\/2022\/12\/GPD-2022_08.pdf\" target=\"_blank\" rel=\"noopener\">Agosto<\/a><\/td>\n<td style=\"width: 7%;text-align: center\"><a href=\"https:\/\/www3.unicentro.br\/prorh\/wp-content\/uploads\/sites\/58\/2022\/12\/GPD-2022_09.pdf\" target=\"_blank\" rel=\"noopener\">Setembro<\/a><\/td>\n<td style=\"width: 7%;text-align: center\"><a href=\"https:\/\/www3.unicentro.br\/prorh\/wp-content\/uploads\/sites\/58\/2022\/12\/GPD-2022_10.pdf\" target=\"_blank\" rel=\"noopener\">Outubro<\/a><\/td>\n<td style=\"width: 7%;text-align: center\"><a href=\"https:\/\/www3.unicentro.br\/prorh\/wp-content\/uploads\/sites\/58\/2022\/12\/GPD-2022_11.pdf\" target=\"_blank\" rel=\"noopener\">Novembro<\/a><\/td>\n<td style=\"width: 7%;text-align: center\"><a href=\"https:\/\/www3.unicentro.br\/prorh\/wp-content\/uploads\/sites\/58\/2022\/12\/GPD-2022_12.pdf\" target=\"_blank\" rel=\"noopener\">Dezembro<\/a><\/td>\n<\/tr>\n<\/tbody>\n<\/table>\n<p>[\/vc_column_text][\/vc_column][\/vc_row]<\/p>\n<\/div>","protected":false},"excerpt":{"rendered":"<p>[vc_row][vc_column][vc_column_text css=&#8221;&#8221;] 2025 Janeiro Fevereiro Mar\u00e7o Abril Maio Junho Julho Agosto Setembro Outubro Novembro Dezembro 2024 Janeiro Fevereiro Mar\u00e7o Abril Maio Junho Julho Agosto Setembro Outubro Novembro Dezembro 2023 Janeiro Fevereiro Mar\u00e7o Abril Maio Junho Julho Agosto Setembro Outubro Novembro Dezembro 2022 Janeiro Fevereiro Mar\u00e7o Abril Maio Junho Julho Agosto Setembro Outubro Novembro Dezembro [\/vc_column_text][\/vc_column][\/vc_row]<\/p>\n","protected":false},"author":6,"featured_media":0,"parent":0,"menu_order":0,"comment_status":"closed","ping_status":"closed","template":"","meta":{"_exactmetrics_skip_tracking":false,"_exactmetrics_sitenote_active":false,"_exactmetrics_sitenote_note":"","_exactmetrics_sitenote_category":0,"footnotes":"","_links_to":"","_links_to_target":""},"class_list":["post-625","page","type-page","status-publish","hentry"],"_links":{"self":[{"href":"https:\/\/www3.unicentro.br\/progesp\/wp-json\/wp\/v2\/pages\/625","targetHints":{"allow":["GET"]}}],"collection":[{"href":"https:\/\/www3.unicentro.br\/progesp\/wp-json\/wp\/v2\/pages"}],"about":[{"href":"https:\/\/www3.unicentro.br\/progesp\/wp-json\/wp\/v2\/types\/page"}],"author":[{"embeddable":true,"href":"https:\/\/www3.unicentro.br\/progesp\/wp-json\/wp\/v2\/users\/6"}],"replies":[{"embeddable":true,"href":"https:\/\/www3.unicentro.br\/progesp\/wp-json\/wp\/v2\/comments?post=625"}],"version-history":[{"count":4,"href":"https:\/\/www3.unicentro.br\/progesp\/wp-json\/wp\/v2\/pages\/625\/revisions"}],"predecessor-version":[{"id":1174,"href":"https:\/\/www3.unicentro.br\/progesp\/wp-json\/wp\/v2\/pages\/625\/revisions\/1174"}],"wp:attachment":[{"href":"https:\/\/www3.unicentro.br\/progesp\/wp-json\/wp\/v2\/media?parent=625"}],"curies":[{"name":"wp","href":"https:\/\/api.w.org\/{rel}","templated":true}]}}