{"id":578,"date":"2022-05-11T16:03:16","date_gmt":"2022-05-11T19:03:16","guid":{"rendered":"https:\/\/www3.unicentro.br\/prorh\/?page_id=578"},"modified":"2022-05-11T16:12:25","modified_gmt":"2022-05-11T19:12:25","slug":"fotos","status":"publish","type":"page","link":"https:\/\/www3.unicentro.br\/progesp\/fotos\/","title":{"rendered":"Fotos"},"content":{"rendered":"<ul>\n<li><a href=\"https:\/\/photos.google.com\/u\/1\/share\/AF1QipMxN3jAkkzt6fImeHzcgOL5ljMWjHFAuCTbvvB1dQVD4InG1y3kley7UwxPwGnQSw?key=MEZLd0Y3UTJDazBXZHNkeDdiZS1udU1rUHpDUFZ3\" target=\"_blank\" rel=\"noopener\"><strong>04, 05 e 06\/05 &#8211; Curso Reda\u00e7\u00e3o Oficial: aprimorando a escrita<\/strong><\/a><\/li>\n<li><strong><a href=\"https:\/\/photos.app.goo.gl\/wSEBW8AQZjMm7qe36\" target=\"_blank\" rel=\"noopener\">09\/05 &#8211; Rotinas T\u00e9cnicas da Proaf<\/a><\/strong><\/li>\n<li><strong><a href=\"https:\/\/photos.app.goo.gl\/NwVFxfy6avFA3xKh9\" target=\"_blank\" rel=\"noopener\">01 e 08\/04 &#8211; Palestra Motiva\u00e7\u00e3o ou autodetermina\u00e7\u00e3o: estrat\u00e9gias para engajamento e bem estar no trabalho &#8211; Jaqueline Puquevus de Souza<\/a><\/strong><\/li>\n<li><a href=\"https:\/\/photos.app.goo.gl\/vo98dNzjTdRX9aDG9\" target=\"_blank\" rel=\"noopener\"><strong>29, 30 e 31\/03 &#8211; Ambienta\u00e7\u00e3o de estagi\u00e1rios &#8211; Santa Cruz, Cedeteg e Irati<\/strong><\/a><\/li>\n<\/ul>\n","protected":false},"excerpt":{"rendered":"<p>04, 05 e 06\/05 &#8211; Curso Reda\u00e7\u00e3o Oficial: aprimorando a escrita 09\/05 &#8211; Rotinas T\u00e9cnicas da Proaf 01 e 08\/04 &#8211; Palestra Motiva\u00e7\u00e3o ou autodetermina\u00e7\u00e3o: estrat\u00e9gias para engajamento e bem estar no trabalho &#8211; Jaqueline Puquevus de Souza 29, 30 e 31\/03 &#8211; Ambienta\u00e7\u00e3o de estagi\u00e1rios &#8211; Santa Cruz, Cedeteg e Irati<\/p>\n","protected":false},"author":6,"featured_media":0,"parent":0,"menu_order":0,"comment_status":"closed","ping_status":"closed","template":"","meta":{"_exactmetrics_skip_tracking":false,"_exactmetrics_sitenote_active":false,"_exactmetrics_sitenote_note":"","_exactmetrics_sitenote_category":0,"footnotes":"","_links_to":"","_links_to_target":""},"class_list":["post-578","page","type-page","status-publish","hentry"],"_links":{"self":[{"href":"https:\/\/www3.unicentro.br\/progesp\/wp-json\/wp\/v2\/pages\/578","targetHints":{"allow":["GET"]}}],"collection":[{"href":"https:\/\/www3.unicentro.br\/progesp\/wp-json\/wp\/v2\/pages"}],"about":[{"href":"https:\/\/www3.unicentro.br\/progesp\/wp-json\/wp\/v2\/types\/page"}],"author":[{"embeddable":true,"href":"https:\/\/www3.unicentro.br\/progesp\/wp-json\/wp\/v2\/users\/6"}],"replies":[{"embeddable":true,"href":"https:\/\/www3.unicentro.br\/progesp\/wp-json\/wp\/v2\/comments?post=578"}],"version-history":[{"count":0,"href":"https:\/\/www3.unicentro.br\/progesp\/wp-json\/wp\/v2\/pages\/578\/revisions"}],"wp:attachment":[{"href":"https:\/\/www3.unicentro.br\/progesp\/wp-json\/wp\/v2\/media?parent=578"}],"curies":[{"name":"wp","href":"https:\/\/api.w.org\/{rel}","templated":true}]}}