{"id":533,"date":"2021-11-30T14:44:55","date_gmt":"2021-11-30T17:44:55","guid":{"rendered":"https:\/\/www3.unicentro.br\/prorh\/?page_id=533"},"modified":"2023-11-20T19:02:46","modified_gmt":"2023-11-20T22:02:46","slug":"tabelas-salariais","status":"publish","type":"page","link":"https:\/\/www3.unicentro.br\/progesp\/tabelas-salariais\/","title":{"rendered":"Tabelas salariais"},"content":{"rendered":"<div class=\"wpb-content-wrapper\"><p>[vc_row][vc_column][vc_column_text]<\/p>\n<ul>\n<li><a href=\"https:\/\/www3.unicentro.br\/prorh\/wp-content\/uploads\/sites\/58\/2023\/11\/Tabela_de_vencimento_b_sico_e_remunera_o_carreira_do_Magist_rio_P_blico_do_Ensino_Superior_do_Estado_do_Paran_Institui_es_Estaduais_de_Ensino_Superior_do_Estado_do_Paran_655b5a507b1d7.pdf\">Tabela de vencimento b\u00e1sico e remunera\u00e7\u00e3o carreira do Magist\u00e9rio P\u00fablico do Ensino Superior do Estado do Paran\u00e1 Institui\u00e7\u00f5es Estaduais de Ensino Superior do Estado do Paran\u00e1<\/a><\/li>\n<li><a href=\"https:\/\/www3.unicentro.br\/prorh\/wp-content\/uploads\/sites\/58\/2023\/11\/Tabela_de_vencimento_b_sico_e_remunera_o_carreira_T_cnica_Universit_ria_Institui_es_Estaduais_de_Ensino_Superior_do_Estado_do_Paran_655b5a519235c.pdf\">Tabela de vencimento b\u00e1sico e remunera\u00e7\u00e3o carreira T\u00e9cnica Universit\u00e1ria Institui\u00e7\u00f5es Estaduais de Ensino Superior do Estado do Paran\u00e1<\/a><\/li>\n<li><a href=\"https:\/\/www3.unicentro.br\/prorh\/wp-content\/uploads\/sites\/58\/2023\/11\/Tabela_de_valores_para_os_cargos_de_dire_o_acad_mica_e_fun_o_acad_mica_nas_Institui_es_Estaduais_de_Ensino_Superior_do_Estado_do_Paran_655b5a4f5fd06.pdf\">Tabela de valores para os cargos de dire\u00e7\u00e3o acad\u00eamica e fun\u00e7\u00e3o acad\u00eamica nas Institui\u00e7\u00f5es Estaduais de Ensino Superior do Estado do Paran\u00e1<\/a><\/li>\n<\/ul>\n<p>[\/vc_column_text][\/vc_column][\/vc_row]<\/p>\n<\/div>","protected":false},"excerpt":{"rendered":"<p>[vc_row][vc_column][vc_column_text] Tabela de vencimento b\u00e1sico e remunera\u00e7\u00e3o carreira do Magist\u00e9rio P\u00fablico do Ensino Superior do Estado do Paran\u00e1 Institui\u00e7\u00f5es Estaduais de Ensino Superior do Estado do Paran\u00e1 Tabela de vencimento b\u00e1sico e remunera\u00e7\u00e3o carreira T\u00e9cnica Universit\u00e1ria Institui\u00e7\u00f5es Estaduais de Ensino Superior do Estado do Paran\u00e1 Tabela de valores para os cargos de dire\u00e7\u00e3o acad\u00eamica e [&hellip;]<\/p>\n","protected":false},"author":6,"featured_media":0,"parent":0,"menu_order":0,"comment_status":"closed","ping_status":"closed","template":"","meta":{"_exactmetrics_skip_tracking":false,"_exactmetrics_sitenote_active":false,"_exactmetrics_sitenote_note":"","_exactmetrics_sitenote_category":0,"footnotes":"","_links_to":"","_links_to_target":""},"class_list":["post-533","page","type-page","status-publish","hentry"],"_links":{"self":[{"href":"https:\/\/www3.unicentro.br\/progesp\/wp-json\/wp\/v2\/pages\/533","targetHints":{"allow":["GET"]}}],"collection":[{"href":"https:\/\/www3.unicentro.br\/progesp\/wp-json\/wp\/v2\/pages"}],"about":[{"href":"https:\/\/www3.unicentro.br\/progesp\/wp-json\/wp\/v2\/types\/page"}],"author":[{"embeddable":true,"href":"https:\/\/www3.unicentro.br\/progesp\/wp-json\/wp\/v2\/users\/6"}],"replies":[{"embeddable":true,"href":"https:\/\/www3.unicentro.br\/progesp\/wp-json\/wp\/v2\/comments?post=533"}],"version-history":[{"count":1,"href":"https:\/\/www3.unicentro.br\/progesp\/wp-json\/wp\/v2\/pages\/533\/revisions"}],"predecessor-version":[{"id":843,"href":"https:\/\/www3.unicentro.br\/progesp\/wp-json\/wp\/v2\/pages\/533\/revisions\/843"}],"wp:attachment":[{"href":"https:\/\/www3.unicentro.br\/progesp\/wp-json\/wp\/v2\/media?parent=533"}],"curies":[{"name":"wp","href":"https:\/\/api.w.org\/{rel}","templated":true}]}}