{"id":45,"date":"2018-11-01T10:33:20","date_gmt":"2018-11-01T12:33:20","guid":{"rendered":"https:\/\/www3.unicentro.br\/prorh\/?page_id=45"},"modified":"2026-04-07T19:01:45","modified_gmt":"2026-04-07T22:01:45","slug":"formularios","status":"publish","type":"page","link":"https:\/\/www3.unicentro.br\/progesp\/formularios\/","title":{"rendered":"Formul\u00e1rios"},"content":{"rendered":"<div class=\"wpb-content-wrapper\"><p>[vc_row][vc_column][vc_column_text css=&#8221;&#8221;]<\/p>\n<ul>\n<li><a href=\"https:\/\/www3.unicentro.br\/progesp\/formularios\/plano-capacitacao\/\"><strong>Plano de Capacita\u00e7\u00e3o da Carreira T\u00e9cnica Universit\u00e1ria<\/strong><\/a><\/li>\n<li><a href=\"https:\/\/www3.unicentro.br\/progesp\/wp-content\/uploads\/sites\/58\/2025\/06\/Est_gio_Obrigat_rio_Unicentro_6846d9be48d6d.pdf\"><strong>Requerimento para Est\u00e1gio Obrigat\u00f3rio<\/strong><\/a><\/li>\n<li><a href=\"https:\/\/www3.unicentro.br\/progesp\/wp-content\/uploads\/sites\/58\/2025\/04\/FORMUL_RIO_LTCAT_edit_vel_67f6573c47103.pdf\"><strong>Solicita\u00e7\u00e3o do LTCAT &#8211; Laudo T\u00e9cnico de Condi\u00e7\u00f5es Ambientais do Trabalho<\/strong><\/a><\/li>\n<li><a href=\"https:\/\/www3.unicentro.br\/progesp\/wp-content\/uploads\/sites\/58\/2024\/10\/Formul_rio_solicita_altera_o_de_RT_31_10_2024_6723c2c536d22.doc\"><strong>Formul\u00e1rio de solicita\u00e7\u00e3o de altera\u00e7\u00e3o de Regime de Trabalho de Professor\u00a0Colaborador (.doc)<\/strong><\/a><\/li>\n<li><a href=\"https:\/\/www3.unicentro.br\/progesp\/wp-content\/uploads\/sites\/58\/2024\/10\/Formul_rio_solicita_contrata_o_de_docente_colaborador_31_10_2024_6723c2ce7e37d.doc\"><strong>Formul\u00e1rio de solicita\u00e7\u00e3o de contrata\u00e7\u00e3o de Professor Colaborador (.doc)<\/strong><\/a><\/li>\n<li><a href=\"https:\/\/www3.unicentro.br\/progesp\/wp-content\/uploads\/sites\/58\/2024\/10\/Formul_rio_solicita_renova_o_de_contrato_de_docente_colaborador_6723c2c9d007f.doc\"><strong>Formul\u00e1rio de solicita\u00e7\u00e3o de Renova\u00e7\u00e3o Contratual de Professor Colaborador (.doc)<\/strong><\/a><\/li>\n<li><a href=\"https:\/\/www3.unicentro.br\/progesp\/wp-content\/uploads\/sites\/58\/2026\/04\/2026_AA_NOVA_II_Progesp_Declara_o_de_Ac_mulo_de_Cargo_Ac_mulo_Legal_69d513b1a2485.pdf\"><strong>Declara\u00e7\u00e3o de ac\u00famulo legal de cargos (vers\u00e3o atualizada &#8211; 2026)<\/strong><\/a><\/li>\n<li><a href=\"https:\/\/www3.unicentro.br\/progesp\/wp-content\/uploads\/sites\/58\/2026\/04\/2026_AA_NOVA_I_Declara_o_de_Nao_Ac_mulo_de_Cargo_IN_142_2028_TCE_1_69d513acf13f7.pdf\"><strong>Declara\u00e7\u00e3o de n\u00e3o ac\u00famulo de cargos (vers\u00e3o atualizada &#8211; 2026)<\/strong><\/a><\/li>\n<li><a href=\"https:\/\/www3.unicentro.br\/prorh\/formularios-plantao-docente\/\"><strong>Plant\u00e3o docente<\/strong><\/a><\/li>\n<li><a href=\"https:\/\/www3.unicentro.br\/prorh\/2022\/12\/19\/licenca-capacitacao\/\"><strong>Licen\u00e7a Capacita\u00e7\u00e3o<\/strong><\/a><\/li>\n<li><strong><a href=\"https:\/\/www3.unicentro.br\/prorh\/controle-de-frequencia-de-docentes\/\">Controle de frequ\u00eancia de docentes<\/a><\/strong><\/li>\n<li><a href=\"http:\/\/www3.unicentro.br\/prorh\/wp-content\/uploads\/sites\/58\/2019\/03\/Proposta_de_Plano_de_Trabalho_Servi_o_Volunt_rio_IN_1_2019_PRORH_5c817ddff082b.pdf\"><strong>Anexo \u00fanico da Instru\u00e7\u00e3o Normativa n\u00ba 1\/2019-ProRH<\/strong> &#8211; Proposta de plano de trabalho volunt\u00e1rio [.pdf]<\/a><\/li>\n<li><a href=\"http:\/\/www3.unicentro.br\/prorh\/wp-content\/uploads\/sites\/58\/2019\/09\/Instru_o_Normativa_2_2016_PRORH_UNICENTRO_Licen_a_Especial_anexo_3_5d7fd2555876e.pdf\"><strong>Anexo III, da Instru\u00e7\u00e3o Normativa n\u00ba 2\/2016-ProRH<\/strong> &#8211; Planejamento anual de licen\u00e7as especiais dos docentes [.pdf]<\/a><\/li>\n<li><a href=\"https:\/\/www3.unicentro.br\/prorh\/wp-content\/uploads\/sites\/58\/2018\/11\/Resolu_o_n_9_2017_Flexibiliza_o_Anexos_599324dd41872.pdf\"><strong>Anexo I, da resolu\u00e7\u00e3o n\u00ba 9-CAD<\/strong> &#8211; Formul\u00e1rio de requerimento de flexibiliza\u00e7\u00e3o de hor\u00e1rio de trabalho agente universit\u00e1rio [.pdf]<\/a><\/li>\n<li><strong><a href=\"https:\/\/www3.unicentro.br\/prorh\/wp-content\/uploads\/sites\/58\/2018\/11\/CAT_Comunica_o_de_Acidente_do_Trabalho_Estatut_rio_593eceaa3f1ea.pdf\">Comunica\u00e7\u00e3o de Acidente do Trabalho [.pdf]<\/a><\/strong><\/li>\n<li><strong><a href=\"https:\/\/www3.unicentro.br\/progesp\/wp-content\/uploads\/sites\/58\/2024\/12\/Requerimento_de_Regime_de_TIDE___Docentes_674e10471efd3.pdf\">Requerimento de enquadramento no Regime de Trabalho de Tempo Integral e Dedica\u00e7\u00e3o Exclusiva, Tide &#8211; Docentes [.pdf]<\/a><\/strong><\/li>\n<li><a href=\"https:\/\/www3.unicentro.br\/prorh\/wp-content\/uploads\/sites\/58\/2021\/02\/Instru_o_Normativa_6_2020_PRORH_UNICENTRO_Licen_a_Especial_Requerimento_Docente_5fe0d4c80ba6c_6022ba1870c84.pdf\"><strong>Requerimento de Licen\u00e7a Especial &#8211; Professor de Ensino Superior &#8211; IN 6-PRORH\/2020 [.pdf]<\/strong><\/a><\/li>\n<li><strong><a href=\"http:\/\/www3.unicentro.br\/prorh\/wp-content\/uploads\/sites\/58\/2019\/07\/Requerimento_de_Licen_a_Especial_Agente_Universit_rio_IN_2_2019_PRORH_Anexo_I_5d3b4cc71d6ad.pdf\">Requerimento de Licen\u00e7a Especial &#8211; Agente Universit\u00e1rio &#8211; IN 2-2019-PRORH [.pdf]<\/a><\/strong><\/li>\n<li><a href=\"https:\/\/www3.unicentro.br\/progesp\/wp-content\/uploads\/sites\/58\/2025\/07\/AnexoI_Requerimentoderemocao_688b597c9999c.docx\"><strong>Formul\u00e1rio de Remo\u00e7\u00e3o entre Institui\u00e7\u00f5es de Ensino Superior [.doc]<\/strong><\/a><\/li>\n<li><strong><a href=\"https:\/\/www3.unicentro.br\/prorh\/wp-content\/uploads\/sites\/58\/2018\/11\/1_Formul_rio_de_Remo_o_Termo_de_Anu_ncia_57da94a260728.doc\">Formul\u00e1rio de Remo\u00e7\u00e3o &#8211; Termo de Anu\u00eancia [.doc]<\/a><\/strong><\/li>\n<li><a href=\"https:\/\/www3.unicentro.br\/progesp\/2025\/09\/16\/adicionais-de-insalubridade-periculosidade-e-gas\/\"><strong>Adicionais de Insalubridade, Periculosidade e GAS<\/strong><\/a><\/li>\n<li><strong><a href=\"https:\/\/www3.unicentro.br\/prorh\/wp-content\/uploads\/sites\/58\/2018\/11\/Formul_rio_Auxilio_funeral_Seguro_vida_PARANAPREVIDENCIA_53c959c46e431.pdf\">Formul\u00e1rio &#8211; Res\u00edduo de Benef\u00edcio\/Aux\u00edlio Funeral\/Seguro de Vida<\/a><\/strong><\/li>\n<li><strong><a href=\"https:\/\/www3.unicentro.br\/prorh\/wp-content\/uploads\/sites\/58\/2019\/04\/REQUERIMENTO_DE_EXONERA_O_DIGITAL_AGENTE_UNIVERSIT_RIO_5cab5311c8a53.doc\">Requerimento de Exonera\u00e7\u00e3o &#8211; Agentes Universit\u00e1rios<\/a><\/strong><\/li>\n<li><strong><a href=\"https:\/\/www3.unicentro.br\/prorh\/wp-content\/uploads\/sites\/58\/2019\/04\/REQUERIMENTO_DE_EXONERA_O_DIGITAL_DOCENTE_5cab532d108c0.doc\">Requerimento de Exonera\u00e7\u00e3o &#8211; Docente<\/a><\/strong><\/li>\n<li><strong><a href=\"http:\/\/www3.unicentro.br\/prorh\/wp-content\/uploads\/sites\/58\/2019\/09\/Requerimento_Reducao_Carga_Horaria_5d8ba76d69edc.pdf\">Requerimento de Redu\u00e7\u00e3o de Carga Hor\u00e1ria<\/a><\/strong><\/li>\n<li><strong><a href=\"https:\/\/www3.unicentro.br\/progesp\/wp-content\/uploads\/sites\/58\/2025\/04\/013_REQUERIMENTO_CTC_REV07_67f58035bd316.pdf\">Requerimento de Tempo de Contribui\u00e7\u00e3o Previdenci\u00e1ria para ex servidor\u00a0<\/a><\/strong><\/li>\n<li><strong><a href=\"https:\/\/www3.unicentro.br\/prorh\/wp-content\/uploads\/sites\/58\/2018\/11\/Requerimento_viagem_ao_exterior_20121214_1_519637ca28377.doc\">Requerimento de viagem ao exterior<\/a><\/strong><\/li>\n<li><strong><a href=\"https:\/\/www3.unicentro.br\/prorh\/wp-content\/uploads\/sites\/58\/2018\/11\/FORMULARIO_AUXILIO_FUNERAL_539b05f408a2a.pdf\">Formul\u00e1rio de Aux\u00edlio Funeral<\/a><\/strong><\/li>\n<li><strong><a href=\"https:\/\/www3.unicentro.br\/prorh\/wp-content\/uploads\/sites\/58\/2018\/11\/Formulario_Opcao_manutencao_contribuicoes_previdenciarias_rev01_539b061ba4958.pdf\">Op\u00e7\u00e3o de Recolhimentos<\/a><\/strong><\/li>\n<li><a href=\"https:\/\/www3.unicentro.br\/prorh\/wp-content\/uploads\/sites\/58\/2018\/11\/FORMULARIO_DISPOSI_O_FUNCIONAL_539b063e84672.pdf\"><strong>Formul\u00e1rio de Disposi\u00e7\u00e3o Funcional<\/strong><\/a><\/li>\n<li><strong><a href=\"http:\/\/www3.unicentro.br\/prorh\/wp-content\/uploads\/sites\/58\/2019\/08\/Declara_o_de_Dependentes_5d655cd27a04d.pdf\">Declara\u00e7\u00e3o de dependentes para imposto de renda e sal\u00e1rio fam\u00edlia<\/a><\/strong><\/li>\n<\/ul>\n<p>[\/vc_column_text][\/vc_column][\/vc_row]<\/p>\n<\/div>","protected":false},"excerpt":{"rendered":"<p>[vc_row][vc_column][vc_column_text css=&#8221;&#8221;] Plano de Capacita\u00e7\u00e3o da Carreira T\u00e9cnica Universit\u00e1ria Requerimento para Est\u00e1gio Obrigat\u00f3rio Solicita\u00e7\u00e3o do LTCAT &#8211; Laudo T\u00e9cnico de Condi\u00e7\u00f5es Ambientais do Trabalho Formul\u00e1rio de solicita\u00e7\u00e3o de altera\u00e7\u00e3o de Regime de Trabalho de Professor\u00a0Colaborador (.doc) Formul\u00e1rio de solicita\u00e7\u00e3o de contrata\u00e7\u00e3o de Professor Colaborador (.doc) Formul\u00e1rio de solicita\u00e7\u00e3o de Renova\u00e7\u00e3o Contratual de Professor Colaborador (.doc) [&hellip;]<\/p>\n","protected":false},"author":3,"featured_media":0,"parent":0,"menu_order":0,"comment_status":"closed","ping_status":"closed","template":"","meta":{"_exactmetrics_skip_tracking":false,"_exactmetrics_sitenote_active":false,"_exactmetrics_sitenote_note":"","_exactmetrics_sitenote_category":0,"footnotes":"","_links_to":"","_links_to_target":""},"class_list":["post-45","page","type-page","status-publish","hentry"],"_links":{"self":[{"href":"https:\/\/www3.unicentro.br\/progesp\/wp-json\/wp\/v2\/pages\/45","targetHints":{"allow":["GET"]}}],"collection":[{"href":"https:\/\/www3.unicentro.br\/progesp\/wp-json\/wp\/v2\/pages"}],"about":[{"href":"https:\/\/www3.unicentro.br\/progesp\/wp-json\/wp\/v2\/types\/page"}],"author":[{"embeddable":true,"href":"https:\/\/www3.unicentro.br\/progesp\/wp-json\/wp\/v2\/users\/3"}],"replies":[{"embeddable":true,"href":"https:\/\/www3.unicentro.br\/progesp\/wp-json\/wp\/v2\/comments?post=45"}],"version-history":[{"count":3,"href":"https:\/\/www3.unicentro.br\/progesp\/wp-json\/wp\/v2\/pages\/45\/revisions"}],"predecessor-version":[{"id":1192,"href":"https:\/\/www3.unicentro.br\/progesp\/wp-json\/wp\/v2\/pages\/45\/revisions\/1192"}],"wp:attachment":[{"href":"https:\/\/www3.unicentro.br\/progesp\/wp-json\/wp\/v2\/media?parent=45"}],"curies":[{"name":"wp","href":"https:\/\/api.w.org\/{rel}","templated":true}]}}