{"id":404,"date":"2021-05-25T15:57:21","date_gmt":"2021-05-25T18:57:21","guid":{"rendered":"https:\/\/www3.unicentro.br\/prorh\/?page_id=404"},"modified":"2025-04-07T16:33:24","modified_gmt":"2025-04-07T19:33:24","slug":"encontros-sobre-rotinas-institucionais","status":"publish","type":"page","link":"https:\/\/www3.unicentro.br\/progesp\/encontros-sobre-rotinas-institucionais\/","title":{"rendered":"Encontros sobre Rotinas Institucionais 2025"},"content":{"rendered":"<div class=\"wpb-content-wrapper\"><p>[vc_row disable_element=&#8221;yes&#8221; u_row_style=&#8221;0&#8243; u_row_paralax=&#8221;0&#8243; u_row_scheme=&#8221;0&#8243;][vc_column width=&#8221;1\/2&#8243;][vc_video link=&#8221;https:\/\/youtu.be\/JejRtRdCe54&#8243; el_width=&#8221;80&#8243; align=&#8221;center&#8221; css=&#8221;.vc_custom_1621976087418{background-color: #ede6c2 !important;}&#8221; title=&#8221;Central de Rela\u00e7\u00f5es Institucionais, Inova\u00e7\u00e3o, Empreendedorismo e Empregabilidade:&#8221; el_class=&#8221;menu-destaque&#8221;][vc_video link=&#8221;https:\/\/youtu.be\/dYz6JrybY_A&#8221; el_width=&#8221;80&#8243; align=&#8221;center&#8221; css=&#8221;.vc_custom_1621976126027{background-color: #ede6c2 !important;}&#8221; title=&#8221;Coordenadoria de Apoio ao Estudante:&#8221; el_class=&#8221;menu-destaque&#8221;][vc_video link=&#8221;https:\/\/youtu.be\/Arc_WQHgM7s&#8221; el_width=&#8221;80&#8243; align=&#8221;center&#8221; css=&#8221;.vc_custom_1622241873898{background-color: #ede6c2 !important;}&#8221; title=&#8221;Pr\u00f3-Reitoria de Planejamento:&#8221; el_class=&#8221;menu-destaque&#8221;][vc_video link=&#8221;https:\/\/youtu.be\/aKv6YaJ-mNc&#8221; el_width=&#8221;80&#8243; align=&#8221;center&#8221; css=&#8221;.vc_custom_1621976141173{background-color: #ede6c2 !important;}&#8221; title=&#8221;Coordenadoria de Educa\u00e7\u00e3o a Dist\u00e2ncia:&#8221; el_class=&#8221;menu-destaque&#8221;][vc_video link=&#8221;https:\/\/youtu.be\/V6fUYJmwJOU&#8221; el_width=&#8221;80&#8243; align=&#8221;center&#8221; css=&#8221;.vc_custom_1621976267575{background-color: #ede6c2 !important;}&#8221; title=&#8221;Coordenadoria de Processos Seletivos:&#8221; el_class=&#8221;menu-destaque&#8221;][vc_video link=&#8221;https:\/\/youtu.be\/dyfWceaChEc&#8221; el_width=&#8221;80&#8243; align=&#8221;center&#8221; css=&#8221;.vc_custom_1621976408446{background-color: #ede6c2 !important;}&#8221; title=&#8221;Pr\u00f3-Reitoria de Pesquisa e P\u00f3s-Gradua\u00e7\u00e3o:&#8221; el_class=&#8221;menu-destaque&#8221;][vc_video link=&#8221;https:\/\/youtu.be\/pHbMP3MT-aE&#8221; el_width=&#8221;80&#8243; align=&#8221;center&#8221; css=&#8221;.vc_custom_1621976501546{background-color: #ede6c2 !important;}&#8221; title=&#8221;Pr\u00f3-Reitoria de Recursos Humanos:&#8221; el_class=&#8221;menu-destaque&#8221;][vc_video link=&#8221;https:\/\/youtu.be\/gJqqIsvPgEc&#8221; el_width=&#8221;80&#8243; align=&#8221;center&#8221; css=&#8221;.vc_custom_1621976563750{background-color: #ede6c2 !important;}&#8221; title=&#8221;Dire\u00e7\u00e3o-Geral do Campus Santa Cruz:&#8221; el_class=&#8221;menu-destaque&#8221;][vc_video link=&#8221;https:\/\/youtu.be\/DVI8SYEwC3g&#8221; el_width=&#8221;80&#8243; align=&#8221;center&#8221; css=&#8221;.vc_custom_1622242054640{background-color: #ede6c2 !important;}&#8221; title=&#8221;Entre docentes:&#8221; el_class=&#8221;menu-destaque&#8221;][\/vc_column][vc_column width=&#8221;1\/2&#8243;][vc_video link=&#8221;https:\/\/youtu.be\/Nwr_P-mF28o&#8221; el_width=&#8221;80&#8243; align=&#8221;center&#8221; css=&#8221;.vc_custom_1621976095850{background-color: #ede6c2 !important;}&#8221; title=&#8221;Pr\u00f3-Reitoria de Administra\u00e7\u00e3o e Finan\u00e7as:&#8221; el_class=&#8221;menu-destaque&#8221;][vc_video link=&#8221;https:\/\/youtu.be\/f5pHM9jrWbE&#8221; el_width=&#8221;80&#8243; align=&#8221;center&#8221; css=&#8221;.vc_custom_1621976148630{background-color: #ede6c2 !important;}&#8221; title=&#8221;Coordenadoria de Conv\u00eanios e Capta\u00e7\u00e3o de Recursos:&#8221; el_class=&#8221;menu-destaque&#8221;][vc_video link=&#8221;https:\/\/youtu.be\/bmiJjq88atQ&#8221; el_width=&#8221;80&#8243; align=&#8221;center&#8221; css=&#8221;.vc_custom_1621976154253{background-color: #ede6c2 !important;}&#8221; title=&#8221;Pr\u00f3-Reitoria de Ensino:&#8221; el_class=&#8221;menu-destaque&#8221;][vc_video link=&#8221;https:\/\/youtu.be\/iErk9gZzmkI&#8221; el_width=&#8221;80&#8243; align=&#8221;center&#8221; css=&#8221;.vc_custom_1621976159455{background-color: #ede6c2 !important;}&#8221; title=&#8221;Dire\u00e7\u00e3o-Geral do Campus de Irati:&#8221; el_class=&#8221;menu-destaque&#8221;][vc_video link=&#8221;https:\/\/youtu.be\/q-U_Ly6GNz0&#8243; el_width=&#8221;80&#8243; align=&#8221;center&#8221; css=&#8221;.vc_custom_1622241932931{background-color: #ede6c2 !important;}&#8221; title=&#8221;Coordenadoria de Tecnologia e Informa\u00e7\u00e3o:&#8221; el_class=&#8221;menu-destaque&#8221;][vc_video link=&#8221;https:\/\/youtu.be\/it3YTjSRq3k&#8221; el_width=&#8221;80&#8243; align=&#8221;center&#8221; css=&#8221;.vc_custom_1621976429394{background-color: #ede6c2 !important;}&#8221; title=&#8221;Pr\u00f3-Reitoria de Extens\u00e3o e Cultura:&#8221; el_class=&#8221;menu-destaque&#8221;][vc_video link=&#8221;https:\/\/youtu.be\/h2QlKOTpvrs&#8221; el_width=&#8221;80&#8243; align=&#8221;center&#8221; css=&#8221;.vc_custom_1621976521039{background-color: #ede6c2 !important;}&#8221; title=&#8221;Coordenadoria de Comunica\u00e7\u00e3o Social:&#8221; el_class=&#8221;menu-destaque&#8221;][vc_video link=&#8221;https:\/\/youtu.be\/B6AvJcRZlZU&#8221; el_width=&#8221;80&#8243; align=&#8221;center&#8221; css=&#8221;.vc_custom_1622241954472{background-color: #ede6c2 !important;}&#8221; title=&#8221;Dire\u00e7\u00e3o-Geral do Campus Cedeteg:&#8221; el_class=&#8221;menu-destaque&#8221;][\/vc_column][\/vc_row][vc_row][vc_column][vc_column_text css=&#8221;&#8221;]<\/p>\n<ul>\n<li><a href=\"https:\/\/drive.google.com\/file\/d\/156Z8D0DraoFCIlt3deMuzDZdwfLdaE2t\/view?usp=sharing\">Coordenadoria de Comunica\u00e7\u00e3o Social, Coorc<\/a><\/li>\n<li><a href=\"https:\/\/prezi.com\/i\/hewwpho4fxua\/coorconv\/\">Coordenadoria de Conv\u00eanios, Coorconv<\/a><\/li>\n<li><a href=\"https:\/\/drive.google.com\/file\/d\/1_aSL8W1plibYyeJDJVllqyh192ECKcsI\/view?usp=drive_link\">Coordenadoria de Processos Seletivos, Coorps<\/a><\/li>\n<li><span style=\"text-decoration: underline\">Coordenadoria de Tecnologia e Informa\u00e7\u00e3o, Coorti<\/span>\n<ul>\n<li><a href=\"https:\/\/drive.google.com\/file\/d\/1N4ZOTp-H4JhOD0WlV__UAHql_eXfUVSl\/view?usp=drive_link\">Guarapuava<\/a><\/li>\n<li><a href=\"https:\/\/drive.google.com\/file\/d\/18oxDCBH4ArRjFFQthpYAv6te-Rvx-4Vk\/view?usp=drive_link\">Irati<\/a><\/li>\n<\/ul>\n<\/li>\n<li><a href=\"https:\/\/drive.google.com\/file\/d\/1_o6rbKMZLtwyNNYEF9RQQumjWKW-BHKI\/view?usp=drive_link\">Coordenadoria de Educa\u00e7\u00e3o a Dist\u00e2ncia, Coored<\/a><\/li>\n<li><a href=\"https:\/\/drive.google.com\/file\/d\/1Ec3z70X69tDD3MqQ8qN64eqg76D8DgXC\/view?usp=drive_link\">Dire\u00e7\u00e3o do C\u00e2mpus Cedeteg, Dircamp\/C<\/a><\/li>\n<li><a href=\"https:\/\/drive.google.com\/file\/d\/1pLKmxbWKV4qjpMqLvfbMH1mcSvgklMtE\/view?usp=drive_link\">Dire\u00e7\u00e3o do C\u00e2mpus de Irati, Dircamp\/I<\/a><\/li>\n<li><a href=\"https:\/\/drive.google.com\/file\/d\/1h2NvjwcYNLgDoiQBAySAoBldb3Po8UX9\/view?usp=drive_link\">Dire\u00e7\u00e3o do C\u00e2mpus Santa Cruz, Dircamp\/SC<\/a><\/li>\n<li><a href=\"https:\/\/drive.google.com\/file\/d\/1foV3pW0y_2HfDDURM2-u6BzUdK2zim8m\/view?usp=drive_link\">Gabinete da Reitoria<\/a><\/li>\n<li><a href=\"https:\/\/www2.unicentro.br\/proaf\/\">Pr\u00f3-Reitoria de Administra\u00e7\u00e3o e Finan\u00e7as, Proaf<\/a><\/li>\n<li><a href=\"https:\/\/drive.google.com\/file\/d\/15f5pdnOJPKrll_YnQZWjcAmW4gVxUle6\/view?usp=drive_link\">Pr\u00f3-Reitoria de Ensino, Proen<\/a><\/li>\n<li><a href=\"https:\/\/drive.google.com\/file\/d\/10GgES_sla0-fXCI41jIM_hRwLmTy5d3K\/view?usp=drive_link\">Pr\u00f3-Reitoria de Extens\u00e3o e Cultura, Proec<\/a><\/li>\n<li><a href=\"https:\/\/drive.google.com\/file\/d\/1zoK1lERVuZmQRFfQtgTCMXK_CtB-6YMr\/view?usp=drive_link\">Pr\u00f3-Reitoria de Pesquisa e P\u00f3s-Gradua\u00e7\u00e3o, Propesp<\/a><\/li>\n<li><a href=\"https:\/\/drive.google.com\/file\/d\/1Z17i7KPHUHkbWxIHuydK4EGvchCegbfp\/view?usp=drive_link\">Pr\u00f3-Reitoria de Planejamento, Proplan<\/a><\/li>\n<li><a href=\"https:\/\/drive.google.com\/file\/d\/1_LN3wa9Syvsvf3hXjK-xjp2NLI9qbbk-\/view?usp=drive_link\">Pr\u00f3-Reitoria de Gest\u00e3o de Pessoas, Progesp<\/a><\/li>\n<li><a href=\"https:\/\/drive.google.com\/file\/d\/1CumnoE3D7oRiZxmgfoBK7_rd7JKFsCf8\/view?usp=drive_link\">Pr\u00f3-Reitoria de Apoio aos Estudantes, Proae<\/a><\/li>\n<\/ul>\n<p>[\/vc_column_text][\/vc_column][\/vc_row]<\/p>\n<\/div>","protected":false},"excerpt":{"rendered":"<p>[vc_row disable_element=&#8221;yes&#8221; u_row_style=&#8221;0&#8243; u_row_paralax=&#8221;0&#8243; u_row_scheme=&#8221;0&#8243;][vc_column width=&#8221;1\/2&#8243;][vc_video link=&#8221;https:\/\/youtu.be\/JejRtRdCe54&#8243; el_width=&#8221;80&#8243; align=&#8221;center&#8221; css=&#8221;.vc_custom_1621976087418{background-color: #ede6c2 !important;}&#8221; title=&#8221;Central de Rela\u00e7\u00f5es Institucionais, Inova\u00e7\u00e3o, Empreendedorismo e Empregabilidade:&#8221; el_class=&#8221;menu-destaque&#8221;][vc_video link=&#8221;https:\/\/youtu.be\/dYz6JrybY_A&#8221; el_width=&#8221;80&#8243; align=&#8221;center&#8221; css=&#8221;.vc_custom_1621976126027{background-color: #ede6c2 !important;}&#8221; title=&#8221;Coordenadoria de Apoio ao Estudante:&#8221; el_class=&#8221;menu-destaque&#8221;][vc_video link=&#8221;https:\/\/youtu.be\/Arc_WQHgM7s&#8221; el_width=&#8221;80&#8243; align=&#8221;center&#8221; css=&#8221;.vc_custom_1622241873898{background-color: #ede6c2 !important;}&#8221; title=&#8221;Pr\u00f3-Reitoria de Planejamento:&#8221; el_class=&#8221;menu-destaque&#8221;][vc_video link=&#8221;https:\/\/youtu.be\/aKv6YaJ-mNc&#8221; el_width=&#8221;80&#8243; align=&#8221;center&#8221; css=&#8221;.vc_custom_1621976141173{background-color: #ede6c2 !important;}&#8221; title=&#8221;Coordenadoria de Educa\u00e7\u00e3o a Dist\u00e2ncia:&#8221; el_class=&#8221;menu-destaque&#8221;][vc_video [&hellip;]<\/p>\n","protected":false},"author":6,"featured_media":0,"parent":0,"menu_order":0,"comment_status":"closed","ping_status":"closed","template":"","meta":{"_exactmetrics_skip_tracking":false,"_exactmetrics_sitenote_active":false,"_exactmetrics_sitenote_note":"","_exactmetrics_sitenote_category":0,"footnotes":"","_links_to":"","_links_to_target":""},"class_list":["post-404","page","type-page","status-publish","hentry"],"_links":{"self":[{"href":"https:\/\/www3.unicentro.br\/progesp\/wp-json\/wp\/v2\/pages\/404","targetHints":{"allow":["GET"]}}],"collection":[{"href":"https:\/\/www3.unicentro.br\/progesp\/wp-json\/wp\/v2\/pages"}],"about":[{"href":"https:\/\/www3.unicentro.br\/progesp\/wp-json\/wp\/v2\/types\/page"}],"author":[{"embeddable":true,"href":"https:\/\/www3.unicentro.br\/progesp\/wp-json\/wp\/v2\/users\/6"}],"replies":[{"embeddable":true,"href":"https:\/\/www3.unicentro.br\/progesp\/wp-json\/wp\/v2\/comments?post=404"}],"version-history":[{"count":2,"href":"https:\/\/www3.unicentro.br\/progesp\/wp-json\/wp\/v2\/pages\/404\/revisions"}],"predecessor-version":[{"id":1058,"href":"https:\/\/www3.unicentro.br\/progesp\/wp-json\/wp\/v2\/pages\/404\/revisions\/1058"}],"wp:attachment":[{"href":"https:\/\/www3.unicentro.br\/progesp\/wp-json\/wp\/v2\/media?parent=404"}],"curies":[{"name":"wp","href":"https:\/\/api.w.org\/{rel}","templated":true}]}}