{"id":29,"date":"2018-11-01T09:41:18","date_gmt":"2018-11-01T11:41:18","guid":{"rendered":"https:\/\/www3.unicentro.br\/prorh\/?page_id=29"},"modified":"2022-03-25T11:15:29","modified_gmt":"2022-03-25T14:15:29","slug":"provars","status":"publish","type":"page","link":"https:\/\/www3.unicentro.br\/progesp\/provars\/","title":{"rendered":"Provars"},"content":{"rendered":"<p class=\"s1\" align=\"justify\">O Programa de Valoriza\u00e7\u00e3o e Relacionamento dos Servidores \u2013 Provars, foi criado no ano de 2005 com o objetivo de oferecer cursos, palestras, treinamentos e atividades motivacionais, mostrando preocupa\u00e7\u00e3o com o bem estar e a qualidade de vida de seus colaboradores e trabalhando de maneira que possa beneficiar o maior n\u00famero de servidores poss\u00edvel.<\/p>\n<p class=\"s1\" align=\"justify\">O Provars promove cursos individualmente e\/ou cursos em parceria com a Escola de Governo, o qual tamb\u00e9m \u00e9 um programa de aperfei\u00e7oamento de servidores estaduais devidamente pertencentes ao Quadro Pr\u00f3prio do Governo do Estado do Paran\u00e1.<\/p>\n","protected":false},"excerpt":{"rendered":"<p>O Programa de Valoriza\u00e7\u00e3o e Relacionamento dos Servidores \u2013 Provars, foi criado no ano de 2005 com o objetivo de oferecer cursos, palestras, treinamentos e atividades motivacionais, mostrando preocupa\u00e7\u00e3o com o bem estar e a qualidade de vida de seus colaboradores e trabalhando de maneira que possa beneficiar o maior n\u00famero de servidores poss\u00edvel. O [&hellip;]<\/p>\n","protected":false},"author":3,"featured_media":0,"parent":0,"menu_order":0,"comment_status":"closed","ping_status":"closed","template":"","meta":{"_exactmetrics_skip_tracking":false,"_exactmetrics_sitenote_active":false,"_exactmetrics_sitenote_note":"","_exactmetrics_sitenote_category":0,"footnotes":"","_links_to":"","_links_to_target":""},"class_list":["post-29","page","type-page","status-publish","hentry"],"_links":{"self":[{"href":"https:\/\/www3.unicentro.br\/progesp\/wp-json\/wp\/v2\/pages\/29","targetHints":{"allow":["GET"]}}],"collection":[{"href":"https:\/\/www3.unicentro.br\/progesp\/wp-json\/wp\/v2\/pages"}],"about":[{"href":"https:\/\/www3.unicentro.br\/progesp\/wp-json\/wp\/v2\/types\/page"}],"author":[{"embeddable":true,"href":"https:\/\/www3.unicentro.br\/progesp\/wp-json\/wp\/v2\/users\/3"}],"replies":[{"embeddable":true,"href":"https:\/\/www3.unicentro.br\/progesp\/wp-json\/wp\/v2\/comments?post=29"}],"version-history":[{"count":0,"href":"https:\/\/www3.unicentro.br\/progesp\/wp-json\/wp\/v2\/pages\/29\/revisions"}],"wp:attachment":[{"href":"https:\/\/www3.unicentro.br\/progesp\/wp-json\/wp\/v2\/media?parent=29"}],"curies":[{"name":"wp","href":"https:\/\/api.w.org\/{rel}","templated":true}]}}