{"id":25,"date":"2018-11-01T09:29:34","date_gmt":"2018-11-01T11:29:34","guid":{"rendered":"https:\/\/www3.unicentro.br\/prorh\/?page_id=25"},"modified":"2024-06-18T15:11:39","modified_gmt":"2024-06-18T18:11:39","slug":"inicial","status":"publish","type":"page","link":"https:\/\/www3.unicentro.br\/progesp\/","title":{"rendered":"Inicial"},"content":{"rendered":"<div class=\"wpb-content-wrapper\"><p>[vc_row][vc_column width=&#8221;1\/12&#8243;][\/vc_column][vc_column width=&#8221;5\/6&#8243;][vc_column_text css=&#8221;&#8221;]<\/p>\n<p style=\"text-align: left\">A Pr\u00f3-Reitoria de Gest\u00e3o de Pessoas\u00a0 &#8211; Progesp\u00a0 foi criada no ano de 2007 e tem por finalidade planejar, coordenar, executar, orientar e controlar as atividades da administra\u00e7\u00e3o de funcion\u00e1rios, professores e estagi\u00e1rios.<br \/>\nPromove tamb\u00e9m, atrav\u00e9s de sua assessoria, um programa de valoriza\u00e7\u00e3o dos servidores da Unicentro, o Provars,\u00a0 o qual oferece cursos, palestras, treinamentos e atividades motivacionais, promovendo tamb\u00e9m a intera\u00e7\u00e3o dos servidores da Unicentro.<\/p>\n<p style=\"text-align: left\">Aqui estaremos disponibilizando documentos para download, tais como: decretos, legisla\u00e7\u00f5es, regimentos, com o objetivo de facilitar o acesso e consulta por parte dos servidores da Unicentro e demais interessados.<\/p>\n<p>[\/vc_column_text][\/vc_column][vc_column width=&#8221;1\/12&#8243;][\/vc_column][\/vc_row]<\/p>\n<\/div>","protected":false},"excerpt":{"rendered":"<p>[vc_row][vc_column width=&#8221;1\/12&#8243;][\/vc_column][vc_column width=&#8221;5\/6&#8243;][vc_column_text css=&#8221;&#8221;] A Pr\u00f3-Reitoria de Gest\u00e3o de Pessoas\u00a0 &#8211; Progesp\u00a0 foi criada no ano de 2007 e tem por finalidade planejar, coordenar, executar, orientar e controlar as atividades da administra\u00e7\u00e3o de funcion\u00e1rios, professores e estagi\u00e1rios. Promove tamb\u00e9m, atrav\u00e9s de sua assessoria, um programa de valoriza\u00e7\u00e3o dos servidores da Unicentro, o Provars,\u00a0 o qual [&hellip;]<\/p>\n","protected":false},"author":3,"featured_media":0,"parent":0,"menu_order":0,"comment_status":"closed","ping_status":"closed","template":"page-templates\/front-page.php","meta":{"_exactmetrics_skip_tracking":false,"_exactmetrics_sitenote_active":false,"_exactmetrics_sitenote_note":"","_exactmetrics_sitenote_category":0,"footnotes":"","_links_to":"","_links_to_target":""},"class_list":["post-25","page","type-page","status-publish","hentry"],"_links":{"self":[{"href":"https:\/\/www3.unicentro.br\/progesp\/wp-json\/wp\/v2\/pages\/25","targetHints":{"allow":["GET"]}}],"collection":[{"href":"https:\/\/www3.unicentro.br\/progesp\/wp-json\/wp\/v2\/pages"}],"about":[{"href":"https:\/\/www3.unicentro.br\/progesp\/wp-json\/wp\/v2\/types\/page"}],"author":[{"embeddable":true,"href":"https:\/\/www3.unicentro.br\/progesp\/wp-json\/wp\/v2\/users\/3"}],"replies":[{"embeddable":true,"href":"https:\/\/www3.unicentro.br\/progesp\/wp-json\/wp\/v2\/comments?post=25"}],"version-history":[{"count":1,"href":"https:\/\/www3.unicentro.br\/progesp\/wp-json\/wp\/v2\/pages\/25\/revisions"}],"predecessor-version":[{"id":924,"href":"https:\/\/www3.unicentro.br\/progesp\/wp-json\/wp\/v2\/pages\/25\/revisions\/924"}],"wp:attachment":[{"href":"https:\/\/www3.unicentro.br\/progesp\/wp-json\/wp\/v2\/media?parent=25"}],"curies":[{"name":"wp","href":"https:\/\/api.w.org\/{rel}","templated":true}]}}