{"id":1166,"date":"2025-12-03T20:08:30","date_gmt":"2025-12-03T23:08:30","guid":{"rendered":"https:\/\/www3.unicentro.br\/progesp\/?page_id=1166"},"modified":"2025-12-03T20:22:26","modified_gmt":"2025-12-03T23:22:26","slug":"integracao-2025-2026","status":"publish","type":"page","link":"https:\/\/www3.unicentro.br\/progesp\/integracao-2025-2026\/","title":{"rendered":"Integra\u00e7\u00e3o 2025\/2026"},"content":{"rendered":"<div class=\"wpb-content-wrapper\"><p>[vc_row][vc_column][vc_btn title=&#8221;Os materiais das demais unidades ser\u00e3o disponibilizados ap\u00f3s a realiza\u00e7\u00e3o das respectivas oficinas.&#8221; color=&#8221;warning&#8221; css=&#8221;&#8221;][vc_separator][vc_column_text css=&#8221;&#8221;]<\/p>\n<ul>\n<li><a href=\"https:\/\/www3.unicentro.br\/progesp\/wp-content\/uploads\/sites\/58\/2025\/12\/2025_11_25_Projeto_Integra_o_2025_2026_Oficina_1_Progesp_final_693034e23820a.pdf\">Pr\u00f3-Reitoria de Gest\u00e3o de Pessoas, Progesp<\/a><\/li>\n<li>Pr\u00f3-Reitoria de Ensino, Proen<\/li>\n<li>Pr\u00f3-Reitoria de Apoio aos Estudantes, Proae<\/li>\n<li>Pr\u00f3-Reitoria de Extens\u00e3o, PROEC<\/li>\n<li>Pr\u00f3-Reitoria de Administra\u00e7\u00e3o e Finan\u00e7as, Proaf<\/li>\n<li>Pr\u00f3-Reitoria de Pesquisa e P\u00f3s-Gradua\u00e7\u00e3o, Propesp<\/li>\n<li>Pr\u00f3-Reitoria de Planejamento, Proplan<\/li>\n<li>Pr\u00f3-Reitoria de Extens\u00e3o, PROEC<\/li>\n<li>N\u00facleo de Educa\u00e7\u00e3o \u00e1 Dist\u00e2ncia, NEAD<\/li>\n<li>Coordenadoria de Conv\u00eanios e Capta\u00e7\u00e3o de Recursos \u2013 Corconv<\/li>\n<li>Coordenadoria de Tecnologia e Informa\u00e7\u00e3o, Coorti<\/li>\n<\/ul>\n<p>[\/vc_column_text][\/vc_column][\/vc_row][vc_row][vc_column][\/vc_column][\/vc_row]<\/p>\n<\/div>","protected":false},"excerpt":{"rendered":"<p>[vc_row][vc_column][vc_btn title=&#8221;Os materiais das demais unidades ser\u00e3o disponibilizados ap\u00f3s a realiza\u00e7\u00e3o das respectivas oficinas.&#8221; color=&#8221;warning&#8221; css=&#8221;&#8221;][vc_separator][vc_column_text css=&#8221;&#8221;] Pr\u00f3-Reitoria de Gest\u00e3o de Pessoas, Progesp Pr\u00f3-Reitoria de Ensino, Proen Pr\u00f3-Reitoria de Apoio aos Estudantes, Proae Pr\u00f3-Reitoria de Extens\u00e3o, PROEC Pr\u00f3-Reitoria de Administra\u00e7\u00e3o e Finan\u00e7as, Proaf Pr\u00f3-Reitoria de Pesquisa e P\u00f3s-Gradua\u00e7\u00e3o, Propesp Pr\u00f3-Reitoria de Planejamento, Proplan Pr\u00f3-Reitoria de [&hellip;]<\/p>\n","protected":false},"author":6,"featured_media":0,"parent":0,"menu_order":0,"comment_status":"closed","ping_status":"closed","template":"","meta":{"_exactmetrics_skip_tracking":false,"_exactmetrics_sitenote_active":false,"_exactmetrics_sitenote_note":"","_exactmetrics_sitenote_category":0,"footnotes":"","_links_to":"","_links_to_target":""},"class_list":["post-1166","page","type-page","status-publish","hentry"],"_links":{"self":[{"href":"https:\/\/www3.unicentro.br\/progesp\/wp-json\/wp\/v2\/pages\/1166","targetHints":{"allow":["GET"]}}],"collection":[{"href":"https:\/\/www3.unicentro.br\/progesp\/wp-json\/wp\/v2\/pages"}],"about":[{"href":"https:\/\/www3.unicentro.br\/progesp\/wp-json\/wp\/v2\/types\/page"}],"author":[{"embeddable":true,"href":"https:\/\/www3.unicentro.br\/progesp\/wp-json\/wp\/v2\/users\/6"}],"replies":[{"embeddable":true,"href":"https:\/\/www3.unicentro.br\/progesp\/wp-json\/wp\/v2\/comments?post=1166"}],"version-history":[{"count":1,"href":"https:\/\/www3.unicentro.br\/progesp\/wp-json\/wp\/v2\/pages\/1166\/revisions"}],"predecessor-version":[{"id":1172,"href":"https:\/\/www3.unicentro.br\/progesp\/wp-json\/wp\/v2\/pages\/1166\/revisions\/1172"}],"wp:attachment":[{"href":"https:\/\/www3.unicentro.br\/progesp\/wp-json\/wp\/v2\/media?parent=1166"}],"curies":[{"name":"wp","href":"https:\/\/api.w.org\/{rel}","templated":true}]}}