{"id":115,"date":"2018-11-01T11:54:40","date_gmt":"2018-11-01T13:54:40","guid":{"rendered":"https:\/\/www3.unicentro.br\/prorh\/?page_id=115"},"modified":"2018-11-01T11:54:40","modified_gmt":"2018-11-01T13:54:40","slug":"avaliacao-docente","status":"publish","type":"page","link":"https:\/\/www3.unicentro.br\/progesp\/avaliacao-docente\/","title":{"rendered":"Avalia\u00e7\u00e3o Docente"},"content":{"rendered":"<div class=\"wpb-content-wrapper\"><p>[vc_row][vc_column][vc_column_text]Aqui s\u00e3o disponibilizadas informa\u00e7\u00f5es relativas \u00e0s tr\u00eas modalidades de avalia\u00e7\u00e3o docente que s\u00e3o feitas no \u00e2mbito da Unicentro: avalia\u00e7\u00e3o para aquisi\u00e7\u00e3o de estabilidade, avalia\u00e7\u00e3o para promo\u00e7\u00e3o \u00e0 classe de Professor Associado e avalia\u00e7\u00e3o para ascens\u00e3o de n\u00edvel. Os regulamentos e os principais documentos para o requerimento e processamento de cada avalia\u00e7\u00e3o s\u00e3o tamb\u00e9m disponibilizados nos links abaixo.[\/vc_column_text][vc_row_inner][vc_column_inner width=&#8221;1\/3&#8243;][vc_btn title=&#8221;Avalia\u00e7\u00e3o Docente para Aquisi\u00e7\u00e3o de Estabilidade&#8221; style=&#8221;flat&#8221; shape=&#8221;square&#8221; color=&#8221;juicy-pink&#8221; size=&#8221;sm&#8221; align=&#8221;center&#8221; button_block=&#8221;true&#8221; link=&#8221;url:https%3A%2F%2Fwww3.unicentro.br%2Fprorh%2Favaliacao-docente-para-aquisicao-de-estabilidade%2F|||&#8221;][\/vc_column_inner][vc_column_inner width=&#8221;1\/3&#8243;][vc_btn title=&#8221;Avalia\u00e7\u00e3o de Desempenho Docente para Promo\u00e7\u00e3o \u00e0 Classe de Professor Associado&#8221; style=&#8221;flat&#8221; shape=&#8221;square&#8221; color=&#8221;juicy-pink&#8221; size=&#8221;sm&#8221; align=&#8221;center&#8221; button_block=&#8221;true&#8221; link=&#8221;url:https%3A%2F%2Fwww3.unicentro.br%2Fprorh%2Favaliacao-de-desempenho-docente-para-promocao-a-classe-de-professor-associado%2F|||&#8221;][\/vc_column_inner][vc_column_inner width=&#8221;1\/3&#8243;][vc_btn title=&#8221;Avalia\u00e7\u00e3o de Desempenho Docente para Ascens\u00e3o de N\u00edvel&#8221; style=&#8221;flat&#8221; shape=&#8221;square&#8221; color=&#8221;juicy-pink&#8221; size=&#8221;sm&#8221; align=&#8221;center&#8221; button_block=&#8221;true&#8221; link=&#8221;url:https%3A%2F%2Fwww3.unicentro.br%2Fprorh%2Favaliacao-de-desempenho-docente-para-ascensao-de-nivel%2F|||&#8221;][\/vc_column_inner][\/vc_row_inner][\/vc_column][\/vc_row]<\/p>\n<\/div>","protected":false},"excerpt":{"rendered":"<p>[vc_row][vc_column][vc_column_text]Aqui s\u00e3o disponibilizadas informa\u00e7\u00f5es relativas \u00e0s tr\u00eas modalidades de avalia\u00e7\u00e3o docente que s\u00e3o feitas no \u00e2mbito da Unicentro: avalia\u00e7\u00e3o para aquisi\u00e7\u00e3o de estabilidade, avalia\u00e7\u00e3o para promo\u00e7\u00e3o \u00e0 classe de Professor Associado e avalia\u00e7\u00e3o para ascens\u00e3o de n\u00edvel. Os regulamentos e os principais documentos para o requerimento e processamento de cada avalia\u00e7\u00e3o s\u00e3o tamb\u00e9m disponibilizados nos [&hellip;]<\/p>\n","protected":false},"author":3,"featured_media":0,"parent":0,"menu_order":0,"comment_status":"closed","ping_status":"closed","template":"","meta":{"_exactmetrics_skip_tracking":false,"_exactmetrics_sitenote_active":false,"_exactmetrics_sitenote_note":"","_exactmetrics_sitenote_category":0,"footnotes":"","_links_to":"","_links_to_target":""},"class_list":["post-115","page","type-page","status-publish","hentry"],"_links":{"self":[{"href":"https:\/\/www3.unicentro.br\/progesp\/wp-json\/wp\/v2\/pages\/115","targetHints":{"allow":["GET"]}}],"collection":[{"href":"https:\/\/www3.unicentro.br\/progesp\/wp-json\/wp\/v2\/pages"}],"about":[{"href":"https:\/\/www3.unicentro.br\/progesp\/wp-json\/wp\/v2\/types\/page"}],"author":[{"embeddable":true,"href":"https:\/\/www3.unicentro.br\/progesp\/wp-json\/wp\/v2\/users\/3"}],"replies":[{"embeddable":true,"href":"https:\/\/www3.unicentro.br\/progesp\/wp-json\/wp\/v2\/comments?post=115"}],"version-history":[{"count":0,"href":"https:\/\/www3.unicentro.br\/progesp\/wp-json\/wp\/v2\/pages\/115\/revisions"}],"wp:attachment":[{"href":"https:\/\/www3.unicentro.br\/progesp\/wp-json\/wp\/v2\/media?parent=115"}],"curies":[{"name":"wp","href":"https:\/\/api.w.org\/{rel}","templated":true}]}}