{"id":111,"date":"2018-11-01T11:52:02","date_gmt":"2018-11-01T13:52:02","guid":{"rendered":"https:\/\/www3.unicentro.br\/prorh\/?page_id=111"},"modified":"2026-02-27T14:05:32","modified_gmt":"2026-02-27T17:05:32","slug":"avaliacao-de-desempenho-docente-para-promocao-a-classe-de-professor-associado","status":"publish","type":"page","link":"https:\/\/www3.unicentro.br\/progesp\/avaliacao-de-desempenho-docente-para-promocao-a-classe-de-professor-associado\/","title":{"rendered":"Avalia\u00e7\u00e3o de Desempenho Docente para Promo\u00e7\u00e3o \u00e0 Classe de Professor Associado"},"content":{"rendered":"<div class=\"wpb-content-wrapper\"><p>[vc_row][vc_column][vc_column_text css=&#8221;&#8221;]<\/p>\n<p class=\"s1\" align=\"left\">O Professor Adjunto, ap\u00f3s dois anos de interst\u00edcio no n\u00edvel &#8220;D&#8221; e mediante requerimento, \u00e9 promovido \u00e0 classe de Professor Associado, desde que preencha os requisitos dispostos no Regulamento aprovado por meio da Resolu\u00e7\u00e3o n\u00ba 058\/2014-Cepe\/Unicentro e na Instru\u00e7\u00e3o Normativa n\u00ba 001\/2014-ProRH\/Unicentro. Os documentos necess\u00e1rios para formaliza\u00e7\u00e3o do requerimento de promo\u00e7\u00e3o \u00e0 classe de professor associado s\u00e3o os seguintes:<\/p>\n<p class=\"s1\" style=\"padding-left: 30px\" align=\"left\">a) Requerimento para Promo\u00e7\u00e3o \u00e0 Classe de Professor Associado, conforme formul\u00e1rio abaixo;<br \/>\nb) Tabela de Atividades Docentes, conforme formul\u00e1rio abaixo;<br \/>\nc) Memorial Descritivo, elaborado na forma de curriculum cadastrado na Plataforma Lattes do CNPq, contendo a produ\u00e7\u00e3o realizada no per\u00edodo estabelecido na Instru\u00e7\u00e3o Normativa n\u00ba 001\/2014-ProRH\/Unicentro;<br \/>\nd) tr\u00eas vias encadernadas do trabalho cient\u00edfico.<\/p>\n<p class=\"s1\" align=\"left\">As d\u00favidas poder\u00e3o ser dirimidas por meio do e-mail <a href=\"mailto:dircoav@unicentro.br\">dircoav@unicentro.br<\/a>.<\/p>\n<ul>\n<li class=\"s1\"><strong>Regulamenta\u00e7\u00e3o:<\/strong>\n<ul>\n<li class=\"s1\"><a href=\"https:\/\/www3.unicentro.br\/prorh\/wp-content\/uploads\/sites\/58\/2018\/11\/Resolucao2014-058-Regulamento.pdf\">Resolu\u00e7\u00e3o n\u00ba 058\/2014-Cepe\/Unicentro<\/a><\/li>\n<li class=\"s1\"><a href=\"https:\/\/www3.unicentro.br\/prorh\/wp-content\/uploads\/sites\/58\/2018\/11\/Instruc\u0327a\u0303o-Normativa-2014-001-Ascensa\u0303o.pdf\">Instru\u00e7\u00e3o Normativa n\u00ba 001\/2014-ProRH\/Unicentro<\/a><\/li>\n<\/ul>\n<\/li>\n<li class=\"s1\"><strong>Formul\u00e1rios:<\/strong>\n<ul>\n<li class=\"s1\">Requerimento de Promo\u00e7\u00e3o de Classe\u00a0<a href=\"https:\/\/www3.unicentro.br\/progesp\/wp-content\/uploads\/sites\/58\/2024\/09\/ANEXO_1_Requerimento_de_Promo_o_de_Classe_66e83d3c59b7c.docx\">|doc|<\/a>\u00a0<a href=\"https:\/\/www3.unicentro.br\/progesp\/wp-content\/uploads\/sites\/58\/2024\/09\/ANEXO_1_Requerimento_de_Promo_o_de_Classe_66e83d40d3043.pdf\">|pdf|<\/a><\/li>\n<li class=\"s1\">Tabela de Atividades\u00a0<a href=\"https:\/\/www3.unicentro.br\/progesp\/wp-content\/uploads\/sites\/58\/2025\/04\/ANEXO_3_Tabela_de_Atividades_67ffd761380dd.docx\">|doc|<\/a>\u00a0<a href=\"https:\/\/www3.unicentro.br\/progesp\/wp-content\/uploads\/sites\/58\/2025\/04\/ANEXO_3_Tabela_de_Atividades_67ffd765b1bc5.pdf\">|pdf|<\/a><\/li>\n<li>ANEXO 4 \u2013 Ata de Resultado Associado [<a href=\"https:\/\/www3.unicentro.br\/progesp\/wp-content\/uploads\/sites\/58\/2026\/02\/ANEXO_4_Ata_de_Resultado_Associado_69a1c355eeb97.docx\">.docx<\/a>]<\/li>\n<\/ul>\n<\/li>\n<\/ul>\n<p>[\/vc_column_text][\/vc_column][\/vc_row]<\/p>\n<\/div>","protected":false},"excerpt":{"rendered":"<p>[vc_row][vc_column][vc_column_text css=&#8221;&#8221;] O Professor Adjunto, ap\u00f3s dois anos de interst\u00edcio no n\u00edvel &#8220;D&#8221; e mediante requerimento, \u00e9 promovido \u00e0 classe de Professor Associado, desde que preencha os requisitos dispostos no Regulamento aprovado por meio da Resolu\u00e7\u00e3o n\u00ba 058\/2014-Cepe\/Unicentro e na Instru\u00e7\u00e3o Normativa n\u00ba 001\/2014-ProRH\/Unicentro. Os documentos necess\u00e1rios para formaliza\u00e7\u00e3o do requerimento de promo\u00e7\u00e3o \u00e0 classe [&hellip;]<\/p>\n","protected":false},"author":3,"featured_media":0,"parent":0,"menu_order":0,"comment_status":"closed","ping_status":"closed","template":"","meta":{"_exactmetrics_skip_tracking":false,"_exactmetrics_sitenote_active":false,"_exactmetrics_sitenote_note":"","_exactmetrics_sitenote_category":0,"footnotes":"","_links_to":"","_links_to_target":""},"class_list":["post-111","page","type-page","status-publish","hentry"],"_links":{"self":[{"href":"https:\/\/www3.unicentro.br\/progesp\/wp-json\/wp\/v2\/pages\/111","targetHints":{"allow":["GET"]}}],"collection":[{"href":"https:\/\/www3.unicentro.br\/progesp\/wp-json\/wp\/v2\/pages"}],"about":[{"href":"https:\/\/www3.unicentro.br\/progesp\/wp-json\/wp\/v2\/types\/page"}],"author":[{"embeddable":true,"href":"https:\/\/www3.unicentro.br\/progesp\/wp-json\/wp\/v2\/users\/3"}],"replies":[{"embeddable":true,"href":"https:\/\/www3.unicentro.br\/progesp\/wp-json\/wp\/v2\/comments?post=111"}],"version-history":[{"count":2,"href":"https:\/\/www3.unicentro.br\/progesp\/wp-json\/wp\/v2\/pages\/111\/revisions"}],"predecessor-version":[{"id":1188,"href":"https:\/\/www3.unicentro.br\/progesp\/wp-json\/wp\/v2\/pages\/111\/revisions\/1188"}],"wp:attachment":[{"href":"https:\/\/www3.unicentro.br\/progesp\/wp-json\/wp\/v2\/media?parent=111"}],"curies":[{"name":"wp","href":"https:\/\/api.w.org\/{rel}","templated":true}]}}