{"id":1085,"date":"2025-06-16T15:09:27","date_gmt":"2025-06-16T18:09:27","guid":{"rendered":"https:\/\/www3.unicentro.br\/progesp\/?page_id=1085"},"modified":"2025-06-16T15:09:27","modified_gmt":"2025-06-16T18:09:27","slug":"plano-capacitacao","status":"publish","type":"page","link":"https:\/\/www3.unicentro.br\/progesp\/formularios\/plano-capacitacao\/","title":{"rendered":"Plano de Capacita\u00e7\u00e3o da Carreira T\u00e9cnica Universit\u00e1ria"},"content":{"rendered":"<ul>\n<li><a href=\"https:\/\/www.legislacao.pr.gov.br\/legislacao\/pesquisarAto.do?action=exibir&amp;codAto=300050&amp;indice=1&amp;totalRegistros=1&amp;dt=16.5.2025.12.1.17.581\"><strong>Lei Estadual n\u00ba 21.583<\/strong>, de 14 de julho de 2023<\/a><\/li>\n<li><a href=\"https:\/\/sgu.unicentro.br\/pcatooficiais\/imprimir\/6921CC6B\"><strong>Resolu\u00e7\u00e3o n\u00ba 15-CAD\/Unicentro,<\/strong> de 9 de julho de 2025<\/a>\n<ul>\n<li><a href=\"https:\/\/www3.unicentro.br\/progesp\/wp-content\/uploads\/sites\/58\/2025\/06\/anexo1.pdf\"><strong>Anexo 1<\/strong> &#8211; Requerimento de Promo\u00e7\u00e3o por Capacita\u00e7\u00e3o;<\/a><\/li>\n<li><a href=\"https:\/\/www3.unicentro.br\/progesp\/wp-content\/uploads\/sites\/58\/2025\/06\/anexo2.pdf\"><strong>Anexo 2<\/strong> &#8211; Requerimento de Promo\u00e7\u00e3o por Titula\u00e7\u00e3o;<\/a><\/li>\n<li><a href=\"https:\/\/www3.unicentro.br\/progesp\/wp-content\/uploads\/sites\/58\/2025\/06\/anexo3.pdf\"><strong>Anexo 3<\/strong> &#8211; Participa\u00e7\u00e3o em cursos e eventos de Capacita\u00e7\u00e3o;<\/a><\/li>\n<li><a href=\"https:\/\/www3.unicentro.br\/progesp\/wp-content\/uploads\/sites\/58\/2025\/06\/anexo4.pdf\"><strong>Anexo 4<\/strong> &#8211; Requerimento de Afastamento para Qualifica\u00e7\u00e3o;<\/a><\/li>\n<li><a href=\"https:\/\/www3.unicentro.br\/progesp\/wp-content\/uploads\/sites\/58\/2025\/06\/anexo5.pdf\"><strong>Anexo 5<\/strong> &#8211; Parecer da Unidade Administrativa sobre o afastamento para Qualifica\u00e7\u00e3o;<\/a><\/li>\n<li><a href=\"https:\/\/www3.unicentro.br\/progesp\/wp-content\/uploads\/sites\/58\/2025\/06\/anexo7.pdf\"><strong>Anexo 7<\/strong> &#8211; Relat\u00f3rio Final;<\/a><\/li>\n<li><a href=\"https:\/\/www3.unicentro.br\/progesp\/wp-content\/uploads\/sites\/58\/2025\/06\/anexo8.pdf\"><strong>Anexo 8<\/strong> &#8211; Comunicado de retorno \u00e0s atividades;<\/a><\/li>\n<li><a href=\"https:\/\/www3.unicentro.br\/progesp\/wp-content\/uploads\/sites\/58\/2025\/06\/anexo9.pdf\"><strong>Anexo 9<\/strong> &#8211; Comunicado de retorno \u00e0s atividades sem conclus\u00e3o da qualifica\u00e7\u00e3o.<\/a><\/li>\n<\/ul>\n<\/li>\n<\/ul>\n","protected":false},"excerpt":{"rendered":"<p>Lei Estadual n\u00ba 21.583, de 14 de julho de 2023 Resolu\u00e7\u00e3o n\u00ba 15-CAD\/Unicentro, de 9 de julho de 2025 Anexo 1 &#8211; Requerimento de Promo\u00e7\u00e3o por Capacita\u00e7\u00e3o; Anexo 2 &#8211; Requerimento de Promo\u00e7\u00e3o por Titula\u00e7\u00e3o; Anexo 3 &#8211; Participa\u00e7\u00e3o em cursos e eventos de Capacita\u00e7\u00e3o; Anexo 4 &#8211; Requerimento de Afastamento para Qualifica\u00e7\u00e3o; Anexo 5 [&hellip;]<\/p>\n","protected":false},"author":6,"featured_media":0,"parent":45,"menu_order":0,"comment_status":"closed","ping_status":"closed","template":"","meta":{"_exactmetrics_skip_tracking":false,"_exactmetrics_sitenote_active":false,"_exactmetrics_sitenote_note":"","_exactmetrics_sitenote_category":0,"footnotes":"","_links_to":"","_links_to_target":""},"class_list":["post-1085","page","type-page","status-publish","hentry"],"_links":{"self":[{"href":"https:\/\/www3.unicentro.br\/progesp\/wp-json\/wp\/v2\/pages\/1085","targetHints":{"allow":["GET"]}}],"collection":[{"href":"https:\/\/www3.unicentro.br\/progesp\/wp-json\/wp\/v2\/pages"}],"about":[{"href":"https:\/\/www3.unicentro.br\/progesp\/wp-json\/wp\/v2\/types\/page"}],"author":[{"embeddable":true,"href":"https:\/\/www3.unicentro.br\/progesp\/wp-json\/wp\/v2\/users\/6"}],"replies":[{"embeddable":true,"href":"https:\/\/www3.unicentro.br\/progesp\/wp-json\/wp\/v2\/comments?post=1085"}],"version-history":[{"count":1,"href":"https:\/\/www3.unicentro.br\/progesp\/wp-json\/wp\/v2\/pages\/1085\/revisions"}],"predecessor-version":[{"id":1094,"href":"https:\/\/www3.unicentro.br\/progesp\/wp-json\/wp\/v2\/pages\/1085\/revisions\/1094"}],"up":[{"embeddable":true,"href":"https:\/\/www3.unicentro.br\/progesp\/wp-json\/wp\/v2\/pages\/45"}],"wp:attachment":[{"href":"https:\/\/www3.unicentro.br\/progesp\/wp-json\/wp\/v2\/media?parent=1085"}],"curies":[{"name":"wp","href":"https:\/\/api.w.org\/{rel}","templated":true}]}}