{"id":104,"date":"2018-11-01T11:26:48","date_gmt":"2018-11-01T13:26:48","guid":{"rendered":"https:\/\/www3.unicentro.br\/prorh\/?page_id=104"},"modified":"2026-02-27T14:06:10","modified_gmt":"2026-02-27T17:06:10","slug":"avaliacao-de-desempenho-docente-para-ascensao-de-nivel","status":"publish","type":"page","link":"https:\/\/www3.unicentro.br\/progesp\/avaliacao-de-desempenho-docente-para-ascensao-de-nivel\/","title":{"rendered":"Avalia\u00e7\u00e3o de Desempenho Docente para Ascens\u00e3o de N\u00edvel"},"content":{"rendered":"<div class=\"wpb-content-wrapper\"><p>[vc_row][vc_column][vc_column_text css=&#8221;&#8221;]Os docentes pertencentes \u00e0s classes de Professor Assistente, Professor Adjunto e Professor Associado ascendem ao n\u00edvel consecutivo de sua classe, ap\u00f3s o interst\u00edcio de dois anos na classe e n\u00edvel, mediante a aprova\u00e7\u00e3o de memorial descritivo na forma de curriculum cadastrado na Plataforma Lattes do CNPq, contendo n\u00famero m\u00ednimo de atividades realizadas a partir da \u00faltima ascens\u00e3o de n\u00edvel na classe ou da \u00faltima promo\u00e7\u00e3o de classe, o que acontecer por \u00faltimo, e distribu\u00eddas em n\u00famero m\u00ednimo de grupos, de acordo com o disposto no Regulamento aprovado por meio da Resolu\u00e7\u00e3o n\u00ba 058\/2014-Cepe\/Unicentro e na Instru\u00e7\u00e3o Normativa n\u00ba 001\/2014-ProRH\/Unicentro. Os documentos necess\u00e1rios para formaliza\u00e7\u00e3o do requerimento de ascens\u00e3o de n\u00edvel s\u00e3o os seguintes:<\/p>\n<p style=\"padding-left: 30px\">a) Requerimento para Ascens\u00e3o de N\u00edvel, conforme formul\u00e1rio abaixo;<br \/>\nb) Tabela de Atividades Docentes, conforme formul\u00e1rio abaixo;<br \/>\nc) Memorial Descritivo, elaborado na forma de curriculum cadastrado na Plataforma Lattes do CNPq, contendo a produ\u00e7\u00e3o realizada no per\u00edodo estabelecido na Instru\u00e7\u00e3o Normativa n\u00ba 001\/2014-ProRH\/Unicentro.<\/p>\n<p>As d\u00favidas poder\u00e3o ser dirimidas por meio do e-mail <a href=\"mailto:dircoav@unicentro.br\">dircoav@unicentro.br<\/a>.<\/p>\n<ul>\n<li><strong>Regulamenta\u00e7\u00e3o:<\/strong>\n<ul>\n<li><a href=\"https:\/\/www3.unicentro.br\/prorh\/wp-content\/uploads\/sites\/58\/2018\/11\/Resolucao2014-058-Regulamento.pdf\">Resolu\u00e7\u00e3o n\u00ba 058\/2014-Cepe\/Unicentro<\/a><\/li>\n<li><a href=\"https:\/\/www3.unicentro.br\/prorh\/wp-content\/uploads\/sites\/58\/2018\/11\/Instruc\u0327a\u0303o-Normativa-2014-001-Ascensa\u0303o.pdf\">Instru\u00e7\u00e3o Normativa n\u00ba 001\/2014-ProRH\/Unicentro<\/a><\/li>\n<\/ul>\n<\/li>\n<\/ul>\n<ul>\n<li><strong>Formul\u00e1rios:<\/strong>\n<ul>\n<li>Requerimento de Ascens\u00e3o de N\u00edvel [<a href=\"https:\/\/www3.unicentro.br\/progesp\/wp-content\/uploads\/sites\/58\/2024\/09\/ANEXO_2_Requerimento_Ascensao_de_Nivel_66e83d4557b9d.doc\">.doc<\/a>] [<a href=\"https:\/\/www3.unicentro.br\/progesp\/wp-content\/uploads\/sites\/58\/2024\/09\/ANEXO_2_Requerimento_Ascensao_de_Nivel_66e83d71180d9.pdf\">.pdf<\/a>]<\/li>\n<li>Tabela de Atividades\u00a0<a href=\"https:\/\/www3.unicentro.br\/progesp\/wp-content\/uploads\/sites\/58\/2025\/04\/ANEXO_3_Tabela_de_Atividades_67ffd761380dd.docx\">|.doc|<\/a>\u00a0<a href=\"https:\/\/www3.unicentro.br\/progesp\/wp-content\/uploads\/sites\/58\/2025\/04\/ANEXO_3_Tabela_de_Atividades_67ffd765b1bc5.pdf\">|.pdf|<\/a><\/li>\n<li>ANEXO 5 &#8211; Ata de Resultado Ascensao Nivel [<a href=\"https:\/\/www3.unicentro.br\/progesp\/wp-content\/uploads\/sites\/58\/2026\/02\/ANEXO_5_Ata_de_Resultado_Ascensao_Nivel_69a1c35aa51d9.docx\">.docx<\/a>]<\/li>\n<\/ul>\n<\/li>\n<\/ul>\n<p>[\/vc_column_text][\/vc_column][\/vc_row]<\/p>\n<\/div>","protected":false},"excerpt":{"rendered":"<p>[vc_row][vc_column][vc_column_text css=&#8221;&#8221;]Os docentes pertencentes \u00e0s classes de Professor Assistente, Professor Adjunto e Professor Associado ascendem ao n\u00edvel consecutivo de sua classe, ap\u00f3s o interst\u00edcio de dois anos na classe e n\u00edvel, mediante a aprova\u00e7\u00e3o de memorial descritivo na forma de curriculum cadastrado na Plataforma Lattes do CNPq, contendo n\u00famero m\u00ednimo de atividades realizadas a partir [&hellip;]<\/p>\n","protected":false},"author":3,"featured_media":0,"parent":0,"menu_order":0,"comment_status":"closed","ping_status":"closed","template":"","meta":{"_exactmetrics_skip_tracking":false,"_exactmetrics_sitenote_active":false,"_exactmetrics_sitenote_note":"","_exactmetrics_sitenote_category":0,"footnotes":"","_links_to":"","_links_to_target":""},"class_list":["post-104","page","type-page","status-publish","hentry"],"_links":{"self":[{"href":"https:\/\/www3.unicentro.br\/progesp\/wp-json\/wp\/v2\/pages\/104","targetHints":{"allow":["GET"]}}],"collection":[{"href":"https:\/\/www3.unicentro.br\/progesp\/wp-json\/wp\/v2\/pages"}],"about":[{"href":"https:\/\/www3.unicentro.br\/progesp\/wp-json\/wp\/v2\/types\/page"}],"author":[{"embeddable":true,"href":"https:\/\/www3.unicentro.br\/progesp\/wp-json\/wp\/v2\/users\/3"}],"replies":[{"embeddable":true,"href":"https:\/\/www3.unicentro.br\/progesp\/wp-json\/wp\/v2\/comments?post=104"}],"version-history":[{"count":2,"href":"https:\/\/www3.unicentro.br\/progesp\/wp-json\/wp\/v2\/pages\/104\/revisions"}],"predecessor-version":[{"id":1189,"href":"https:\/\/www3.unicentro.br\/progesp\/wp-json\/wp\/v2\/pages\/104\/revisions\/1189"}],"wp:attachment":[{"href":"https:\/\/www3.unicentro.br\/progesp\/wp-json\/wp\/v2\/media?parent=104"}],"curies":[{"name":"wp","href":"https:\/\/api.w.org\/{rel}","templated":true}]}}