{"id":880,"date":"2019-08-12T16:31:54","date_gmt":"2019-08-12T19:31:54","guid":{"rendered":"https:\/\/www3.unicentro.br\/profnit\/?page_id=880"},"modified":"2025-06-27T21:04:37","modified_gmt":"2025-06-28T00:04:37","slug":"instrucoes-normativas","status":"publish","type":"page","link":"https:\/\/www3.unicentro.br\/profnit\/instrucoes-normativas\/","title":{"rendered":"Instru\u00e7\u00f5es Normativas"},"content":{"rendered":"<div class=\"wpb-content-wrapper\"><p>[vc_row][vc_column][vc_column_text css=&#8221;&#8221;]<\/p>\n<ul>\n<li><a href=\"https:\/\/www3.unicentro.br\/profnit\/wp-content\/uploads\/sites\/75\/2024\/06\/Instru_o_Normativa_n_001_2024_66706f1a03187.pdf\"><strong>INSTRU\u00c7\u00c3O NORMATIVA N.\u00ba 001\/2024 &#8211; PROFNIT\/UNICENTRO<\/strong><\/a> &#8211; Estabelece par\u00e2metros e condi\u00e7\u00f5es para profici\u00eancia em l\u00edngua estrangeira para os discentes do Programa de P\u00f3s Gradua\u00e7\u00e3o Profnit da Unicentro<\/li>\n<li><strong><a href=\"https:\/\/www3.unicentro.br\/profnit\/wp-content\/uploads\/sites\/75\/2021\/11\/Instrucao-normativa-2021-alterada.pdf\" target=\"_blank\" rel=\"noopener noreferrer\">INSTRU\u00c7\u00c3O NORMATIVA N.\u00ba 001\/2021 &#8211; PROFNIT\/UNICENTRO &#8211; <\/a><\/strong>Procedimentos para qualifica\u00e7\u00e3o, defesa e solicita\u00e7\u00e3o de diploma.<\/li>\n<li><a href=\"http:\/\/sites.unicentro.br\/wp\/profnit\/files\/2016\/03\/Normativa-n\u00ba-001_2016-PROFNIT.pdf\"><strong>INSTRU\u00c7\u00c3O NORMATIVA DO PROFNIT\/UNICENTRO PARA PROFICI\u00caNCIA<\/strong><\/a><\/li>\n<li><strong><a class=\"s1\" href=\"http:\/\/www.unicentro.br\/posgraduacao\/mestrado\/bioenergia\/normativas\/Instru_o_Normativa_n_1_2014_PROPESP_532b2fbc378a9_5339670aaed6a.pdf\">INSTRU\u00c7\u00c3O NORMATIVA DA PROPESP PARA DISSERTA\u00c7\u00c3O<\/a><\/strong><\/li>\n<li><strong><a href=\"https:\/\/www3.unicentro.br\/profnit\/wp-content\/uploads\/sites\/75\/2019\/08\/Instru\u00e7\u00e3o-Normativa-n\u00ba-2-2014-PROPESP-_-CAPA-INSTRU\u00c7oES.pdf\" target=\"_blank\" rel=\"noopener noreferrer\">Normativa N.\u00ba 2- PROPESP\/UNICENTRO <\/a><\/strong>&#8211; Procedimentos para confec\u00e7\u00e3o de disserta\u00e7\u00f5es e teses (CAPA, FOLHA DE ROSTO E FOLHA DE APROVA\u00c7\u00c3O)<\/li>\n<li><del><strong>INSTRU\u00c7\u00c3O NORMATIVA N.\u00ba 001\/2019 &#8211; PROFNIT\/UNICENTRO &#8211;\u00a0<\/strong>Procedimentos para qualifica\u00e7\u00e3o, defesa e solicita\u00e7\u00e3o de diploma.<\/del> SUBSTITU\u00cdDA PELA IN 001\/2021<\/li>\n<li><strong><a href=\"https:\/\/www3.unicentro.br\/profnit\/wp-content\/uploads\/sites\/75\/2020\/03\/Instru\u00e7\u00e3o-Normativa-n\u00ba-1-2020-PROFNIT.pdf\" target=\"_blank\" rel=\"noopener noreferrer\">INSTRU\u00c7\u00c3O NORMATIVA N.\u00ba 001\/2020 &#8211;<\/a> PROFNIT\/UNICENTRO<\/strong> &#8211; Estabelece normas e procedimentos para solicita\u00e7\u00e3o do atestado de matr\u00edcula, hist\u00f3rico escolar e declara\u00e7\u00f5es diversas.<\/li>\n<\/ul>\n<hr \/>\n<p><span style=\"font-size: 14pt\"><strong>Manuais\u00a0<\/strong><\/span><\/p>\n<ul>\n<li><a href=\"https:\/\/www3.unicentro.br\/profnit\/wp-content\/uploads\/sites\/75\/2025\/06\/TCC_Manual_Normas_Proj_Qualificacao_e_Defesa_atualizado_685ecefe148ee.pdf\">MANUAL PARA ELABORA\u00c7\u00c3O DE QUALIFICA\u00c7\u00c3O E TCC<\/a><\/li>\n<li><a href=\"https:\/\/www3.unicentro.br\/profnit\/wp-content\/uploads\/sites\/75\/2020\/10\/MANUAL-QUALIS-CAPES.pdf\" target=\"_blank\" rel=\"noopener noreferrer\">MANUAL DE VERIFICA\u00c7\u00c3O &#8211; QUALIS DE PERI\u00d3DICOS<\/a><\/li>\n<\/ul>\n<p>[\/vc_column_text][\/vc_column][\/vc_row]<\/p>\n<\/div>","protected":false},"excerpt":{"rendered":"<p>[vc_row][vc_column][vc_column_text css=&#8221;&#8221;] INSTRU\u00c7\u00c3O NORMATIVA N.\u00ba 001\/2024 &#8211; PROFNIT\/UNICENTRO &#8211; Estabelece par\u00e2metros e condi\u00e7\u00f5es para profici\u00eancia em l\u00edngua estrangeira para os discentes do Programa de P\u00f3s Gradua\u00e7\u00e3o Profnit da Unicentro INSTRU\u00c7\u00c3O NORMATIVA N.\u00ba 001\/2021 &#8211; PROFNIT\/UNICENTRO &#8211; Procedimentos para qualifica\u00e7\u00e3o, defesa e solicita\u00e7\u00e3o de diploma. INSTRU\u00c7\u00c3O NORMATIVA DO PROFNIT\/UNICENTRO PARA PROFICI\u00caNCIA INSTRU\u00c7\u00c3O NORMATIVA DA PROPESP PARA [&hellip;]<\/p>\n","protected":false},"author":194,"featured_media":0,"parent":0,"menu_order":0,"comment_status":"closed","ping_status":"closed","template":"","meta":{"_exactmetrics_skip_tracking":false,"_exactmetrics_sitenote_active":false,"_exactmetrics_sitenote_note":"","_exactmetrics_sitenote_category":0,"footnotes":"","_links_to":"","_links_to_target":""},"class_list":["post-880","page","type-page","status-publish","hentry"],"_links":{"self":[{"href":"https:\/\/www3.unicentro.br\/profnit\/wp-json\/wp\/v2\/pages\/880","targetHints":{"allow":["GET"]}}],"collection":[{"href":"https:\/\/www3.unicentro.br\/profnit\/wp-json\/wp\/v2\/pages"}],"about":[{"href":"https:\/\/www3.unicentro.br\/profnit\/wp-json\/wp\/v2\/types\/page"}],"author":[{"embeddable":true,"href":"https:\/\/www3.unicentro.br\/profnit\/wp-json\/wp\/v2\/users\/194"}],"replies":[{"embeddable":true,"href":"https:\/\/www3.unicentro.br\/profnit\/wp-json\/wp\/v2\/comments?post=880"}],"version-history":[{"count":1,"href":"https:\/\/www3.unicentro.br\/profnit\/wp-json\/wp\/v2\/pages\/880\/revisions"}],"predecessor-version":[{"id":2795,"href":"https:\/\/www3.unicentro.br\/profnit\/wp-json\/wp\/v2\/pages\/880\/revisions\/2795"}],"wp:attachment":[{"href":"https:\/\/www3.unicentro.br\/profnit\/wp-json\/wp\/v2\/media?parent=880"}],"curies":[{"name":"wp","href":"https:\/\/api.w.org\/{rel}","templated":true}]}}