{"id":760,"date":"2019-07-18T14:41:28","date_gmt":"2019-07-18T17:41:28","guid":{"rendered":"https:\/\/www3.unicentro.br\/profnit\/?page_id=760"},"modified":"2019-07-18T14:42:35","modified_gmt":"2019-07-18T17:42:35","slug":"conselho-gestor","status":"publish","type":"page","link":"https:\/\/www3.unicentro.br\/profnit\/conselho-gestor\/","title":{"rendered":"Conselho Gestor"},"content":{"rendered":"<p><strong>Representante da Associa\u00e7\u00e3o FORTEC junto \u00e0 CAPES<\/strong><\/p>\n<ul>\n<li>Josealdo Tonholo (PRESIDENTE)<\/li>\n<\/ul>\n<p><strong>MEC \u2013 Minist\u00e9rio da Educa\u00e7\u00e3o<\/strong><br \/>\nA indicar<\/p>\n<p><strong>MCTIC \u2013 Minist\u00e9rio de Ci\u00eancia Tecnologia Inova\u00e7\u00f5es e Comunica\u00e7\u00f5es<\/strong><\/p>\n<ul>\n<li>Francisco Silveira dos Santos (Titular)<\/li>\n<li>Antenor Cesar Vanderlei Correa (Suplente)<\/li>\n<\/ul>\n<p><strong>Sede Acad\u00eamica do PROFNIT<\/strong><\/p>\n<ul>\n<li>\u00a0Alejandro Frery (Titular)<\/li>\n<li>\u00a0Eliana Almeida (Suplente)<\/li>\n<\/ul>\n<p><strong>Coordenadora Acad\u00eamica Nacional<\/strong><\/p>\n<ul>\n<li>Cristina M. Quintella<\/li>\n<\/ul>\n<p><strong>CNI \u2013 Confedera\u00e7\u00e3o Nacional da Ind\u00fastria<\/strong><\/p>\n<ul>\n<li>Marcelo Fabr\u00edcio Prim (Titular)<\/li>\n<li>Rosangela M. C. F. de Oliveira (Suplente)<\/li>\n<\/ul>\n<p><strong>ANPROTEC \u2013 Associa\u00e7\u00e3o Nacional de Entidades Promotoras de Empreendimentos\u00a0<\/strong><strong>Inovadores<\/strong><\/p>\n<ul>\n<li>Renato de Aquino Faria Nunes (Titular)<\/li>\n<li>Francilene Proc\u00f3pio Garcia (Suplente)<\/li>\n<\/ul>\n<p><strong>SEBRAE \u2013 Servi\u00e7o Brasileiro de Apoio \u00e0s Micro e Pequenas Empresas<\/strong><\/p>\n<ul>\n<li>C\u00e9lio Cabral de Sousa J\u00fanior (Titular)<\/li>\n<li>Paulo Roberto de Melo Volker (Suplente)<\/li>\n<\/ul>\n","protected":false},"excerpt":{"rendered":"<p>Representante da Associa\u00e7\u00e3o FORTEC junto \u00e0 CAPES Josealdo Tonholo (PRESIDENTE) MEC \u2013 Minist\u00e9rio da Educa\u00e7\u00e3o A indicar MCTIC \u2013 Minist\u00e9rio de Ci\u00eancia Tecnologia Inova\u00e7\u00f5es e Comunica\u00e7\u00f5es Francisco Silveira dos Santos (Titular) Antenor Cesar Vanderlei Correa (Suplente) Sede Acad\u00eamica do PROFNIT \u00a0Alejandro Frery (Titular) \u00a0Eliana Almeida (Suplente) Coordenadora Acad\u00eamica Nacional Cristina M. Quintella CNI \u2013 Confedera\u00e7\u00e3o [&hellip;]<\/p>\n","protected":false},"author":194,"featured_media":0,"parent":0,"menu_order":0,"comment_status":"closed","ping_status":"closed","template":"","meta":{"_exactmetrics_skip_tracking":false,"_exactmetrics_sitenote_active":false,"_exactmetrics_sitenote_note":"","_exactmetrics_sitenote_category":0,"footnotes":"","_links_to":"","_links_to_target":""},"class_list":["post-760","page","type-page","status-publish","hentry"],"_links":{"self":[{"href":"https:\/\/www3.unicentro.br\/profnit\/wp-json\/wp\/v2\/pages\/760","targetHints":{"allow":["GET"]}}],"collection":[{"href":"https:\/\/www3.unicentro.br\/profnit\/wp-json\/wp\/v2\/pages"}],"about":[{"href":"https:\/\/www3.unicentro.br\/profnit\/wp-json\/wp\/v2\/types\/page"}],"author":[{"embeddable":true,"href":"https:\/\/www3.unicentro.br\/profnit\/wp-json\/wp\/v2\/users\/194"}],"replies":[{"embeddable":true,"href":"https:\/\/www3.unicentro.br\/profnit\/wp-json\/wp\/v2\/comments?post=760"}],"version-history":[{"count":0,"href":"https:\/\/www3.unicentro.br\/profnit\/wp-json\/wp\/v2\/pages\/760\/revisions"}],"wp:attachment":[{"href":"https:\/\/www3.unicentro.br\/profnit\/wp-json\/wp\/v2\/media?parent=760"}],"curies":[{"name":"wp","href":"https:\/\/api.w.org\/{rel}","templated":true}]}}