{"id":55,"date":"2018-02-26T00:00:00","date_gmt":"2018-02-26T03:00:00","guid":{"rendered":"https:\/\/www3.unicentro.br\/profnit\/eventos\/"},"modified":"2019-08-12T22:31:47","modified_gmt":"2019-08-13T01:31:47","slug":"av2","status":"publish","type":"page","link":"https:\/\/www3.unicentro.br\/profnit\/provas\/av2\/","title":{"rendered":"AV2"},"content":{"rendered":"<h1 class=\"entry-title\"><strong>Avalia\u00e7\u00f5es Nacionais<\/strong><\/h1>\n<p style=\"text-align: left\">As avalia\u00e7\u00f5es nacionais compreendem as AV2 das disciplinas obrigat\u00f3rias e a avalia\u00e7\u00e3o de profici\u00eancia em l\u00edngua estrangeira (ingl\u00eas).<\/p>\n<p style=\"text-align: left\">A Avalia\u00e7\u00e3o Nacional de Disciplina (<strong>AV2<\/strong>) consiste num Teste Nacional que vale um percentual significativo da nota da disciplina do aluno PROFNIT.<br \/>\nAs Normas das AV2 e o seu Calend\u00e1rio Acad\u00eamico s\u00e3o definidos pelas Coordena\u00e7\u00f5es Nacionais de Disciplinas e referendadas pela Comiss\u00e3o Acad\u00eamica Nacional (CAN).<br \/>\nA elabora\u00e7\u00e3o das AV2 \u00e9 de responsabilidade da Coordena\u00e7\u00e3o Nacional da Disciplina.<br \/>\nA aplica\u00e7\u00e3o da AV2 e procedimentos \u00e9 de responsabilidade do Respons\u00e1vel Institucional da Disciplina,\u00a0deve respeitar e apoiar a Coordena\u00e7\u00e3o Nacional da Disciplina, colocando em pr\u00e1tica o que for determinado nacionalmente.<\/p>\n<p style=\"text-align: left\">A partir de 14\/abr\/2018, o sistema passou a ser utilizado para atender ao Regimento Nacional realizando a Avalia\u00e7\u00e3o de Profici\u00eancia em L\u00edngua Estrangeira.<\/p>\n<p style=\"text-align: left\">Mais detalhes podem ser vistos no\u00a0<a href=\"http:\/\/www.profnit.org.br\/pt\/regimento-nacional\/\" target=\"_blank\" rel=\"noopener noreferrer\">Regimento Nacional<\/a>, nas\u00a0<a href=\"http:\/\/www.profnit.org.br\/pt\/normas-academicas-nacionais\/\" target=\"_blank\" rel=\"noopener noreferrer\">Normas Acad\u00eamicas Nacionais<\/a>\u00a0e nas\u00a0<a href=\"http:\/\/www.profnit.org.br\/pt\/portarias-e-legislacao-correlata-2\/\" target=\"_blank\" rel=\"noopener noreferrer\">Atas da Comiss\u00e3o Acad\u00eamica Nacional (CAN)<\/a>.<\/p>\n<h2><strong>Inscri\u00e7\u00f5es nas A<\/strong><b>valia\u00e7\u00f5es\u00a0<\/b><b>Nacionais<\/b><b>\u00a0(Ingl\u00eas e AV2 das disciplinas obrigat\u00f3rias)<\/b><\/h2>\n<p><em>As inscri\u00e7\u00f5es obedecem ao\u00a0<a href=\"http:\/\/www.profnit.org.br\/pt\/calendario-academico-nacional\/\" target=\"_blank\" rel=\"noopener noreferrer\">Calend\u00e1rio Acad\u00eamico Nacional do PROFNIT<\/a>.<\/em><\/p>\n","protected":false},"excerpt":{"rendered":"<p>Avalia\u00e7\u00f5es Nacionais As avalia\u00e7\u00f5es nacionais compreendem as AV2 das disciplinas obrigat\u00f3rias e a avalia\u00e7\u00e3o de profici\u00eancia em l\u00edngua estrangeira (ingl\u00eas). A Avalia\u00e7\u00e3o Nacional de Disciplina (AV2) consiste num Teste Nacional que vale um percentual significativo da nota da disciplina do aluno PROFNIT. As Normas das AV2 e o seu Calend\u00e1rio Acad\u00eamico s\u00e3o definidos pelas Coordena\u00e7\u00f5es [&hellip;]<\/p>\n","protected":false},"author":3,"featured_media":0,"parent":52,"menu_order":0,"comment_status":"closed","ping_status":"closed","template":"","meta":{"_exactmetrics_skip_tracking":false,"_exactmetrics_sitenote_active":false,"_exactmetrics_sitenote_note":"","_exactmetrics_sitenote_category":0,"footnotes":"","_links_to":"","_links_to_target":""},"class_list":["post-55","page","type-page","status-publish","hentry"],"_links":{"self":[{"href":"https:\/\/www3.unicentro.br\/profnit\/wp-json\/wp\/v2\/pages\/55","targetHints":{"allow":["GET"]}}],"collection":[{"href":"https:\/\/www3.unicentro.br\/profnit\/wp-json\/wp\/v2\/pages"}],"about":[{"href":"https:\/\/www3.unicentro.br\/profnit\/wp-json\/wp\/v2\/types\/page"}],"author":[{"embeddable":true,"href":"https:\/\/www3.unicentro.br\/profnit\/wp-json\/wp\/v2\/users\/3"}],"replies":[{"embeddable":true,"href":"https:\/\/www3.unicentro.br\/profnit\/wp-json\/wp\/v2\/comments?post=55"}],"version-history":[{"count":0,"href":"https:\/\/www3.unicentro.br\/profnit\/wp-json\/wp\/v2\/pages\/55\/revisions"}],"up":[{"embeddable":true,"href":"https:\/\/www3.unicentro.br\/profnit\/wp-json\/wp\/v2\/pages\/52"}],"wp:attachment":[{"href":"https:\/\/www3.unicentro.br\/profnit\/wp-json\/wp\/v2\/media?parent=55"}],"curies":[{"name":"wp","href":"https:\/\/api.w.org\/{rel}","templated":true}]}}