{"id":50,"date":"2018-02-15T00:00:00","date_gmt":"2018-02-15T02:00:00","guid":{"rendered":"https:\/\/www3.unicentro.br\/profnit\/matriz_curricular\/"},"modified":"2019-08-12T11:55:47","modified_gmt":"2019-08-12T14:55:47","slug":"matriz_curricular","status":"publish","type":"page","link":"https:\/\/www3.unicentro.br\/profnit\/disciplinas\/matriz_curricular\/","title":{"rendered":"Matriz Curricular"},"content":{"rendered":"<p>&nbsp;<\/p>\n<div class=\"WordSection1\">\n<table class=\"MsoNormalTable\" style=\"width: 674px;border-collapse: collapse;border: none;margin-left: 4.8pt;margin-right: 4.8pt;height: 93px\" border=\"1\" width=\"623\" cellspacing=\"0\" cellpadding=\"0\" align=\"left\">\n<tbody>\n<tr style=\"height: 11.1pt\">\n<td style=\"border: solid #E7E7E7 1.0pt;background: #365F91;padding: 0cm 0cm 0cm 0cm;height: 11.1pt\" valign=\"bottom\">\n<p class=\"MsoNormal\" style=\"margin-right: 12.9pt;text-align: center;text-indent: 27.95pt;background: #365F91;vertical-align: baseline\" align=\"center\"><b><span style=\"font-size: 18.0pt;font-family: 'Georgia','serif';color: white\">MESTRADO PROFNIT<\/span><\/b><\/p>\n<\/td>\n<\/tr>\n<\/tbody>\n<\/table>\n<p class=\"MsoNormal\">\n<\/div>\n<p>&nbsp;<\/p>\n<p>&nbsp;<\/p>\n<p><!-- [if gte mso 9]&gt;--><\/p>\n<div class=\"WordSection1\">\n<table class=\"MsoNormalTable\" style=\"width: 684px;border-collapse: collapse;border: none;height: 1329px\" border=\"1\" width=\"636\" cellspacing=\"0\" cellpadding=\"0\">\n<tbody>\n<tr>\n<td style=\"width: 93.8pt;border: solid #E7E7E7 1.0pt;background: #DEEAF6;padding: 4.5pt 18.0pt 4.5pt 18.0pt\" rowspan=\"3\" width=\"125\">\n<p class=\"MsoNormal\" style=\"text-align: center\" align=\"center\"><span style=\"font-family: 'Georgia','serif';color: #333333\">Semestre 1<br \/>\n<\/span><b><span style=\"font-size: 11.0pt;font-family: 'Georgia','serif';color: #c45911\">9 cr\u00e9ditos<\/span><\/b><\/p>\n<\/td>\n<td style=\"border: solid #E7E7E7 1.0pt;border-left: none;background: #DEEAF6;padding: 4.5pt 18.0pt 4.5pt 18.0pt\">\n<p class=\"MsoNormal\" style=\"text-align: left\"><span style=\"font-family: 'Georgia','serif';color: #333333\">Conceitos e Aplica\u00e7\u00f5es de Propriedade Intelectual (PI)<\/span><\/p>\n<\/td>\n<td style=\"border: solid #E7E7E7 1.0pt;border-left: none;background: #DEEAF6;padding: 4.5pt 18.0pt 4.5pt 18.0pt\">\n<p class=\"MsoNormal\" style=\"text-align: center\" align=\"center\"><span style=\"font-family: 'Georgia','serif';color: #333333\">3 cr\u00e9ditos<\/span><\/p>\n<\/td>\n<\/tr>\n<tr>\n<td style=\"border-top: none;border-left: none;border-bottom: solid #E7E7E7 1.0pt;border-right: solid #E7E7E7 1.0pt;background: #DEEAF6;padding: 4.5pt 18.0pt 4.5pt 18.0pt\">\n<p class=\"MsoNormal\"><span style=\"font-family: 'Georgia','serif';color: #333333\">Metodologia da Pesquisa Cient\u00edfico-Tecnol\u00f3gica e Inova\u00e7\u00e3o (MET)<\/span><\/p>\n<\/td>\n<td style=\"border-top: none;border-left: none;border-bottom: solid #E7E7E7 1.0pt;border-right: solid #E7E7E7 1.0pt;background: #DEEAF6;padding: 4.5pt 18.0pt 4.5pt 18.0pt\">\n<p class=\"MsoNormal\" style=\"text-align: center\" align=\"center\"><span style=\"font-family: 'Georgia','serif';color: #333333\">3 cr\u00e9ditos<\/span><\/p>\n<\/td>\n<\/tr>\n<tr>\n<td style=\"border-top: none;border-left: none;border-bottom: solid #E7E7E7 1.0pt;border-right: solid #E7E7E7 1.0pt;background: #DEEAF6;padding: 4.5pt 18.0pt 4.5pt 18.0pt\">\n<p class=\"MsoNormal\"><span style=\"font-family: 'Georgia','serif';color: #333333\">Prospec\u00e7\u00e3o Tecnol\u00f3gica (PROSP)<\/span><\/p>\n<\/td>\n<td style=\"border-top: none;border-left: none;border-bottom: solid #E7E7E7 1.0pt;border-right: solid #E7E7E7 1.0pt;background: #DEEAF6;padding: 4.5pt 18.0pt 4.5pt 18.0pt\">\n<p class=\"MsoNormal\" style=\"text-align: center\" align=\"center\"><span style=\"font-family: 'Georgia','serif';color: #333333\">3 cr\u00e9ditos<\/span><\/p>\n<\/td>\n<\/tr>\n<tr>\n<td style=\"width: 93.8pt;border: solid #E7E7E7 1.0pt;border-top: none;background: #BDD6EE;padding: 4.5pt 18.0pt 4.5pt 18.0pt\" rowspan=\"3\" width=\"125\">\n<p class=\"MsoNormal\" style=\"text-align: center\" align=\"center\"><span style=\"font-family: 'Georgia','serif';color: #333333\">Semestre 2<br \/>\n<\/span><b><span style=\"font-size: 11.0pt;font-family: 'Georgia','serif';color: #c45911\">8 cr\u00e9ditos<\/span><\/b><\/p>\n<\/td>\n<td style=\"border-top: none;border-left: none;border-bottom: solid #E7E7E7 1.0pt;border-right: solid #E7E7E7 1.0pt;background: #BDD6EE;padding: 4.5pt 18.0pt 4.5pt 18.0pt\">\n<p class=\"MsoNormal\"><span style=\"font-family: 'Georgia','serif';color: #333333\">Conceitos e Aplica\u00e7\u00f5es de Transfer\u00eancia de<br \/>\nTecnologia (TT)<\/span><\/p>\n<\/td>\n<td style=\"border-top: none;border-left: none;border-bottom: solid #E7E7E7 1.0pt;border-right: solid #E7E7E7 1.0pt;background: #BDD6EE;padding: 4.5pt 18.0pt 4.5pt 18.0pt\">\n<p class=\"MsoNormal\" style=\"text-align: center\" align=\"center\"><span style=\"font-family: 'Georgia','serif';color: #333333\">3 cr\u00e9ditos<\/span><\/p>\n<\/td>\n<\/tr>\n<tr style=\"height: 38.5pt\">\n<td style=\"border-top: none;border-left: none;border-bottom: solid #E7E7E7 1.0pt;border-right: solid #E7E7E7 1.0pt;background: #BDD6EE;padding: 4.5pt 18.0pt 4.5pt 18.0pt;height: 38.5pt\">\n<p class=\"MsoNormal\"><span style=\"font-family: 'Georgia','serif';color: #333333\">Pol\u00edticas P\u00fablicas de Ci\u00eancia, Tecnologia e<br \/>\nInova\u00e7\u00e3o e o Estado Brasileiro (POL)<\/span><\/p>\n<\/td>\n<td style=\"border-top: none;border-left: none;border-bottom: solid #E7E7E7 1.0pt;border-right: solid #E7E7E7 1.0pt;background: #BDD6EE;padding: 4.5pt 18.0pt 4.5pt 18.0pt;height: 38.5pt\">\n<p class=\"MsoNormal\" style=\"text-align: center\" align=\"center\"><span style=\"font-family: 'Georgia','serif';color: #333333\">3 cr\u00e9ditos<\/span><\/p>\n<\/td>\n<\/tr>\n<tr>\n<td style=\"border-top: none;border-left: none;border-bottom: solid #E7E7E7 1.0pt;border-right: solid #E7E7E7 1.0pt;background: #BDD6EE;padding: 4.5pt 18.0pt 4.5pt 18.0pt\">\n<p class=\"MsoNormal\"><span style=\"font-family: 'Georgia','serif';color: #333333\">\u00a0Semin\u00e1rio de Projeto de Mestrado (SEM)<\/span><\/p>\n<\/td>\n<td style=\"border-top: none;border-left: none;border-bottom: solid #E7E7E7 1.0pt;border-right: solid #E7E7E7 1.0pt;background: #BDD6EE;padding: 4.5pt 18.0pt 4.5pt 18.0pt\">\n<p class=\"MsoNormal\" style=\"text-align: center\" align=\"center\"><span style=\"font-family: 'Georgia','serif';color: #333333\">2 cr\u00e9ditos<\/span><\/p>\n<\/td>\n<\/tr>\n<tr>\n<td style=\"width: 93.8pt;border: solid #E7E7E7 1.0pt;border-top: none;background: #2E74B5;padding: 4.5pt 18.0pt 4.5pt 18.0pt\" rowspan=\"4\" width=\"125\">\n<p class=\"MsoNormal\" style=\"text-align: center\" align=\"center\"><span style=\"font-family: 'Georgia','serif';color: white\">Semestre 3<br \/>\n<\/span><b><span style=\"font-size: 11.0pt;font-family: 'Georgia','serif';color: #f7caac\">8 cr\u00e9ditos<\/span><\/b><\/p>\n<\/td>\n<td style=\"border-top: none;border-left: none;border-bottom: solid #E7E7E7 1.0pt;border-right: solid #E7E7E7 1.0pt;background: #2E74B5;padding: 4.5pt 18.0pt 4.5pt 18.0pt\">\n<p class=\"MsoNormal\"><span style=\"font-family: 'Georgia','serif';color: white\">Disciplina Optativa \/ Eletiva<\/span><\/p>\n<\/td>\n<td style=\"border-top: none;border-left: none;border-bottom: solid #E7E7E7 1.0pt;border-right: solid #E7E7E7 1.0pt;background: #2E74B5;padding: 4.5pt 18.0pt 4.5pt 18.0pt\">\n<p class=\"MsoNormal\" style=\"text-align: center\" align=\"center\"><span class=\"GramE\"><span style=\"font-family: 'Georgia','serif';color: white\">3<\/span><\/span><span style=\"font-family: 'Georgia','serif';color: white\"><br \/>\ncr\u00e9ditos<\/span><\/p>\n<\/td>\n<\/tr>\n<tr>\n<td style=\"border-top: none;border-left: none;border-bottom: solid #E7E7E7 1.0pt;border-right: solid #E7E7E7 1.0pt;background: #2E74B5;padding: 4.5pt 18.0pt 4.5pt 18.0pt\">\n<p class=\"MsoNormal\"><span style=\"font-family: 'Georgia','serif';color: white\">Disciplina Optativa \/ Eletiva<\/span><\/p>\n<\/td>\n<td style=\"border-top: none;border-left: none;border-bottom: solid #E7E7E7 1.0pt;border-right: solid #E7E7E7 1.0pt;background: #2E74B5;padding: 4.5pt 18.0pt 4.5pt 18.0pt\">\n<p class=\"MsoNormal\" style=\"text-align: center\" align=\"center\"><span style=\"font-family: 'Georgia','serif';color: white\">3 cr\u00e9ditos<\/span><\/p>\n<\/td>\n<\/tr>\n<tr>\n<td style=\"border-top: none;border-left: none;border-bottom: solid #E7E7E7 1.0pt;border-right: solid #E7E7E7 1.0pt;background: #2E74B5;padding: 4.5pt 18.0pt 4.5pt 18.0pt\">\n<p class=\"MsoNormal\"><span style=\"font-family: 'Georgia','serif';color: white\">Semin\u00e1rio Integrador (SEM-INT)<\/span><\/p>\n<\/td>\n<td style=\"border-top: none;border-left: none;border-bottom: solid #E7E7E7 1.0pt;border-right: solid #E7E7E7 1.0pt;background: #2E74B5;padding: 4.5pt 18.0pt 4.5pt 18.0pt\">\n<p class=\"MsoNormal\" style=\"text-align: center\" align=\"center\"><span style=\"font-family: 'Georgia','serif';color: white\">1 cr\u00e9dito<\/span><\/p>\n<\/td>\n<\/tr>\n<tr>\n<td style=\"border-top: none;border-left: none;border-bottom: solid #E7E7E7 1.0pt;border-right: solid #E7E7E7 1.0pt;background: #2E74B5;padding: 4.5pt 18.0pt 4.5pt 18.0pt\">\n<p class=\"MsoNormal\"><span style=\"font-family: 'Georgia','serif';color: white\">Exame de Qualifica\u00e7\u00e3o (QUAL)<\/span><\/p>\n<\/td>\n<td style=\"border-top: none;border-left: none;border-bottom: solid #E7E7E7 1.0pt;border-right: solid #E7E7E7 1.0pt;background: #2E74B5;padding: 4.5pt 18.0pt 4.5pt 18.0pt\">\n<p class=\"MsoNormal\" style=\"text-align: center\" align=\"center\"><span style=\"font-family: 'Georgia','serif';color: white\">1 cr\u00e9dito<\/span><\/p>\n<\/td>\n<\/tr>\n<tr>\n<td style=\"width: 93.8pt;border: solid #E7E7E7 1.0pt;border-top: none;background: #1F4E79;padding: 4.5pt 18.0pt 4.5pt 18.0pt\" rowspan=\"3\" width=\"125\">\n<p class=\"MsoNormal\" style=\"text-align: center\" align=\"center\"><span style=\"font-family: 'Georgia','serif';color: white\">Semestre 4<br \/>\n<\/span><b><span style=\"font-size: 11.0pt;font-family: 'Georgia','serif';color: #f7caac\">10\u00a0cr\u00e9ditos<\/span><\/b><\/p>\n<\/td>\n<td style=\"border-top: none;border-left: none;border-bottom: solid #E7E7E7 1.0pt;border-right: solid #E7E7E7 1.0pt;background: #1F4E79;padding: 4.5pt 18.0pt 4.5pt 18.0pt\">\n<p class=\"MsoNormal\"><span style=\"font-family: 'Georgia','serif';color: white\">Oficina Profissional (OF-PROF)<\/span><\/p>\n<\/td>\n<td style=\"border-top: none;border-left: none;border-bottom: solid #E7E7E7 1.0pt;border-right: solid #E7E7E7 1.0pt;background: #1F4E79;padding: 4.5pt 18.0pt 4.5pt 18.0pt\">\n<p class=\"MsoNormal\" style=\"text-align: center\" align=\"center\"><span style=\"font-family: 'Georgia','serif';color: white\">6 cr\u00e9ditos<\/span><\/p>\n<\/td>\n<\/tr>\n<tr>\n<td style=\"border-top: none;border-left: none;border-bottom: solid #E7E7E7 1.0pt;border-right: solid #E7E7E7 1.0pt;background: #1F4E79;padding: 4.5pt 18.0pt 4.5pt 18.0pt\">\n<p class=\"MsoNormal\"><span style=\"font-family: 'Georgia','serif';color: white\">Trabalho de Conclus\u00e3o de Curso (TCC)<\/span><\/p>\n<\/td>\n<td style=\"border-top: none;border-left: none;border-bottom: solid #E7E7E7 1.0pt;border-right: solid #E7E7E7 1.0pt;background: #1F4E79;padding: 4.5pt 18.0pt 4.5pt 18.0pt\">\n<p class=\"MsoNormal\" style=\"text-align: center\" align=\"center\"><span style=\"font-family: 'Georgia','serif';color: white\">1 cr\u00e9dito<\/span><\/p>\n<\/td>\n<\/tr>\n<tr>\n<td style=\"border-top: none;border-left: none;border-bottom: solid #E7E7E7 1.0pt;border-right: solid #E7E7E7 1.0pt;background: #1F4E79;padding: 4.5pt 18.0pt 4.5pt 18.0pt\">\n<p class=\"MsoNormal\"><span style=\"font-family: 'Georgia','serif';color: white\">Defesa de Trabalho de Conclus\u00e3o (DEF-TCC)<\/span><\/p>\n<\/td>\n<td style=\"border-top: none;border-left: none;border-bottom: solid #E7E7E7 1.0pt;border-right: solid #E7E7E7 1.0pt;background: #1F4E79;padding: 4.5pt 18.0pt 4.5pt 18.0pt\">\n<p class=\"MsoNormal\" style=\"text-align: center\" align=\"center\"><span style=\"font-family: 'Georgia','serif';color: white\">3 cr\u00e9ditos<\/span><\/p>\n<\/td>\n<\/tr>\n<tr>\n<td style=\"border: solid #E7E7E7 1.0pt;border-top: none;background: #5B9BD5;padding: 0cm 0cm 0cm 0cm\" colspan=\"3\" valign=\"bottom\">\n<p class=\"MsoNormal\" style=\"text-align: center\" align=\"center\"><b><span style=\"font-size: 16.0pt;font-family: 'Georgia','serif';color: white\">TOTAL DE CR\u00c9DITOS:<\/span><\/b> <span style=\"font-size: 20.0pt;font-family: 'Georgia','serif';color: black\">35<\/span><\/p>\n<\/td>\n<\/tr>\n<\/tbody>\n<\/table>\n<p>&nbsp;<\/p>\n<p>&nbsp;<\/p>\n<p class=\"MsoNormal\" style=\"text-align: center\" align=\"center\"><span style=\"font-family: 'Georgia','serif';color: white\">3 cr\u00e9dito<\/span><\/p>\n<\/div>\n<p>&nbsp;<\/p>\n","protected":false},"excerpt":{"rendered":"<p>&nbsp; MESTRADO PROFNIT &nbsp; &nbsp; Semestre 1 9 cr\u00e9ditos Conceitos e Aplica\u00e7\u00f5es de Propriedade Intelectual (PI) 3 cr\u00e9ditos Metodologia da Pesquisa Cient\u00edfico-Tecnol\u00f3gica e Inova\u00e7\u00e3o (MET) 3 cr\u00e9ditos Prospec\u00e7\u00e3o Tecnol\u00f3gica (PROSP) 3 cr\u00e9ditos Semestre 2 8 cr\u00e9ditos Conceitos e Aplica\u00e7\u00f5es de Transfer\u00eancia de Tecnologia (TT) 3 cr\u00e9ditos Pol\u00edticas P\u00fablicas de Ci\u00eancia, Tecnologia e Inova\u00e7\u00e3o e o [&hellip;]<\/p>\n","protected":false},"author":3,"featured_media":0,"parent":49,"menu_order":0,"comment_status":"closed","ping_status":"closed","template":"","meta":{"_exactmetrics_skip_tracking":false,"_exactmetrics_sitenote_active":false,"_exactmetrics_sitenote_note":"","_exactmetrics_sitenote_category":0,"footnotes":"","_links_to":"","_links_to_target":""},"class_list":["post-50","page","type-page","status-publish","hentry"],"_links":{"self":[{"href":"https:\/\/www3.unicentro.br\/profnit\/wp-json\/wp\/v2\/pages\/50","targetHints":{"allow":["GET"]}}],"collection":[{"href":"https:\/\/www3.unicentro.br\/profnit\/wp-json\/wp\/v2\/pages"}],"about":[{"href":"https:\/\/www3.unicentro.br\/profnit\/wp-json\/wp\/v2\/types\/page"}],"author":[{"embeddable":true,"href":"https:\/\/www3.unicentro.br\/profnit\/wp-json\/wp\/v2\/users\/3"}],"replies":[{"embeddable":true,"href":"https:\/\/www3.unicentro.br\/profnit\/wp-json\/wp\/v2\/comments?post=50"}],"version-history":[{"count":0,"href":"https:\/\/www3.unicentro.br\/profnit\/wp-json\/wp\/v2\/pages\/50\/revisions"}],"up":[{"embeddable":true,"href":"https:\/\/www3.unicentro.br\/profnit\/wp-json\/wp\/v2\/pages\/49"}],"wp:attachment":[{"href":"https:\/\/www3.unicentro.br\/profnit\/wp-json\/wp\/v2\/media?parent=50"}],"curies":[{"name":"wp","href":"https:\/\/api.w.org\/{rel}","templated":true}]}}