{"id":48,"date":"2026-03-24T15:33:00","date_gmt":"2026-03-24T18:33:00","guid":{"rendered":"https:\/\/www3.unicentro.br\/profnit\/docentes\/"},"modified":"2026-03-24T19:04:26","modified_gmt":"2026-03-24T22:04:26","slug":"docentes","status":"publish","type":"page","link":"https:\/\/www3.unicentro.br\/profnit\/docentes\/","title":{"rendered":"Docentes"},"content":{"rendered":"<div class=\"wpb-content-wrapper\"><p>[vc_row][vc_column][vc_column_text css=&#8221;&#8221;]<\/p>\n<table style=\"height: 996px;width: 100%\" width=\"100%;\">\n<thead>\n<tr style=\"height: 24px\">\n<td style=\"text-align: center;width: 47.1804%;height: 34px\"><strong>DOCENTE<\/strong><\/td>\n<td style=\"text-align: center;width: 2.98308%;height: 34px\"><strong>LATTES<\/strong><\/td>\n<td style=\"text-align: center;width: 25.7353%;height: 34px\"><strong>E-MAIL<\/strong><\/td>\n<td style=\"text-align: center;width: 12.6634%;height: 34px\"><strong>LOTA\u00c7\u00c3O\u00a0<\/strong><\/td>\n<td style=\"text-align: center;width: 10.2941%;height: 34px\"><strong>VINCULO<\/strong><\/td>\n<\/tr>\n<\/thead>\n<tbody>\n<tr style=\"height: 48px\">\n<td style=\"width: 47.1804%;height: 59px\" align=\"LEFT\" height=\"22\"><strong>Abrao Jose Melhem Junior<\/strong><\/p>\n<p>Doutor em Desenvolvimento Comunit\u00e1rio pela Unicentro &#8211; PR<\/td>\n<td style=\"width: 2.98308%;height: 59px\">&nbsp;<\/p>\n<p><a href=\"http:\/\/lattes.cnpq.br\/5318976120193636\" target=\"_blank\" rel=\"noopener noreferrer\"><img loading=\"lazy\" decoding=\"async\" class=\"aligncenter\" src=\"https:\/\/www3.unicentro.br\/profnit\/wp-content\/uploads\/sites\/75\/2020\/01\/img-link-lattes.png\" alt=\"\" width=\"40\" height=\"48\" \/><\/a><\/td>\n<td style=\"text-align: center;width: 25.7353%;height: 59px\"><a href=\"amelhem@unicentro.br\">amelhem@unicentro.br<\/a><\/td>\n<td style=\"text-align: center;width: 12.6634%;height: 59px\">Unicentro<\/td>\n<td style=\"text-align: center;width: 10.2941%;height: 59px\">Permanente<\/td>\n<\/tr>\n<tr style=\"height: 48px\">\n<td style=\"width: 47.1804%;height: 60px\" align=\"LEFT\" height=\"22\"><strong>Andr\u00e9 Lazarin Gallina\u00a0<\/strong><br \/>\nDoutor em Qu\u00edmica Aplicada (F\u00edsico-Quimica) &#8211; Unicentro<\/td>\n<td style=\"width: 2.98308%;height: 60px\"><a href=\"http:\/\/lattes.cnpq.br\/1244804271465938 \" target=\"_blank\" rel=\"noopener noreferrer\"><img loading=\"lazy\" decoding=\"async\" class=\"aligncenter\" src=\"https:\/\/www3.unicentro.br\/profnit\/wp-content\/uploads\/sites\/75\/2020\/01\/img-link-lattes.png\" alt=\"\" width=\"40\" height=\"48\" \/><\/a><\/td>\n<td style=\"text-align: center;width: 25.7353%;height: 60px\"><a href=\"mailto:andregallina@gmail.com\">andregallina@gmail.com<\/a><\/td>\n<td style=\"text-align: center;width: 12.6634%;height: 60px\">Unicentro\/UFSS<\/td>\n<td style=\"text-align: center;width: 10.2941%;height: 60px\">Permanente<\/td>\n<\/tr>\n<tr style=\"height: 48px\">\n<td style=\"width: 47.1804%;height: 60px\" align=\"LEFT\" height=\"22\"><strong>Camilo Freddy Mendoza Morejon<br \/>\n<\/strong>Doutor em Engenharia Mec\u00e2nica &#8211; COPPE\/UFRJ<\/td>\n<td style=\"width: 2.98308%;height: 60px\"><a href=\"http:\/\/lattes.cnpq.br\/8038265276112768\" target=\"_blank\" rel=\"noopener noreferrer\"><img decoding=\"async\" class=\"aligncenter\" src=\"https:\/\/www3.unicentro.br\/profnit\/wp-content\/uploads\/sites\/75\/2020\/01\/img-link-lattes.png\" \/><\/a><\/td>\n<td style=\"text-align: center;width: 25.7353%;height: 60px\"><a href=\"mailto:camilo_freddy@hotmail.com\">camilo_freddy@hotmail.com<\/a><\/td>\n<td style=\"text-align: center;width: 12.6634%;height: 60px\">Unioeste<\/td>\n<td style=\"text-align: center;width: 10.2941%;height: 60px\">Permanente<\/td>\n<\/tr>\n<tr style=\"height: 77px\">\n<td style=\"width: 47.1804%;height: 77px\" align=\"LEFT\" height=\"22\"><strong>Carlos Ricardo Maneck Malfatti<\/strong><\/p>\n<p>Doutor em Bioqu\u00edmica &#8211; UFRGS<\/td>\n<td style=\"width: 2.98308%;height: 77px\"><a href=\"http:\/\/lattes.cnpq.br\/7879558601666787\" target=\"_blank\" rel=\"noopener noreferrer\"><img decoding=\"async\" class=\"aligncenter\" src=\"https:\/\/www3.unicentro.br\/profnit\/wp-content\/uploads\/sites\/75\/2020\/01\/img-link-lattes.png\" \/><\/a><\/td>\n<td style=\"text-align: center;width: 25.7353%;height: 77px\">\u00a0<a href=\"mailto:crmalfatti@gmail.com\">crmalfatti@gmail.com<\/a><\/td>\n<td style=\"text-align: center;width: 12.6634%;height: 77px\">Unicentro<\/td>\n<td style=\"text-align: center;width: 10.2941%;height: 77px\">Permanente<\/td>\n<\/tr>\n<tr style=\"height: 79px\">\n<td style=\"width: 47.1804%;height: 79px\"><strong>Claudia Crisostimo<\/strong><\/p>\n<p>Doutora em Direito &#8211; Universidade do Porto<\/td>\n<td style=\"width: 2.98308%;height: 79px\"><a href=\"http:\/\/lattes.cnpq.br\/0399202987704280\" target=\"_blank\" rel=\"noopener noreferrer\"><img loading=\"lazy\" decoding=\"async\" class=\"aligncenter\" src=\"https:\/\/www3.unicentro.br\/profnit\/wp-content\/uploads\/sites\/75\/2020\/01\/img-link-lattes.png\" alt=\"\" width=\"40\" height=\"48\" \/><\/a><\/td>\n<td style=\"text-align: center;width: 25.7353%;height: 79px\"><a href=\"mailto:claucrisostimo@hotmail.com\">claucrisostimo@hotmail.com<\/a><\/td>\n<td style=\"text-align: center;width: 12.6634%;height: 79px\">Unicentro<\/td>\n<td style=\"text-align: center;width: 10.2941%;height: 79px\">Permanente<\/td>\n<\/tr>\n<tr style=\"height: 96px\">\n<td style=\"width: 47.1804%;height: 82px\" align=\"LEFT\" height=\"22\"><strong>David Livingstone Alves Figueiredo<\/strong><\/p>\n<p>Doutor em Ci\u00eancias M\u00e9dicas pela FMRP-USP<\/td>\n<td style=\"width: 2.98308%;height: 82px\"><a href=\"http:\/\/lattes.cnpq.br\/8867251982236137\" target=\"_blank\" rel=\"noopener noreferrer\"><img loading=\"lazy\" decoding=\"async\" class=\"aligncenter\" src=\"https:\/\/www3.unicentro.br\/profnit\/wp-content\/uploads\/sites\/75\/2020\/01\/img-link-lattes.png\" alt=\"\" width=\"40\" height=\"48\" \/><\/a><\/td>\n<td style=\"text-align: center;width: 25.7353%;height: 82px\"><a href=\"mailto:davidlafigueiredo@gmail.com\">davidlafigueiredo@gmail.com<\/a><\/td>\n<td style=\"text-align: center;width: 12.6634%;height: 82px\">Unicentro<\/td>\n<td style=\"text-align: center;width: 10.2941%;height: 82px\">Permanente<\/td>\n<\/tr>\n<tr style=\"height: 48px\">\n<td style=\"width: 47.1804%;height: 48px\" align=\"LEFT\" height=\"22\"><strong>Guilherme Jos\u00e9 Turcatel Alves<\/strong><br \/>\nDoutor em Qu\u00edmica &#8211; Associado UEL\/UEPG\/Unicentro<\/td>\n<td style=\"width: 2.98308%;height: 48px\"><a href=\"http:\/\/lattes.cnpq.br\/5917871102224665\" target=\"_blank\" rel=\"noopener noreferrer\"><img loading=\"lazy\" decoding=\"async\" class=\"aligncenter\" src=\"https:\/\/www3.unicentro.br\/profnit\/wp-content\/uploads\/sites\/75\/2020\/01\/img-link-lattes.png\" alt=\"\" width=\"40\" height=\"48\" \/><\/a><\/td>\n<td style=\"text-align: center;width: 25.7353%;height: 48px\"><a href=\"mailto:guilhermeturcatel@gmail.com\">guilhermeturcatel@gmail.com <\/a><\/td>\n<td style=\"text-align: center;width: 12.6634%;height: 48px\">Unioeste<\/td>\n<td style=\"text-align: center;width: 10.2941%;height: 48px\">Colaborador<\/td>\n<\/tr>\n<tr style=\"height: 96px\">\n<td style=\"width: 47.1804%;height: 96px\" align=\"LEFT\" height=\"22\"><strong>Juliana Sartori Bonini<\/strong><\/p>\n<p>Doutora em Ci\u00eancias Biol\u00f3gicas (Bioqu\u00edmica) &#8211; UFRGS\/RS<\/td>\n<td style=\"width: 2.98308%;height: 96px\"><a href=\"http:\/\/lattes.cnpq.br\/7239838542231670\" target=\"_blank\" rel=\"noopener noreferrer\"><img decoding=\"async\" class=\"aligncenter\" src=\"https:\/\/www3.unicentro.br\/profnit\/wp-content\/uploads\/sites\/75\/2020\/01\/img-link-lattes.png\" \/><\/a><\/td>\n<td style=\"text-align: center;width: 25.7353%;height: 96px\"><a href=\"mailto:juliana.bonini@gmail.com\">juliana.bonini@gmail.com<\/a><\/td>\n<td style=\"text-align: center;width: 12.6634%;height: 96px\">Unicentro<\/td>\n<td style=\"text-align: center;width: 10.2941%;height: 96px\">Permanente<\/td>\n<\/tr>\n<tr style=\"height: 96px\">\n<td style=\"width: 47.1804%;height: 96px\" align=\"LEFT\" height=\"22\"><strong>Maico Taras da Cunha<\/strong><\/p>\n<p>Doutor em F\u00edsico-Qu\u00edmica &#8211; USP<\/td>\n<td style=\"width: 2.98308%;height: 96px\"><a href=\"http:\/\/lattes.cnpq.br\/8428907171436158\" target=\"_blank\" rel=\"noopener noreferrer\"><img decoding=\"async\" class=\"aligncenter\" src=\"https:\/\/www3.unicentro.br\/profnit\/wp-content\/uploads\/sites\/75\/2020\/01\/img-link-lattes.png\" \/><\/a><\/td>\n<td style=\"text-align: center;width: 25.7353%;height: 96px\"><a href=\"mailto:marcosrobertokuhl@yahoo.com.br\">marcosrobertokuhl@yahoo.com.br<\/a><\/td>\n<td style=\"text-align: center;width: 12.6634%;height: 96px\">Unicentro<\/td>\n<td style=\"text-align: center;width: 10.2941%;height: 96px\">Permanente<\/td>\n<\/tr>\n<tr style=\"height: 96px\">\n<td style=\"width: 47.1804%;height: 96px\" align=\"LEFT\" height=\"22\"><strong>Marcus Peikriszwili Tartaruga<\/strong><\/p>\n<p>Doutor em Ci\u00eancias do Movimento Humano &#8211; UFRGS\/Universidade Lion<\/td>\n<td style=\"width: 2.98308%;height: 96px\"><a href=\"http:\/\/lattes.cnpq.br\/4765697449834723\" target=\"_blank\" rel=\"noopener noreferrer\"><img loading=\"lazy\" decoding=\"async\" class=\"aligncenter\" src=\"https:\/\/www3.unicentro.br\/profnit\/wp-content\/uploads\/sites\/75\/2020\/01\/img-link-lattes.png\" alt=\"\" width=\"40\" height=\"48\" \/><\/a><\/td>\n<td style=\"text-align: center;width: 25.7353%;height: 96px\"><a href=\"mailto:mtartaruga@unicentro.br\">mtartaruga@unicentro.br<\/a><\/td>\n<td style=\"text-align: center;width: 12.6634%;height: 96px\">Unicentro<\/td>\n<td style=\"text-align: center;width: 10.2941%;height: 96px\">Permanente<\/td>\n<\/tr>\n<tr style=\"height: 96px\">\n<td style=\"width: 47.1804%;height: 96px\" align=\"LEFT\" height=\"22\"><strong>Vanessa Ishikawa Rasoto<\/strong><\/p>\n<p>Doutora em Engenharia da Produ\u00e7\u00e3o &#8211; UFSC<\/td>\n<td style=\"width: 2.98308%;height: 96px\"><a href=\"http:\/\/lattes.cnpq.br\/5497450906300358\" target=\"_blank\" rel=\"noopener noreferrer\"><img decoding=\"async\" class=\"aligncenter\" src=\"https:\/\/www3.unicentro.br\/profnit\/wp-content\/uploads\/sites\/75\/2020\/01\/img-link-lattes.png\" \/><\/a><\/td>\n<td style=\"text-align: center;width: 25.7353%;height: 96px\"><a href=\"mailto:vrasoto@gmail.com\">vrasoto@gmail.com<\/a><\/td>\n<td style=\"text-align: center;width: 12.6634%;height: 96px\">UTFPR<\/td>\n<td style=\"text-align: center;width: 10.2941%;height: 96px\">Colaboradora<\/td>\n<\/tr>\n<tr style=\"height: 96px\">\n<td style=\"width: 47.1804%;height: 96px\" align=\"LEFT\" height=\"22\"><strong>Weber Cl\u00e1udio Francisco Nunes da Silva<\/strong><\/p>\n<p>Doutor em Ci\u00eancias M\u00e9dicas &#8211; UFRGS<\/td>\n<td style=\"width: 2.98308%;height: 96px\"><a href=\"http:\/\/lattes.cnpq.br\/1892865713778963\" target=\"_blank\" rel=\"noopener noreferrer\"><img decoding=\"async\" class=\"aligncenter\" src=\"https:\/\/www3.unicentro.br\/profnit\/wp-content\/uploads\/sites\/75\/2020\/01\/img-link-lattes.png\" \/><\/a><\/td>\n<td style=\"text-align: center;width: 25.7353%;height: 96px\"><a href=\"mailto:wwwclaudion@gmail.com\">wwwclaudion@gmail.com<\/a><\/td>\n<td style=\"text-align: center;width: 12.6634%;height: 96px\">Unicentro<\/td>\n<td style=\"text-align: center;width: 10.2941%;height: 96px\">Permanente<\/td>\n<\/tr>\n<\/tbody>\n<\/table>\n<p>[\/vc_column_text][\/vc_column][\/vc_row]<\/p>\n<\/div>","protected":false},"excerpt":{"rendered":"<p>[vc_row][vc_column][vc_column_text css=&#8221;&#8221;] DOCENTE LATTES E-MAIL LOTA\u00c7\u00c3O\u00a0 VINCULO Abrao Jose Melhem Junior Doutor em Desenvolvimento Comunit\u00e1rio pela Unicentro &#8211; PR &nbsp; amelhem@unicentro.br Unicentro Permanente Andr\u00e9 Lazarin Gallina\u00a0 Doutor em Qu\u00edmica Aplicada (F\u00edsico-Quimica) &#8211; Unicentro andregallina@gmail.com Unicentro\/UFSS Permanente Camilo Freddy Mendoza Morejon Doutor em Engenharia Mec\u00e2nica &#8211; COPPE\/UFRJ camilo_freddy@hotmail.com Unioeste Permanente Carlos Ricardo Maneck Malfatti Doutor em [&hellip;]<\/p>\n","protected":false},"author":3,"featured_media":0,"parent":0,"menu_order":0,"comment_status":"closed","ping_status":"closed","template":"","meta":{"_exactmetrics_skip_tracking":false,"_exactmetrics_sitenote_active":false,"_exactmetrics_sitenote_note":"","_exactmetrics_sitenote_category":0,"footnotes":"","_links_to":"","_links_to_target":""},"class_list":["post-48","page","type-page","status-publish","hentry"],"_links":{"self":[{"href":"https:\/\/www3.unicentro.br\/profnit\/wp-json\/wp\/v2\/pages\/48","targetHints":{"allow":["GET"]}}],"collection":[{"href":"https:\/\/www3.unicentro.br\/profnit\/wp-json\/wp\/v2\/pages"}],"about":[{"href":"https:\/\/www3.unicentro.br\/profnit\/wp-json\/wp\/v2\/types\/page"}],"author":[{"embeddable":true,"href":"https:\/\/www3.unicentro.br\/profnit\/wp-json\/wp\/v2\/users\/3"}],"replies":[{"embeddable":true,"href":"https:\/\/www3.unicentro.br\/profnit\/wp-json\/wp\/v2\/comments?post=48"}],"version-history":[{"count":4,"href":"https:\/\/www3.unicentro.br\/profnit\/wp-json\/wp\/v2\/pages\/48\/revisions"}],"predecessor-version":[{"id":3140,"href":"https:\/\/www3.unicentro.br\/profnit\/wp-json\/wp\/v2\/pages\/48\/revisions\/3140"}],"wp:attachment":[{"href":"https:\/\/www3.unicentro.br\/profnit\/wp-json\/wp\/v2\/media?parent=48"}],"curies":[{"name":"wp","href":"https:\/\/api.w.org\/{rel}","templated":true}]}}