{"id":47,"date":"2018-01-09T00:00:00","date_gmt":"2018-01-09T02:00:00","guid":{"rendered":"https:\/\/www3.unicentro.br\/profnit\/seminarios\/"},"modified":"2019-07-02T20:26:42","modified_gmt":"2019-07-02T23:26:42","slug":"seminarios","status":"publish","type":"page","link":"https:\/\/www3.unicentro.br\/profnit\/disciplinas\/seminarios\/","title":{"rendered":"Semin\u00e1rios"},"content":{"rendered":"<table style=\"border-color: #000000\">\n<tbody>\n<tr>\n<td style=\"border-color: #000000\"><span style=\"font-size: 10pt\"><em><strong>Semin\u00e1rios<\/strong><\/em><\/span><\/td>\n<td style=\"border-color: #000000;text-align: center\"><span style=\"font-size: 10pt\"><em><strong>Cr\u00e9ditos<\/strong><\/em><\/span><\/td>\n<td style=\"border-color: #000000\"><span style=\"font-size: 10pt\"><em><strong>C\/H<\/strong><\/em><\/span><\/td>\n<\/tr>\n<tr>\n<td style=\"border-color: #000000\"><span style=\"font-size: 10pt\">Semin\u00e1rio de Projeto de Mestrado<\/span><\/td>\n<td style=\"border-color: #000000;text-align: center\"><span style=\"font-size: 10pt\">2<\/span><\/td>\n<td style=\"border-color: #000000\"><span style=\"font-size: 10pt\">45h<\/span><\/td>\n<\/tr>\n<tr>\n<td style=\"border-color: #000000\"><span style=\"font-size: 10pt\">Semin\u00e1rio Integrador<\/span><\/td>\n<td style=\"border-color: #000000;text-align: center\"><span style=\"font-size: 10pt\">1<\/span><\/td>\n<td style=\"border-color: #000000\"><span style=\"font-size: 10pt\">45h<\/span><\/td>\n<\/tr>\n<\/tbody>\n<\/table>\n<p><em><strong>EMENTA<\/strong><\/em><\/p>\n<p><strong>Semin\u00e1rio de Projeto de Mestrado<\/strong> Semin\u00e1rio sobre o projeto de pesquisa a ser desenvolvido pelo aluno para o trabalho de conclus\u00e3o de mestrado.<\/p>\n<p><strong>Semin\u00e1rio Integrador\u00a0 <\/strong>Produ\u00e7\u00e3o e apresenta\u00e7\u00e3o de trabalho tecnol\u00f3gico em congressos.<\/p>\n","protected":false},"excerpt":{"rendered":"<p>Semin\u00e1rios Cr\u00e9ditos C\/H Semin\u00e1rio de Projeto de Mestrado 2 45h Semin\u00e1rio Integrador 1 45h EMENTA Semin\u00e1rio de Projeto de Mestrado Semin\u00e1rio sobre o projeto de pesquisa a ser desenvolvido pelo aluno para o trabalho de conclus\u00e3o de mestrado. Semin\u00e1rio Integrador\u00a0 Produ\u00e7\u00e3o e apresenta\u00e7\u00e3o de trabalho tecnol\u00f3gico em congressos.<\/p>\n","protected":false},"author":3,"featured_media":0,"parent":49,"menu_order":0,"comment_status":"closed","ping_status":"closed","template":"","meta":{"_exactmetrics_skip_tracking":false,"_exactmetrics_sitenote_active":false,"_exactmetrics_sitenote_note":"","_exactmetrics_sitenote_category":0,"footnotes":"","_links_to":"","_links_to_target":""},"class_list":["post-47","page","type-page","status-publish","hentry"],"_links":{"self":[{"href":"https:\/\/www3.unicentro.br\/profnit\/wp-json\/wp\/v2\/pages\/47","targetHints":{"allow":["GET"]}}],"collection":[{"href":"https:\/\/www3.unicentro.br\/profnit\/wp-json\/wp\/v2\/pages"}],"about":[{"href":"https:\/\/www3.unicentro.br\/profnit\/wp-json\/wp\/v2\/types\/page"}],"author":[{"embeddable":true,"href":"https:\/\/www3.unicentro.br\/profnit\/wp-json\/wp\/v2\/users\/3"}],"replies":[{"embeddable":true,"href":"https:\/\/www3.unicentro.br\/profnit\/wp-json\/wp\/v2\/comments?post=47"}],"version-history":[{"count":0,"href":"https:\/\/www3.unicentro.br\/profnit\/wp-json\/wp\/v2\/pages\/47\/revisions"}],"up":[{"embeddable":true,"href":"https:\/\/www3.unicentro.br\/profnit\/wp-json\/wp\/v2\/pages\/49"}],"wp:attachment":[{"href":"https:\/\/www3.unicentro.br\/profnit\/wp-json\/wp\/v2\/media?parent=47"}],"curies":[{"name":"wp","href":"https:\/\/api.w.org\/{rel}","templated":true}]}}