{"id":46,"date":"2018-01-09T00:00:00","date_gmt":"2018-01-09T02:00:00","guid":{"rendered":"https:\/\/www3.unicentro.br\/profnit\/atividades-curriculares\/"},"modified":"2019-07-02T20:26:41","modified_gmt":"2019-07-02T23:26:41","slug":"atividades-curriculares","status":"publish","type":"page","link":"https:\/\/www3.unicentro.br\/profnit\/disciplinas\/atividades-curriculares\/","title":{"rendered":"Atividades Curriculares"},"content":{"rendered":"<table style=\"border-color: #000000\">\n<tbody>\n<tr>\n<td style=\"border-color: #000000\"><span style=\"font-size: 10pt\"><em><strong>Atividades Curriculares<\/strong><\/em><\/span><\/td>\n<td style=\"border-color: #000000\"><span style=\"font-size: 10pt\"><em><strong>Cr\u00e9ditos<\/strong><\/em><\/span><\/td>\n<td style=\"border-color: #000000\"><span style=\"font-size: 10pt\"><em><strong>C\/H<\/strong><\/em><\/span><\/td>\n<\/tr>\n<tr>\n<td style=\"border-color: #000000\"><span style=\"font-size: 10pt\">Exame de Qualifica\u00e7\u00e3o<\/span><\/td>\n<td style=\"border-color: #000000\"><span style=\"font-size: 13.3333px\">1<\/span><\/td>\n<td style=\"border-color: #000000\"><span style=\"font-size: 10pt\">15h<\/span><\/td>\n<\/tr>\n<tr>\n<td style=\"border-color: #000000\"><span style=\"font-size: 10pt\">Oficina Profissional<\/span><\/td>\n<td style=\"border-color: #000000\"><span style=\"font-size: 13.3333px\">6<\/span><\/td>\n<td style=\"border-color: #000000\"><span style=\"font-size: 10pt\">45h<\/span><\/td>\n<\/tr>\n<tr>\n<td style=\"border-color: #000000\"><span style=\"font-size: 10pt\">Trabalho de Conclus\u00e3o de Curso<\/span><\/td>\n<td style=\"border-color: #000000\"><span style=\"font-size: 10pt\">3<\/span><\/td>\n<td style=\"border-color: #000000\"><span style=\"font-size: 10pt\">45h<\/span><\/td>\n<\/tr>\n<tr>\n<td style=\"border-color: #000000\"><span style=\"font-size: 10pt\">Defesa de Trabalho de Conclus\u00e3o<\/span><\/td>\n<td style=\"border-color: #000000\"><span style=\"font-size: 10pt\">3<\/span><\/td>\n<td style=\"border-color: #000000\"><span style=\"font-size: 10pt\">45h<\/span><\/td>\n<\/tr>\n<\/tbody>\n<\/table>\n<p>&nbsp;<\/p>\n","protected":false},"excerpt":{"rendered":"<p>Atividades Curriculares Cr\u00e9ditos C\/H Exame de Qualifica\u00e7\u00e3o 1 15h Oficina Profissional 6 45h Trabalho de Conclus\u00e3o de Curso 3 45h Defesa de Trabalho de Conclus\u00e3o 3 45h &nbsp;<\/p>\n","protected":false},"author":3,"featured_media":0,"parent":49,"menu_order":0,"comment_status":"closed","ping_status":"closed","template":"","meta":{"_exactmetrics_skip_tracking":false,"_exactmetrics_sitenote_active":false,"_exactmetrics_sitenote_note":"","_exactmetrics_sitenote_category":0,"footnotes":"","_links_to":"","_links_to_target":""},"class_list":["post-46","page","type-page","status-publish","hentry"],"_links":{"self":[{"href":"https:\/\/www3.unicentro.br\/profnit\/wp-json\/wp\/v2\/pages\/46","targetHints":{"allow":["GET"]}}],"collection":[{"href":"https:\/\/www3.unicentro.br\/profnit\/wp-json\/wp\/v2\/pages"}],"about":[{"href":"https:\/\/www3.unicentro.br\/profnit\/wp-json\/wp\/v2\/types\/page"}],"author":[{"embeddable":true,"href":"https:\/\/www3.unicentro.br\/profnit\/wp-json\/wp\/v2\/users\/3"}],"replies":[{"embeddable":true,"href":"https:\/\/www3.unicentro.br\/profnit\/wp-json\/wp\/v2\/comments?post=46"}],"version-history":[{"count":0,"href":"https:\/\/www3.unicentro.br\/profnit\/wp-json\/wp\/v2\/pages\/46\/revisions"}],"up":[{"embeddable":true,"href":"https:\/\/www3.unicentro.br\/profnit\/wp-json\/wp\/v2\/pages\/49"}],"wp:attachment":[{"href":"https:\/\/www3.unicentro.br\/profnit\/wp-json\/wp\/v2\/media?parent=46"}],"curies":[{"name":"wp","href":"https:\/\/api.w.org\/{rel}","templated":true}]}}