{"id":45,"date":"2018-01-08T00:00:00","date_gmt":"2018-01-08T02:00:00","guid":{"rendered":"https:\/\/www3.unicentro.br\/profnit\/optativas\/"},"modified":"2019-07-02T20:26:42","modified_gmt":"2019-07-02T23:26:42","slug":"optativas","status":"publish","type":"page","link":"https:\/\/www3.unicentro.br\/profnit\/disciplinas\/optativas\/","title":{"rendered":"Optativas"},"content":{"rendered":"<table style=\"border-color: #000000\">\n<tbody>\n<tr>\n<td style=\"border-color: #000000\"><span style=\"font-size: 10pt\"><em><strong>Disciplinas<\/strong><\/em><\/span><\/td>\n<td style=\"border-color: #000000\"><span style=\"font-size: 10pt\"><em><strong>Cr\u00e9ditos<\/strong><\/em><\/span><\/td>\n<td style=\"border-color: #000000\"><span style=\"font-size: 10pt\"><em><strong>C\/H<\/strong><\/em><\/span><\/td>\n<\/tr>\n<tr>\n<td style=\"border-color: #000000\"><span style=\"font-size: 10pt\">Pesquisa Tecnol\u00f3gica: Qualitativa e Quantitativa&nbsp;<\/span><\/td>\n<td style=\"border-color: #000000;text-align: center\"><span style=\"font-size: 10pt\">3<\/span><\/td>\n<td style=\"border-color: #000000\"><span style=\"font-size: 10pt\">45h<\/span><\/td>\n<\/tr>\n<tr>\n<td style=\"border-color: #000000\"><span style=\"font-size: 10pt\">Propriedade Intelectual e suas vertentes em Biotecnologia F\u00e1rmacos e Sa\u00fade<\/span><\/td>\n<td style=\"border-color: #000000;text-align: center\"><span style=\"font-size: 10pt\">3<\/span><\/td>\n<td style=\"border-color: #000000\"><span style=\"font-size: 10pt\">45h<\/span><\/td>\n<\/tr>\n<tr>\n<td style=\"border-color: #000000\"><span style=\"font-size: 10pt\">Gest\u00e3o da Transfer\u00eancia de Tecnologia em Ambientes de Inova\u00e7\u00e3o<\/span><\/td>\n<td style=\"border-color: #000000;text-align: center\"><span style=\"font-size: 10pt\">3<\/span><\/td>\n<td style=\"border-color: #000000\"><span style=\"font-size: 10pt\">45h<\/span><\/td>\n<\/tr>\n<\/tbody>\n<\/table>\n<p><span style=\"font-size: 10pt\"><strong>Obs: Sendo obrigat\u00f3rio cumprir duas disciplinas optativas.<\/strong><\/span><\/p>\n<p><em><strong>EMENTA<\/strong><\/em><\/p>\n<p style=\"text-align: justify\"><strong>PROFNIT012 &#8211; Pesquisa Tecnol\u00f3gica: Qualitativa e Quantitativa&nbsp;<\/strong>M\u00e9todos e t\u00e9cnicas de coleta de dados em pesquisa qualitativa. An\u00e1lise e tratamento de informa\u00e7\u00f5es em pesquisa qualitativa. M\u00e9todos de an\u00e1lise qualitativa e an\u00e1lise de conte\u00fado. An\u00e1lise l\u00e9xica. Tipos e natureza das vari\u00e1veis. Introdu\u00e7\u00e3o \u00e0 elabora\u00e7\u00e3o de instrumentos de medida. Estima\u00e7\u00e3o de intervalo e testes de hip\u00f3teses. Tipos e t\u00e9cnicas de amostragens. Desenvolvimento de escalas. Prepara\u00e7\u00e3o dos dados e crit\u00e9rios de valida\u00e7\u00e3o. Regress\u00e3o linear simples e m\u00faltipla. Minera\u00e7\u00e3o de textos e sua an\u00e1lise covariante como componentes principais e outros. An\u00e1lise explorat\u00f3ria dos dados: defini\u00e7\u00e3o do problema. Organiza\u00e7\u00e3o dos dados. Visualiza\u00e7\u00e3o dos dados originais. Transforma\u00e7\u00e3o\/processamento dos dados: PCA: An\u00e1lise de Componentes Principais. Covari\u00e2ncia. A matriz de vari\u00e2ncia-covari\u00e2ncia. Interpreta\u00e7\u00e3o dos resultados. HCA: An\u00e1lise Hier\u00e1rquica de Agrupamentos. Interpreta\u00e7\u00e3o dos resultados. PLS: M\u00ednimos Quadrados Parciais. Interpreta\u00e7\u00e3o dos resultados. Constru\u00e7\u00e3o de modelos de classifica\u00e7\u00e3o: Reconhecimento de padr\u00f5es por SIMCA.<\/p>\n<p style=\"text-align: justify\"><strong>PROFNIT014 \u2013 Propriedade Intelectual e suas vertentes em Biotecnologia F\u00e1rmacos e Sa\u00fade<\/strong><br \/>\nInser\u00e7\u00e3o da biotecnologia moderna no sistema de propriedade intelectual, suas vertentes em f\u00e1rmacos e sa\u00fade e respectivas especificidades da elabora\u00e7\u00e3o dos documentos de patentes. Mecanismos legais existentes para a prote\u00e7\u00e3o das cria\u00e7\u00f5es intelectuais no campo da biotecnologia no Brasil. Estrat\u00e9gias e finalidades da busca de informa\u00e7\u00f5es contidas em documentos de patentes da \u00e1rea. Interface entre a prote\u00e7\u00e3o patent\u00e1ria no campo de biotecnologia e a legisla\u00e7\u00e3o de acesso aos recursos gen\u00e9ticos e ao conhecimento tradicional associado. Direitos intelectuais de propriedade e desenvolvimento das inova\u00e7\u00f5es por setor industrial como aliment\u00edcio, qu\u00edmico, farmac\u00eautico e sa\u00fade. An\u00e1lise dos aspectos econ\u00f4micos e institucionais ligados \u00e0 quest\u00e3o de monop\u00f3lio de patentes no contexto de economias em desenvolvimento e nos impactos na mudan\u00e7a da legisla\u00e7\u00e3o brasileira.<\/p>\n<p style=\"text-align: justify\"><strong>PROFNIT018 &#8211; Gest\u00e3o da Transfer\u00eancia de Tecnologia em Ambientes de Inova\u00e7\u00e3o <\/strong>Formas de gest\u00e3o da Transfer\u00eancia de Tecnologia nos diversos ambientes de inova\u00e7\u00e3o. Apresenta\u00e7\u00e3o e discuss\u00e3o de conceitos de gest\u00e3o da transfer\u00eancia de tecnologia em ambientes de inova\u00e7\u00e3o, seus reflexos estrat\u00e9gicos em rela\u00e7\u00e3o ao desempenho das organiza\u00e7\u00f5es e sua aplica\u00e7\u00e3o no mundo corporativo. Modelos de gest\u00e3o de transfer\u00eancia de tecnologia passiveis de aplica\u00e7\u00e3o no desenvolvimento da inova\u00e7\u00e3o nos ambientes das empresas.<\/p>\n","protected":false},"excerpt":{"rendered":"<p>Disciplinas Cr\u00e9ditos C\/H Pesquisa Tecnol\u00f3gica: Qualitativa e Quantitativa&nbsp; 3 45h Propriedade Intelectual e suas vertentes em Biotecnologia F\u00e1rmacos e Sa\u00fade 3 45h Gest\u00e3o da Transfer\u00eancia de Tecnologia em Ambientes de Inova\u00e7\u00e3o 3 45h Obs: Sendo obrigat\u00f3rio cumprir duas disciplinas optativas. EMENTA PROFNIT012 &#8211; Pesquisa Tecnol\u00f3gica: Qualitativa e Quantitativa&nbsp;M\u00e9todos e t\u00e9cnicas de coleta de dados em [&hellip;]<\/p>\n","protected":false},"author":3,"featured_media":0,"parent":49,"menu_order":0,"comment_status":"closed","ping_status":"closed","template":"","meta":{"_exactmetrics_skip_tracking":false,"_exactmetrics_sitenote_active":false,"_exactmetrics_sitenote_note":"","_exactmetrics_sitenote_category":0,"footnotes":"","_links_to":"","_links_to_target":""},"class_list":["post-45","page","type-page","status-publish","hentry"],"_links":{"self":[{"href":"https:\/\/www3.unicentro.br\/profnit\/wp-json\/wp\/v2\/pages\/45","targetHints":{"allow":["GET"]}}],"collection":[{"href":"https:\/\/www3.unicentro.br\/profnit\/wp-json\/wp\/v2\/pages"}],"about":[{"href":"https:\/\/www3.unicentro.br\/profnit\/wp-json\/wp\/v2\/types\/page"}],"author":[{"embeddable":true,"href":"https:\/\/www3.unicentro.br\/profnit\/wp-json\/wp\/v2\/users\/3"}],"replies":[{"embeddable":true,"href":"https:\/\/www3.unicentro.br\/profnit\/wp-json\/wp\/v2\/comments?post=45"}],"version-history":[{"count":0,"href":"https:\/\/www3.unicentro.br\/profnit\/wp-json\/wp\/v2\/pages\/45\/revisions"}],"up":[{"embeddable":true,"href":"https:\/\/www3.unicentro.br\/profnit\/wp-json\/wp\/v2\/pages\/49"}],"wp:attachment":[{"href":"https:\/\/www3.unicentro.br\/profnit\/wp-json\/wp\/v2\/media?parent=45"}],"curies":[{"name":"wp","href":"https:\/\/api.w.org\/{rel}","templated":true}]}}