{"id":44,"date":"2018-01-08T00:00:00","date_gmt":"2018-01-08T02:00:00","guid":{"rendered":"https:\/\/www3.unicentro.br\/profnit\/obrigatorias\/"},"modified":"2019-07-02T20:26:41","modified_gmt":"2019-07-02T23:26:41","slug":"obrigatorias","status":"publish","type":"page","link":"https:\/\/www3.unicentro.br\/profnit\/disciplinas\/obrigatorias\/","title":{"rendered":"Obrigat\u00f3rias"},"content":{"rendered":"<table style=\"width: 676.467px;border-color: #000000\">\n<tbody>\n<tr>\n<td style=\"border-color: #000000\"><span style=\"font-size: 10pt\"><em><strong>Disciplinas<\/strong><\/em><\/span><\/td>\n<td style=\"border-color: #000000\"><span style=\"font-size: 10pt\"><em><strong>Cr\u00e9ditos<\/strong><\/em><\/span><\/td>\n<td style=\"border-color: #000000\"><span style=\"font-size: 10pt\"><em><strong>C\/H<\/strong><\/em><\/span><\/td>\n<\/tr>\n<tr>\n<td style=\"border-color: #000000\"><span style=\"font-size: 10pt\">Conceitos e Aplica\u00e7\u00f5es de Propriedade Intelectual (PI)<\/span><\/td>\n<td style=\"border-color: #000000;text-align: center\"><span style=\"font-size: 10pt\">3<\/span><\/td>\n<td style=\"border-color: #000000\"><span style=\"font-size: 10pt\">45h<\/span><\/td>\n<\/tr>\n<tr>\n<td style=\"border-color: #000000\"><span style=\"font-size: 10pt\">Conceitos e Aplica\u00e7\u00f5es de Transfer\u00eancia de Tecnologia (TT)<\/span><\/td>\n<td style=\"border-color: #000000;text-align: center\"><span style=\"font-size: 10pt\">3<\/span><\/td>\n<td style=\"border-color: #000000\"><span style=\"font-size: 10pt\">45h<\/span><\/td>\n<\/tr>\n<tr>\n<td style=\"border-color: #000000\"><span style=\"font-size: 10pt\">Prospec\u00e7\u00e3o Tecnol\u00f3gica (PROSP)<\/span><\/td>\n<td style=\"border-color: #000000;text-align: center\"><span style=\"font-size: 10pt\">3<\/span><\/td>\n<td style=\"border-color: #000000\"><span style=\"font-size: 10pt\">45h<\/span><\/td>\n<\/tr>\n<tr>\n<td style=\"border-color: #000000\"><span style=\"font-size: 10pt\">Metodologia da Pesquisa Cient\u00edfico-Tecnol\u00f3gica e Inova\u00e7\u00e3o (MET)<\/span><\/td>\n<td style=\"border-color: #000000;text-align: center\"><span style=\"font-size: 10pt\">3<\/span><\/td>\n<td style=\"border-color: #000000\"><span style=\"font-size: 10pt\">45h<\/span><\/td>\n<\/tr>\n<tr>\n<td style=\"border-color: #000000\"><span style=\"font-size: 10pt\">Pol\u00edticas P\u00fablicas de Ci\u00eancia, Tecnologia e Inova\u00e7\u00e3o e o Estado Brasileiro (POL)<\/span><\/td>\n<td style=\"border-color: #000000;text-align: center\"><span style=\"font-size: 10pt\">3<\/span><\/td>\n<td style=\"border-color: #000000\"><span style=\"font-size: 10pt\">45h<\/span><\/td>\n<\/tr>\n<\/tbody>\n<\/table>\n<p><span style=\"font-size: 14pt\"><em><strong>EMENTA<\/strong><\/em><\/span><\/p>\n<p style=\"text-align: justify\"><strong>PROFNIT01 \u2013 Conceitos e Aplica\u00e7\u00f5es de Propriedade Intelectual (PI)<\/strong><br \/>\nIntrodu\u00e7\u00e3o \u00e0 PI. Evolu\u00e7\u00e3o Hist\u00f3rica. Marcos legais e acordos internacionais. Tipos de PI: direito autoral; propriedade industrial; indica\u00e7\u00e3o geogr\u00e1fica; marcas. Patentes de inven\u00e7\u00e3o e patentes de modelos de utilidade. Desenho industrial. Cultivares. Busca de anterioridade e sua rela\u00e7\u00e3o com prospec\u00e7\u00e3o tecnol\u00f3gica e avalia\u00e7\u00e3o da pertin\u00eancia de apropriar cria\u00e7\u00f5es. Gest\u00e3o de PI. Procedimentos de apropria\u00e7\u00e3o no Brasil e no exterior.<\/p>\n<p style=\"text-align: justify\"><strong>PROFNIT02 \u2013 Conceitos e Aplica\u00e7\u00f5es de Transfer\u00eancia de Tecnologia (TT)<\/strong><br \/>\nIntrodu\u00e7\u00e3o \u00e0 TT. Evolu\u00e7\u00e3o hist\u00f3rica. Marcos legais e acordos internacionais. Identifica\u00e7\u00e3o de parcerias para TT. No\u00e7\u00f5es de negocia\u00e7\u00e3o e valora\u00e7\u00e3o. Termos contratuais para formaliza\u00e7\u00e3o de TT e seu registro no Instituto nacional de Propriedade Industrial (INPI). Processos institucionais de gest\u00e3o da TT antes e ap\u00f3s assinatura dos termos contratuais. Gest\u00e3o de projetos de inova\u00e7\u00e3o. A TT como forma de impulsionar empreendedorismo em setores tecnol\u00f3gicos, em ambientes de inova\u00e7\u00e3o em suas intera\u00e7\u00f5es sist\u00eamicas.<\/p>\n<p style=\"text-align: justify\"><strong>PROFNIT03 \u2013 Prospec\u00e7\u00e3o Tecnol\u00f3gica (PROSP)<\/strong><br \/>\nAs diversas formas: busca de anterioridade, mapeamento patent\u00e1rio, monitoramento tecnol\u00f3gico, vigil\u00e2ncia tecnol\u00f3gica, progn\u00f3stico ou previs\u00e3o tecnol\u00f3gica, mapas tecnol\u00f3gicos, etc. A import\u00e2ncia da prospec\u00e7\u00e3o tecnol\u00f3gica em setores intensivos de PeD. Uso e gest\u00e3o estrat\u00e9gica da informa\u00e7\u00e3o e intelig\u00eancia competitiva. Gest\u00e3o do conhecimento e vis\u00e3o de futuro. Metodologias e estrat\u00e9gias de prospec\u00e7\u00e3o tecnol\u00f3gica. Concretiza\u00e7\u00e3o para os casos concretos de cada um dos alunos.<\/p>\n<p style=\"text-align: justify\"><strong>PROFNIT04 \u2013 Metodologia da Pesquisa Cient\u00edfico-Tecnol\u00f3gica e Inova\u00e7\u00e3o (MET)<\/strong><br \/>\nEstrutura do trabalho cient\u00edfico. Conceitua\u00e7\u00e3o de conhecimento. Tipos de conhecimento. Ci\u00eancia e Tecnologia e sociedade. M\u00e9todo cient\u00edfico. Conceitua\u00e7\u00e3o, tipos e metodologia de pesquisa. Projeto de pesquisa e de desenvolvimento tecnol\u00f3gico e conseq\u00fcente potencial de inova\u00e7\u00e3o. Pesquisa em acervos f\u00edsicos e virtuais: t\u00edtulos, base de dados, peri\u00f3dicos, patentes, marcas, desenhos industriais. Sites de busca. Normas t\u00e9cnicas para formata\u00e7\u00e3o de trabalhos. Elabora\u00e7\u00e3o de artigos t\u00e9cnico-cient\u00edficos, relat\u00f3rios t\u00e9cnicos, manuais de opera\u00e7\u00e3o, protocolos, e disserta\u00e7\u00e3o de mestrado. No\u00e7\u00f5es de \u00e9tica e discuss\u00e3o dos seus m\u00faltiplos usos na profiss\u00e3o, nas organiza\u00e7\u00f5es e na sociedade. Inter-relacionamento da \u00e9tica com ci\u00eancia, tecnologia e inova\u00e7\u00e3o.<\/p>\n<p style=\"text-align: justify\"><strong>PROFNIT05 \u2013 Pol\u00edticas P\u00fablicas de Ci\u00eancia, Tecnologia e Inova\u00e7\u00e3o e o Estado Brasileiro (POL)<\/strong><br \/>\nConstru\u00e7\u00e3o Administrativa do Estado Brasileiro: estrutura atual; breve hist\u00f3rico; intera\u00e7\u00f5es sist\u00eamicas entre os diversos organismos e inter-rela\u00e7\u00e3o entre aspectos administrativos e aspectos econ\u00f4micos financeiros e n\u00e3o financeiros. Legisla\u00e7\u00e3o e programas de apoio ao desenvolvimento. Relacionamento com o setor produtivo. Intera\u00e7\u00e3o universidade-empresa, incubadoras, parques tecnol\u00f3gicos, organiza\u00e7\u00f5es sociais. O desenvolvimento e institucionaliza\u00e7\u00e3o da ci\u00eancia, da tecnologia e da inova\u00e7\u00e3o no Brasil e sua compara\u00e7\u00e3o a n\u00edvel internacional. Inser\u00e7\u00e3o e rela\u00e7\u00e3o da estrutura do estado brasileiro com a Propriedade Intelectual e com a Transfer\u00eancia de Tecnologia. Forma\u00e7\u00e3o e crescimento da p\u00f3s-gradua\u00e7\u00e3o que potencializa PIETT. Pol\u00edticas p\u00fablicas e rela\u00e7\u00f5es internacionais.<\/p>\n","protected":false},"excerpt":{"rendered":"<p>Disciplinas Cr\u00e9ditos C\/H Conceitos e Aplica\u00e7\u00f5es de Propriedade Intelectual (PI) 3 45h Conceitos e Aplica\u00e7\u00f5es de Transfer\u00eancia de Tecnologia (TT) 3 45h Prospec\u00e7\u00e3o Tecnol\u00f3gica (PROSP) 3 45h Metodologia da Pesquisa Cient\u00edfico-Tecnol\u00f3gica e Inova\u00e7\u00e3o (MET) 3 45h Pol\u00edticas P\u00fablicas de Ci\u00eancia, Tecnologia e Inova\u00e7\u00e3o e o Estado Brasileiro (POL) 3 45h EMENTA PROFNIT01 \u2013 Conceitos e [&hellip;]<\/p>\n","protected":false},"author":3,"featured_media":0,"parent":49,"menu_order":0,"comment_status":"closed","ping_status":"closed","template":"","meta":{"_exactmetrics_skip_tracking":false,"_exactmetrics_sitenote_active":false,"_exactmetrics_sitenote_note":"","_exactmetrics_sitenote_category":0,"footnotes":"","_links_to":"","_links_to_target":""},"class_list":["post-44","page","type-page","status-publish","hentry"],"_links":{"self":[{"href":"https:\/\/www3.unicentro.br\/profnit\/wp-json\/wp\/v2\/pages\/44","targetHints":{"allow":["GET"]}}],"collection":[{"href":"https:\/\/www3.unicentro.br\/profnit\/wp-json\/wp\/v2\/pages"}],"about":[{"href":"https:\/\/www3.unicentro.br\/profnit\/wp-json\/wp\/v2\/types\/page"}],"author":[{"embeddable":true,"href":"https:\/\/www3.unicentro.br\/profnit\/wp-json\/wp\/v2\/users\/3"}],"replies":[{"embeddable":true,"href":"https:\/\/www3.unicentro.br\/profnit\/wp-json\/wp\/v2\/comments?post=44"}],"version-history":[{"count":0,"href":"https:\/\/www3.unicentro.br\/profnit\/wp-json\/wp\/v2\/pages\/44\/revisions"}],"up":[{"embeddable":true,"href":"https:\/\/www3.unicentro.br\/profnit\/wp-json\/wp\/v2\/pages\/49"}],"wp:attachment":[{"href":"https:\/\/www3.unicentro.br\/profnit\/wp-json\/wp\/v2\/media?parent=44"}],"curies":[{"name":"wp","href":"https:\/\/api.w.org\/{rel}","templated":true}]}}