{"id":42,"date":"2026-03-12T00:00:00","date_gmt":"2026-03-12T03:00:00","guid":{"rendered":"https:\/\/www3.unicentro.br\/profnit\/calendarios\/"},"modified":"2026-03-12T17:12:07","modified_gmt":"2026-03-12T20:12:07","slug":"calendarios","status":"publish","type":"page","link":"https:\/\/www3.unicentro.br\/profnit\/calendarios\/","title":{"rendered":"Calend\u00e1rios"},"content":{"rendered":"<div class=\"wpb-content-wrapper\"><p>[vc_row u_row_style=&#8221;0&#8243; u_row_paralax=&#8221;0&#8243; u_row_scheme=&#8221;0&#8243;][vc_column][vc_tta_accordion style=&#8221;flat&#8221; shape=&#8221;square&#8221; spacing=&#8221;2&#8243; active_section=&#8221;100&#8243; no_fill=&#8221;true&#8221; collapsible_all=&#8221;true&#8221;][vc_tta_section title=&#8221;CALEND\u00c1RIO ACAD\u00caMICO 2026&#8243; tab_id=&#8221;1741374618161-08547210-fc30&#8243;][vc_column_text css=&#8221;&#8221;]<strong><a href=\"https:\/\/www3.unicentro.br\/profnit\/wp-content\/uploads\/sites\/75\/2026\/03\/Calendario-Academico-Nacional-2026.pdf\">CALEND\u00c1RIO ACAD\u00caMICO \u2013 NACIONAL 2026<\/a><br \/>\n<\/strong><\/p>\n<p><strong><a href=\"https:\/\/www3.unicentro.br\/profnit\/wp-content\/uploads\/sites\/75\/2026\/03\/Calendario-UNICENTRO-2026-Oficial.pdf\">CALEND\u00c1RIO OFICIAL DA UNICENTRO 2026<\/a><\/strong>[\/vc_column_text][\/vc_tta_section][\/vc_tta_accordion][vc_tta_accordion style=&#8221;flat&#8221; shape=&#8221;square&#8221; spacing=&#8221;2&#8243; active_section=&#8221;100&#8243; no_fill=&#8221;true&#8221; collapsible_all=&#8221;true&#8221;][vc_tta_section title=&#8221;CALEND\u00c1RIO ACAD\u00caMICO 2025&#8243; tab_id=&#8221;1773343489906-ddc81e49-d045&#8243;][vc_column_text css=&#8221;&#8221;]<strong><a href=\"https:\/\/www3.unicentro.br\/profnit\/wp-content\/uploads\/sites\/75\/2025\/03\/PROFNIT_Calendario_Academico_2025_aprovado_67cb3b4192bb0.pdf\" target=\"_blank\" rel=\"noopener noreferrer\">CALEND\u00c1RIO ACAD\u00caMICO &#8211; NACIONAL 2025<\/a><\/strong><\/p>\n<p><a href=\"https:\/\/www3.unicentro.br\/profnit\/wp-content\/uploads\/sites\/75\/2025\/03\/Calend_rio_2025_Oficial_Unicentro_67d432da893d4.pdf\"><strong>CALEND\u00c1RIO OFICIAL DA UNICENTRO 2025<\/strong><\/a>[\/vc_column_text][\/vc_tta_section][\/vc_tta_accordion][vc_tta_accordion style=&#8221;flat&#8221; shape=&#8221;square&#8221; spacing=&#8221;2&#8243; active_section=&#8221;100&#8243; no_fill=&#8221;true&#8221; collapsible_all=&#8221;true&#8221;][vc_tta_section title=&#8221;CALEND\u00c1RIO ACAD\u00caMICO 2022&#8243; tab_id=&#8221;1741374681430-84c5bc8c-038e&#8221;][vc_column_text css=&#8221;&#8221;]<strong><a href=\"https:\/\/drive.google.com\/file\/d\/1VP5wsKAkl_eHwvVm1qTtbVJ8XZBADSmP\/view\" target=\"_blank\" rel=\"noopener noreferrer\">CALEND\u00c1RIO ACAD\u00caMICO UNICENTRO 2022<\/a><\/strong>[\/vc_column_text][\/vc_tta_section][\/vc_tta_accordion][\/vc_column][vc_column][\/vc_column][\/vc_row][vc_row][vc_column][vc_tta_accordion style=&#8221;flat&#8221; shape=&#8221;square&#8221; spacing=&#8221;2&#8243; active_section=&#8221;100&#8243; no_fill=&#8221;true&#8221; collapsible_all=&#8221;true&#8221;][vc_tta_section title=&#8221;CALEND\u00c1RIO ACAD\u00caMICO 2021&#8243; tab_id=&#8221;1575311288414-fd17c4f7-8127&#8243;][vc_column_text css=&#8221;&#8221;]<a href=\"https:\/\/www3.unicentro.br\/profnit\/wp-content\/uploads\/sites\/75\/2021\/06\/CALENDARIO-2021-APROVADO-EM-30-04.docx-1.pdf\" target=\"_blank\" rel=\"noopener\"><strong>CALEND\u00c1RIO ACAD\u00caMICO UNICENTRO &#8211; 2021 &#8211; <em>Aprovado em 30 de abril de 2021<\/em><\/strong><\/a>[\/vc_column_text][\/vc_tta_section][\/vc_tta_accordion][\/vc_column][\/vc_row][vc_row][vc_column][vc_tta_accordion style=&#8221;flat&#8221; shape=&#8221;square&#8221; spacing=&#8221;2&#8243; active_section=&#8221;100&#8243; no_fill=&#8221;true&#8221; collapsible_all=&#8221;true&#8221;][vc_tta_section title=&#8221;CALEND\u00c1RIO ACAD\u00caMICO 2020&#8243; tab_id=&#8221;1575311288414-fd17c4f7-8127&#8243;][vc_column_text css=&#8221;&#8221;]<a href=\"https:\/\/www3.unicentro.br\/profnit\/wp-content\/uploads\/sites\/75\/2020\/07\/CALEND\u00c1RIO-2020-Alterado-em-20-de-julho-de-2020.pdf\" target=\"_blank\" rel=\"noopener noreferrer\"><strong>CALEND\u00c1RIO ACAD\u00caMICO UNICENTRO &#8211; 2020 &#8211; <em>Alterado em 20 de julho de 2020<\/em><\/strong><\/a><\/p>\n<p><a href=\"https:\/\/www3.unicentro.br\/profnit\/wp-content\/uploads\/sites\/75\/2020\/07\/CALEND\u00c1RIO-2020-Alterado-em-06-de-junho-de-2020.pdf\" target=\"_blank\" rel=\"noopener noreferrer\"><strong>CALEND\u00c1RIO ACAD\u00caMICO UNICENTRO &#8211; 2020 &#8211; <em>Alterado em 06 de junho de 2020<\/em><\/strong><\/a>[\/vc_column_text][\/vc_tta_section][\/vc_tta_accordion][\/vc_column][\/vc_row]<\/p>\n<\/div>","protected":false},"excerpt":{"rendered":"<p>[vc_row u_row_style=&#8221;0&#8243; u_row_paralax=&#8221;0&#8243; u_row_scheme=&#8221;0&#8243;][vc_column][vc_tta_accordion style=&#8221;flat&#8221; shape=&#8221;square&#8221; spacing=&#8221;2&#8243; active_section=&#8221;100&#8243; no_fill=&#8221;true&#8221; collapsible_all=&#8221;true&#8221;][vc_tta_section title=&#8221;CALEND\u00c1RIO ACAD\u00caMICO 2026&#8243; tab_id=&#8221;1741374618161-08547210-fc30&#8243;][vc_column_text css=&#8221;&#8221;]CALEND\u00c1RIO ACAD\u00caMICO \u2013 NACIONAL 2026 CALEND\u00c1RIO OFICIAL DA UNICENTRO 2026[\/vc_column_text][\/vc_tta_section][\/vc_tta_accordion][vc_tta_accordion style=&#8221;flat&#8221; shape=&#8221;square&#8221; spacing=&#8221;2&#8243; active_section=&#8221;100&#8243; no_fill=&#8221;true&#8221; collapsible_all=&#8221;true&#8221;][vc_tta_section title=&#8221;CALEND\u00c1RIO ACAD\u00caMICO 2025&#8243; tab_id=&#8221;1773343489906-ddc81e49-d045&#8243;][vc_column_text css=&#8221;&#8221;]CALEND\u00c1RIO ACAD\u00caMICO &#8211; NACIONAL 2025 CALEND\u00c1RIO OFICIAL DA UNICENTRO 2025[\/vc_column_text][\/vc_tta_section][\/vc_tta_accordion][vc_tta_accordion style=&#8221;flat&#8221; shape=&#8221;square&#8221; spacing=&#8221;2&#8243; active_section=&#8221;100&#8243; no_fill=&#8221;true&#8221; collapsible_all=&#8221;true&#8221;][vc_tta_section title=&#8221;CALEND\u00c1RIO ACAD\u00caMICO 2022&#8243; tab_id=&#8221;1741374681430-84c5bc8c-038e&#8221;][vc_column_text css=&#8221;&#8221;]CALEND\u00c1RIO [&hellip;]<\/p>\n","protected":false},"author":3,"featured_media":0,"parent":0,"menu_order":0,"comment_status":"closed","ping_status":"closed","template":"","meta":{"_exactmetrics_skip_tracking":false,"_exactmetrics_sitenote_active":false,"_exactmetrics_sitenote_note":"","_exactmetrics_sitenote_category":0,"footnotes":"","_links_to":"","_links_to_target":""},"class_list":["post-42","page","type-page","status-publish","hentry"],"_links":{"self":[{"href":"https:\/\/www3.unicentro.br\/profnit\/wp-json\/wp\/v2\/pages\/42","targetHints":{"allow":["GET"]}}],"collection":[{"href":"https:\/\/www3.unicentro.br\/profnit\/wp-json\/wp\/v2\/pages"}],"about":[{"href":"https:\/\/www3.unicentro.br\/profnit\/wp-json\/wp\/v2\/types\/page"}],"author":[{"embeddable":true,"href":"https:\/\/www3.unicentro.br\/profnit\/wp-json\/wp\/v2\/users\/3"}],"replies":[{"embeddable":true,"href":"https:\/\/www3.unicentro.br\/profnit\/wp-json\/wp\/v2\/comments?post=42"}],"version-history":[{"count":4,"href":"https:\/\/www3.unicentro.br\/profnit\/wp-json\/wp\/v2\/pages\/42\/revisions"}],"predecessor-version":[{"id":3126,"href":"https:\/\/www3.unicentro.br\/profnit\/wp-json\/wp\/v2\/pages\/42\/revisions\/3126"}],"wp:attachment":[{"href":"https:\/\/www3.unicentro.br\/profnit\/wp-json\/wp\/v2\/media?parent=42"}],"curies":[{"name":"wp","href":"https:\/\/api.w.org\/{rel}","templated":true}]}}