{"id":37,"date":"2016-03-03T00:00:00","date_gmt":"2016-03-03T03:00:00","guid":{"rendered":"https:\/\/www3.unicentro.br\/profnit\/regimento-do-profnit\/"},"modified":"2021-12-17T11:15:55","modified_gmt":"2021-12-17T14:15:55","slug":"regimento-do-profnit","status":"publish","type":"page","link":"https:\/\/www3.unicentro.br\/profnit\/regimento-do-profnit\/","title":{"rendered":"Legisla\u00e7\u00e3o"},"content":{"rendered":"<p><strong><a href=\"http:\/\/www.profnit.org.br\/regimento-nacional\/\">REGIMENTO PROFNIT NACIONAL <\/a><\/strong><\/p>\n<p><a href=\"http:\/\/www.profnit.org.br\/normas-academicas-nacionais\/\"><strong>NORMAS ACAD\u00caMICAS<\/strong>\u00a0<\/a><\/p>\n<p><strong><a href=\"https:\/\/sgu.unicentro.br\/pcatooficiais\/imprimir\/9CF8EC3F\">REGIMENTO DA P\u00d3S-GRADUA\u00c7\u00c3O <em>STRICTO SENSU<\/em> DA UNICENTRO<\/a><\/strong><\/p>\n<p><strong><a href=\"https:\/\/sgu.unicentro.br\/pcatooficiais\/imprimir\/8FF09791\">REGIMENTO PROFNIT PONTO FOCAL UNICENTRO<\/a><\/strong><\/p>\n<p><strong><a href=\"http:\/\/sites.unicentro.br\/wp\/profnit\/files\/2016\/03\/Slides-Apresententa\u00e7\u00e3o-P\u00f3s-Gradua\u00e7\u00e3o-1.pdf\">ESTRUTURA DA P\u00d3S-GRADUA\u00c7\u00c3O DA UNICENTRO &#8211; APRESENTA\u00c7\u00c3O<\/a><\/strong><\/p>\n<p>&nbsp;<\/p>\n<p>&nbsp;<\/p>\n<p>&nbsp;<\/p>\n","protected":false},"excerpt":{"rendered":"<p>REGIMENTO PROFNIT NACIONAL NORMAS ACAD\u00caMICAS\u00a0 REGIMENTO DA P\u00d3S-GRADUA\u00c7\u00c3O STRICTO SENSU DA UNICENTRO REGIMENTO PROFNIT PONTO FOCAL UNICENTRO ESTRUTURA DA P\u00d3S-GRADUA\u00c7\u00c3O DA UNICENTRO &#8211; APRESENTA\u00c7\u00c3O &nbsp; &nbsp; &nbsp;<\/p>\n","protected":false},"author":3,"featured_media":0,"parent":0,"menu_order":0,"comment_status":"closed","ping_status":"closed","template":"","meta":{"_exactmetrics_skip_tracking":false,"_exactmetrics_sitenote_active":false,"_exactmetrics_sitenote_note":"","_exactmetrics_sitenote_category":0,"footnotes":"","_links_to":"","_links_to_target":""},"class_list":["post-37","page","type-page","status-publish","hentry"],"_links":{"self":[{"href":"https:\/\/www3.unicentro.br\/profnit\/wp-json\/wp\/v2\/pages\/37","targetHints":{"allow":["GET"]}}],"collection":[{"href":"https:\/\/www3.unicentro.br\/profnit\/wp-json\/wp\/v2\/pages"}],"about":[{"href":"https:\/\/www3.unicentro.br\/profnit\/wp-json\/wp\/v2\/types\/page"}],"author":[{"embeddable":true,"href":"https:\/\/www3.unicentro.br\/profnit\/wp-json\/wp\/v2\/users\/3"}],"replies":[{"embeddable":true,"href":"https:\/\/www3.unicentro.br\/profnit\/wp-json\/wp\/v2\/comments?post=37"}],"version-history":[{"count":0,"href":"https:\/\/www3.unicentro.br\/profnit\/wp-json\/wp\/v2\/pages\/37\/revisions"}],"wp:attachment":[{"href":"https:\/\/www3.unicentro.br\/profnit\/wp-json\/wp\/v2\/media?parent=37"}],"curies":[{"name":"wp","href":"https:\/\/api.w.org\/{rel}","templated":true}]}}