{"id":33,"date":"2025-06-09T15:00:00","date_gmt":"2025-06-09T18:00:00","guid":{"rendered":"https:\/\/www3.unicentro.br\/profnit\/coordenacao\/"},"modified":"2025-06-09T15:50:11","modified_gmt":"2025-06-09T18:50:11","slug":"coordenacao","status":"publish","type":"page","link":"https:\/\/www3.unicentro.br\/profnit\/coordenacao\/","title":{"rendered":"Coordena\u00e7\u00e3o"},"content":{"rendered":"<h2><strong>Coordena\u00e7\u00e3o Ponto Focal UNICENTRO (campus CEDETEG, Guarapuava-PR):<\/strong><\/h2>\n<p><strong>Coordenador\u00a0<\/strong><\/p>\n<ul>\n<li>Weber Cl\u00e1udio Francisco Nunes da Silva<\/li>\n<li>e-mail: <a href=\"mailto:wwwclaudion@gmail.com\">wwwclaudion@gmail.com<\/a><\/li>\n<\/ul>\n<p><strong>Vice-Coordenadora\u00a0<\/strong><\/p>\n<ul>\n<li>Juliana Sartori Bonini<\/li>\n<li>e-mail: <a href=\"mailto:juliana.bonini@gmail.com\">juliana.bonini@gmail.com<\/a><\/li>\n<\/ul>\n<h2><strong>Coordena\u00e7\u00e3o Nacional:<\/strong><\/h2>\n<p><strong>Representante da Associa\u00e7\u00e3o FORTEC junto \u00e0 CAPES (Presidente)<br \/>\n<\/strong><\/p>\n<ul>\n<li>Josealdo Tonholo<\/li>\n<\/ul>\n","protected":false},"excerpt":{"rendered":"<p>Coordena\u00e7\u00e3o Ponto Focal UNICENTRO (campus CEDETEG, Guarapuava-PR): Coordenador\u00a0 Weber Cl\u00e1udio Francisco Nunes da Silva e-mail: wwwclaudion@gmail.com Vice-Coordenadora\u00a0 Juliana Sartori Bonini e-mail: juliana.bonini@gmail.com Coordena\u00e7\u00e3o Nacional: Representante da Associa\u00e7\u00e3o FORTEC junto \u00e0 CAPES (Presidente) Josealdo Tonholo<\/p>\n","protected":false},"author":3,"featured_media":0,"parent":0,"menu_order":0,"comment_status":"closed","ping_status":"closed","template":"","meta":{"_exactmetrics_skip_tracking":false,"_exactmetrics_sitenote_active":false,"_exactmetrics_sitenote_note":"","_exactmetrics_sitenote_category":0,"footnotes":"","_links_to":"","_links_to_target":""},"class_list":["post-33","page","type-page","status-publish","hentry"],"_links":{"self":[{"href":"https:\/\/www3.unicentro.br\/profnit\/wp-json\/wp\/v2\/pages\/33","targetHints":{"allow":["GET"]}}],"collection":[{"href":"https:\/\/www3.unicentro.br\/profnit\/wp-json\/wp\/v2\/pages"}],"about":[{"href":"https:\/\/www3.unicentro.br\/profnit\/wp-json\/wp\/v2\/types\/page"}],"author":[{"embeddable":true,"href":"https:\/\/www3.unicentro.br\/profnit\/wp-json\/wp\/v2\/users\/3"}],"replies":[{"embeddable":true,"href":"https:\/\/www3.unicentro.br\/profnit\/wp-json\/wp\/v2\/comments?post=33"}],"version-history":[{"count":2,"href":"https:\/\/www3.unicentro.br\/profnit\/wp-json\/wp\/v2\/pages\/33\/revisions"}],"predecessor-version":[{"id":2758,"href":"https:\/\/www3.unicentro.br\/profnit\/wp-json\/wp\/v2\/pages\/33\/revisions\/2758"}],"wp:attachment":[{"href":"https:\/\/www3.unicentro.br\/profnit\/wp-json\/wp\/v2\/media?parent=33"}],"curies":[{"name":"wp","href":"https:\/\/api.w.org\/{rel}","templated":true}]}}