{"id":31,"date":"2025-06-09T14:00:00","date_gmt":"2025-06-09T17:00:00","guid":{"rendered":"https:\/\/www3.unicentro.br\/profnit\/apresentacao\/"},"modified":"2025-06-09T15:59:33","modified_gmt":"2025-06-09T18:59:33","slug":"apresentacao","status":"publish","type":"page","link":"https:\/\/www3.unicentro.br\/profnit\/apresentacao\/","title":{"rendered":"Apresenta\u00e7\u00e3o"},"content":{"rendered":"\r\n<h2 class=\"wp-block-heading\"><strong>PROFNIT no Brasil<\/strong><\/h2>\r\n<p style=\"text-align: justify\">O <strong>PROFNIT<\/strong> \u00e9 um Programa de P\u00f3s-Gradua\u00e7\u00e3o em Propriedade Intelectual e Transfer\u00eancia de Tecnologia para a Inova\u00e7\u00e3o.<br \/><br \/><b>N\u00edvel:\u00a0<\/b>Mestrado Profissional \/ <b>Conceito CAPES<\/b>: 4.<\/p>\r\n<p>O PROFNIT \u00e9 um Mestrado Profissional ofertado em Rede Nacional, compreendendo todas as regi\u00f5es do Brasil, em formato presencial. Resultado de um esfor\u00e7o do F\u00f3rum Nacional de Gestores de Inova\u00e7\u00e3o e Transfer\u00eancia de tecnologia \u2013 FORTEC articulado com 35 institui\u00e7\u00f5es de ensino superior e apoiado pela CAPES\/MEC e MCTI.\u00a0<\/p>\r\n<p><strong>Sede<\/strong> &#8211; A Universidade Federal de Alagoas (UFAL) \u00e9 a Sede desde 2016. A Sede deve contribuir com a sua experi\u00eancia de procedimentos e a\u00e7\u00f5es t\u00edpicas, inserir o FORTEC nas rotinas usuais dos Programas de P\u00f3s-Gradua\u00e7\u00e3o e nas a\u00e7\u00f5es de articula\u00e7\u00e3o e est\u00edmulo da Pr\u00f3-Reitoria de P\u00f3s-Gradua\u00e7\u00e3o, al\u00e9m de prover a infraestrutura b\u00e1sica para a Secretaria da Sede Acad\u00eamica do PROFNIT. A UNICENTRO faz parte como um dos PONTOS FOCAIS. \u00a0<\/p>\r\n\r\n\r\n\r\n<p><img decoding=\"async\" src=\"https:\/\/profnit.org.br\/wp-content\/uploads\/2025\/03\/PROFNIT_mapa-6-fase-2-1024x756.png\" \/><\/p>\r\n<p style=\"text-align: center\"><span style=\"font-size: 16px\"><strong>MAPA DO PROFNIT NO BRASIL<\/strong>\u00a0<\/span><br \/>https:\/\/profnit.org.br\/<\/p>\r\n<hr \/>\r\n<p style=\"text-align: justify\"><strong>\u00c1rea de Concentra\u00e7\u00e3o:<\/strong> Propriedade Intelectual e Transfer\u00eancia de Tecnologia para Inova\u00e7\u00e3o.<\/p>\r\n<p style=\"text-align: justify\"><strong>Linha de Pesquisa:\u00a0<\/strong>Propriedade Intelectual e Transfer\u00eancia de Tecnologia para Inova\u00e7\u00e3o em N\u00facleos de Inova\u00e7\u00e3o Tecnol\u00f3gica (NITs).<\/p>\r\n<p style=\"text-align: justify\">Estudos anal\u00edticos e pr\u00e1ticos sobre as compet\u00eancias dos NITs e sua pol\u00edtica institucional de inova\u00e7\u00e3o tecnol\u00f3gica de acordo com o arcabou\u00e7o legal e pol\u00edticas setoriais. Est\u00edmulo \u00e0 prote\u00e7\u00e3o das cria\u00e7\u00f5es, resultados de pesquisa e desenvolvimento tecnol\u00f3gico, busca de anterioridade, processamento e manuten\u00e7\u00e3o dos t\u00edtulos de PI nas diversas \u00e1reas do conhecimento. Transfer\u00eancia de tecnologia nas suas diversas formas e nos v\u00e1rios setores estruturantes e seus inter-relacionamentos, identifica\u00e7\u00e3o de nichos de mercado e ambientes de inova\u00e7\u00e3o de base tecnol\u00f3gica e suas intera\u00e7\u00f5es sist\u00eamicas, empreendedorismo, identifica\u00e7\u00e3o de gargalos e de oportunidades de mercado para transferir tecnologia adequadamente (intelig\u00eancia competitiva), visando seu uso pela sociedade e contribuindo para o desenvolvimento e crescimento econ\u00f4mico nas esferas local, regional e global, melhorando as condi\u00e7\u00f5es de vida da popula\u00e7\u00e3o, alavancando o Produto Interno Bruto (PIB) e impulsionando o \u00cdndice de Desenvolvimento Humano (IDH).<\/p>\r\n<hr \/>\r\n<p style=\"text-align: justify\">O <strong>PROFNIT<\/strong> foi recomendado com nota 4 pelo Conselho T\u00e9cnico-Cient\u00edfico da Educa\u00e7\u00e3o Superior \u2013 CTC-ES da CAPES, em sua 159<sup>a<\/sup> reuni\u00e3o, realizada nos dias 18 e 19 de junho de 2015 (<a href=\"http:\/\/pesquisa.in.gov.br\/imprensa\/jsp\/visualiza\/index.jsp?data=01\/07\/2016&amp;jornal=1&amp;pagina=26&amp;totalA\" target=\"_blank\" rel=\"noopener\">Portaria de Ato Normativo de Reconhecimento No. 0559, Data da Publica\u00e7\u00e3o:01\/07\/2016, Parecer CNE 561\/2015<\/a>).<\/p>\r\n<p style=\"text-align: justify\">Trata-se de uma contribui\u00e7\u00e3o social do <strong>FORTEC<\/strong> \u00e0 forma\u00e7\u00e3o de recursos humanos a n\u00edvel de mestrado para organiza\u00e7\u00f5es que atual na \u00e1reas de Propriedade Intelectual e Transfer\u00eancia de Tecnologia para Inova\u00e7\u00e3o, tais como N\u00facleos de Inova\u00e7\u00e3o Tecnol\u00f3gicas, Ag\u00eancias de Fomento a Pesquisa, Desenvolvimento &amp; Inova\u00e7\u00e3o\u00a0onde os alunos n\u00e3o pagam anuidades e os professores n\u00e3o recebem pr\u00f3-labore.<\/p>\r\n<p style=\"text-align: justify\">O programa \u00e9 coordenado pelo Conselho Gestor e pela Comiss\u00e3o Acad\u00eamica Nacional, que operam sob a \u00e9gide do Diret\u00f3rio da Associa\u00e7\u00e3o F\u00f3rum Nacional de Gestores de Inova\u00e7\u00e3o e Transfer\u00eancia de Tecnologia \u2013 <a href=\"http:\/\/www.portalfortec.org\/\" target=\"_blank\" rel=\"noopener noreferrer\">FORTEC<\/a>, e \u00e9 executado pelas Coordena\u00e7\u00f5es Acad\u00eamicas das Institui\u00e7\u00f5es Pontos Focais.<\/p>\r\n<p style=\"text-align: justify\">O PROFNIT opera por meio de uma Rede Nacional, formada por Institui\u00e7\u00f5es de Ensino Superior (Pontos Focais) distribu\u00eddas em todo o territ\u00f3rio nacional, cobrindo todas as regi\u00f5es do Brasil, nas quais est\u00e3o matriculados os discentes e onde t\u00eam lugar as atividades do programa.<\/p>\r\n<p style=\"text-align: justify\">Institui\u00e7\u00f5es <strong><em>Pontos Focais<\/em><\/strong> e <strong><em>Associadas<\/em><\/strong> matriculam os alunos e s\u00e3o respons\u00e1veis por toda a disciplina acad\u00eamica, ver figura acima, mapa do PROFNIT.<\/p>\r\n<h2 style=\"text-align: justify\"><strong>Perfil do Egresso<\/strong><\/h2>\r\n<p style=\"text-align: justify\">Na sua atua\u00e7\u00e3o dentro das compet\u00eancias dos NITs, o mestrando dever\u00e1 ter os conhecimentos b\u00e1sicos para o di\u00e1logo academia-empresa, estando habilitado a interagir propositivamente com os setores governamental, empresarial e acad\u00eamico.<\/p>\r\n<p style=\"text-align: justify\">Destacam-se:<\/p>\r\n<ul>\r\n<li style=\"text-align: justify\">Conhecer e propor pol\u00edticas de est\u00edmulo \u00e0 prote\u00e7\u00e3o das cria\u00e7\u00f5es;<\/li>\r\n<li style=\"text-align: justify\">Avaliar a conveni\u00eancia da prote\u00e7\u00e3o das cria\u00e7\u00f5es e sua divulga\u00e7\u00e3o;<\/li>\r\n<li style=\"text-align: justify\">Processar pedidos e fazer a manuten\u00e7\u00e3o dos t\u00edtulos de propriedade intelectual;<\/li>\r\n<li style=\"text-align: justify\">Atuar no licenciamento, inova\u00e7\u00e3o e outras formas de transfer\u00eancia de tecnologia;<\/li>\r\n<li>Promover e acompanhar o relacionamento da Institui\u00e7\u00f5es de Ci\u00eancia e Tecnologia (ICTs) com empresas;<\/li>\r\n<li>Negociar e gerir os acordos de transfer\u00eancia de tecnologias oriundas das Institui\u00e7\u00f5es de Ci\u00eancia e Tecnologia (ICTs);<\/li>\r\n<li>Desenvolver estudos e estrat\u00e9gias para a transfer\u00eancia das inova\u00e7\u00f5es geradas pelas Institui\u00e7\u00f5es de Ci\u00eancia e Tecnologia (ICTs);<\/li>\r\n<li>Conhecer legisla\u00e7\u00e3o e pol\u00edticas p\u00fablicas referentes \u00e0 Propriedade Intelectual e \u00e0 Transfer\u00eancia de Tecnologia e \u00e0 Inova\u00e7\u00e3o Tecnol\u00f3gica;<\/li>\r\n<li style=\"text-align: justify\">Desenvolver estudos de prospec\u00e7\u00e3o tecnol\u00f3gica e de intelig\u00eancia competitiva no campo da propriedade intelectual, de forma a orientar as a\u00e7\u00f5es de inova\u00e7\u00e3o das Institui\u00e7\u00f5es de Ci\u00eancia e Tecnologia (ICTs);<\/li>\r\n<li style=\"text-align: justify\">Atividades rotineiras de di\u00e1logo e de a\u00e7\u00f5es academia-empresa, interagindo propositivamente com os diversos setores.<\/li>\r\n<\/ul>","protected":false},"excerpt":{"rendered":"<p>PROFNIT no Brasil O PROFNIT \u00e9 um Programa de P\u00f3s-Gradua\u00e7\u00e3o em Propriedade Intelectual e Transfer\u00eancia de Tecnologia para a Inova\u00e7\u00e3o. N\u00edvel:\u00a0Mestrado Profissional \/ Conceito CAPES: 4. O PROFNIT \u00e9 um Mestrado Profissional ofertado em Rede Nacional, compreendendo todas as regi\u00f5es do Brasil, em formato presencial. Resultado de um esfor\u00e7o do F\u00f3rum Nacional de Gestores de [&hellip;]<\/p>\n","protected":false},"author":3,"featured_media":0,"parent":0,"menu_order":0,"comment_status":"closed","ping_status":"closed","template":"","meta":{"_exactmetrics_skip_tracking":false,"_exactmetrics_sitenote_active":false,"_exactmetrics_sitenote_note":"","_exactmetrics_sitenote_category":0,"footnotes":"","_links_to":"","_links_to_target":""},"class_list":["post-31","page","type-page","status-publish","hentry"],"_links":{"self":[{"href":"https:\/\/www3.unicentro.br\/profnit\/wp-json\/wp\/v2\/pages\/31","targetHints":{"allow":["GET"]}}],"collection":[{"href":"https:\/\/www3.unicentro.br\/profnit\/wp-json\/wp\/v2\/pages"}],"about":[{"href":"https:\/\/www3.unicentro.br\/profnit\/wp-json\/wp\/v2\/types\/page"}],"author":[{"embeddable":true,"href":"https:\/\/www3.unicentro.br\/profnit\/wp-json\/wp\/v2\/users\/3"}],"replies":[{"embeddable":true,"href":"https:\/\/www3.unicentro.br\/profnit\/wp-json\/wp\/v2\/comments?post=31"}],"version-history":[{"count":2,"href":"https:\/\/www3.unicentro.br\/profnit\/wp-json\/wp\/v2\/pages\/31\/revisions"}],"predecessor-version":[{"id":2759,"href":"https:\/\/www3.unicentro.br\/profnit\/wp-json\/wp\/v2\/pages\/31\/revisions\/2759"}],"wp:attachment":[{"href":"https:\/\/www3.unicentro.br\/profnit\/wp-json\/wp\/v2\/media?parent=31"}],"curies":[{"name":"wp","href":"https:\/\/api.w.org\/{rel}","templated":true}]}}