{"id":2297,"date":"2022-09-20T11:33:43","date_gmt":"2022-09-20T14:33:43","guid":{"rendered":"https:\/\/www3.unicentro.br\/profnit\/?page_id=2297"},"modified":"2025-06-12T14:59:16","modified_gmt":"2025-06-12T17:59:16","slug":"dissertacoes","status":"publish","type":"page","link":"https:\/\/www3.unicentro.br\/profnit\/dissertacoes\/","title":{"rendered":"Disserta\u00e7\u00f5es"},"content":{"rendered":"<div class=\"wpb-content-wrapper\"><p>[vc_row][vc_column][vc_tta_accordion style=&#8221;flat&#8221; shape=&#8221;square&#8221; spacing=&#8221;2&#8243; active_section=&#8221;100&#8243; no_fill=&#8221;true&#8221; collapsible_all=&#8221;true&#8221;][vc_tta_section title=&#8221;Disserta\u00e7\u00f5es &#8211; 2023&#8243; tab_id=&#8221;1560349975524-65e89e8d-4d6f&#8221;][vc_column_text css=&#8221;&#8221;]<\/p>\n<ul>\n<li><a href=\"https:\/\/www3.unicentro.br\/profnit\/wp-content\/uploads\/sites\/75\/2025\/06\/Disseert_Wilton_PDF_6849aa072e389.pdf\"><strong>Wilton Lucas Maximiliano &#8211; O ENSINO DE BASES PRIMORDIAIS DA INOVA\u00c7\u00c3O E PROPRIEDADE INTELECTUAL PARA ALUNOS DO NOVO ENSINO M\u00c9DIO PARAN\u00c1<\/strong><\/a><\/li>\n<\/ul>\n<p>[\/vc_column_text][\/vc_tta_section][vc_tta_section title=&#8221;Disserta\u00e7\u00f5es &#8211; 2022&#8243; tab_id=&#8221;1749668187050-ee06f133-f57b&#8221;][vc_column_text css=&#8221;&#8221;]<\/p>\n<ul>\n<li><a href=\"https:\/\/www3.unicentro.br\/profnit\/wp-content\/uploads\/sites\/75\/2022\/09\/eduardo-butzen.pdf\"><span class=\"media-list-title\"><strong>Eduardo Butzen &#8211; RELAT\u00d3RIO T\u00c9CNICO DE MESTRADO AN\u00c1LISE DESCRITIVO-EVOLUTIVA DO PARQUE TECNOL\u00d3GICO DE LUZERNA<\/strong><\/span><\/a><\/li>\n<li><strong><a href=\"https:\/\/www3.unicentro.br\/profnit\/wp-content\/uploads\/sites\/75\/2022\/09\/TCC-ELABORACAO-DE-PROPOSTA-DA-MINUTA-REGIMENTO-INTERNO-DA-INCUBADORA-TECNOLOGICA-DO-CENTRO-UNIVERSITARIO-CAMPO-REAL.pdf\">Isabelle Cordova Gomes &#8211; ELABORA\u00c7\u00c3O DE PROPOSTA DA MINUTA REGIMENTO INTERNO DA INCUBADORA TECNOL\u00d3GICA DO CENTRO UNIVERSIT\u00c1RIO CAMPO REAL<\/a><\/strong><\/li>\n<li><a href=\"https:\/\/www3.unicentro.br\/profnit\/wp-content\/uploads\/sites\/75\/2022\/09\/Trabalho-de-conclusao-de-curso-Larissa-Rauber.pdf\"><strong>Larissa Naiana Rauber &#8211; RELAT\u00d3RIO T\u00c9CNICO: PROSPEC\u00c7\u00c3O TECNOL\u00d3GICA RELACIONADA \u00c0 DIETOTERAPIA NA DOEN\u00c7A DE ALZHEIMER<\/strong><\/a><\/li>\n<li><a href=\"https:\/\/www3.unicentro.br\/profnit\/wp-content\/uploads\/sites\/75\/2022\/09\/Marcio-J.-de-Lima-Profnit-2022-TCC-1.pdf\"><span class=\"media-list-title\"><strong>Marcio Jos\u00e9 Lima &#8211; DESENVOLVIMENTO DE UMA TECNOLOGIA SOCIAL NO BAIRRO INDUSTRIAL XARQUINHO NA CIDADE DE GUARAPUAVA-PR<\/strong><\/span><\/a><\/li>\n<li><a href=\"https:\/\/www3.unicentro.br\/profnit\/wp-content\/uploads\/sites\/75\/2022\/09\/Dissertacao_Marinez_Boeing_Ruaro.pdf\"><strong>Marines Boeing Ruaro &#8211; PROSPEC\u00c7\u00c3O DE TECNOLOGIAS ASSOCIADAS \u00c0 TELERREABILITA\u00c7\u00c3O: INOVA\u00c7\u00c3O NOS ATENDIMENTOS FISIOTERAP\u00caUTICOS<\/strong><\/a><\/li>\n<li><a href=\"https:\/\/www3.unicentro.br\/profnit\/wp-content\/uploads\/sites\/75\/2022\/09\/Dissertacao-mestrado-versao-final-Vasco.pdf\"><strong>Vasco Junqueira Morgado Filho &#8211; ALZHECALC: UM APLICATIVO DIGITAL PARA AVALIAR ESTADIAMENTO DA DOEN\u00c7A DE ALZHEIMER<\/strong><\/a><\/li>\n<\/ul>\n<p>[\/vc_column_text][\/vc_tta_section][vc_tta_section title=&#8221;Disserta\u00e7\u00f5es &#8211; 2021&#8243; tab_id=&#8221;1648163652672-7f519c10-7ae3&#8243;][vc_column_text css=&#8221;&#8221;]<\/p>\n<ul>\n<li style=\"list-style-type: none\">\n<ul>\n<li><a href=\"https:\/\/www3.unicentro.br\/profnit\/wp-content\/uploads\/sites\/75\/2022\/09\/TCC-DEFESA-ANDREIA-CAMARGO.pdf\"><strong>Andreia Camargo &#8211; PROPRIEDADE INTELECTUAL: UMA AN\u00c1LISE DO DEP\u00d3SITO DE MARCAS NO PARAN\u00c1 E NO BRASIL<\/strong><\/a><\/li>\n<li><a href=\"https:\/\/www3.unicentro.br\/profnit\/wp-content\/uploads\/sites\/75\/2022\/09\/RELATORIO_TECNICO_-_BRUNA_DO_AMARAL_rev1510.pdf\"><strong>Bruna do Amaral &#8211; RELAT\u00d3RIO T\u00c9CNICO DE MESTRADO PLANEJAMENTO E ESTRUTURA\u00c7\u00c3O DE UM LABORAT\u00d3RIO DE INOVA\u00c7\u00c3O: O CASO DE UMA INSTITUI\u00c7\u00c3O ENSINO SUPERIOR PRIVADA DE PONTA GROSSA<\/strong><\/a><\/li>\n<li><a href=\"https:\/\/www3.unicentro.br\/profnit\/wp-content\/uploads\/sites\/75\/2022\/09\/Dissertacao_Daniele-Hilachuk2.pdf\"><strong>Daniele Hilachuk &#8211; INOVA\u00c7\u00c3O E REGISTRO DE PATENTES DE ALIMENTOS FUNCIONAIS NO BRASIL<\/strong><\/a><\/li>\n<li><a href=\"https:\/\/www3.unicentro.br\/profnit\/wp-content\/uploads\/sites\/75\/2022\/09\/DISSERTACAO-ELIZANDRO-FERREIRA-POS-DEFESA-VERSAO-FINAL-mesclado.pdf\"><strong>Elizandro Ferreira &#8211; AS STARTUPS DO SUDOESTE DO PARAN\u00c1: MAPEAMENTO E PROPOSI\u00c7\u00c3O DE INSTRUMENTOS DE AVALIA\u00c7\u00c3O<\/strong><\/a><\/li>\n<li><a href=\"https:\/\/www3.unicentro.br\/profnit\/wp-content\/uploads\/sites\/75\/2022\/09\/Dissertacao-Joelson-R.-Siqueira.pdf\"><strong>Joelson Ramos de Siqueira &#8211; REGISTRO DE MARCAS \u2013 ASPECTOS DISTINTIVOS E SUAS APLICA\u00c7\u00d5ES<\/strong><\/a><\/li>\n<li><strong><a href=\"https:\/\/www3.unicentro.br\/profnit\/wp-content\/uploads\/sites\/75\/2025\/06\/TCC_PROFNIT_UNICENTRO_Rodrigo_Martins_FINAL_ASSINADO_684afd93777bb.pdf\">Rodrigo Rafael de Medeiros Martins &#8211; M\u00c9TODOS DE AN\u00c1LISE DE INVESTIMENTOS EM INOVA\u00c7\u00c3O TECNOL\u00d3GICA: ESTUDO DE CASO APLICANDO A TEORIA DAS OP\u00c7\u00d5ES REAIS<\/a><\/strong><\/li>\n<\/ul>\n<\/li>\n<\/ul>\n<p>[\/vc_column_text][\/vc_tta_section][\/vc_tta_accordion][\/vc_column][\/vc_row][vc_row][vc_column][vc_column_text][\/vc_column_text][\/vc_column][\/vc_row][vc_row][vc_column][\/vc_column][\/vc_row]<\/p>\n<\/div>","protected":false},"excerpt":{"rendered":"<p>[vc_row][vc_column][vc_tta_accordion style=&#8221;flat&#8221; shape=&#8221;square&#8221; spacing=&#8221;2&#8243; active_section=&#8221;100&#8243; no_fill=&#8221;true&#8221; collapsible_all=&#8221;true&#8221;][vc_tta_section title=&#8221;Disserta\u00e7\u00f5es &#8211; 2023&#8243; tab_id=&#8221;1560349975524-65e89e8d-4d6f&#8221;][vc_column_text css=&#8221;&#8221;] Wilton Lucas Maximiliano &#8211; O ENSINO DE BASES PRIMORDIAIS DA INOVA\u00c7\u00c3O E PROPRIEDADE INTELECTUAL PARA ALUNOS DO NOVO ENSINO M\u00c9DIO PARAN\u00c1 [\/vc_column_text][\/vc_tta_section][vc_tta_section title=&#8221;Disserta\u00e7\u00f5es &#8211; 2022&#8243; tab_id=&#8221;1749668187050-ee06f133-f57b&#8221;][vc_column_text css=&#8221;&#8221;] Eduardo Butzen &#8211; RELAT\u00d3RIO T\u00c9CNICO DE MESTRADO AN\u00c1LISE DESCRITIVO-EVOLUTIVA DO PARQUE TECNOL\u00d3GICO DE LUZERNA Isabelle Cordova [&hellip;]<\/p>\n","protected":false},"author":496,"featured_media":0,"parent":0,"menu_order":0,"comment_status":"closed","ping_status":"closed","template":"","meta":{"_exactmetrics_skip_tracking":false,"_exactmetrics_sitenote_active":false,"_exactmetrics_sitenote_note":"","_exactmetrics_sitenote_category":0,"footnotes":"","_links_to":"","_links_to_target":""},"class_list":["post-2297","page","type-page","status-publish","hentry"],"_links":{"self":[{"href":"https:\/\/www3.unicentro.br\/profnit\/wp-json\/wp\/v2\/pages\/2297","targetHints":{"allow":["GET"]}}],"collection":[{"href":"https:\/\/www3.unicentro.br\/profnit\/wp-json\/wp\/v2\/pages"}],"about":[{"href":"https:\/\/www3.unicentro.br\/profnit\/wp-json\/wp\/v2\/types\/page"}],"author":[{"embeddable":true,"href":"https:\/\/www3.unicentro.br\/profnit\/wp-json\/wp\/v2\/users\/496"}],"replies":[{"embeddable":true,"href":"https:\/\/www3.unicentro.br\/profnit\/wp-json\/wp\/v2\/comments?post=2297"}],"version-history":[{"count":2,"href":"https:\/\/www3.unicentro.br\/profnit\/wp-json\/wp\/v2\/pages\/2297\/revisions"}],"predecessor-version":[{"id":2776,"href":"https:\/\/www3.unicentro.br\/profnit\/wp-json\/wp\/v2\/pages\/2297\/revisions\/2776"}],"wp:attachment":[{"href":"https:\/\/www3.unicentro.br\/profnit\/wp-json\/wp\/v2\/media?parent=2297"}],"curies":[{"name":"wp","href":"https:\/\/api.w.org\/{rel}","templated":true}]}}