{"id":1522,"date":"2020-07-13T16:34:15","date_gmt":"2020-07-13T19:34:15","guid":{"rendered":"https:\/\/www3.unicentro.br\/profnit\/?page_id=1522"},"modified":"2025-06-10T09:47:44","modified_gmt":"2025-06-10T12:47:44","slug":"tipos-de-entregaveis","status":"publish","type":"page","link":"https:\/\/www3.unicentro.br\/profnit\/tipos-de-entregaveis\/","title":{"rendered":"Tipos de Entreg\u00e1veis"},"content":{"rendered":"<p><a href=\"http:\/\/www.profnit.org.br\/wp-content\/uploads\/2017\/11\/PROFNIT-Normas-Exame-de-Qualificacao-e-TCC.pdf\" target=\"_blank\" rel=\"noopener noreferrer\"><strong>Normas para Exame de Qualifica\u00e7\u00e3o e Trabalho de Conclus\u00e3o de Curso \u2013 PROFNIT<\/strong><\/a><\/p>\n<p style=\"text-align: center\"><a href=\"https:\/\/www3.unicentro.br\/profnit\/wp-content\/uploads\/sites\/75\/2020\/11\/Modelo-de-Dissertac\u0327a\u0303o-PROFNIT-2.docx\" target=\"_blank\" rel=\"noopener noreferrer\"><span style=\"font-size: 18pt\">Modelo de Disserta\u00e7\u00e3o<\/span><\/a><\/p>\n<hr \/>\n<p>Conforme disposto no par\u00e1grafo 3\u00ba do artigo 7\u00ba da Portaria Normativa publicada no DOU de n\u00famero 7, de 22 de junho de 2009, o trabalho de conclus\u00e3o do curso consiste em:<\/p>\n<p>a) Elabora\u00e7\u00e3o e encaminhamento de pedidos de registros de propriedade intelectual, bem como dep\u00f3sito de software<br \/>\nlivre em reposit\u00f3rio reconhecido ou obten\u00e7\u00e3o de licen\u00e7as alternativas ou flex\u00edveis para produ\u00e7\u00e3o intelectual,<br \/>\ndesde que demonstrado o uso pela comunidade acad\u00eamica ou pelo setor produtivo;<br \/>\nb) Constru\u00e7\u00e3o de base de dados t\u00e9cnico-cient\u00edficas;<br \/>\nc) Desenvolvimento de aplicativos e materiais did\u00e1ticos e instrucionais e de produtos, processos e t\u00e9cnicas;<br \/>\nd) Desenvolvimento de tecnologias sociais;<br \/>\ne) Produ\u00e7\u00e3o de programas de m\u00eddia;<br \/>\nf) Elabora\u00e7\u00e3o de relat\u00f3rios t\u00e9cnicos com regras de sigilo; manuais de opera\u00e7\u00e3o t\u00e9cnica, protocolo experimental ou<br \/>\nde adequa\u00e7\u00e3o tecnol\u00f3gica;<br \/>\ng) Elabora\u00e7\u00e3o de relat\u00f3rio relativo \u00e0 proposi\u00e7\u00e3o ou a avalia\u00e7\u00e3o de programas, projetos e pol\u00edticas institucionais ou<br \/>\np\u00fablicas;<br \/>\nh) Elabora\u00e7\u00e3o de manuais de opera\u00e7\u00e3o t\u00e9cnica, protocolo experimental ou de aplica\u00e7\u00e3o ou adequa\u00e7\u00e3o tecnol\u00f3gica;<br \/>\ni) Elabora\u00e7\u00e3o de projetos de inova\u00e7\u00e3o tecnol\u00f3gica; projeto de aplica\u00e7\u00e3o ou adequa\u00e7\u00e3o tecnol\u00f3gica;<br \/>\nj) Elabora\u00e7\u00e3o de processos de gest\u00e3o de inova\u00e7\u00e3o;<br \/>\nk) Prot\u00f3tipos para desenvolvimento de equipamentos e produtos espec\u00edficos;<br \/>\nl) Curadoria de cole\u00e7\u00f5es biol\u00f3gicas;<br \/>\nm) Editoria;<br \/>\nn) Elabora\u00e7\u00e3o de artigos originais e publica\u00e7\u00f5es tecnol\u00f3gicas;<br \/>\no) Disserta\u00e7\u00e3o (n\u00e3o deve ser item \u00fanico);<br \/>\np) Outros formatos, de acordo com a natureza da \u00e1rea e a finalidade do curso, a crit\u00e9rio da CAPES.<\/p>\n<p>&nbsp;<\/p>\n<hr \/>\n<p>&nbsp;<\/p>\n","protected":false},"excerpt":{"rendered":"<p>Normas para Exame de Qualifica\u00e7\u00e3o e Trabalho de Conclus\u00e3o de Curso \u2013 PROFNIT Modelo de Disserta\u00e7\u00e3o Conforme disposto no par\u00e1grafo 3\u00ba do artigo 7\u00ba da Portaria Normativa publicada no DOU de n\u00famero 7, de 22 de junho de 2009, o trabalho de conclus\u00e3o do curso consiste em: a) Elabora\u00e7\u00e3o e encaminhamento de pedidos de registros [&hellip;]<\/p>\n","protected":false},"author":194,"featured_media":0,"parent":0,"menu_order":0,"comment_status":"closed","ping_status":"closed","template":"","meta":{"_exactmetrics_skip_tracking":false,"_exactmetrics_sitenote_active":false,"_exactmetrics_sitenote_note":"","_exactmetrics_sitenote_category":0,"footnotes":"","_links_to":"","_links_to_target":""},"class_list":["post-1522","page","type-page","status-publish","hentry"],"_links":{"self":[{"href":"https:\/\/www3.unicentro.br\/profnit\/wp-json\/wp\/v2\/pages\/1522","targetHints":{"allow":["GET"]}}],"collection":[{"href":"https:\/\/www3.unicentro.br\/profnit\/wp-json\/wp\/v2\/pages"}],"about":[{"href":"https:\/\/www3.unicentro.br\/profnit\/wp-json\/wp\/v2\/types\/page"}],"author":[{"embeddable":true,"href":"https:\/\/www3.unicentro.br\/profnit\/wp-json\/wp\/v2\/users\/194"}],"replies":[{"embeddable":true,"href":"https:\/\/www3.unicentro.br\/profnit\/wp-json\/wp\/v2\/comments?post=1522"}],"version-history":[{"count":1,"href":"https:\/\/www3.unicentro.br\/profnit\/wp-json\/wp\/v2\/pages\/1522\/revisions"}],"predecessor-version":[{"id":2769,"href":"https:\/\/www3.unicentro.br\/profnit\/wp-json\/wp\/v2\/pages\/1522\/revisions\/2769"}],"wp:attachment":[{"href":"https:\/\/www3.unicentro.br\/profnit\/wp-json\/wp\/v2\/media?parent=1522"}],"curies":[{"name":"wp","href":"https:\/\/api.w.org\/{rel}","templated":true}]}}